{"id":10473,"date":"2025-06-11T16:11:25","date_gmt":"2025-06-11T16:11:25","guid":{"rendered":"https:\/\/livrariasolmar.pt\/?post_type=product&#038;p=10473"},"modified":"2026-04-09T17:31:37","modified_gmt":"2026-04-09T17:31:37","slug":"o-ato-criativo-um-modo-de-ser","status":"publish","type":"product","link":"https:\/\/livrariasolmar.pt\/en\/produto\/o-ato-criativo-um-modo-de-ser\/","title":{"rendered":"O Ato Criativo: Um Modo de Ser"},"content":{"rendered":"","protected":false},"excerpt":{"rendered":"<p>Do lend\u00e1rio produtor musical, mestre a ajudar as pessoas a conectarem-se com a sua criatividade, surge um livro revelador.<br \/>\nAo longo de 78 curtas reflex\u00f5es acerca do que significa ser artista, o produtor Rick Rubin partilha quadros mentais que permitem superar bloqueios e desenvolver capacidades.<br \/>\nBeneficiando de d\u00e9cadas de colabora\u00e7\u00f5es com uma admir\u00e1vel lista de m\u00fasicos, entre os quais Johnny Cash, Neil Diamond, Mick Jagger, Tom Petty, Paul McCartney, Red Hot Chili Peppers, Slayer, Metallica, Beastie Boys, Rage Against the Machine, Audioslave, System of a Down, Shakira, Jay-Z, Eminem, Kanye West, Lady Gaga, Ed Sheeran, Adele, e muitos mais, Rubin, vencedor de nove Grammys, revisita experi\u00eancias e explora ensinamentos da filosofia e da psicologia decisivos em qualquer ato de elabora\u00e7\u00e3o, das artes pl\u00e1sticas \u00e0s c\u00e9nicas, passando pela literatura.<\/p>\n<p>Aprenda a lidar com o fracasso e com a incerteza.\u00a0Descubra como abra\u00e7ar a inspira\u00e7\u00e3o e as paix\u00f5es.<\/p>\n","protected":false},"author":2,"featured_media":10474,"template":"","meta":[],"product_cat":[175],"product_tag":[],"cat_produtos":[],"yoast_head":"<!-- This site is optimized with the Yoast SEO plugin v16.6 - https:\/\/yoast.com\/wordpress\/plugins\/seo\/ -->\n<title>O Ato Criativo: Um Modo de Ser - Livraria Solmar - Livraria online<\/title>\n<meta name=\"robots\" content=\"index, follow, max-snippet:-1, max-image-preview:large, max-video-preview:-1\" \/>\n<link rel=\"canonical\" href=\"https:\/\/livrariasolmar.pt\/en\/produto\/o-ato-criativo-um-modo-de-ser\/\" \/>\n<meta property=\"og:locale\" content=\"en_US\" \/>\n<meta property=\"og:type\" content=\"article\" \/>\n<meta property=\"og:title\" content=\"O Ato Criativo: Um Modo de Ser - Livraria Solmar - Livraria online\" \/>\n<meta property=\"og:description\" content=\"Do lend\u00e1rio produtor musical, mestre a ajudar as pessoas a conectarem-se com a sua criatividade, surge um livro revelador. Ao longo de 78 curtas reflex\u00f5es acerca do que significa ser artista, o produtor Rick Rubin partilha quadros mentais que permitem superar bloqueios e desenvolver capacidades. Beneficiando de d\u00e9cadas de colabora\u00e7\u00f5es com uma admir\u00e1vel lista de m\u00fasicos, entre os quais Johnny Cash, Neil Diamond, Mick Jagger, Tom Petty, Paul McCartney, Red Hot Chili Peppers, Slayer, Metallica, Beastie Boys, Rage Against the Machine, Audioslave, System of a Down, Shakira, Jay-Z, Eminem, Kanye West, Lady Gaga, Ed Sheeran, Adele, e muitos mais, Rubin, vencedor de nove Grammys, revisita experi\u00eancias e explora ensinamentos da filosofia e da psicologia decisivos em qualquer ato de elabora\u00e7\u00e3o, das artes pl\u00e1sticas \u00e0s c\u00e9nicas, passando pela literatura.  Aprenda a lidar com o fracasso e com a incerteza.\u00a0Descubra como abra\u00e7ar a inspira\u00e7\u00e3o e as paix\u00f5es.\" \/>\n<meta property=\"og:url\" content=\"https:\/\/livrariasolmar.pt\/produto\/o-ato-criativo-um-modo-de-ser\/\" \/>\n<meta property=\"og:site_name\" content=\"Livraria Solmar - Livraria online\" \/>\n<meta property=\"article:modified_time\" content=\"2026-04-09T17:31:37+00:00\" \/>\n<meta property=\"og:image\" content=\"https:\/\/livrariasolmar.pt\/wp-content\/uploads\/2025\/06\/1540-1-3-7.jpg\" \/>\n\t<meta property=\"og:image:width\" content=\"340\" \/>\n\t<meta property=\"og:image:height\" content=\"340\" \/>\n<meta name=\"twitter:card\" content=\"summary_large_image\" \/>\n<script type=\"application\/ld+json\" class=\"yoast-schema-graph\">{\"@context\":\"https:\/\/schema.org\",\"@graph\":[{\"@type\":\"WebSite\",\"@id\":\"https:\/\/livrariasolmar.pt\/#website\",\"url\":\"https:\/\/livrariasolmar.pt\/\",\"name\":\"Livraria Solmar - Livraria online\",\"description\":\"Com\\u00e9rcio Livros E Objetos De Arte, Lda - Ponta Delgada, A\\u00e7ores\",\"potentialAction\":[{\"@type\":\"SearchAction\",\"target\":{\"@type\":\"EntryPoint\",\"urlTemplate\":\"https:\/\/livrariasolmar.pt\/?s={search_term_string}\"},\"query-input\":\"required name=search_term_string\"}],\"inLanguage\":\"en-US\"},{\"@type\":\"ImageObject\",\"@id\":\"https:\/\/livrariasolmar.pt\/produto\/o-ato-criativo-um-modo-de-ser\/#primaryimage\",\"inLanguage\":\"en-US\",\"url\":\"https:\/\/livrariasolmar.pt\/wp-content\/uploads\/2025\/06\/1540-1-3-7.jpg\",\"contentUrl\":\"https:\/\/livrariasolmar.pt\/wp-content\/uploads\/2025\/06\/1540-1-3-7.jpg\",\"width\":340,\"height\":340},{\"@type\":\"WebPage\",\"@id\":\"https:\/\/livrariasolmar.pt\/produto\/o-ato-criativo-um-modo-de-ser\/#webpage\",\"url\":\"https:\/\/livrariasolmar.pt\/produto\/o-ato-criativo-um-modo-de-ser\/\",\"name\":\"O Ato Criativo: Um Modo de Ser - Livraria Solmar - Livraria online\",\"isPartOf\":{\"@id\":\"https:\/\/livrariasolmar.pt\/#website\"},\"primaryImageOfPage\":{\"@id\":\"https:\/\/livrariasolmar.pt\/produto\/o-ato-criativo-um-modo-de-ser\/#primaryimage\"},\"datePublished\":\"2025-06-11T16:11:25+00:00\",\"dateModified\":\"2026-04-09T17:31:37+00:00\",\"breadcrumb\":{\"@id\":\"https:\/\/livrariasolmar.pt\/produto\/o-ato-criativo-um-modo-de-ser\/#breadcrumb\"},\"inLanguage\":\"en-US\",\"potentialAction\":[{\"@type\":\"ReadAction\",\"target\":[\"https:\/\/livrariasolmar.pt\/produto\/o-ato-criativo-um-modo-de-ser\/\"]}]},{\"@type\":\"BreadcrumbList\",\"@id\":\"https:\/\/livrariasolmar.pt\/produto\/o-ato-criativo-um-modo-de-ser\/#breadcrumb\",\"itemListElement\":[{\"@type\":\"ListItem\",\"position\":1,\"name\":\"In\\u00edcio\",\"item\":\"https:\/\/livrariasolmar.pt\/en\/\"},{\"@type\":\"ListItem\",\"position\":2,\"name\":\"Shop\",\"item\":\"https:\/\/livrariasolmar.pt\/en\/shop\/\"},{\"@type\":\"ListItem\",\"position\":3,\"name\":\"O Ato Criativo: Um Modo de Ser\"}]}]}<\/script>\n<!-- \/ Yoast SEO plugin. -->","_links":{"self":[{"href":"https:\/\/livrariasolmar.pt\/en\/wp-json\/wp\/v2\/product\/10473"}],"collection":[{"href":"https:\/\/livrariasolmar.pt\/en\/wp-json\/wp\/v2\/product"}],"about":[{"href":"https:\/\/livrariasolmar.pt\/en\/wp-json\/wp\/v2\/types\/product"}],"author":[{"embeddable":true,"href":"https:\/\/livrariasolmar.pt\/en\/wp-json\/wp\/v2\/users\/2"}],"wp:featuredmedia":[{"embeddable":true,"href":"https:\/\/livrariasolmar.pt\/en\/wp-json\/wp\/v2\/media\/10474"}],"wp:attachment":[{"href":"https:\/\/livrariasolmar.pt\/en\/wp-json\/wp\/v2\/media?parent=10473"}],"wp:term":[{"taxonomy":"product_cat","embeddable":true,"href":"https:\/\/livrariasolmar.pt\/en\/wp-json\/wp\/v2\/product_cat?post=10473"},{"taxonomy":"product_tag","embeddable":true,"href":"https:\/\/livrariasolmar.pt\/en\/wp-json\/wp\/v2\/product_tag?post=10473"},{"taxonomy":"cat_produtos","embeddable":true,"href":"https:\/\/livrariasolmar.pt\/en\/wp-json\/wp\/v2\/cat_produtos?post=10473"}],"curies":[{"name":"wp","href":"https:\/\/api.w.org\/{rel}","templated":true}]}}