{"id":10476,"date":"2025-06-11T16:22:44","date_gmt":"2025-06-11T16:22:44","guid":{"rendered":"https:\/\/livrariasolmar.pt\/?post_type=product&#038;p=10476"},"modified":"2025-08-13T18:05:46","modified_gmt":"2025-08-13T18:05:46","slug":"jeff-wall-escritos-de-arte","status":"publish","type":"product","link":"https:\/\/livrariasolmar.pt\/en\/produto\/jeff-wall-escritos-de-arte\/","title":{"rendered":"Jeff Wall &#8211; Escritos de Arte"},"content":{"rendered":"","protected":false},"excerpt":{"rendered":"<p><i>Jeff Wall &#8211; Escritos de arte<\/i>\u00a0re\u00fane alguns dos textos mais significativos de uma das maiores figuras contempor\u00e2neas das artes visuais. Cr\u00edtica e reflexiva, a escrita de Jeff Wall prop\u00f5e um di\u00e1logo abrangente entre \u00e1reas distintas, da pintura ao cinema, da arquitectura \u00e0 instala\u00e7\u00e3o, e ainda com artistas com quem partilha uma vis\u00e3o conceptual da arte, como Ian Wallace, Dan Graham ou On Kawara.<\/p>\n<p>Os seus textos reflectem sobre influ\u00eancias e transi\u00e7\u00f5es art\u00edsticas, os limites e possibilidades da fotografia ou o papel da Arte enquanto campo de reflex\u00e3o e interpela\u00e7\u00e3o cultural, social e pol\u00edtica. Escritos entre 1982 e 2010, os treze ensaios reunidos nesta edi\u00e7\u00e3o contam com a organiza\u00e7\u00e3o de S\u00e9rgio Mah, curador e director-adjunto do MAAT \u2014 Museu de Arte, Arquitectura e Tecnologia.<\/p>\n","protected":false},"author":2,"featured_media":10477,"template":"","meta":[],"product_cat":[175],"product_tag":[],"cat_produtos":[],"yoast_head":"<!-- This site is optimized with the Yoast SEO plugin v16.6 - https:\/\/yoast.com\/wordpress\/plugins\/seo\/ -->\n<title>Jeff Wall - Escritos de Arte - Livraria Solmar - Livraria online<\/title>\n<meta name=\"robots\" content=\"index, follow, max-snippet:-1, max-image-preview:large, max-video-preview:-1\" \/>\n<link rel=\"canonical\" href=\"https:\/\/livrariasolmar.pt\/en\/produto\/jeff-wall-escritos-de-arte\/\" \/>\n<meta property=\"og:locale\" content=\"en_US\" \/>\n<meta property=\"og:type\" content=\"article\" \/>\n<meta property=\"og:title\" content=\"Jeff Wall - Escritos de Arte - Livraria Solmar - Livraria online\" \/>\n<meta property=\"og:description\" content=\"Jeff Wall - Escritos de arte\u00a0re\u00fane alguns dos textos mais significativos de uma das maiores figuras contempor\u00e2neas das artes visuais. Cr\u00edtica e reflexiva, a escrita de Jeff Wall prop\u00f5e um di\u00e1logo abrangente entre \u00e1reas distintas, da pintura ao cinema, da arquitectura \u00e0 instala\u00e7\u00e3o, e ainda com artistas com quem partilha uma vis\u00e3o conceptual da arte, como Ian Wallace, Dan Graham ou On Kawara.  Os seus textos reflectem sobre influ\u00eancias e transi\u00e7\u00f5es art\u00edsticas, os limites e possibilidades da fotografia ou o papel da Arte enquanto campo de reflex\u00e3o e interpela\u00e7\u00e3o cultural, social e pol\u00edtica. Escritos entre 1982 e 2010, os treze ensaios reunidos nesta edi\u00e7\u00e3o contam com a organiza\u00e7\u00e3o de S\u00e9rgio Mah, curador e director-adjunto do MAAT \u2014 Museu de Arte, Arquitectura e Tecnologia.\" \/>\n<meta property=\"og:url\" content=\"https:\/\/livrariasolmar.pt\/produto\/jeff-wall-escritos-de-arte\/\" \/>\n<meta property=\"og:site_name\" content=\"Livraria Solmar - Livraria online\" \/>\n<meta property=\"article:modified_time\" content=\"2025-08-13T18:05:46+00:00\" \/>\n<meta property=\"og:image\" content=\"https:\/\/livrariasolmar.pt\/wp-content\/uploads\/2025\/06\/1540-1-2-9.jpg\" \/>\n\t<meta property=\"og:image:width\" content=\"340\" \/>\n\t<meta property=\"og:image:height\" content=\"340\" \/>\n<meta name=\"twitter:card\" content=\"summary_large_image\" \/>\n<script type=\"application\/ld+json\" class=\"yoast-schema-graph\">{\"@context\":\"https:\/\/schema.org\",\"@graph\":[{\"@type\":\"WebSite\",\"@id\":\"https:\/\/livrariasolmar.pt\/#website\",\"url\":\"https:\/\/livrariasolmar.pt\/\",\"name\":\"Livraria Solmar - Livraria online\",\"description\":\"Com\\u00e9rcio Livros E Objetos De Arte, Lda - Ponta Delgada, A\\u00e7ores\",\"potentialAction\":[{\"@type\":\"SearchAction\",\"target\":{\"@type\":\"EntryPoint\",\"urlTemplate\":\"https:\/\/livrariasolmar.pt\/?s={search_term_string}\"},\"query-input\":\"required name=search_term_string\"}],\"inLanguage\":\"en-US\"},{\"@type\":\"ImageObject\",\"@id\":\"https:\/\/livrariasolmar.pt\/produto\/jeff-wall-escritos-de-arte\/#primaryimage\",\"inLanguage\":\"en-US\",\"url\":\"https:\/\/livrariasolmar.pt\/wp-content\/uploads\/2025\/06\/1540-1-2-9.jpg\",\"contentUrl\":\"https:\/\/livrariasolmar.pt\/wp-content\/uploads\/2025\/06\/1540-1-2-9.jpg\",\"width\":340,\"height\":340},{\"@type\":\"WebPage\",\"@id\":\"https:\/\/livrariasolmar.pt\/produto\/jeff-wall-escritos-de-arte\/#webpage\",\"url\":\"https:\/\/livrariasolmar.pt\/produto\/jeff-wall-escritos-de-arte\/\",\"name\":\"Jeff Wall - Escritos de Arte - Livraria Solmar - Livraria online\",\"isPartOf\":{\"@id\":\"https:\/\/livrariasolmar.pt\/#website\"},\"primaryImageOfPage\":{\"@id\":\"https:\/\/livrariasolmar.pt\/produto\/jeff-wall-escritos-de-arte\/#primaryimage\"},\"datePublished\":\"2025-06-11T16:22:44+00:00\",\"dateModified\":\"2025-08-13T18:05:46+00:00\",\"breadcrumb\":{\"@id\":\"https:\/\/livrariasolmar.pt\/produto\/jeff-wall-escritos-de-arte\/#breadcrumb\"},\"inLanguage\":\"en-US\",\"potentialAction\":[{\"@type\":\"ReadAction\",\"target\":[\"https:\/\/livrariasolmar.pt\/produto\/jeff-wall-escritos-de-arte\/\"]}]},{\"@type\":\"BreadcrumbList\",\"@id\":\"https:\/\/livrariasolmar.pt\/produto\/jeff-wall-escritos-de-arte\/#breadcrumb\",\"itemListElement\":[{\"@type\":\"ListItem\",\"position\":1,\"name\":\"In\\u00edcio\",\"item\":\"https:\/\/livrariasolmar.pt\/en\/\"},{\"@type\":\"ListItem\",\"position\":2,\"name\":\"Shop\",\"item\":\"https:\/\/livrariasolmar.pt\/en\/shop\/\"},{\"@type\":\"ListItem\",\"position\":3,\"name\":\"Jeff Wall &#8211; Escritos de Arte\"}]}]}<\/script>\n<!-- \/ Yoast SEO plugin. -->","_links":{"self":[{"href":"https:\/\/livrariasolmar.pt\/en\/wp-json\/wp\/v2\/product\/10476"}],"collection":[{"href":"https:\/\/livrariasolmar.pt\/en\/wp-json\/wp\/v2\/product"}],"about":[{"href":"https:\/\/livrariasolmar.pt\/en\/wp-json\/wp\/v2\/types\/product"}],"author":[{"embeddable":true,"href":"https:\/\/livrariasolmar.pt\/en\/wp-json\/wp\/v2\/users\/2"}],"wp:featuredmedia":[{"embeddable":true,"href":"https:\/\/livrariasolmar.pt\/en\/wp-json\/wp\/v2\/media\/10477"}],"wp:attachment":[{"href":"https:\/\/livrariasolmar.pt\/en\/wp-json\/wp\/v2\/media?parent=10476"}],"wp:term":[{"taxonomy":"product_cat","embeddable":true,"href":"https:\/\/livrariasolmar.pt\/en\/wp-json\/wp\/v2\/product_cat?post=10476"},{"taxonomy":"product_tag","embeddable":true,"href":"https:\/\/livrariasolmar.pt\/en\/wp-json\/wp\/v2\/product_tag?post=10476"},{"taxonomy":"cat_produtos","embeddable":true,"href":"https:\/\/livrariasolmar.pt\/en\/wp-json\/wp\/v2\/cat_produtos?post=10476"}],"curies":[{"name":"wp","href":"https:\/\/api.w.org\/{rel}","templated":true}]}}