{"id":10479,"date":"2025-06-11T16:27:22","date_gmt":"2025-06-11T16:27:22","guid":{"rendered":"https:\/\/livrariasolmar.pt\/?post_type=product&#038;p=10479"},"modified":"2025-08-13T18:05:07","modified_gmt":"2025-08-13T18:05:07","slug":"a-historia-da-arte-sem-homens","status":"publish","type":"product","link":"https:\/\/livrariasolmar.pt\/en\/produto\/a-historia-da-arte-sem-homens\/","title":{"rendered":"A Hist\u00f3ria da Arte sem Homens"},"content":{"rendered":"","protected":false},"excerpt":{"rendered":"<p>Quantas mulheres artistas conhece? Quem faz a Hist\u00f3ria da Arte? Havia mulheres a fazer arte antes do s\u00e9culo XX? Quem foram as pioneiras que abriram caminho para as criadoras de hoje? Quantas mulheres integram as cole\u00e7\u00f5es permanentes dos grandes museus?<\/p>\n<p>Neste livro pioneiro, Katy Hessel, historiadora de arte, apresenta-nos os quadros impressionantes da pintora renascentista Sofonisba Anguissola, as obras radicais de Harriet Powers no s\u00e9culo XX, ou a hist\u00f3ria fascinante da baronesa Von Freytag-Loringhoven, a verdadeira criadora do ready-made.<\/p>\n<p>Seja o tema a Idade de Ouro holandesa, o assombroso trabalho das artistas latino-americanas do p\u00f3s-guerra, ou as mulheres que est\u00e3o a definir o conceito de Arte na atualidade, A Hist\u00f3ria da Arte sem homens surpreende continuamente o leitor e desafia o status quo, com a inclus\u00e3o de novas formas de arte at\u00e9 aqui ignoradas ou menosprezadas.<\/p>\n<p>Das praias da Cornualha \u00e0s costas do Jap\u00e3o, este livro vai revolucionar a Hist\u00f3ria da Arte como a conhecemos.<\/p>\n","protected":false},"author":2,"featured_media":10480,"template":"","meta":[],"product_cat":[175],"product_tag":[],"cat_produtos":[],"yoast_head":"<!-- This site is optimized with the Yoast SEO plugin v16.6 - https:\/\/yoast.com\/wordpress\/plugins\/seo\/ -->\n<title>A Hist\u00f3ria da Arte sem Homens - Livraria Solmar - Livraria online<\/title>\n<meta name=\"robots\" content=\"index, follow, max-snippet:-1, max-image-preview:large, max-video-preview:-1\" \/>\n<link rel=\"canonical\" href=\"https:\/\/livrariasolmar.pt\/en\/produto\/a-historia-da-arte-sem-homens\/\" \/>\n<meta property=\"og:locale\" content=\"en_US\" \/>\n<meta property=\"og:type\" content=\"article\" \/>\n<meta property=\"og:title\" content=\"A Hist\u00f3ria da Arte sem Homens - Livraria Solmar - Livraria online\" \/>\n<meta property=\"og:description\" content=\"Quantas mulheres artistas conhece? Quem faz a Hist\u00f3ria da Arte? Havia mulheres a fazer arte antes do s\u00e9culo XX? Quem foram as pioneiras que abriram caminho para as criadoras de hoje? Quantas mulheres integram as cole\u00e7\u00f5es permanentes dos grandes museus?  Neste livro pioneiro, Katy Hessel, historiadora de arte, apresenta-nos os quadros impressionantes da pintora renascentista Sofonisba Anguissola, as obras radicais de Harriet Powers no s\u00e9culo XX, ou a hist\u00f3ria fascinante da baronesa Von Freytag-Loringhoven, a verdadeira criadora do ready-made.  Seja o tema a Idade de Ouro holandesa, o assombroso trabalho das artistas latino-americanas do p\u00f3s-guerra, ou as mulheres que est\u00e3o a definir o conceito de Arte na atualidade, A Hist\u00f3ria da Arte sem homens surpreende continuamente o leitor e desafia o status quo, com a inclus\u00e3o de novas formas de arte at\u00e9 aqui ignoradas ou menosprezadas.  Das praias da Cornualha \u00e0s costas do Jap\u00e3o, este livro vai revolucionar a Hist\u00f3ria da Arte como a conhecemos.\" \/>\n<meta property=\"og:url\" content=\"https:\/\/livrariasolmar.pt\/produto\/a-historia-da-arte-sem-homens\/\" \/>\n<meta property=\"og:site_name\" content=\"Livraria Solmar - Livraria online\" \/>\n<meta property=\"article:modified_time\" content=\"2025-08-13T18:05:07+00:00\" \/>\n<meta property=\"og:image\" content=\"https:\/\/livrariasolmar.pt\/wp-content\/uploads\/2025\/06\/1540-1-3-8.jpg\" \/>\n\t<meta property=\"og:image:width\" content=\"340\" \/>\n\t<meta property=\"og:image:height\" content=\"340\" \/>\n<meta name=\"twitter:card\" content=\"summary_large_image\" \/>\n<script type=\"application\/ld+json\" class=\"yoast-schema-graph\">{\"@context\":\"https:\/\/schema.org\",\"@graph\":[{\"@type\":\"WebSite\",\"@id\":\"https:\/\/livrariasolmar.pt\/#website\",\"url\":\"https:\/\/livrariasolmar.pt\/\",\"name\":\"Livraria Solmar - Livraria online\",\"description\":\"Com\\u00e9rcio Livros E Objetos De Arte, Lda - Ponta Delgada, A\\u00e7ores\",\"potentialAction\":[{\"@type\":\"SearchAction\",\"target\":{\"@type\":\"EntryPoint\",\"urlTemplate\":\"https:\/\/livrariasolmar.pt\/?s={search_term_string}\"},\"query-input\":\"required name=search_term_string\"}],\"inLanguage\":\"en-US\"},{\"@type\":\"ImageObject\",\"@id\":\"https:\/\/livrariasolmar.pt\/produto\/a-historia-da-arte-sem-homens\/#primaryimage\",\"inLanguage\":\"en-US\",\"url\":\"https:\/\/livrariasolmar.pt\/wp-content\/uploads\/2025\/06\/1540-1-3-8.jpg\",\"contentUrl\":\"https:\/\/livrariasolmar.pt\/wp-content\/uploads\/2025\/06\/1540-1-3-8.jpg\",\"width\":340,\"height\":340},{\"@type\":\"WebPage\",\"@id\":\"https:\/\/livrariasolmar.pt\/produto\/a-historia-da-arte-sem-homens\/#webpage\",\"url\":\"https:\/\/livrariasolmar.pt\/produto\/a-historia-da-arte-sem-homens\/\",\"name\":\"A Hist\\u00f3ria da Arte sem Homens - Livraria Solmar - Livraria online\",\"isPartOf\":{\"@id\":\"https:\/\/livrariasolmar.pt\/#website\"},\"primaryImageOfPage\":{\"@id\":\"https:\/\/livrariasolmar.pt\/produto\/a-historia-da-arte-sem-homens\/#primaryimage\"},\"datePublished\":\"2025-06-11T16:27:22+00:00\",\"dateModified\":\"2025-08-13T18:05:07+00:00\",\"breadcrumb\":{\"@id\":\"https:\/\/livrariasolmar.pt\/produto\/a-historia-da-arte-sem-homens\/#breadcrumb\"},\"inLanguage\":\"en-US\",\"potentialAction\":[{\"@type\":\"ReadAction\",\"target\":[\"https:\/\/livrariasolmar.pt\/produto\/a-historia-da-arte-sem-homens\/\"]}]},{\"@type\":\"BreadcrumbList\",\"@id\":\"https:\/\/livrariasolmar.pt\/produto\/a-historia-da-arte-sem-homens\/#breadcrumb\",\"itemListElement\":[{\"@type\":\"ListItem\",\"position\":1,\"name\":\"In\\u00edcio\",\"item\":\"https:\/\/livrariasolmar.pt\/en\/\"},{\"@type\":\"ListItem\",\"position\":2,\"name\":\"Shop\",\"item\":\"https:\/\/livrariasolmar.pt\/en\/shop\/\"},{\"@type\":\"ListItem\",\"position\":3,\"name\":\"A Hist\\u00f3ria da Arte sem Homens\"}]}]}<\/script>\n<!-- \/ Yoast SEO plugin. -->","_links":{"self":[{"href":"https:\/\/livrariasolmar.pt\/en\/wp-json\/wp\/v2\/product\/10479"}],"collection":[{"href":"https:\/\/livrariasolmar.pt\/en\/wp-json\/wp\/v2\/product"}],"about":[{"href":"https:\/\/livrariasolmar.pt\/en\/wp-json\/wp\/v2\/types\/product"}],"author":[{"embeddable":true,"href":"https:\/\/livrariasolmar.pt\/en\/wp-json\/wp\/v2\/users\/2"}],"wp:featuredmedia":[{"embeddable":true,"href":"https:\/\/livrariasolmar.pt\/en\/wp-json\/wp\/v2\/media\/10480"}],"wp:attachment":[{"href":"https:\/\/livrariasolmar.pt\/en\/wp-json\/wp\/v2\/media?parent=10479"}],"wp:term":[{"taxonomy":"product_cat","embeddable":true,"href":"https:\/\/livrariasolmar.pt\/en\/wp-json\/wp\/v2\/product_cat?post=10479"},{"taxonomy":"product_tag","embeddable":true,"href":"https:\/\/livrariasolmar.pt\/en\/wp-json\/wp\/v2\/product_tag?post=10479"},{"taxonomy":"cat_produtos","embeddable":true,"href":"https:\/\/livrariasolmar.pt\/en\/wp-json\/wp\/v2\/cat_produtos?post=10479"}],"curies":[{"name":"wp","href":"https:\/\/api.w.org\/{rel}","templated":true}]}}