{"id":10482,"date":"2025-06-11T16:38:25","date_gmt":"2025-06-11T16:38:25","guid":{"rendered":"https:\/\/livrariasolmar.pt\/?post_type=product&#038;p=10482"},"modified":"2025-10-08T17:47:09","modified_gmt":"2025-10-08T17:47:09","slug":"a-arvore-mais-sozinha-do-mundo","status":"publish","type":"product","link":"https:\/\/livrariasolmar.pt\/en\/produto\/a-arvore-mais-sozinha-do-mundo\/","title":{"rendered":"A \u00c1rvore Mais Sozinha do Mundo"},"content":{"rendered":"","protected":false},"excerpt":{"rendered":"<p>\u00abEles sabem tanto de amor, o amor tem dessas coisas, que \u00e9 manter viva do lado de casa uma \u00e1rvore venenosa que s\u00f3 quer acabar de viver.\u00bb<\/p>\n<p>No n\u00facleo, temos uma fam\u00edlia, for\u00e7a motriz dos grandes livros: os pais, Carlos e Guerlinda, extenuados pelo trabalho numa planta\u00e7\u00e3o de tabaco; e os filhos, Alice, Maria e Pedro, j\u00e1 com as vidas dedicadas \u00e0 lavoura e envenenadas pelos pesticidas. S\u00e3o fumicultores, vivem esquecidos pelo mundo e lutam para sobreviver \u00e0 escassez de tudo e ao colapso clim\u00e1tico.<\/p>\n<p>Num desfile de desgra\u00e7as-doen\u00e7as-infort\u00fanios, mas tamb\u00e9m de sonhos-desejos-vit\u00f3rias, subvertem-se c\u00f3digos de leitura e desvelam-se a pouco e pouco os narradores inanimados deste romance, que fazem companhia a personagens maiores que a vida. Movidos pelo amor, o assunto mais s\u00e9rio desta hist\u00f3ria, juntos conduzem o leitor at\u00e9 ao \u00aboutro lado do espelho\u00bb, um lugar de sonho e pesadelo.<\/p>\n<p>Formalmente arrojado, socialmente inc\u00f3modo, literariamente primoroso: A \u00e1rvore mais sozinha do mundo confirma Mariana Salom\u00e3o Carrara como uma escritora ao mesmo tempo cl\u00e1ssica e inventiva, que desafia o c\u00e2none e o integra na perfei\u00e7\u00e3o.<\/p>\n","protected":false},"author":2,"featured_media":10483,"template":"","meta":[],"product_cat":[153],"product_tag":[],"cat_produtos":[],"yoast_head":"<!-- This site is optimized with the Yoast SEO plugin v16.6 - https:\/\/yoast.com\/wordpress\/plugins\/seo\/ -->\n<title>A \u00c1rvore Mais Sozinha do Mundo - Livraria Solmar - Livraria online<\/title>\n<meta name=\"robots\" content=\"index, follow, max-snippet:-1, max-image-preview:large, max-video-preview:-1\" \/>\n<link rel=\"canonical\" href=\"https:\/\/livrariasolmar.pt\/en\/produto\/a-arvore-mais-sozinha-do-mundo\/\" \/>\n<meta property=\"og:locale\" content=\"en_US\" \/>\n<meta property=\"og:type\" content=\"article\" \/>\n<meta property=\"og:title\" content=\"A \u00c1rvore Mais Sozinha do Mundo - Livraria Solmar - Livraria online\" \/>\n<meta property=\"og:description\" content=\"\u00abEles sabem tanto de amor, o amor tem dessas coisas, que \u00e9 manter viva do lado de casa uma \u00e1rvore venenosa que s\u00f3 quer acabar de viver.\u00bb  No n\u00facleo, temos uma fam\u00edlia, for\u00e7a motriz dos grandes livros: os pais, Carlos e Guerlinda, extenuados pelo trabalho numa planta\u00e7\u00e3o de tabaco; e os filhos, Alice, Maria e Pedro, j\u00e1 com as vidas dedicadas \u00e0 lavoura e envenenadas pelos pesticidas. S\u00e3o fumicultores, vivem esquecidos pelo mundo e lutam para sobreviver \u00e0 escassez de tudo e ao colapso clim\u00e1tico.  Num desfile de desgra\u00e7as-doen\u00e7as-infort\u00fanios, mas tamb\u00e9m de sonhos-desejos-vit\u00f3rias, subvertem-se c\u00f3digos de leitura e desvelam-se a pouco e pouco os narradores inanimados deste romance, que fazem companhia a personagens maiores que a vida. Movidos pelo amor, o assunto mais s\u00e9rio desta hist\u00f3ria, juntos conduzem o leitor at\u00e9 ao \u00aboutro lado do espelho\u00bb, um lugar de sonho e pesadelo.  Formalmente arrojado, socialmente inc\u00f3modo, literariamente primoroso: A \u00e1rvore mais sozinha do mundo confirma Mariana Salom\u00e3o Carrara como uma escritora ao mesmo tempo cl\u00e1ssica e inventiva, que desafia o c\u00e2none e o integra na perfei\u00e7\u00e3o.\" \/>\n<meta property=\"og:url\" content=\"https:\/\/livrariasolmar.pt\/produto\/a-arvore-mais-sozinha-do-mundo\/\" \/>\n<meta property=\"og:site_name\" content=\"Livraria Solmar - Livraria online\" \/>\n<meta property=\"article:modified_time\" content=\"2025-10-08T17:47:09+00:00\" \/>\n<meta property=\"og:image\" content=\"https:\/\/livrariasolmar.pt\/wp-content\/uploads\/2025\/06\/1540-1-2-10.jpg\" \/>\n\t<meta property=\"og:image:width\" content=\"340\" \/>\n\t<meta property=\"og:image:height\" content=\"340\" \/>\n<meta name=\"twitter:card\" content=\"summary_large_image\" \/>\n<script type=\"application\/ld+json\" class=\"yoast-schema-graph\">{\"@context\":\"https:\/\/schema.org\",\"@graph\":[{\"@type\":\"WebSite\",\"@id\":\"https:\/\/livrariasolmar.pt\/#website\",\"url\":\"https:\/\/livrariasolmar.pt\/\",\"name\":\"Livraria Solmar - Livraria online\",\"description\":\"Com\\u00e9rcio Livros E Objetos De Arte, Lda - Ponta Delgada, A\\u00e7ores\",\"potentialAction\":[{\"@type\":\"SearchAction\",\"target\":{\"@type\":\"EntryPoint\",\"urlTemplate\":\"https:\/\/livrariasolmar.pt\/?s={search_term_string}\"},\"query-input\":\"required name=search_term_string\"}],\"inLanguage\":\"en-US\"},{\"@type\":\"ImageObject\",\"@id\":\"https:\/\/livrariasolmar.pt\/produto\/a-arvore-mais-sozinha-do-mundo\/#primaryimage\",\"inLanguage\":\"en-US\",\"url\":\"https:\/\/livrariasolmar.pt\/wp-content\/uploads\/2025\/06\/1540-1-2-10.jpg\",\"contentUrl\":\"https:\/\/livrariasolmar.pt\/wp-content\/uploads\/2025\/06\/1540-1-2-10.jpg\",\"width\":340,\"height\":340},{\"@type\":\"WebPage\",\"@id\":\"https:\/\/livrariasolmar.pt\/produto\/a-arvore-mais-sozinha-do-mundo\/#webpage\",\"url\":\"https:\/\/livrariasolmar.pt\/produto\/a-arvore-mais-sozinha-do-mundo\/\",\"name\":\"A \\u00c1rvore Mais Sozinha do Mundo - Livraria Solmar - Livraria online\",\"isPartOf\":{\"@id\":\"https:\/\/livrariasolmar.pt\/#website\"},\"primaryImageOfPage\":{\"@id\":\"https:\/\/livrariasolmar.pt\/produto\/a-arvore-mais-sozinha-do-mundo\/#primaryimage\"},\"datePublished\":\"2025-06-11T16:38:25+00:00\",\"dateModified\":\"2025-10-08T17:47:09+00:00\",\"breadcrumb\":{\"@id\":\"https:\/\/livrariasolmar.pt\/produto\/a-arvore-mais-sozinha-do-mundo\/#breadcrumb\"},\"inLanguage\":\"en-US\",\"potentialAction\":[{\"@type\":\"ReadAction\",\"target\":[\"https:\/\/livrariasolmar.pt\/produto\/a-arvore-mais-sozinha-do-mundo\/\"]}]},{\"@type\":\"BreadcrumbList\",\"@id\":\"https:\/\/livrariasolmar.pt\/produto\/a-arvore-mais-sozinha-do-mundo\/#breadcrumb\",\"itemListElement\":[{\"@type\":\"ListItem\",\"position\":1,\"name\":\"In\\u00edcio\",\"item\":\"https:\/\/livrariasolmar.pt\/en\/\"},{\"@type\":\"ListItem\",\"position\":2,\"name\":\"Shop\",\"item\":\"https:\/\/livrariasolmar.pt\/en\/shop\/\"},{\"@type\":\"ListItem\",\"position\":3,\"name\":\"A \\u00c1rvore Mais Sozinha do Mundo\"}]}]}<\/script>\n<!-- \/ Yoast SEO plugin. -->","_links":{"self":[{"href":"https:\/\/livrariasolmar.pt\/en\/wp-json\/wp\/v2\/product\/10482"}],"collection":[{"href":"https:\/\/livrariasolmar.pt\/en\/wp-json\/wp\/v2\/product"}],"about":[{"href":"https:\/\/livrariasolmar.pt\/en\/wp-json\/wp\/v2\/types\/product"}],"author":[{"embeddable":true,"href":"https:\/\/livrariasolmar.pt\/en\/wp-json\/wp\/v2\/users\/2"}],"wp:featuredmedia":[{"embeddable":true,"href":"https:\/\/livrariasolmar.pt\/en\/wp-json\/wp\/v2\/media\/10483"}],"wp:attachment":[{"href":"https:\/\/livrariasolmar.pt\/en\/wp-json\/wp\/v2\/media?parent=10482"}],"wp:term":[{"taxonomy":"product_cat","embeddable":true,"href":"https:\/\/livrariasolmar.pt\/en\/wp-json\/wp\/v2\/product_cat?post=10482"},{"taxonomy":"product_tag","embeddable":true,"href":"https:\/\/livrariasolmar.pt\/en\/wp-json\/wp\/v2\/product_tag?post=10482"},{"taxonomy":"cat_produtos","embeddable":true,"href":"https:\/\/livrariasolmar.pt\/en\/wp-json\/wp\/v2\/cat_produtos?post=10482"}],"curies":[{"name":"wp","href":"https:\/\/api.w.org\/{rel}","templated":true}]}}