{"id":10485,"date":"2025-06-11T16:50:57","date_gmt":"2025-06-11T16:50:57","guid":{"rendered":"https:\/\/livrariasolmar.pt\/?post_type=product&#038;p=10485"},"modified":"2025-10-08T17:56:45","modified_gmt":"2025-10-08T17:56:45","slug":"murmurio","status":"publish","type":"product","link":"https:\/\/livrariasolmar.pt\/en\/produto\/murmurio\/","title":{"rendered":"Murm\u00fario"},"content":{"rendered":"","protected":false},"excerpt":{"rendered":"<p>Baseado na vida de Alan Turing, este romance &#8211; em forma de di\u00e1rio e de cartas &#8211; relata, na primeira pessoa, o per\u00edodo que se seguiu \u00e0 pris\u00e3o, julgamento e condena\u00e7\u00e3o do c\u00e9lebre matem\u00e1tico. Durante os tratamentos hormonais a que foi submetido (castra\u00e7\u00e3o qu\u00edmica) e as enormes transforma\u00e7\u00f5es f\u00edsicas e mentais por que passou, ao longo das sess\u00f5es com o psiquiatra, nas cartas \u00e0 amiga June ou nas anota\u00e7\u00f5es pessoais que redige (\u00abpara se distrair do medo, como o pr\u00f3prio afirma), \u00e9 como se n\u00f3s, leitores, estiv\u00e9ssemos dentro do seu pensamento e da an\u00e1lise que faz da natureza da consci\u00eancia humana.<\/p>\n<p>Grande criptologista (quebrou a cifra que permitiu localizar as tropas alem\u00e3s e planear a invas\u00e3o da Normandia pelas tropas aliadas), precursor da revolu\u00e7\u00e3o tecnol\u00f3gica e da intelig\u00eancia artificial, Turing revela-nos os bastidores do seu castigo e o caminho de vergonha e exclus\u00e3o que percorre, com dignidade, aceita\u00e7\u00e3o, e at\u00e9 generosidade. Suicidou-se com pouco mais de 40 anos, depois das persegui\u00e7\u00f5es por causa da sua homossexualidade &#8211; mas h\u00e1 teorias que defendem que n\u00e3o se matou.<\/p>\n","protected":false},"author":2,"featured_media":10486,"template":"","meta":[],"product_cat":[153],"product_tag":[],"cat_produtos":[],"yoast_head":"<!-- This site is optimized with the Yoast SEO plugin v16.6 - https:\/\/yoast.com\/wordpress\/plugins\/seo\/ -->\n<title>Murm\u00fario - Livraria Solmar - Livraria online<\/title>\n<meta name=\"robots\" content=\"index, follow, max-snippet:-1, max-image-preview:large, max-video-preview:-1\" \/>\n<link rel=\"canonical\" href=\"https:\/\/livrariasolmar.pt\/en\/produto\/murmurio\/\" \/>\n<meta property=\"og:locale\" content=\"en_US\" \/>\n<meta property=\"og:type\" content=\"article\" \/>\n<meta property=\"og:title\" content=\"Murm\u00fario - Livraria Solmar - Livraria online\" \/>\n<meta property=\"og:description\" content=\"Baseado na vida de Alan Turing, este romance - em forma de di\u00e1rio e de cartas - relata, na primeira pessoa, o per\u00edodo que se seguiu \u00e0 pris\u00e3o, julgamento e condena\u00e7\u00e3o do c\u00e9lebre matem\u00e1tico. Durante os tratamentos hormonais a que foi submetido (castra\u00e7\u00e3o qu\u00edmica) e as enormes transforma\u00e7\u00f5es f\u00edsicas e mentais por que passou, ao longo das sess\u00f5es com o psiquiatra, nas cartas \u00e0 amiga June ou nas anota\u00e7\u00f5es pessoais que redige (\u00abpara se distrair do medo, como o pr\u00f3prio afirma), \u00e9 como se n\u00f3s, leitores, estiv\u00e9ssemos dentro do seu pensamento e da an\u00e1lise que faz da natureza da consci\u00eancia humana.  Grande criptologista (quebrou a cifra que permitiu localizar as tropas alem\u00e3s e planear a invas\u00e3o da Normandia pelas tropas aliadas), precursor da revolu\u00e7\u00e3o tecnol\u00f3gica e da intelig\u00eancia artificial, Turing revela-nos os bastidores do seu castigo e o caminho de vergonha e exclus\u00e3o que percorre, com dignidade, aceita\u00e7\u00e3o, e at\u00e9 generosidade. Suicidou-se com pouco mais de 40 anos, depois das persegui\u00e7\u00f5es por causa da sua homossexualidade - mas h\u00e1 teorias que defendem que n\u00e3o se matou.\" \/>\n<meta property=\"og:url\" content=\"https:\/\/livrariasolmar.pt\/produto\/murmurio\/\" \/>\n<meta property=\"og:site_name\" content=\"Livraria Solmar - Livraria online\" \/>\n<meta property=\"article:modified_time\" content=\"2025-10-08T17:56:45+00:00\" \/>\n<meta property=\"og:image\" content=\"https:\/\/livrariasolmar.pt\/wp-content\/uploads\/2025\/06\/1540-1-3-9.jpg\" \/>\n\t<meta property=\"og:image:width\" content=\"340\" \/>\n\t<meta property=\"og:image:height\" content=\"340\" \/>\n<meta name=\"twitter:card\" content=\"summary_large_image\" \/>\n<script type=\"application\/ld+json\" class=\"yoast-schema-graph\">{\"@context\":\"https:\/\/schema.org\",\"@graph\":[{\"@type\":\"WebSite\",\"@id\":\"https:\/\/livrariasolmar.pt\/#website\",\"url\":\"https:\/\/livrariasolmar.pt\/\",\"name\":\"Livraria Solmar - Livraria online\",\"description\":\"Com\\u00e9rcio Livros E Objetos De Arte, Lda - Ponta Delgada, A\\u00e7ores\",\"potentialAction\":[{\"@type\":\"SearchAction\",\"target\":{\"@type\":\"EntryPoint\",\"urlTemplate\":\"https:\/\/livrariasolmar.pt\/?s={search_term_string}\"},\"query-input\":\"required name=search_term_string\"}],\"inLanguage\":\"en-US\"},{\"@type\":\"ImageObject\",\"@id\":\"https:\/\/livrariasolmar.pt\/produto\/murmurio\/#primaryimage\",\"inLanguage\":\"en-US\",\"url\":\"https:\/\/livrariasolmar.pt\/wp-content\/uploads\/2025\/06\/1540-1-3-9.jpg\",\"contentUrl\":\"https:\/\/livrariasolmar.pt\/wp-content\/uploads\/2025\/06\/1540-1-3-9.jpg\",\"width\":340,\"height\":340},{\"@type\":\"WebPage\",\"@id\":\"https:\/\/livrariasolmar.pt\/produto\/murmurio\/#webpage\",\"url\":\"https:\/\/livrariasolmar.pt\/produto\/murmurio\/\",\"name\":\"Murm\\u00fario - Livraria Solmar - Livraria online\",\"isPartOf\":{\"@id\":\"https:\/\/livrariasolmar.pt\/#website\"},\"primaryImageOfPage\":{\"@id\":\"https:\/\/livrariasolmar.pt\/produto\/murmurio\/#primaryimage\"},\"datePublished\":\"2025-06-11T16:50:57+00:00\",\"dateModified\":\"2025-10-08T17:56:45+00:00\",\"breadcrumb\":{\"@id\":\"https:\/\/livrariasolmar.pt\/produto\/murmurio\/#breadcrumb\"},\"inLanguage\":\"en-US\",\"potentialAction\":[{\"@type\":\"ReadAction\",\"target\":[\"https:\/\/livrariasolmar.pt\/produto\/murmurio\/\"]}]},{\"@type\":\"BreadcrumbList\",\"@id\":\"https:\/\/livrariasolmar.pt\/produto\/murmurio\/#breadcrumb\",\"itemListElement\":[{\"@type\":\"ListItem\",\"position\":1,\"name\":\"In\\u00edcio\",\"item\":\"https:\/\/livrariasolmar.pt\/en\/\"},{\"@type\":\"ListItem\",\"position\":2,\"name\":\"Shop\",\"item\":\"https:\/\/livrariasolmar.pt\/en\/shop\/\"},{\"@type\":\"ListItem\",\"position\":3,\"name\":\"Murm\\u00fario\"}]}]}<\/script>\n<!-- \/ Yoast SEO plugin. -->","_links":{"self":[{"href":"https:\/\/livrariasolmar.pt\/en\/wp-json\/wp\/v2\/product\/10485"}],"collection":[{"href":"https:\/\/livrariasolmar.pt\/en\/wp-json\/wp\/v2\/product"}],"about":[{"href":"https:\/\/livrariasolmar.pt\/en\/wp-json\/wp\/v2\/types\/product"}],"author":[{"embeddable":true,"href":"https:\/\/livrariasolmar.pt\/en\/wp-json\/wp\/v2\/users\/2"}],"wp:featuredmedia":[{"embeddable":true,"href":"https:\/\/livrariasolmar.pt\/en\/wp-json\/wp\/v2\/media\/10486"}],"wp:attachment":[{"href":"https:\/\/livrariasolmar.pt\/en\/wp-json\/wp\/v2\/media?parent=10485"}],"wp:term":[{"taxonomy":"product_cat","embeddable":true,"href":"https:\/\/livrariasolmar.pt\/en\/wp-json\/wp\/v2\/product_cat?post=10485"},{"taxonomy":"product_tag","embeddable":true,"href":"https:\/\/livrariasolmar.pt\/en\/wp-json\/wp\/v2\/product_tag?post=10485"},{"taxonomy":"cat_produtos","embeddable":true,"href":"https:\/\/livrariasolmar.pt\/en\/wp-json\/wp\/v2\/cat_produtos?post=10485"}],"curies":[{"name":"wp","href":"https:\/\/api.w.org\/{rel}","templated":true}]}}