{"id":10488,"date":"2025-06-11T17:02:26","date_gmt":"2025-06-11T17:02:26","guid":{"rendered":"https:\/\/livrariasolmar.pt\/?post_type=product&#038;p=10488"},"modified":"2025-10-08T17:56:28","modified_gmt":"2025-10-08T17:56:28","slug":"a-ressurreicao-de-maria","status":"publish","type":"product","link":"https:\/\/livrariasolmar.pt\/en\/produto\/a-ressurreicao-de-maria\/","title":{"rendered":"A Ressurrei\u00e7\u00e3o de Maria"},"content":{"rendered":"","protected":false},"excerpt":{"rendered":"<p>Na hist\u00f3ria que d\u00e1 t\u00edtulo a este t\u00e3o aguardado livro de contos de Cl\u00e1udia Andrade, o assombro e a alegria do milagre da ressurrei\u00e7\u00e3o d\u00e3o lugar ao desapontamento e ao inc\u00f3modo de um ato de ilusionismo inoportuno, capaz de transformar uma aus\u00eancia j\u00e1 consumada, qui\u00e7\u00e1 desejada, na presen\u00e7a de um corpo limpo, ultraterreno, imune \u00e0s marcas da vulgaridade humana.<\/p>\n<p>Uma vez mais, a fragilidade do ser humano, as suas contradi\u00e7\u00f5es e defeitos, a sujidade e as puls\u00f5es de vida, e o seu contraponto com uma aus\u00eancia idealizada, \u00ab\u00fanica forma de amor verdadeiro\u00bb, continuam a ser o territ\u00f3rio de elei\u00e7\u00e3o desta extraordin\u00e1ria autora, que com ironia mordaz, numa prosa \u00e1gil e sem igual na literatura portuguesa, apresenta ao leitor um cortejo de personagens nas mais tr\u00e1gicas e absurdas perip\u00e9cias da vida.<\/p>\n","protected":false},"author":2,"featured_media":10489,"template":"","meta":[],"product_cat":[153],"product_tag":[],"cat_produtos":[],"yoast_head":"<!-- This site is optimized with the Yoast SEO plugin v16.6 - https:\/\/yoast.com\/wordpress\/plugins\/seo\/ -->\n<title>A Ressurrei\u00e7\u00e3o de Maria - Livraria Solmar - Livraria online<\/title>\n<meta name=\"robots\" content=\"index, follow, max-snippet:-1, max-image-preview:large, max-video-preview:-1\" \/>\n<link rel=\"canonical\" href=\"https:\/\/livrariasolmar.pt\/en\/produto\/a-ressurreicao-de-maria\/\" \/>\n<meta property=\"og:locale\" content=\"en_US\" \/>\n<meta property=\"og:type\" content=\"article\" \/>\n<meta property=\"og:title\" content=\"A Ressurrei\u00e7\u00e3o de Maria - Livraria Solmar - Livraria online\" \/>\n<meta property=\"og:description\" content=\"Na hist\u00f3ria que d\u00e1 t\u00edtulo a este t\u00e3o aguardado livro de contos de Cl\u00e1udia Andrade, o assombro e a alegria do milagre da ressurrei\u00e7\u00e3o d\u00e3o lugar ao desapontamento e ao inc\u00f3modo de um ato de ilusionismo inoportuno, capaz de transformar uma aus\u00eancia j\u00e1 consumada, qui\u00e7\u00e1 desejada, na presen\u00e7a de um corpo limpo, ultraterreno, imune \u00e0s marcas da vulgaridade humana.  Uma vez mais, a fragilidade do ser humano, as suas contradi\u00e7\u00f5es e defeitos, a sujidade e as puls\u00f5es de vida, e o seu contraponto com uma aus\u00eancia idealizada, \u00ab\u00fanica forma de amor verdadeiro\u00bb, continuam a ser o territ\u00f3rio de elei\u00e7\u00e3o desta extraordin\u00e1ria autora, que com ironia mordaz, numa prosa \u00e1gil e sem igual na literatura portuguesa, apresenta ao leitor um cortejo de personagens nas mais tr\u00e1gicas e absurdas perip\u00e9cias da vida.\" \/>\n<meta property=\"og:url\" content=\"https:\/\/livrariasolmar.pt\/produto\/a-ressurreicao-de-maria\/\" \/>\n<meta property=\"og:site_name\" content=\"Livraria Solmar - Livraria online\" \/>\n<meta property=\"article:modified_time\" content=\"2025-10-08T17:56:28+00:00\" \/>\n<meta property=\"og:image\" content=\"https:\/\/livrariasolmar.pt\/wp-content\/uploads\/2025\/06\/9789895836383_1741312904.jpg\" \/>\n\t<meta property=\"og:image:width\" content=\"518\" \/>\n\t<meta property=\"og:image:height\" content=\"800\" \/>\n<meta name=\"twitter:card\" content=\"summary_large_image\" \/>\n<script type=\"application\/ld+json\" class=\"yoast-schema-graph\">{\"@context\":\"https:\/\/schema.org\",\"@graph\":[{\"@type\":\"WebSite\",\"@id\":\"https:\/\/livrariasolmar.pt\/#website\",\"url\":\"https:\/\/livrariasolmar.pt\/\",\"name\":\"Livraria Solmar - Livraria online\",\"description\":\"Com\\u00e9rcio Livros E Objetos De Arte, Lda - Ponta Delgada, A\\u00e7ores\",\"potentialAction\":[{\"@type\":\"SearchAction\",\"target\":{\"@type\":\"EntryPoint\",\"urlTemplate\":\"https:\/\/livrariasolmar.pt\/?s={search_term_string}\"},\"query-input\":\"required name=search_term_string\"}],\"inLanguage\":\"en-US\"},{\"@type\":\"ImageObject\",\"@id\":\"https:\/\/livrariasolmar.pt\/produto\/a-ressurreicao-de-maria\/#primaryimage\",\"inLanguage\":\"en-US\",\"url\":\"https:\/\/livrariasolmar.pt\/wp-content\/uploads\/2025\/06\/9789895836383_1741312904.jpg\",\"contentUrl\":\"https:\/\/livrariasolmar.pt\/wp-content\/uploads\/2025\/06\/9789895836383_1741312904.jpg\",\"width\":518,\"height\":800},{\"@type\":\"WebPage\",\"@id\":\"https:\/\/livrariasolmar.pt\/produto\/a-ressurreicao-de-maria\/#webpage\",\"url\":\"https:\/\/livrariasolmar.pt\/produto\/a-ressurreicao-de-maria\/\",\"name\":\"A Ressurrei\\u00e7\\u00e3o de Maria - Livraria Solmar - Livraria online\",\"isPartOf\":{\"@id\":\"https:\/\/livrariasolmar.pt\/#website\"},\"primaryImageOfPage\":{\"@id\":\"https:\/\/livrariasolmar.pt\/produto\/a-ressurreicao-de-maria\/#primaryimage\"},\"datePublished\":\"2025-06-11T17:02:26+00:00\",\"dateModified\":\"2025-10-08T17:56:28+00:00\",\"breadcrumb\":{\"@id\":\"https:\/\/livrariasolmar.pt\/produto\/a-ressurreicao-de-maria\/#breadcrumb\"},\"inLanguage\":\"en-US\",\"potentialAction\":[{\"@type\":\"ReadAction\",\"target\":[\"https:\/\/livrariasolmar.pt\/produto\/a-ressurreicao-de-maria\/\"]}]},{\"@type\":\"BreadcrumbList\",\"@id\":\"https:\/\/livrariasolmar.pt\/produto\/a-ressurreicao-de-maria\/#breadcrumb\",\"itemListElement\":[{\"@type\":\"ListItem\",\"position\":1,\"name\":\"In\\u00edcio\",\"item\":\"https:\/\/livrariasolmar.pt\/en\/\"},{\"@type\":\"ListItem\",\"position\":2,\"name\":\"Shop\",\"item\":\"https:\/\/livrariasolmar.pt\/en\/shop\/\"},{\"@type\":\"ListItem\",\"position\":3,\"name\":\"A Ressurrei\\u00e7\\u00e3o de Maria\"}]}]}<\/script>\n<!-- \/ Yoast SEO plugin. -->","_links":{"self":[{"href":"https:\/\/livrariasolmar.pt\/en\/wp-json\/wp\/v2\/product\/10488"}],"collection":[{"href":"https:\/\/livrariasolmar.pt\/en\/wp-json\/wp\/v2\/product"}],"about":[{"href":"https:\/\/livrariasolmar.pt\/en\/wp-json\/wp\/v2\/types\/product"}],"author":[{"embeddable":true,"href":"https:\/\/livrariasolmar.pt\/en\/wp-json\/wp\/v2\/users\/2"}],"wp:featuredmedia":[{"embeddable":true,"href":"https:\/\/livrariasolmar.pt\/en\/wp-json\/wp\/v2\/media\/10489"}],"wp:attachment":[{"href":"https:\/\/livrariasolmar.pt\/en\/wp-json\/wp\/v2\/media?parent=10488"}],"wp:term":[{"taxonomy":"product_cat","embeddable":true,"href":"https:\/\/livrariasolmar.pt\/en\/wp-json\/wp\/v2\/product_cat?post=10488"},{"taxonomy":"product_tag","embeddable":true,"href":"https:\/\/livrariasolmar.pt\/en\/wp-json\/wp\/v2\/product_tag?post=10488"},{"taxonomy":"cat_produtos","embeddable":true,"href":"https:\/\/livrariasolmar.pt\/en\/wp-json\/wp\/v2\/cat_produtos?post=10488"}],"curies":[{"name":"wp","href":"https:\/\/api.w.org\/{rel}","templated":true}]}}