{"id":10491,"date":"2025-06-11T17:12:35","date_gmt":"2025-06-11T17:12:35","guid":{"rendered":"https:\/\/livrariasolmar.pt\/?post_type=product&#038;p=10491"},"modified":"2025-06-11T17:12:36","modified_gmt":"2025-06-11T17:12:36","slug":"o-lago-da-criacao","status":"publish","type":"product","link":"https:\/\/livrariasolmar.pt\/en\/produto\/o-lago-da-criacao\/","title":{"rendered":"O Lago da Cria\u00e7\u00e3o"},"content":{"rendered":"","protected":false},"excerpt":{"rendered":"<p>Sadie Smith, uma agente secreta americana de 34 anos, munida de t\u00e1ticas implac\u00e1veis e opini\u00f5es ousadas, infiltra-se, na prov\u00edncia francesa, num coletivo ativista que tem como refer\u00eancias alguns intelectuais do Maio de 1968. Sadie conhece Lucien, um parisiense de boas fam\u00edlias, atrav\u00e9s de um encontro \u00abfriamente calculado\u00bb, fazendo-o acreditar que fora acidental. Usando Lucien e agindo com dissimula\u00e7\u00e3o, segue as instru\u00e7\u00f5es dos seus contactos \u2014 figuras sombrias nos neg\u00f3cios e no governo \u2014, que de in\u00edcio apenas desejam que incite uma provoca\u00e7\u00e3o, mas que rapidamente se tornam mais exigentes. Numa regi\u00e3o de quintas centen\u00e1rias e grutas antigas, onde habitaram Neandertais e os servos se revoltaram contra senhores feudais, Sadie fica fascinada por Bruno Lacombe, mentor dos jovens ativistas com quem comunica apenas por email. No final, Sadie parece reconciliar-se consigo pr\u00f3pria como parte de um mundo milenar.<\/p>\n","protected":false},"author":2,"featured_media":10492,"template":"","meta":[],"product_cat":[153],"product_tag":[],"cat_produtos":[],"yoast_head":"<!-- This site is optimized with the Yoast SEO plugin v16.6 - https:\/\/yoast.com\/wordpress\/plugins\/seo\/ -->\n<title>O Lago da Cria\u00e7\u00e3o - Livraria Solmar - Livraria online<\/title>\n<meta name=\"robots\" content=\"index, follow, max-snippet:-1, max-image-preview:large, max-video-preview:-1\" \/>\n<link rel=\"canonical\" href=\"https:\/\/livrariasolmar.pt\/en\/produto\/o-lago-da-criacao\/\" \/>\n<meta property=\"og:locale\" content=\"en_US\" \/>\n<meta property=\"og:type\" content=\"article\" \/>\n<meta property=\"og:title\" content=\"O Lago da Cria\u00e7\u00e3o - Livraria Solmar - Livraria online\" \/>\n<meta property=\"og:description\" content=\"Sadie Smith, uma agente secreta americana de 34 anos, munida de t\u00e1ticas implac\u00e1veis e opini\u00f5es ousadas, infiltra-se, na prov\u00edncia francesa, num coletivo ativista que tem como refer\u00eancias alguns intelectuais do Maio de 1968. Sadie conhece Lucien, um parisiense de boas fam\u00edlias, atrav\u00e9s de um encontro \u00abfriamente calculado\u00bb, fazendo-o acreditar que fora acidental. Usando Lucien e agindo com dissimula\u00e7\u00e3o, segue as instru\u00e7\u00f5es dos seus contactos \u2014 figuras sombrias nos neg\u00f3cios e no governo \u2014, que de in\u00edcio apenas desejam que incite uma provoca\u00e7\u00e3o, mas que rapidamente se tornam mais exigentes. Numa regi\u00e3o de quintas centen\u00e1rias e grutas antigas, onde habitaram Neandertais e os servos se revoltaram contra senhores feudais, Sadie fica fascinada por Bruno Lacombe, mentor dos jovens ativistas com quem comunica apenas por email. No final, Sadie parece reconciliar-se consigo pr\u00f3pria como parte de um mundo milenar.\" \/>\n<meta property=\"og:url\" content=\"https:\/\/livrariasolmar.pt\/produto\/o-lago-da-criacao\/\" \/>\n<meta property=\"og:site_name\" content=\"Livraria Solmar - Livraria online\" \/>\n<meta property=\"article:modified_time\" content=\"2025-06-11T17:12:36+00:00\" \/>\n<meta property=\"og:image\" content=\"https:\/\/livrariasolmar.pt\/wp-content\/uploads\/2025\/06\/1540-1-2-11.jpg\" \/>\n\t<meta property=\"og:image:width\" content=\"340\" \/>\n\t<meta property=\"og:image:height\" content=\"340\" \/>\n<meta name=\"twitter:card\" content=\"summary_large_image\" \/>\n<script type=\"application\/ld+json\" class=\"yoast-schema-graph\">{\"@context\":\"https:\/\/schema.org\",\"@graph\":[{\"@type\":\"WebSite\",\"@id\":\"https:\/\/livrariasolmar.pt\/#website\",\"url\":\"https:\/\/livrariasolmar.pt\/\",\"name\":\"Livraria Solmar - Livraria online\",\"description\":\"Com\\u00e9rcio Livros E Objetos De Arte, Lda - Ponta Delgada, A\\u00e7ores\",\"potentialAction\":[{\"@type\":\"SearchAction\",\"target\":{\"@type\":\"EntryPoint\",\"urlTemplate\":\"https:\/\/livrariasolmar.pt\/?s={search_term_string}\"},\"query-input\":\"required name=search_term_string\"}],\"inLanguage\":\"en-US\"},{\"@type\":\"ImageObject\",\"@id\":\"https:\/\/livrariasolmar.pt\/produto\/o-lago-da-criacao\/#primaryimage\",\"inLanguage\":\"en-US\",\"url\":\"https:\/\/livrariasolmar.pt\/wp-content\/uploads\/2025\/06\/1540-1-2-11.jpg\",\"contentUrl\":\"https:\/\/livrariasolmar.pt\/wp-content\/uploads\/2025\/06\/1540-1-2-11.jpg\",\"width\":340,\"height\":340},{\"@type\":\"WebPage\",\"@id\":\"https:\/\/livrariasolmar.pt\/produto\/o-lago-da-criacao\/#webpage\",\"url\":\"https:\/\/livrariasolmar.pt\/produto\/o-lago-da-criacao\/\",\"name\":\"O Lago da Cria\\u00e7\\u00e3o - Livraria Solmar - Livraria online\",\"isPartOf\":{\"@id\":\"https:\/\/livrariasolmar.pt\/#website\"},\"primaryImageOfPage\":{\"@id\":\"https:\/\/livrariasolmar.pt\/produto\/o-lago-da-criacao\/#primaryimage\"},\"datePublished\":\"2025-06-11T17:12:35+00:00\",\"dateModified\":\"2025-06-11T17:12:36+00:00\",\"breadcrumb\":{\"@id\":\"https:\/\/livrariasolmar.pt\/produto\/o-lago-da-criacao\/#breadcrumb\"},\"inLanguage\":\"en-US\",\"potentialAction\":[{\"@type\":\"ReadAction\",\"target\":[\"https:\/\/livrariasolmar.pt\/produto\/o-lago-da-criacao\/\"]}]},{\"@type\":\"BreadcrumbList\",\"@id\":\"https:\/\/livrariasolmar.pt\/produto\/o-lago-da-criacao\/#breadcrumb\",\"itemListElement\":[{\"@type\":\"ListItem\",\"position\":1,\"name\":\"In\\u00edcio\",\"item\":\"https:\/\/livrariasolmar.pt\/en\/\"},{\"@type\":\"ListItem\",\"position\":2,\"name\":\"Shop\",\"item\":\"https:\/\/livrariasolmar.pt\/en\/shop\/\"},{\"@type\":\"ListItem\",\"position\":3,\"name\":\"O Lago da Cria\\u00e7\\u00e3o\"}]}]}<\/script>\n<!-- \/ Yoast SEO plugin. -->","_links":{"self":[{"href":"https:\/\/livrariasolmar.pt\/en\/wp-json\/wp\/v2\/product\/10491"}],"collection":[{"href":"https:\/\/livrariasolmar.pt\/en\/wp-json\/wp\/v2\/product"}],"about":[{"href":"https:\/\/livrariasolmar.pt\/en\/wp-json\/wp\/v2\/types\/product"}],"author":[{"embeddable":true,"href":"https:\/\/livrariasolmar.pt\/en\/wp-json\/wp\/v2\/users\/2"}],"wp:featuredmedia":[{"embeddable":true,"href":"https:\/\/livrariasolmar.pt\/en\/wp-json\/wp\/v2\/media\/10492"}],"wp:attachment":[{"href":"https:\/\/livrariasolmar.pt\/en\/wp-json\/wp\/v2\/media?parent=10491"}],"wp:term":[{"taxonomy":"product_cat","embeddable":true,"href":"https:\/\/livrariasolmar.pt\/en\/wp-json\/wp\/v2\/product_cat?post=10491"},{"taxonomy":"product_tag","embeddable":true,"href":"https:\/\/livrariasolmar.pt\/en\/wp-json\/wp\/v2\/product_tag?post=10491"},{"taxonomy":"cat_produtos","embeddable":true,"href":"https:\/\/livrariasolmar.pt\/en\/wp-json\/wp\/v2\/cat_produtos?post=10491"}],"curies":[{"name":"wp","href":"https:\/\/api.w.org\/{rel}","templated":true}]}}