{"id":10494,"date":"2025-06-11T17:30:25","date_gmt":"2025-06-11T17:30:25","guid":{"rendered":"https:\/\/livrariasolmar.pt\/?post_type=product&#038;p=10494"},"modified":"2025-12-03T19:41:57","modified_gmt":"2025-12-03T19:41:57","slug":"o-menino-que-perdeu-a-guerra","status":"publish","type":"product","link":"https:\/\/livrariasolmar.pt\/en\/produto\/o-menino-que-perdeu-a-guerra\/","title":{"rendered":"O Menino que Perdeu a Guerra"},"content":{"rendered":"","protected":false},"excerpt":{"rendered":"<p>Madrid, inverno de 1938. Clotilde, uma artista gr\u00e1fica que desenha caricaturas para os jornais republicanos, \u00e9 testemunha em Madrid dos \u00faltimos meses da Guerra Civil de Espanha. A queda da Rep\u00fablica est\u00e1 iminente, e o seu marido, um militante comunista que trabalha para os russos, decide enviar o filho Pablo, de apenas cinco anos, para Moscovo contra a sua vontade. Clotilde op\u00f5e-se com todas as suas for\u00e7as, mas n\u00e3o consegue impedir que o comandante Boris Petrov empreenda a viagem arriscada atrav\u00e9s de uma Espanha a ferro e fogo para fazer cumprir o desejo do seu camarada de levar Pablo para a Uni\u00e3o Sovi\u00e9tica, onde Estaline est\u00e1 a erguer um novo pa\u00eds sobre as ru\u00ednas do antigo regime.<\/p>\n<p>Moscovo, primavera de 1939. Pablo \u00e9 recebido pela sua nova fam\u00edlia que, comovida com o seu tr\u00e1gico ex\u00edlio, acolhe afetuosamente uma crian\u00e7a exausta e doente. Anya n\u00e3o hesita em cuidar de Pablo como se fosse o seu pr\u00f3prio filho, n\u00e3o fazendo qualquer distin\u00e7\u00e3o com Igor, agora o novo irm\u00e3o do rapaz. Filha e mulher de dois orgulhosos her\u00f3is da Revolu\u00e7\u00e3o &#8211; o pai lutou ao lado de Lenine, o marido sob as ordens de Estaline -, Anya ama a poesia e a m\u00fasica, \u00abcaprichos\u00bb suspeitos e burgueses aos olhos do poder. Enquanto as suas ilus\u00f5es naufragam na atmosfera cada vez mais opressiva do terror estalinista, o seu esp\u00edrito rebela-se contra a injusti\u00e7a, a mis\u00e9ria, a aus\u00eancia de liberdade e os gulags.<\/p>\n<p>Pablo cresce, ent\u00e3o, entre a mem\u00f3ria cada vez mais t\u00e9nue da sua m\u00e3e, que n\u00e3o cessa no empenho de tentar recuper\u00e1-lo, e o afeto de Anya, que lhe transmite o seu amor pela m\u00fasica e pela literatura e o seu desejo de liberdade. Duas mulheres unidas pelo destino de uma crian\u00e7a e perante o mesmo espelho: o das ideologias totalit\u00e1rias a que o s\u00e9culo XX sucumbiu.<\/p>\n","protected":false},"author":2,"featured_media":10495,"template":"","meta":[],"product_cat":[153],"product_tag":[],"cat_produtos":[],"yoast_head":"<!-- This site is optimized with the Yoast SEO plugin v16.6 - https:\/\/yoast.com\/wordpress\/plugins\/seo\/ -->\n<title>O Menino que Perdeu a Guerra - Livraria Solmar - Livraria online<\/title>\n<meta name=\"robots\" content=\"index, follow, max-snippet:-1, max-image-preview:large, max-video-preview:-1\" \/>\n<link rel=\"canonical\" href=\"https:\/\/livrariasolmar.pt\/en\/produto\/o-menino-que-perdeu-a-guerra\/\" \/>\n<meta property=\"og:locale\" content=\"en_US\" \/>\n<meta property=\"og:type\" content=\"article\" \/>\n<meta property=\"og:title\" content=\"O Menino que Perdeu a Guerra - Livraria Solmar - Livraria online\" \/>\n<meta property=\"og:description\" content=\"Madrid, inverno de 1938. Clotilde, uma artista gr\u00e1fica que desenha caricaturas para os jornais republicanos, \u00e9 testemunha em Madrid dos \u00faltimos meses da Guerra Civil de Espanha. A queda da Rep\u00fablica est\u00e1 iminente, e o seu marido, um militante comunista que trabalha para os russos, decide enviar o filho Pablo, de apenas cinco anos, para Moscovo contra a sua vontade. Clotilde op\u00f5e-se com todas as suas for\u00e7as, mas n\u00e3o consegue impedir que o comandante Boris Petrov empreenda a viagem arriscada atrav\u00e9s de uma Espanha a ferro e fogo para fazer cumprir o desejo do seu camarada de levar Pablo para a Uni\u00e3o Sovi\u00e9tica, onde Estaline est\u00e1 a erguer um novo pa\u00eds sobre as ru\u00ednas do antigo regime.  Moscovo, primavera de 1939. Pablo \u00e9 recebido pela sua nova fam\u00edlia que, comovida com o seu tr\u00e1gico ex\u00edlio, acolhe afetuosamente uma crian\u00e7a exausta e doente. Anya n\u00e3o hesita em cuidar de Pablo como se fosse o seu pr\u00f3prio filho, n\u00e3o fazendo qualquer distin\u00e7\u00e3o com Igor, agora o novo irm\u00e3o do rapaz. Filha e mulher de dois orgulhosos her\u00f3is da Revolu\u00e7\u00e3o - o pai lutou ao lado de Lenine, o marido sob as ordens de Estaline -, Anya ama a poesia e a m\u00fasica, \u00abcaprichos\u00bb suspeitos e burgueses aos olhos do poder. Enquanto as suas ilus\u00f5es naufragam na atmosfera cada vez mais opressiva do terror estalinista, o seu esp\u00edrito rebela-se contra a injusti\u00e7a, a mis\u00e9ria, a aus\u00eancia de liberdade e os gulags.  Pablo cresce, ent\u00e3o, entre a mem\u00f3ria cada vez mais t\u00e9nue da sua m\u00e3e, que n\u00e3o cessa no empenho de tentar recuper\u00e1-lo, e o afeto de Anya, que lhe transmite o seu amor pela m\u00fasica e pela literatura e o seu desejo de liberdade. Duas mulheres unidas pelo destino de uma crian\u00e7a e perante o mesmo espelho: o das ideologias totalit\u00e1rias a que o s\u00e9culo XX sucumbiu.\" \/>\n<meta property=\"og:url\" content=\"https:\/\/livrariasolmar.pt\/produto\/o-menino-que-perdeu-a-guerra\/\" \/>\n<meta property=\"og:site_name\" content=\"Livraria Solmar - Livraria online\" \/>\n<meta property=\"article:modified_time\" content=\"2025-12-03T19:41:57+00:00\" \/>\n<meta property=\"og:image\" content=\"https:\/\/livrariasolmar.pt\/wp-content\/uploads\/2025\/06\/1540-1-3-10.jpg\" \/>\n\t<meta property=\"og:image:width\" content=\"340\" \/>\n\t<meta property=\"og:image:height\" content=\"340\" \/>\n<meta name=\"twitter:card\" content=\"summary_large_image\" \/>\n<script type=\"application\/ld+json\" class=\"yoast-schema-graph\">{\"@context\":\"https:\/\/schema.org\",\"@graph\":[{\"@type\":\"WebSite\",\"@id\":\"https:\/\/livrariasolmar.pt\/#website\",\"url\":\"https:\/\/livrariasolmar.pt\/\",\"name\":\"Livraria Solmar - Livraria online\",\"description\":\"Com\\u00e9rcio Livros E Objetos De Arte, Lda - Ponta Delgada, A\\u00e7ores\",\"potentialAction\":[{\"@type\":\"SearchAction\",\"target\":{\"@type\":\"EntryPoint\",\"urlTemplate\":\"https:\/\/livrariasolmar.pt\/?s={search_term_string}\"},\"query-input\":\"required name=search_term_string\"}],\"inLanguage\":\"en-US\"},{\"@type\":\"ImageObject\",\"@id\":\"https:\/\/livrariasolmar.pt\/produto\/o-menino-que-perdeu-a-guerra\/#primaryimage\",\"inLanguage\":\"en-US\",\"url\":\"https:\/\/livrariasolmar.pt\/wp-content\/uploads\/2025\/06\/1540-1-3-10.jpg\",\"contentUrl\":\"https:\/\/livrariasolmar.pt\/wp-content\/uploads\/2025\/06\/1540-1-3-10.jpg\",\"width\":340,\"height\":340},{\"@type\":\"WebPage\",\"@id\":\"https:\/\/livrariasolmar.pt\/produto\/o-menino-que-perdeu-a-guerra\/#webpage\",\"url\":\"https:\/\/livrariasolmar.pt\/produto\/o-menino-que-perdeu-a-guerra\/\",\"name\":\"O Menino que Perdeu a Guerra - Livraria Solmar - Livraria online\",\"isPartOf\":{\"@id\":\"https:\/\/livrariasolmar.pt\/#website\"},\"primaryImageOfPage\":{\"@id\":\"https:\/\/livrariasolmar.pt\/produto\/o-menino-que-perdeu-a-guerra\/#primaryimage\"},\"datePublished\":\"2025-06-11T17:30:25+00:00\",\"dateModified\":\"2025-12-03T19:41:57+00:00\",\"breadcrumb\":{\"@id\":\"https:\/\/livrariasolmar.pt\/produto\/o-menino-que-perdeu-a-guerra\/#breadcrumb\"},\"inLanguage\":\"en-US\",\"potentialAction\":[{\"@type\":\"ReadAction\",\"target\":[\"https:\/\/livrariasolmar.pt\/produto\/o-menino-que-perdeu-a-guerra\/\"]}]},{\"@type\":\"BreadcrumbList\",\"@id\":\"https:\/\/livrariasolmar.pt\/produto\/o-menino-que-perdeu-a-guerra\/#breadcrumb\",\"itemListElement\":[{\"@type\":\"ListItem\",\"position\":1,\"name\":\"In\\u00edcio\",\"item\":\"https:\/\/livrariasolmar.pt\/en\/\"},{\"@type\":\"ListItem\",\"position\":2,\"name\":\"Shop\",\"item\":\"https:\/\/livrariasolmar.pt\/en\/shop\/\"},{\"@type\":\"ListItem\",\"position\":3,\"name\":\"O Menino que Perdeu a Guerra\"}]}]}<\/script>\n<!-- \/ Yoast SEO plugin. -->","_links":{"self":[{"href":"https:\/\/livrariasolmar.pt\/en\/wp-json\/wp\/v2\/product\/10494"}],"collection":[{"href":"https:\/\/livrariasolmar.pt\/en\/wp-json\/wp\/v2\/product"}],"about":[{"href":"https:\/\/livrariasolmar.pt\/en\/wp-json\/wp\/v2\/types\/product"}],"author":[{"embeddable":true,"href":"https:\/\/livrariasolmar.pt\/en\/wp-json\/wp\/v2\/users\/2"}],"wp:featuredmedia":[{"embeddable":true,"href":"https:\/\/livrariasolmar.pt\/en\/wp-json\/wp\/v2\/media\/10495"}],"wp:attachment":[{"href":"https:\/\/livrariasolmar.pt\/en\/wp-json\/wp\/v2\/media?parent=10494"}],"wp:term":[{"taxonomy":"product_cat","embeddable":true,"href":"https:\/\/livrariasolmar.pt\/en\/wp-json\/wp\/v2\/product_cat?post=10494"},{"taxonomy":"product_tag","embeddable":true,"href":"https:\/\/livrariasolmar.pt\/en\/wp-json\/wp\/v2\/product_tag?post=10494"},{"taxonomy":"cat_produtos","embeddable":true,"href":"https:\/\/livrariasolmar.pt\/en\/wp-json\/wp\/v2\/cat_produtos?post=10494"}],"curies":[{"name":"wp","href":"https:\/\/api.w.org\/{rel}","templated":true}]}}