{"id":10497,"date":"2025-06-11T17:38:31","date_gmt":"2025-06-11T17:38:31","guid":{"rendered":"https:\/\/livrariasolmar.pt\/?post_type=product&#038;p=10497"},"modified":"2025-10-08T17:02:28","modified_gmt":"2025-10-08T17:02:28","slug":"cozinha-vegetariana-facil","status":"publish","type":"product","link":"https:\/\/livrariasolmar.pt\/en\/produto\/cozinha-vegetariana-facil\/","title":{"rendered":"Cozinha Vegetariana F\u00e1cil"},"content":{"rendered":"","protected":false},"excerpt":{"rendered":"<p>F\u00e1cil, a cozinha vegetariana? Sim, se se souber os truques e dicas certos\u2026<\/p>\n<p>Gabriela Oliveira \u00e9 a autora de cozinha vegetariana de maior sucesso em Portugal por uma raz\u00e3o muito simples: as suas receitas saem sempre bem! E isso deve-se \u00e0 sua preocupa\u00e7\u00e3o em tornar a prepara\u00e7\u00e3o de refei\u00e7\u00f5es acess\u00edvel, em descomplicar e concentrar-se no que \u00e9 fundamental: a consist\u00eancia nutricional &#8211; e o imbat\u00edvel sabor!<\/p>\n<p>Encontrar\u00e1 aqui informa\u00e7\u00e3o detalhada sobre os principais ingredientes da alimenta\u00e7\u00e3o 100% vegetal e como otimizar o seu valor nutricional, assim como receitas de base de prepara\u00e7\u00e3o caseira (como molho de tomate, teriyaki, pesto, maionese vegan ou bases de massa), refei\u00e7\u00f5es ligeiras para petiscar (como tacos, wraps, crepes, panadinhos, empadinhas ou quiches), refei\u00e7\u00f5es completas para partilhar (como bifinhos de seitan com molho de francesinha, tofu cordon bleu, caldeirada de tempeh, meia desfeita de seitan, carbonara da horta ou bolonhesa de tremo\u00e7o) e sobremesas (como shortcake de morango no copo, tarte de massa filo com frutos vermelhos, bolo de caf\u00e9 com caramelo, minitarte de ma\u00e7\u00e3 em 5 minutos ou o famoso bolo de chocolate na caneca).<\/p>\n<p>Estas s\u00e3o apenas algumas das mais de 70 del\u00edcias in\u00e9ditas de\u00a0<i>Cozinha Vegetariana F\u00e1cil<\/i>, um livro para todos os paladares e n\u00edveis de compet\u00eancia gastron\u00f3mica, que vem tornar a hora das refei\u00e7\u00f5es mais saud\u00e1vel e saborosa.<\/p>\n<p>&nbsp;<\/p>\n","protected":false},"author":2,"featured_media":10498,"template":"","meta":[],"product_cat":[281],"product_tag":[],"cat_produtos":[],"yoast_head":"<!-- This site is optimized with the Yoast SEO plugin v16.6 - https:\/\/yoast.com\/wordpress\/plugins\/seo\/ -->\n<title>Cozinha Vegetariana F\u00e1cil - Livraria Solmar - Livraria online<\/title>\n<meta name=\"robots\" content=\"index, follow, max-snippet:-1, max-image-preview:large, max-video-preview:-1\" \/>\n<link rel=\"canonical\" href=\"https:\/\/livrariasolmar.pt\/en\/produto\/cozinha-vegetariana-facil\/\" \/>\n<meta property=\"og:locale\" content=\"en_US\" \/>\n<meta property=\"og:type\" content=\"article\" \/>\n<meta property=\"og:title\" content=\"Cozinha Vegetariana F\u00e1cil - Livraria Solmar - Livraria online\" \/>\n<meta property=\"og:description\" content=\"F\u00e1cil, a cozinha vegetariana? Sim, se se souber os truques e dicas certos\u2026  Gabriela Oliveira \u00e9 a autora de cozinha vegetariana de maior sucesso em Portugal por uma raz\u00e3o muito simples: as suas receitas saem sempre bem! E isso deve-se \u00e0 sua preocupa\u00e7\u00e3o em tornar a prepara\u00e7\u00e3o de refei\u00e7\u00f5es acess\u00edvel, em descomplicar e concentrar-se no que \u00e9 fundamental: a consist\u00eancia nutricional - e o imbat\u00edvel sabor!  Encontrar\u00e1 aqui informa\u00e7\u00e3o detalhada sobre os principais ingredientes da alimenta\u00e7\u00e3o 100% vegetal e como otimizar o seu valor nutricional, assim como receitas de base de prepara\u00e7\u00e3o caseira (como molho de tomate, teriyaki, pesto, maionese vegan ou bases de massa), refei\u00e7\u00f5es ligeiras para petiscar (como tacos, wraps, crepes, panadinhos, empadinhas ou quiches), refei\u00e7\u00f5es completas para partilhar (como bifinhos de seitan com molho de francesinha, tofu cordon bleu, caldeirada de tempeh, meia desfeita de seitan, carbonara da horta ou bolonhesa de tremo\u00e7o) e sobremesas (como shortcake de morango no copo, tarte de massa filo com frutos vermelhos, bolo de caf\u00e9 com caramelo, minitarte de ma\u00e7\u00e3 em 5 minutos ou o famoso bolo de chocolate na caneca).  Estas s\u00e3o apenas algumas das mais de 70 del\u00edcias in\u00e9ditas de\u00a0Cozinha Vegetariana F\u00e1cil, um livro para todos os paladares e n\u00edveis de compet\u00eancia gastron\u00f3mica, que vem tornar a hora das refei\u00e7\u00f5es mais saud\u00e1vel e saborosa.  &nbsp;\" \/>\n<meta property=\"og:url\" content=\"https:\/\/livrariasolmar.pt\/produto\/cozinha-vegetariana-facil\/\" \/>\n<meta property=\"og:site_name\" content=\"Livraria Solmar - Livraria online\" \/>\n<meta property=\"article:modified_time\" content=\"2025-10-08T17:02:28+00:00\" \/>\n<meta property=\"og:image\" content=\"https:\/\/livrariasolmar.pt\/wp-content\/uploads\/2025\/06\/1540-1-2-12.jpg\" \/>\n\t<meta property=\"og:image:width\" content=\"340\" \/>\n\t<meta property=\"og:image:height\" content=\"340\" \/>\n<meta name=\"twitter:card\" content=\"summary_large_image\" \/>\n<script type=\"application\/ld+json\" class=\"yoast-schema-graph\">{\"@context\":\"https:\/\/schema.org\",\"@graph\":[{\"@type\":\"WebSite\",\"@id\":\"https:\/\/livrariasolmar.pt\/#website\",\"url\":\"https:\/\/livrariasolmar.pt\/\",\"name\":\"Livraria Solmar - Livraria online\",\"description\":\"Com\\u00e9rcio Livros E Objetos De Arte, Lda - Ponta Delgada, A\\u00e7ores\",\"potentialAction\":[{\"@type\":\"SearchAction\",\"target\":{\"@type\":\"EntryPoint\",\"urlTemplate\":\"https:\/\/livrariasolmar.pt\/?s={search_term_string}\"},\"query-input\":\"required name=search_term_string\"}],\"inLanguage\":\"en-US\"},{\"@type\":\"ImageObject\",\"@id\":\"https:\/\/livrariasolmar.pt\/produto\/cozinha-vegetariana-facil\/#primaryimage\",\"inLanguage\":\"en-US\",\"url\":\"https:\/\/livrariasolmar.pt\/wp-content\/uploads\/2025\/06\/1540-1-2-12.jpg\",\"contentUrl\":\"https:\/\/livrariasolmar.pt\/wp-content\/uploads\/2025\/06\/1540-1-2-12.jpg\",\"width\":340,\"height\":340},{\"@type\":\"WebPage\",\"@id\":\"https:\/\/livrariasolmar.pt\/produto\/cozinha-vegetariana-facil\/#webpage\",\"url\":\"https:\/\/livrariasolmar.pt\/produto\/cozinha-vegetariana-facil\/\",\"name\":\"Cozinha Vegetariana F\\u00e1cil - Livraria Solmar - Livraria online\",\"isPartOf\":{\"@id\":\"https:\/\/livrariasolmar.pt\/#website\"},\"primaryImageOfPage\":{\"@id\":\"https:\/\/livrariasolmar.pt\/produto\/cozinha-vegetariana-facil\/#primaryimage\"},\"datePublished\":\"2025-06-11T17:38:31+00:00\",\"dateModified\":\"2025-10-08T17:02:28+00:00\",\"breadcrumb\":{\"@id\":\"https:\/\/livrariasolmar.pt\/produto\/cozinha-vegetariana-facil\/#breadcrumb\"},\"inLanguage\":\"en-US\",\"potentialAction\":[{\"@type\":\"ReadAction\",\"target\":[\"https:\/\/livrariasolmar.pt\/produto\/cozinha-vegetariana-facil\/\"]}]},{\"@type\":\"BreadcrumbList\",\"@id\":\"https:\/\/livrariasolmar.pt\/produto\/cozinha-vegetariana-facil\/#breadcrumb\",\"itemListElement\":[{\"@type\":\"ListItem\",\"position\":1,\"name\":\"In\\u00edcio\",\"item\":\"https:\/\/livrariasolmar.pt\/en\/\"},{\"@type\":\"ListItem\",\"position\":2,\"name\":\"Shop\",\"item\":\"https:\/\/livrariasolmar.pt\/en\/shop\/\"},{\"@type\":\"ListItem\",\"position\":3,\"name\":\"Cozinha Vegetariana F\\u00e1cil\"}]}]}<\/script>\n<!-- \/ Yoast SEO plugin. -->","_links":{"self":[{"href":"https:\/\/livrariasolmar.pt\/en\/wp-json\/wp\/v2\/product\/10497"}],"collection":[{"href":"https:\/\/livrariasolmar.pt\/en\/wp-json\/wp\/v2\/product"}],"about":[{"href":"https:\/\/livrariasolmar.pt\/en\/wp-json\/wp\/v2\/types\/product"}],"author":[{"embeddable":true,"href":"https:\/\/livrariasolmar.pt\/en\/wp-json\/wp\/v2\/users\/2"}],"wp:featuredmedia":[{"embeddable":true,"href":"https:\/\/livrariasolmar.pt\/en\/wp-json\/wp\/v2\/media\/10498"}],"wp:attachment":[{"href":"https:\/\/livrariasolmar.pt\/en\/wp-json\/wp\/v2\/media?parent=10497"}],"wp:term":[{"taxonomy":"product_cat","embeddable":true,"href":"https:\/\/livrariasolmar.pt\/en\/wp-json\/wp\/v2\/product_cat?post=10497"},{"taxonomy":"product_tag","embeddable":true,"href":"https:\/\/livrariasolmar.pt\/en\/wp-json\/wp\/v2\/product_tag?post=10497"},{"taxonomy":"cat_produtos","embeddable":true,"href":"https:\/\/livrariasolmar.pt\/en\/wp-json\/wp\/v2\/cat_produtos?post=10497"}],"curies":[{"name":"wp","href":"https:\/\/api.w.org\/{rel}","templated":true}]}}