{"id":10500,"date":"2025-06-11T17:48:05","date_gmt":"2025-06-11T17:48:05","guid":{"rendered":"https:\/\/livrariasolmar.pt\/?post_type=product&#038;p=10500"},"modified":"2025-11-16T16:23:00","modified_gmt":"2025-11-16T16:23:00","slug":"victorian-psycho","status":"publish","type":"product","link":"https:\/\/livrariasolmar.pt\/en\/produto\/victorian-psycho\/","title":{"rendered":"Victorian Psycho"},"content":{"rendered":"","protected":false},"excerpt":{"rendered":"<p>Regressa finalmente, ainda mais provocadora e audaz, a que j\u00e1 \u00e9 considerada por muitos a mestre espanhola do romance de suspense, que apanhou de surpresa imprensa, livreiros e leitores com Mrs. March, galardoado com o Pr\u00e9mio Valencia Negra.<\/p>\n<p>Grim Wolds, Inglaterra: Winifred Notty chega a Ensor House disposta a desempenhar o papel da precetora vitoriana perfeita. Leal aos patr\u00f5es, Mr. e Mrs. Pounds, compete-lhe educar os filhos destes, Drusilla e Andrew: a ela no Franc\u00eas e na arte da costura, a ele, nas disciplinas de \u00c1lgebra e Hist\u00f3ria. E, claro, contar-lhes hist\u00f3rias de embalar\u2026<\/p>\n<p>Contudo, Ensor House e os seus habitantes ocultam pervers\u00f5es e segredos sombrios, e depressa se torna evidente que Miss Notty t\u00e3o-pouco \u00e9 quem parece. Com o tempo, os outros criados da casa v\u00e3o-se apercebendo de comportamentos bizarros: conta hist\u00f3rias sinistras \u00e0s crian\u00e7as, deambula, ao luar, em roupa interior pelos relvados da propriedade.<\/p>\n<p>Al\u00e9m disso, h\u00e1 todo um passado da precetora que vai levantando in\u00fameras suspeitas. Que aconteceu \u00e0s crian\u00e7as com quem trabalhou antes? Por que raz\u00e3o o reverendo, seu padrasto, dormia com uma arma e a porta trancada depois da morte da m\u00e3e de Miss Notty? Que aconteceu realmente \u00e0 sua m\u00e3e?<\/p>\n<p>Divertido e macabro em doses iguais,\u00a0<i>Victorian Psycho<\/i>\u00a0vem confirmar o que Mrs. March deixava j\u00e1 intuir: a certeza de que estamos perante uma das vozes mais importantes da nova literatura de suspense, no melhor estilo de mestres como Patricia Highsmith, Daphne du Maurier ou Charles Dickens.<\/p>\n","protected":false},"author":2,"featured_media":10501,"template":"","meta":[],"product_cat":[153],"product_tag":[],"cat_produtos":[],"yoast_head":"<!-- This site is optimized with the Yoast SEO plugin v16.6 - https:\/\/yoast.com\/wordpress\/plugins\/seo\/ -->\n<title>Victorian Psycho - Livraria Solmar - Livraria online<\/title>\n<meta name=\"robots\" content=\"index, follow, max-snippet:-1, max-image-preview:large, max-video-preview:-1\" \/>\n<link rel=\"canonical\" href=\"https:\/\/livrariasolmar.pt\/en\/produto\/victorian-psycho\/\" \/>\n<meta property=\"og:locale\" content=\"en_US\" \/>\n<meta property=\"og:type\" content=\"article\" \/>\n<meta property=\"og:title\" content=\"Victorian Psycho - Livraria Solmar - Livraria online\" \/>\n<meta property=\"og:description\" content=\"Regressa finalmente, ainda mais provocadora e audaz, a que j\u00e1 \u00e9 considerada por muitos a mestre espanhola do romance de suspense, que apanhou de surpresa imprensa, livreiros e leitores com Mrs. March, galardoado com o Pr\u00e9mio Valencia Negra.  Grim Wolds, Inglaterra: Winifred Notty chega a Ensor House disposta a desempenhar o papel da precetora vitoriana perfeita. Leal aos patr\u00f5es, Mr. e Mrs. Pounds, compete-lhe educar os filhos destes, Drusilla e Andrew: a ela no Franc\u00eas e na arte da costura, a ele, nas disciplinas de \u00c1lgebra e Hist\u00f3ria. E, claro, contar-lhes hist\u00f3rias de embalar\u2026  Contudo, Ensor House e os seus habitantes ocultam pervers\u00f5es e segredos sombrios, e depressa se torna evidente que Miss Notty t\u00e3o-pouco \u00e9 quem parece. Com o tempo, os outros criados da casa v\u00e3o-se apercebendo de comportamentos bizarros: conta hist\u00f3rias sinistras \u00e0s crian\u00e7as, deambula, ao luar, em roupa interior pelos relvados da propriedade.  Al\u00e9m disso, h\u00e1 todo um passado da precetora que vai levantando in\u00fameras suspeitas. Que aconteceu \u00e0s crian\u00e7as com quem trabalhou antes? Por que raz\u00e3o o reverendo, seu padrasto, dormia com uma arma e a porta trancada depois da morte da m\u00e3e de Miss Notty? Que aconteceu realmente \u00e0 sua m\u00e3e?  Divertido e macabro em doses iguais,\u00a0Victorian Psycho\u00a0vem confirmar o que Mrs. March deixava j\u00e1 intuir: a certeza de que estamos perante uma das vozes mais importantes da nova literatura de suspense, no melhor estilo de mestres como Patricia Highsmith, Daphne du Maurier ou Charles Dickens.\" \/>\n<meta property=\"og:url\" content=\"https:\/\/livrariasolmar.pt\/produto\/victorian-psycho\/\" \/>\n<meta property=\"og:site_name\" content=\"Livraria Solmar - Livraria online\" \/>\n<meta property=\"article:modified_time\" content=\"2025-11-16T16:23:00+00:00\" \/>\n<meta property=\"og:image\" content=\"https:\/\/livrariasolmar.pt\/wp-content\/uploads\/2025\/06\/1540-1-2-13.jpg\" \/>\n\t<meta property=\"og:image:width\" content=\"340\" \/>\n\t<meta property=\"og:image:height\" content=\"340\" \/>\n<meta name=\"twitter:card\" content=\"summary_large_image\" \/>\n<script type=\"application\/ld+json\" class=\"yoast-schema-graph\">{\"@context\":\"https:\/\/schema.org\",\"@graph\":[{\"@type\":\"WebSite\",\"@id\":\"https:\/\/livrariasolmar.pt\/#website\",\"url\":\"https:\/\/livrariasolmar.pt\/\",\"name\":\"Livraria Solmar - Livraria online\",\"description\":\"Com\\u00e9rcio Livros E Objetos De Arte, Lda - Ponta Delgada, A\\u00e7ores\",\"potentialAction\":[{\"@type\":\"SearchAction\",\"target\":{\"@type\":\"EntryPoint\",\"urlTemplate\":\"https:\/\/livrariasolmar.pt\/?s={search_term_string}\"},\"query-input\":\"required name=search_term_string\"}],\"inLanguage\":\"en-US\"},{\"@type\":\"ImageObject\",\"@id\":\"https:\/\/livrariasolmar.pt\/produto\/victorian-psycho\/#primaryimage\",\"inLanguage\":\"en-US\",\"url\":\"https:\/\/livrariasolmar.pt\/wp-content\/uploads\/2025\/06\/1540-1-2-13.jpg\",\"contentUrl\":\"https:\/\/livrariasolmar.pt\/wp-content\/uploads\/2025\/06\/1540-1-2-13.jpg\",\"width\":340,\"height\":340},{\"@type\":\"WebPage\",\"@id\":\"https:\/\/livrariasolmar.pt\/produto\/victorian-psycho\/#webpage\",\"url\":\"https:\/\/livrariasolmar.pt\/produto\/victorian-psycho\/\",\"name\":\"Victorian Psycho - Livraria Solmar - Livraria online\",\"isPartOf\":{\"@id\":\"https:\/\/livrariasolmar.pt\/#website\"},\"primaryImageOfPage\":{\"@id\":\"https:\/\/livrariasolmar.pt\/produto\/victorian-psycho\/#primaryimage\"},\"datePublished\":\"2025-06-11T17:48:05+00:00\",\"dateModified\":\"2025-11-16T16:23:00+00:00\",\"breadcrumb\":{\"@id\":\"https:\/\/livrariasolmar.pt\/produto\/victorian-psycho\/#breadcrumb\"},\"inLanguage\":\"en-US\",\"potentialAction\":[{\"@type\":\"ReadAction\",\"target\":[\"https:\/\/livrariasolmar.pt\/produto\/victorian-psycho\/\"]}]},{\"@type\":\"BreadcrumbList\",\"@id\":\"https:\/\/livrariasolmar.pt\/produto\/victorian-psycho\/#breadcrumb\",\"itemListElement\":[{\"@type\":\"ListItem\",\"position\":1,\"name\":\"In\\u00edcio\",\"item\":\"https:\/\/livrariasolmar.pt\/en\/\"},{\"@type\":\"ListItem\",\"position\":2,\"name\":\"Shop\",\"item\":\"https:\/\/livrariasolmar.pt\/en\/shop\/\"},{\"@type\":\"ListItem\",\"position\":3,\"name\":\"Victorian Psycho\"}]}]}<\/script>\n<!-- \/ Yoast SEO plugin. -->","_links":{"self":[{"href":"https:\/\/livrariasolmar.pt\/en\/wp-json\/wp\/v2\/product\/10500"}],"collection":[{"href":"https:\/\/livrariasolmar.pt\/en\/wp-json\/wp\/v2\/product"}],"about":[{"href":"https:\/\/livrariasolmar.pt\/en\/wp-json\/wp\/v2\/types\/product"}],"author":[{"embeddable":true,"href":"https:\/\/livrariasolmar.pt\/en\/wp-json\/wp\/v2\/users\/2"}],"wp:featuredmedia":[{"embeddable":true,"href":"https:\/\/livrariasolmar.pt\/en\/wp-json\/wp\/v2\/media\/10501"}],"wp:attachment":[{"href":"https:\/\/livrariasolmar.pt\/en\/wp-json\/wp\/v2\/media?parent=10500"}],"wp:term":[{"taxonomy":"product_cat","embeddable":true,"href":"https:\/\/livrariasolmar.pt\/en\/wp-json\/wp\/v2\/product_cat?post=10500"},{"taxonomy":"product_tag","embeddable":true,"href":"https:\/\/livrariasolmar.pt\/en\/wp-json\/wp\/v2\/product_tag?post=10500"},{"taxonomy":"cat_produtos","embeddable":true,"href":"https:\/\/livrariasolmar.pt\/en\/wp-json\/wp\/v2\/cat_produtos?post=10500"}],"curies":[{"name":"wp","href":"https:\/\/api.w.org\/{rel}","templated":true}]}}