{"id":10506,"date":"2025-06-11T18:11:53","date_gmt":"2025-06-11T18:11:53","guid":{"rendered":"https:\/\/livrariasolmar.pt\/?post_type=product&#038;p=10506"},"modified":"2026-01-18T13:38:14","modified_gmt":"2026-01-18T13:38:14","slug":"energia","status":"publish","type":"product","link":"https:\/\/livrariasolmar.pt\/en\/produto\/energia\/","title":{"rendered":"Energia"},"content":{"rendered":"","protected":false},"excerpt":{"rendered":"<p>Os n\u00edveis de energia podem ser afetados por v\u00e1rios fatores. O excesso de trabalho, os problemas com relacionamentos ou simplesmente as altera\u00e7\u00f5es sazonais podem ter efeitos desgastantes mas invis\u00edveis. Quer sinta uma exaust\u00e3o marcada, ou aquele simples cansa\u00e7o ligeiro e persistente ao fim do dia, este livro \u00e9 para si. Sim, \u00e9 poss\u00edvel recuperar a sua energia, vitalidade e motiva\u00e7\u00e3o. Em Energia, Jo Salter descreve seis \u00e1reas energ\u00e9ticas (f\u00edsica, emocional, intelectual, pessoal, criativa e espiritual) e inclui um question\u00e1rio detalhado que lhe permitir\u00e1 compreender o seu perfil energ\u00e9tico \u00fanico e pessoal. Em seguida, sugere t\u00e9cnicas para aumentar e sustentar o seu n\u00edvel de energia, desde exerc\u00edcio e visualiza\u00e7\u00e3o at\u00e9 dieta e ergonomia.<\/p>\n","protected":false},"author":2,"featured_media":10507,"template":"","meta":[],"product_cat":[185],"product_tag":[],"cat_produtos":[],"yoast_head":"<!-- This site is optimized with the Yoast SEO plugin v16.6 - https:\/\/yoast.com\/wordpress\/plugins\/seo\/ -->\n<title>Energia - Livraria Solmar - Livraria online<\/title>\n<meta name=\"robots\" content=\"index, follow, max-snippet:-1, max-image-preview:large, max-video-preview:-1\" \/>\n<link rel=\"canonical\" href=\"https:\/\/livrariasolmar.pt\/en\/produto\/energia\/\" \/>\n<meta property=\"og:locale\" content=\"en_US\" \/>\n<meta property=\"og:type\" content=\"article\" \/>\n<meta property=\"og:title\" content=\"Energia - Livraria Solmar - Livraria online\" \/>\n<meta property=\"og:description\" content=\"Os n\u00edveis de energia podem ser afetados por v\u00e1rios fatores. O excesso de trabalho, os problemas com relacionamentos ou simplesmente as altera\u00e7\u00f5es sazonais podem ter efeitos desgastantes mas invis\u00edveis. Quer sinta uma exaust\u00e3o marcada, ou aquele simples cansa\u00e7o ligeiro e persistente ao fim do dia, este livro \u00e9 para si. Sim, \u00e9 poss\u00edvel recuperar a sua energia, vitalidade e motiva\u00e7\u00e3o. Em Energia, Jo Salter descreve seis \u00e1reas energ\u00e9ticas (f\u00edsica, emocional, intelectual, pessoal, criativa e espiritual) e inclui um question\u00e1rio detalhado que lhe permitir\u00e1 compreender o seu perfil energ\u00e9tico \u00fanico e pessoal. Em seguida, sugere t\u00e9cnicas para aumentar e sustentar o seu n\u00edvel de energia, desde exerc\u00edcio e visualiza\u00e7\u00e3o at\u00e9 dieta e ergonomia.\" \/>\n<meta property=\"og:url\" content=\"https:\/\/livrariasolmar.pt\/produto\/energia\/\" \/>\n<meta property=\"og:site_name\" content=\"Livraria Solmar - Livraria online\" \/>\n<meta property=\"article:modified_time\" content=\"2026-01-18T13:38:14+00:00\" \/>\n<meta property=\"og:image\" content=\"https:\/\/livrariasolmar.pt\/wp-content\/uploads\/2025\/06\/1540-1-2-15.jpg\" \/>\n\t<meta property=\"og:image:width\" content=\"340\" \/>\n\t<meta property=\"og:image:height\" content=\"340\" \/>\n<meta name=\"twitter:card\" content=\"summary_large_image\" \/>\n<script type=\"application\/ld+json\" class=\"yoast-schema-graph\">{\"@context\":\"https:\/\/schema.org\",\"@graph\":[{\"@type\":\"WebSite\",\"@id\":\"https:\/\/livrariasolmar.pt\/#website\",\"url\":\"https:\/\/livrariasolmar.pt\/\",\"name\":\"Livraria Solmar - Livraria online\",\"description\":\"Com\\u00e9rcio Livros E Objetos De Arte, Lda - Ponta Delgada, A\\u00e7ores\",\"potentialAction\":[{\"@type\":\"SearchAction\",\"target\":{\"@type\":\"EntryPoint\",\"urlTemplate\":\"https:\/\/livrariasolmar.pt\/?s={search_term_string}\"},\"query-input\":\"required name=search_term_string\"}],\"inLanguage\":\"en-US\"},{\"@type\":\"ImageObject\",\"@id\":\"https:\/\/livrariasolmar.pt\/produto\/energia\/#primaryimage\",\"inLanguage\":\"en-US\",\"url\":\"https:\/\/livrariasolmar.pt\/wp-content\/uploads\/2025\/06\/1540-1-2-15.jpg\",\"contentUrl\":\"https:\/\/livrariasolmar.pt\/wp-content\/uploads\/2025\/06\/1540-1-2-15.jpg\",\"width\":340,\"height\":340},{\"@type\":\"WebPage\",\"@id\":\"https:\/\/livrariasolmar.pt\/produto\/energia\/#webpage\",\"url\":\"https:\/\/livrariasolmar.pt\/produto\/energia\/\",\"name\":\"Energia - Livraria Solmar - Livraria online\",\"isPartOf\":{\"@id\":\"https:\/\/livrariasolmar.pt\/#website\"},\"primaryImageOfPage\":{\"@id\":\"https:\/\/livrariasolmar.pt\/produto\/energia\/#primaryimage\"},\"datePublished\":\"2025-06-11T18:11:53+00:00\",\"dateModified\":\"2026-01-18T13:38:14+00:00\",\"breadcrumb\":{\"@id\":\"https:\/\/livrariasolmar.pt\/produto\/energia\/#breadcrumb\"},\"inLanguage\":\"en-US\",\"potentialAction\":[{\"@type\":\"ReadAction\",\"target\":[\"https:\/\/livrariasolmar.pt\/produto\/energia\/\"]}]},{\"@type\":\"BreadcrumbList\",\"@id\":\"https:\/\/livrariasolmar.pt\/produto\/energia\/#breadcrumb\",\"itemListElement\":[{\"@type\":\"ListItem\",\"position\":1,\"name\":\"In\\u00edcio\",\"item\":\"https:\/\/livrariasolmar.pt\/en\/\"},{\"@type\":\"ListItem\",\"position\":2,\"name\":\"Shop\",\"item\":\"https:\/\/livrariasolmar.pt\/en\/shop\/\"},{\"@type\":\"ListItem\",\"position\":3,\"name\":\"Energia\"}]}]}<\/script>\n<!-- \/ Yoast SEO plugin. -->","_links":{"self":[{"href":"https:\/\/livrariasolmar.pt\/en\/wp-json\/wp\/v2\/product\/10506"}],"collection":[{"href":"https:\/\/livrariasolmar.pt\/en\/wp-json\/wp\/v2\/product"}],"about":[{"href":"https:\/\/livrariasolmar.pt\/en\/wp-json\/wp\/v2\/types\/product"}],"author":[{"embeddable":true,"href":"https:\/\/livrariasolmar.pt\/en\/wp-json\/wp\/v2\/users\/2"}],"wp:featuredmedia":[{"embeddable":true,"href":"https:\/\/livrariasolmar.pt\/en\/wp-json\/wp\/v2\/media\/10507"}],"wp:attachment":[{"href":"https:\/\/livrariasolmar.pt\/en\/wp-json\/wp\/v2\/media?parent=10506"}],"wp:term":[{"taxonomy":"product_cat","embeddable":true,"href":"https:\/\/livrariasolmar.pt\/en\/wp-json\/wp\/v2\/product_cat?post=10506"},{"taxonomy":"product_tag","embeddable":true,"href":"https:\/\/livrariasolmar.pt\/en\/wp-json\/wp\/v2\/product_tag?post=10506"},{"taxonomy":"cat_produtos","embeddable":true,"href":"https:\/\/livrariasolmar.pt\/en\/wp-json\/wp\/v2\/cat_produtos?post=10506"}],"curies":[{"name":"wp","href":"https:\/\/api.w.org\/{rel}","templated":true}]}}