{"id":10510,"date":"2025-06-15T17:11:42","date_gmt":"2025-06-15T17:11:42","guid":{"rendered":"https:\/\/livrariasolmar.pt\/?post_type=product&#038;p=10510"},"modified":"2025-11-14T19:39:06","modified_gmt":"2025-11-14T19:39:06","slug":"o-metodo-slow-sabedoria-oriental-para-o-caos-moderno","status":"publish","type":"product","link":"https:\/\/livrariasolmar.pt\/en\/produto\/o-metodo-slow-sabedoria-oriental-para-o-caos-moderno\/","title":{"rendered":"O M\u00e9todo Slow &#8211; Sabedoria Oriental para o Caos Moderno"},"content":{"rendered":"","protected":false},"excerpt":{"rendered":"<p>Num mundo acelerado, com listas intermin\u00e1veis de tarefas e amea\u00e7as de\u00a0<i>burnout<\/i>, o segredo \u00e9 abrandar. Neste livro transformador, Lee Holden partilha o M\u00e9todo Slow &#8211; princ\u00edpios de desacelera\u00e7\u00e3o para a mente, corpo e rela\u00e7\u00f5es, retirados da sabedoria da medita\u00e7\u00e3o, das artes marciais, das filosofias orientais, mas tamb\u00e9m da ci\u00eancia ocidental. Atrav\u00e9s destes conhecimentos e pr\u00e1ticas, \u00e9 poss\u00edvel aceder aos benef\u00edcios m\u00e1gicos do abrandamento e criar mudan\u00e7as duradouras.<\/p>\n<p>Aqui ir\u00e1 obter recursos e perspetivas para conquistar espa\u00e7o e tempo para praticar:<\/p>\n<p>&#8211; medita\u00e7\u00e3o de gratid\u00e3o para a mente;<br \/>\n&#8211; respira\u00e7\u00e3o vagal;<br \/>\n&#8211; acupress\u00e3o de otimiza\u00e7\u00e3o da digest\u00e3o;<br \/>\n&#8211; comunica\u00e7\u00e3o consciente;<br \/>\n&#8211; reflexologia sexual para rela\u00e7\u00f5es \u00edntimas mais saud\u00e1veis, etc.<\/p>\n<p>Trata-se de estabelecer um\u00a0<i>mindset<\/i>\u00a0de abrandamento, com pr\u00e1ticas poderosas que fomentam o equil\u00edbrio em tempos ca\u00f3ticos.<\/p>\n","protected":false},"author":2,"featured_media":10511,"template":"","meta":[],"product_cat":[173],"product_tag":[],"cat_produtos":[],"yoast_head":"<!-- This site is optimized with the Yoast SEO plugin v16.6 - https:\/\/yoast.com\/wordpress\/plugins\/seo\/ -->\n<title>O M\u00e9todo Slow - Sabedoria Oriental para o Caos Moderno - Livraria Solmar - Livraria online<\/title>\n<meta name=\"robots\" content=\"index, follow, max-snippet:-1, max-image-preview:large, max-video-preview:-1\" \/>\n<link rel=\"canonical\" href=\"https:\/\/livrariasolmar.pt\/en\/produto\/o-metodo-slow-sabedoria-oriental-para-o-caos-moderno\/\" \/>\n<meta property=\"og:locale\" content=\"en_US\" \/>\n<meta property=\"og:type\" content=\"article\" \/>\n<meta property=\"og:title\" content=\"O M\u00e9todo Slow - Sabedoria Oriental para o Caos Moderno - Livraria Solmar - Livraria online\" \/>\n<meta property=\"og:description\" content=\"Num mundo acelerado, com listas intermin\u00e1veis de tarefas e amea\u00e7as de\u00a0burnout, o segredo \u00e9 abrandar. Neste livro transformador, Lee Holden partilha o M\u00e9todo Slow - princ\u00edpios de desacelera\u00e7\u00e3o para a mente, corpo e rela\u00e7\u00f5es, retirados da sabedoria da medita\u00e7\u00e3o, das artes marciais, das filosofias orientais, mas tamb\u00e9m da ci\u00eancia ocidental. Atrav\u00e9s destes conhecimentos e pr\u00e1ticas, \u00e9 poss\u00edvel aceder aos benef\u00edcios m\u00e1gicos do abrandamento e criar mudan\u00e7as duradouras.  Aqui ir\u00e1 obter recursos e perspetivas para conquistar espa\u00e7o e tempo para praticar:  - medita\u00e7\u00e3o de gratid\u00e3o para a mente; - respira\u00e7\u00e3o vagal; - acupress\u00e3o de otimiza\u00e7\u00e3o da digest\u00e3o; - comunica\u00e7\u00e3o consciente; - reflexologia sexual para rela\u00e7\u00f5es \u00edntimas mais saud\u00e1veis, etc.  Trata-se de estabelecer um\u00a0mindset\u00a0de abrandamento, com pr\u00e1ticas poderosas que fomentam o equil\u00edbrio em tempos ca\u00f3ticos.\" \/>\n<meta property=\"og:url\" content=\"https:\/\/livrariasolmar.pt\/produto\/o-metodo-slow-sabedoria-oriental-para-o-caos-moderno\/\" \/>\n<meta property=\"og:site_name\" content=\"Livraria Solmar - Livraria online\" \/>\n<meta property=\"article:modified_time\" content=\"2025-11-14T19:39:06+00:00\" \/>\n<meta property=\"og:image\" content=\"https:\/\/livrariasolmar.pt\/wp-content\/uploads\/2025\/06\/1507-1.jpg\" \/>\n\t<meta property=\"og:image:width\" content=\"400\" \/>\n\t<meta property=\"og:image:height\" content=\"606\" \/>\n<meta name=\"twitter:card\" content=\"summary_large_image\" \/>\n<script type=\"application\/ld+json\" class=\"yoast-schema-graph\">{\"@context\":\"https:\/\/schema.org\",\"@graph\":[{\"@type\":\"WebSite\",\"@id\":\"https:\/\/livrariasolmar.pt\/#website\",\"url\":\"https:\/\/livrariasolmar.pt\/\",\"name\":\"Livraria Solmar - Livraria online\",\"description\":\"Com\\u00e9rcio Livros E Objetos De Arte, Lda - Ponta Delgada, A\\u00e7ores\",\"potentialAction\":[{\"@type\":\"SearchAction\",\"target\":{\"@type\":\"EntryPoint\",\"urlTemplate\":\"https:\/\/livrariasolmar.pt\/?s={search_term_string}\"},\"query-input\":\"required name=search_term_string\"}],\"inLanguage\":\"en-US\"},{\"@type\":\"ImageObject\",\"@id\":\"https:\/\/livrariasolmar.pt\/produto\/o-metodo-slow-sabedoria-oriental-para-o-caos-moderno\/#primaryimage\",\"inLanguage\":\"en-US\",\"url\":\"https:\/\/livrariasolmar.pt\/wp-content\/uploads\/2025\/06\/1507-1.jpg\",\"contentUrl\":\"https:\/\/livrariasolmar.pt\/wp-content\/uploads\/2025\/06\/1507-1.jpg\",\"width\":400,\"height\":606},{\"@type\":\"WebPage\",\"@id\":\"https:\/\/livrariasolmar.pt\/produto\/o-metodo-slow-sabedoria-oriental-para-o-caos-moderno\/#webpage\",\"url\":\"https:\/\/livrariasolmar.pt\/produto\/o-metodo-slow-sabedoria-oriental-para-o-caos-moderno\/\",\"name\":\"O M\\u00e9todo Slow - Sabedoria Oriental para o Caos Moderno - Livraria Solmar - Livraria online\",\"isPartOf\":{\"@id\":\"https:\/\/livrariasolmar.pt\/#website\"},\"primaryImageOfPage\":{\"@id\":\"https:\/\/livrariasolmar.pt\/produto\/o-metodo-slow-sabedoria-oriental-para-o-caos-moderno\/#primaryimage\"},\"datePublished\":\"2025-06-15T17:11:42+00:00\",\"dateModified\":\"2025-11-14T19:39:06+00:00\",\"breadcrumb\":{\"@id\":\"https:\/\/livrariasolmar.pt\/produto\/o-metodo-slow-sabedoria-oriental-para-o-caos-moderno\/#breadcrumb\"},\"inLanguage\":\"en-US\",\"potentialAction\":[{\"@type\":\"ReadAction\",\"target\":[\"https:\/\/livrariasolmar.pt\/produto\/o-metodo-slow-sabedoria-oriental-para-o-caos-moderno\/\"]}]},{\"@type\":\"BreadcrumbList\",\"@id\":\"https:\/\/livrariasolmar.pt\/produto\/o-metodo-slow-sabedoria-oriental-para-o-caos-moderno\/#breadcrumb\",\"itemListElement\":[{\"@type\":\"ListItem\",\"position\":1,\"name\":\"In\\u00edcio\",\"item\":\"https:\/\/livrariasolmar.pt\/en\/\"},{\"@type\":\"ListItem\",\"position\":2,\"name\":\"Shop\",\"item\":\"https:\/\/livrariasolmar.pt\/en\/shop\/\"},{\"@type\":\"ListItem\",\"position\":3,\"name\":\"O M\\u00e9todo Slow &#8211; Sabedoria Oriental para o Caos Moderno\"}]}]}<\/script>\n<!-- \/ Yoast SEO plugin. -->","_links":{"self":[{"href":"https:\/\/livrariasolmar.pt\/en\/wp-json\/wp\/v2\/product\/10510"}],"collection":[{"href":"https:\/\/livrariasolmar.pt\/en\/wp-json\/wp\/v2\/product"}],"about":[{"href":"https:\/\/livrariasolmar.pt\/en\/wp-json\/wp\/v2\/types\/product"}],"author":[{"embeddable":true,"href":"https:\/\/livrariasolmar.pt\/en\/wp-json\/wp\/v2\/users\/2"}],"wp:featuredmedia":[{"embeddable":true,"href":"https:\/\/livrariasolmar.pt\/en\/wp-json\/wp\/v2\/media\/10511"}],"wp:attachment":[{"href":"https:\/\/livrariasolmar.pt\/en\/wp-json\/wp\/v2\/media?parent=10510"}],"wp:term":[{"taxonomy":"product_cat","embeddable":true,"href":"https:\/\/livrariasolmar.pt\/en\/wp-json\/wp\/v2\/product_cat?post=10510"},{"taxonomy":"product_tag","embeddable":true,"href":"https:\/\/livrariasolmar.pt\/en\/wp-json\/wp\/v2\/product_tag?post=10510"},{"taxonomy":"cat_produtos","embeddable":true,"href":"https:\/\/livrariasolmar.pt\/en\/wp-json\/wp\/v2\/cat_produtos?post=10510"}],"curies":[{"name":"wp","href":"https:\/\/api.w.org\/{rel}","templated":true}]}}