{"id":10513,"date":"2025-06-15T17:17:06","date_gmt":"2025-06-15T17:17:06","guid":{"rendered":"https:\/\/livrariasolmar.pt\/?post_type=product&#038;p=10513"},"modified":"2025-11-28T18:03:42","modified_gmt":"2025-11-28T18:03:42","slug":"sem-stress","status":"publish","type":"product","link":"https:\/\/livrariasolmar.pt\/en\/produto\/sem-stress\/","title":{"rendered":"Sem Stress"},"content":{"rendered":"","protected":false},"excerpt":{"rendered":"<p>Este livro \u00e9 uma colabora\u00e7\u00e3o pioneira entre o investigador Richard Mackenzie e o jornalista Peter Walker.<\/p>\n<p>Ao analisar a ci\u00eancia das hormonas do stress, estudos de casos reais, a hist\u00f3ria do stress, fatores sociais e a forma como interagem com o stress, os autores explicam exatamente como funciona o stress e o que podemos fazer para atenuar o seu impacto na sa\u00fade.<\/p>\n<p>Reconhe\u00e7a como o stress impacta e interage com:<\/p>\n<p>&#8211; as suas hormonas;<br \/>\n&#8211; o peso corporal;<br \/>\n&#8211; a diabetes tipo 2;<br \/>\n&#8211; o seu trabalho e a condi\u00e7\u00e3o socioecon\u00f3mica;<br \/>\n&#8211; a fertilidade e a gravidez;<br \/>\n&#8211; a inf\u00e2ncia e a educa\u00e7\u00e3o recebida.<\/p>\n<p>Os autores defendem a ideia de que grande parte (sen\u00e3o a maioria) do stress \u00e9 provocada por fatores que est\u00e3o fora do seu controlo. A culpa n\u00e3o \u00e9 sua se est\u00e1 stressado, mas ter conhecimento e compreender o que acontece no seu corpo quando surge o stress \u00e9 um passo poderoso para o minimizar.<\/p>\n","protected":false},"author":2,"featured_media":10514,"template":"","meta":[],"product_cat":[185],"product_tag":[],"cat_produtos":[],"yoast_head":"<!-- This site is optimized with the Yoast SEO plugin v16.6 - https:\/\/yoast.com\/wordpress\/plugins\/seo\/ -->\n<title>Sem Stress - Livraria Solmar - Livraria online<\/title>\n<meta name=\"robots\" content=\"index, follow, max-snippet:-1, max-image-preview:large, max-video-preview:-1\" \/>\n<link rel=\"canonical\" href=\"https:\/\/livrariasolmar.pt\/en\/produto\/sem-stress\/\" \/>\n<meta property=\"og:locale\" content=\"en_US\" \/>\n<meta property=\"og:type\" content=\"article\" \/>\n<meta property=\"og:title\" content=\"Sem Stress - Livraria Solmar - Livraria online\" \/>\n<meta property=\"og:description\" content=\"Este livro \u00e9 uma colabora\u00e7\u00e3o pioneira entre o investigador Richard Mackenzie e o jornalista Peter Walker.  Ao analisar a ci\u00eancia das hormonas do stress, estudos de casos reais, a hist\u00f3ria do stress, fatores sociais e a forma como interagem com o stress, os autores explicam exatamente como funciona o stress e o que podemos fazer para atenuar o seu impacto na sa\u00fade.  Reconhe\u00e7a como o stress impacta e interage com:  - as suas hormonas; - o peso corporal; - a diabetes tipo 2; - o seu trabalho e a condi\u00e7\u00e3o socioecon\u00f3mica; - a fertilidade e a gravidez; - a inf\u00e2ncia e a educa\u00e7\u00e3o recebida.  Os autores defendem a ideia de que grande parte (sen\u00e3o a maioria) do stress \u00e9 provocada por fatores que est\u00e3o fora do seu controlo. A culpa n\u00e3o \u00e9 sua se est\u00e1 stressado, mas ter conhecimento e compreender o que acontece no seu corpo quando surge o stress \u00e9 um passo poderoso para o minimizar.\" \/>\n<meta property=\"og:url\" content=\"https:\/\/livrariasolmar.pt\/produto\/sem-stress\/\" \/>\n<meta property=\"og:site_name\" content=\"Livraria Solmar - Livraria online\" \/>\n<meta property=\"article:modified_time\" content=\"2025-11-28T18:03:42+00:00\" \/>\n<meta property=\"og:image\" content=\"https:\/\/livrariasolmar.pt\/wp-content\/uploads\/2025\/06\/1540-1-6.jpg\" \/>\n\t<meta property=\"og:image:width\" content=\"340\" \/>\n\t<meta property=\"og:image:height\" content=\"340\" \/>\n<meta name=\"twitter:card\" content=\"summary_large_image\" \/>\n<script type=\"application\/ld+json\" class=\"yoast-schema-graph\">{\"@context\":\"https:\/\/schema.org\",\"@graph\":[{\"@type\":\"WebSite\",\"@id\":\"https:\/\/livrariasolmar.pt\/#website\",\"url\":\"https:\/\/livrariasolmar.pt\/\",\"name\":\"Livraria Solmar - Livraria online\",\"description\":\"Com\\u00e9rcio Livros E Objetos De Arte, Lda - Ponta Delgada, A\\u00e7ores\",\"potentialAction\":[{\"@type\":\"SearchAction\",\"target\":{\"@type\":\"EntryPoint\",\"urlTemplate\":\"https:\/\/livrariasolmar.pt\/?s={search_term_string}\"},\"query-input\":\"required name=search_term_string\"}],\"inLanguage\":\"en-US\"},{\"@type\":\"ImageObject\",\"@id\":\"https:\/\/livrariasolmar.pt\/produto\/sem-stress\/#primaryimage\",\"inLanguage\":\"en-US\",\"url\":\"https:\/\/livrariasolmar.pt\/wp-content\/uploads\/2025\/06\/1540-1-6.jpg\",\"contentUrl\":\"https:\/\/livrariasolmar.pt\/wp-content\/uploads\/2025\/06\/1540-1-6.jpg\",\"width\":340,\"height\":340},{\"@type\":\"WebPage\",\"@id\":\"https:\/\/livrariasolmar.pt\/produto\/sem-stress\/#webpage\",\"url\":\"https:\/\/livrariasolmar.pt\/produto\/sem-stress\/\",\"name\":\"Sem Stress - Livraria Solmar - Livraria online\",\"isPartOf\":{\"@id\":\"https:\/\/livrariasolmar.pt\/#website\"},\"primaryImageOfPage\":{\"@id\":\"https:\/\/livrariasolmar.pt\/produto\/sem-stress\/#primaryimage\"},\"datePublished\":\"2025-06-15T17:17:06+00:00\",\"dateModified\":\"2025-11-28T18:03:42+00:00\",\"breadcrumb\":{\"@id\":\"https:\/\/livrariasolmar.pt\/produto\/sem-stress\/#breadcrumb\"},\"inLanguage\":\"en-US\",\"potentialAction\":[{\"@type\":\"ReadAction\",\"target\":[\"https:\/\/livrariasolmar.pt\/produto\/sem-stress\/\"]}]},{\"@type\":\"BreadcrumbList\",\"@id\":\"https:\/\/livrariasolmar.pt\/produto\/sem-stress\/#breadcrumb\",\"itemListElement\":[{\"@type\":\"ListItem\",\"position\":1,\"name\":\"In\\u00edcio\",\"item\":\"https:\/\/livrariasolmar.pt\/en\/\"},{\"@type\":\"ListItem\",\"position\":2,\"name\":\"Shop\",\"item\":\"https:\/\/livrariasolmar.pt\/en\/shop\/\"},{\"@type\":\"ListItem\",\"position\":3,\"name\":\"Sem Stress\"}]}]}<\/script>\n<!-- \/ Yoast SEO plugin. -->","_links":{"self":[{"href":"https:\/\/livrariasolmar.pt\/en\/wp-json\/wp\/v2\/product\/10513"}],"collection":[{"href":"https:\/\/livrariasolmar.pt\/en\/wp-json\/wp\/v2\/product"}],"about":[{"href":"https:\/\/livrariasolmar.pt\/en\/wp-json\/wp\/v2\/types\/product"}],"author":[{"embeddable":true,"href":"https:\/\/livrariasolmar.pt\/en\/wp-json\/wp\/v2\/users\/2"}],"wp:featuredmedia":[{"embeddable":true,"href":"https:\/\/livrariasolmar.pt\/en\/wp-json\/wp\/v2\/media\/10514"}],"wp:attachment":[{"href":"https:\/\/livrariasolmar.pt\/en\/wp-json\/wp\/v2\/media?parent=10513"}],"wp:term":[{"taxonomy":"product_cat","embeddable":true,"href":"https:\/\/livrariasolmar.pt\/en\/wp-json\/wp\/v2\/product_cat?post=10513"},{"taxonomy":"product_tag","embeddable":true,"href":"https:\/\/livrariasolmar.pt\/en\/wp-json\/wp\/v2\/product_tag?post=10513"},{"taxonomy":"cat_produtos","embeddable":true,"href":"https:\/\/livrariasolmar.pt\/en\/wp-json\/wp\/v2\/cat_produtos?post=10513"}],"curies":[{"name":"wp","href":"https:\/\/api.w.org\/{rel}","templated":true}]}}