{"id":10519,"date":"2025-06-16T19:11:29","date_gmt":"2025-06-16T19:11:29","guid":{"rendered":"https:\/\/livrariasolmar.pt\/?post_type=product&#038;p=10519"},"modified":"2025-12-13T19:05:19","modified_gmt":"2025-12-13T19:05:19","slug":"filha-da-louca","status":"publish","type":"product","link":"https:\/\/livrariasolmar.pt\/en\/produto\/filha-da-louca\/","title":{"rendered":"Filha da Louca"},"content":{"rendered":"","protected":false},"excerpt":{"rendered":"<p>Esta \u00e9 a hist\u00f3ria de uma fam\u00edlia: de um pai e marido que n\u00e3o sabia ser melhor, de uma filha que se esfor\u00e7ava por cumprir todos os pap\u00e9is e de uma m\u00e3e e mulher que, aos olhos de todos, era louca.<br \/>\nMatilde viveu com os pais, Clara e Ant\u00f3nio, at\u00e9 aos 18 anos, altura em que a m\u00e3e morreu. Sete anos depois, v\u00ea-se \u00f3rf\u00e3, agora, tamb\u00e9m sem pai. E \u00e9 ent\u00e3o, dois dias depois da mudan\u00e7a abrupta &#8211; a solid\u00e3o, a perda de refer\u00eancias, o sil\u00eancio e o vazio da casa -, que Matilde descobre algo que muda, irremediavelmente, a sua vida.<\/p>\n<p>Uma narrativa comovente sobre como a inf\u00e2ncia e a adolesc\u00eancia se entranham em n\u00f3s, sobre o peso do passado e da fam\u00edlia, e como a morte de quem nos antecede cria um misto de vazio e liberdade. Filha da Louca \u00e9, acima de tudo, um romance sobre como julgamos os outros e os diminu\u00edmos a r\u00f3tulos, sem sabermos quem s\u00e3o ou do que precisam.<\/p>\n<p>Maria Francisca Gama, autora d\u2019 A Cicatriz, tece novamente, uma hist\u00f3ria poderosa e melanc\u00f3lica, que nos arrebata da primeira \u00e0 \u00faltima p\u00e1gina.<\/p>\n<p>\u00abEra nesta m\u00e1xima que eu me concentrava para a amar: a minha m\u00e3e n\u00e3o \u00e9 manipuladora, nem s\u00e1dica, nem perversa. Se ela pudesse, n\u00e3o seria assim.\u00bb<\/p>\n","protected":false},"author":2,"featured_media":10520,"template":"","meta":[],"product_cat":[153],"product_tag":[],"cat_produtos":[],"yoast_head":"<!-- This site is optimized with the Yoast SEO plugin v16.6 - https:\/\/yoast.com\/wordpress\/plugins\/seo\/ -->\n<title>Filha da Louca - Livraria Solmar - Livraria online<\/title>\n<meta name=\"robots\" content=\"index, follow, max-snippet:-1, max-image-preview:large, max-video-preview:-1\" \/>\n<link rel=\"canonical\" href=\"https:\/\/livrariasolmar.pt\/en\/produto\/filha-da-louca\/\" \/>\n<meta property=\"og:locale\" content=\"en_US\" \/>\n<meta property=\"og:type\" content=\"article\" \/>\n<meta property=\"og:title\" content=\"Filha da Louca - Livraria Solmar - Livraria online\" \/>\n<meta property=\"og:description\" content=\"Esta \u00e9 a hist\u00f3ria de uma fam\u00edlia: de um pai e marido que n\u00e3o sabia ser melhor, de uma filha que se esfor\u00e7ava por cumprir todos os pap\u00e9is e de uma m\u00e3e e mulher que, aos olhos de todos, era louca. Matilde viveu com os pais, Clara e Ant\u00f3nio, at\u00e9 aos 18 anos, altura em que a m\u00e3e morreu. Sete anos depois, v\u00ea-se \u00f3rf\u00e3, agora, tamb\u00e9m sem pai. E \u00e9 ent\u00e3o, dois dias depois da mudan\u00e7a abrupta - a solid\u00e3o, a perda de refer\u00eancias, o sil\u00eancio e o vazio da casa -, que Matilde descobre algo que muda, irremediavelmente, a sua vida.  Uma narrativa comovente sobre como a inf\u00e2ncia e a adolesc\u00eancia se entranham em n\u00f3s, sobre o peso do passado e da fam\u00edlia, e como a morte de quem nos antecede cria um misto de vazio e liberdade. Filha da Louca \u00e9, acima de tudo, um romance sobre como julgamos os outros e os diminu\u00edmos a r\u00f3tulos, sem sabermos quem s\u00e3o ou do que precisam.  Maria Francisca Gama, autora d\u2019 A Cicatriz, tece novamente, uma hist\u00f3ria poderosa e melanc\u00f3lica, que nos arrebata da primeira \u00e0 \u00faltima p\u00e1gina.  \u00abEra nesta m\u00e1xima que eu me concentrava para a amar: a minha m\u00e3e n\u00e3o \u00e9 manipuladora, nem s\u00e1dica, nem perversa. Se ela pudesse, n\u00e3o seria assim.\u00bb\" \/>\n<meta property=\"og:url\" content=\"https:\/\/livrariasolmar.pt\/produto\/filha-da-louca\/\" \/>\n<meta property=\"og:site_name\" content=\"Livraria Solmar - Livraria online\" \/>\n<meta property=\"article:modified_time\" content=\"2025-12-13T19:05:19+00:00\" \/>\n<meta property=\"og:image\" content=\"https:\/\/livrariasolmar.pt\/wp-content\/uploads\/2025\/06\/1540-1-7.jpg\" \/>\n\t<meta property=\"og:image:width\" content=\"340\" \/>\n\t<meta property=\"og:image:height\" content=\"340\" \/>\n<meta name=\"twitter:card\" content=\"summary_large_image\" \/>\n<script type=\"application\/ld+json\" class=\"yoast-schema-graph\">{\"@context\":\"https:\/\/schema.org\",\"@graph\":[{\"@type\":\"WebSite\",\"@id\":\"https:\/\/livrariasolmar.pt\/#website\",\"url\":\"https:\/\/livrariasolmar.pt\/\",\"name\":\"Livraria Solmar - Livraria online\",\"description\":\"Com\\u00e9rcio Livros E Objetos De Arte, Lda - Ponta Delgada, A\\u00e7ores\",\"potentialAction\":[{\"@type\":\"SearchAction\",\"target\":{\"@type\":\"EntryPoint\",\"urlTemplate\":\"https:\/\/livrariasolmar.pt\/?s={search_term_string}\"},\"query-input\":\"required name=search_term_string\"}],\"inLanguage\":\"en-US\"},{\"@type\":\"ImageObject\",\"@id\":\"https:\/\/livrariasolmar.pt\/produto\/filha-da-louca\/#primaryimage\",\"inLanguage\":\"en-US\",\"url\":\"https:\/\/livrariasolmar.pt\/wp-content\/uploads\/2025\/06\/1540-1-7.jpg\",\"contentUrl\":\"https:\/\/livrariasolmar.pt\/wp-content\/uploads\/2025\/06\/1540-1-7.jpg\",\"width\":340,\"height\":340},{\"@type\":\"WebPage\",\"@id\":\"https:\/\/livrariasolmar.pt\/produto\/filha-da-louca\/#webpage\",\"url\":\"https:\/\/livrariasolmar.pt\/produto\/filha-da-louca\/\",\"name\":\"Filha da Louca - Livraria Solmar - Livraria online\",\"isPartOf\":{\"@id\":\"https:\/\/livrariasolmar.pt\/#website\"},\"primaryImageOfPage\":{\"@id\":\"https:\/\/livrariasolmar.pt\/produto\/filha-da-louca\/#primaryimage\"},\"datePublished\":\"2025-06-16T19:11:29+00:00\",\"dateModified\":\"2025-12-13T19:05:19+00:00\",\"breadcrumb\":{\"@id\":\"https:\/\/livrariasolmar.pt\/produto\/filha-da-louca\/#breadcrumb\"},\"inLanguage\":\"en-US\",\"potentialAction\":[{\"@type\":\"ReadAction\",\"target\":[\"https:\/\/livrariasolmar.pt\/produto\/filha-da-louca\/\"]}]},{\"@type\":\"BreadcrumbList\",\"@id\":\"https:\/\/livrariasolmar.pt\/produto\/filha-da-louca\/#breadcrumb\",\"itemListElement\":[{\"@type\":\"ListItem\",\"position\":1,\"name\":\"In\\u00edcio\",\"item\":\"https:\/\/livrariasolmar.pt\/en\/\"},{\"@type\":\"ListItem\",\"position\":2,\"name\":\"Shop\",\"item\":\"https:\/\/livrariasolmar.pt\/en\/shop\/\"},{\"@type\":\"ListItem\",\"position\":3,\"name\":\"Filha da Louca\"}]}]}<\/script>\n<!-- \/ Yoast SEO plugin. -->","_links":{"self":[{"href":"https:\/\/livrariasolmar.pt\/en\/wp-json\/wp\/v2\/product\/10519"}],"collection":[{"href":"https:\/\/livrariasolmar.pt\/en\/wp-json\/wp\/v2\/product"}],"about":[{"href":"https:\/\/livrariasolmar.pt\/en\/wp-json\/wp\/v2\/types\/product"}],"author":[{"embeddable":true,"href":"https:\/\/livrariasolmar.pt\/en\/wp-json\/wp\/v2\/users\/2"}],"wp:featuredmedia":[{"embeddable":true,"href":"https:\/\/livrariasolmar.pt\/en\/wp-json\/wp\/v2\/media\/10520"}],"wp:attachment":[{"href":"https:\/\/livrariasolmar.pt\/en\/wp-json\/wp\/v2\/media?parent=10519"}],"wp:term":[{"taxonomy":"product_cat","embeddable":true,"href":"https:\/\/livrariasolmar.pt\/en\/wp-json\/wp\/v2\/product_cat?post=10519"},{"taxonomy":"product_tag","embeddable":true,"href":"https:\/\/livrariasolmar.pt\/en\/wp-json\/wp\/v2\/product_tag?post=10519"},{"taxonomy":"cat_produtos","embeddable":true,"href":"https:\/\/livrariasolmar.pt\/en\/wp-json\/wp\/v2\/cat_produtos?post=10519"}],"curies":[{"name":"wp","href":"https:\/\/api.w.org\/{rel}","templated":true}]}}