{"id":10526,"date":"2025-06-17T16:18:21","date_gmt":"2025-06-17T16:18:21","guid":{"rendered":"https:\/\/livrariasolmar.pt\/?post_type=product&#038;p=10526"},"modified":"2026-03-31T18:07:19","modified_gmt":"2026-03-31T18:07:19","slug":"educacao-da-tristeza","status":"publish","type":"product","link":"https:\/\/livrariasolmar.pt\/en\/produto\/educacao-da-tristeza\/","title":{"rendered":"Educa\u00e7\u00e3o da tristeza"},"content":{"rendered":"","protected":false},"excerpt":{"rendered":"<p>Inclui desenhos de Valter Hugo M\u00e3e<br \/>\n\u00abO tamanho da vida est\u00e1 todo dentro do amor.<br \/>\nSe amarmos, somos extensos, infinitos.<br \/>\nSe n\u00e3o amarmos, recolhemos como bocadinhos de poeira sem sentido, sem valor.\u00bb<br \/>\nAs pessoas que perdemos somam. Somam \u00e0 aus\u00eancia mas s\u00e3o nosso patrim\u00f3nio mais delicado, um reduto de fortuna e saudade que detemos mais dedicadamente do que ouro.<br \/>\nNestes textos, Valter Hugo M\u00e3e revela parte do seu ouro mais caro. Um muito \u00edntimo retrato da tristeza que n\u00e3o se quer vencedora. Muito ao contr\u00e1rio. Uma tristeza educada n\u00e3o desaparece, ela torna-se respeitosa com a necessidade de sobreviver, de continuar a lembrar, de continuar a amar.<\/p>\n","protected":false},"author":2,"featured_media":10527,"template":"","meta":[],"product_cat":[153],"product_tag":[],"cat_produtos":[],"yoast_head":"<!-- This site is optimized with the Yoast SEO plugin v16.6 - https:\/\/yoast.com\/wordpress\/plugins\/seo\/ -->\n<title>Educa\u00e7\u00e3o da tristeza - Livraria Solmar - Livraria online<\/title>\n<meta name=\"robots\" content=\"index, follow, max-snippet:-1, max-image-preview:large, max-video-preview:-1\" \/>\n<link rel=\"canonical\" href=\"https:\/\/livrariasolmar.pt\/en\/produto\/educacao-da-tristeza\/\" \/>\n<meta property=\"og:locale\" content=\"en_US\" \/>\n<meta property=\"og:type\" content=\"article\" \/>\n<meta property=\"og:title\" content=\"Educa\u00e7\u00e3o da tristeza - Livraria Solmar - Livraria online\" \/>\n<meta property=\"og:description\" content=\"Inclui desenhos de Valter Hugo M\u00e3e \u00abO tamanho da vida est\u00e1 todo dentro do amor. Se amarmos, somos extensos, infinitos. Se n\u00e3o amarmos, recolhemos como bocadinhos de poeira sem sentido, sem valor.\u00bb As pessoas que perdemos somam. Somam \u00e0 aus\u00eancia mas s\u00e3o nosso patrim\u00f3nio mais delicado, um reduto de fortuna e saudade que detemos mais dedicadamente do que ouro. Nestes textos, Valter Hugo M\u00e3e revela parte do seu ouro mais caro. Um muito \u00edntimo retrato da tristeza que n\u00e3o se quer vencedora. Muito ao contr\u00e1rio. Uma tristeza educada n\u00e3o desaparece, ela torna-se respeitosa com a necessidade de sobreviver, de continuar a lembrar, de continuar a amar.\" \/>\n<meta property=\"og:url\" content=\"https:\/\/livrariasolmar.pt\/produto\/educacao-da-tristeza\/\" \/>\n<meta property=\"og:site_name\" content=\"Livraria Solmar - Livraria online\" \/>\n<meta property=\"article:modified_time\" content=\"2026-03-31T18:07:19+00:00\" \/>\n<meta property=\"og:image\" content=\"https:\/\/livrariasolmar.pt\/wp-content\/uploads\/2025\/06\/image.jpg\" \/>\n\t<meta property=\"og:image:width\" content=\"131\" \/>\n\t<meta property=\"og:image:height\" content=\"202\" \/>\n<meta name=\"twitter:card\" content=\"summary_large_image\" \/>\n<script type=\"application\/ld+json\" class=\"yoast-schema-graph\">{\"@context\":\"https:\/\/schema.org\",\"@graph\":[{\"@type\":\"WebSite\",\"@id\":\"https:\/\/livrariasolmar.pt\/#website\",\"url\":\"https:\/\/livrariasolmar.pt\/\",\"name\":\"Livraria Solmar - Livraria online\",\"description\":\"Com\\u00e9rcio Livros E Objetos De Arte, Lda - Ponta Delgada, A\\u00e7ores\",\"potentialAction\":[{\"@type\":\"SearchAction\",\"target\":{\"@type\":\"EntryPoint\",\"urlTemplate\":\"https:\/\/livrariasolmar.pt\/?s={search_term_string}\"},\"query-input\":\"required name=search_term_string\"}],\"inLanguage\":\"en-US\"},{\"@type\":\"ImageObject\",\"@id\":\"https:\/\/livrariasolmar.pt\/produto\/educacao-da-tristeza\/#primaryimage\",\"inLanguage\":\"en-US\",\"url\":\"https:\/\/livrariasolmar.pt\/wp-content\/uploads\/2025\/06\/image.jpg\",\"contentUrl\":\"https:\/\/livrariasolmar.pt\/wp-content\/uploads\/2025\/06\/image.jpg\",\"width\":131,\"height\":202},{\"@type\":\"WebPage\",\"@id\":\"https:\/\/livrariasolmar.pt\/produto\/educacao-da-tristeza\/#webpage\",\"url\":\"https:\/\/livrariasolmar.pt\/produto\/educacao-da-tristeza\/\",\"name\":\"Educa\\u00e7\\u00e3o da tristeza - Livraria Solmar - Livraria online\",\"isPartOf\":{\"@id\":\"https:\/\/livrariasolmar.pt\/#website\"},\"primaryImageOfPage\":{\"@id\":\"https:\/\/livrariasolmar.pt\/produto\/educacao-da-tristeza\/#primaryimage\"},\"datePublished\":\"2025-06-17T16:18:21+00:00\",\"dateModified\":\"2026-03-31T18:07:19+00:00\",\"breadcrumb\":{\"@id\":\"https:\/\/livrariasolmar.pt\/produto\/educacao-da-tristeza\/#breadcrumb\"},\"inLanguage\":\"en-US\",\"potentialAction\":[{\"@type\":\"ReadAction\",\"target\":[\"https:\/\/livrariasolmar.pt\/produto\/educacao-da-tristeza\/\"]}]},{\"@type\":\"BreadcrumbList\",\"@id\":\"https:\/\/livrariasolmar.pt\/produto\/educacao-da-tristeza\/#breadcrumb\",\"itemListElement\":[{\"@type\":\"ListItem\",\"position\":1,\"name\":\"In\\u00edcio\",\"item\":\"https:\/\/livrariasolmar.pt\/en\/\"},{\"@type\":\"ListItem\",\"position\":2,\"name\":\"Shop\",\"item\":\"https:\/\/livrariasolmar.pt\/en\/shop\/\"},{\"@type\":\"ListItem\",\"position\":3,\"name\":\"Educa\\u00e7\\u00e3o da tristeza\"}]}]}<\/script>\n<!-- \/ Yoast SEO plugin. -->","_links":{"self":[{"href":"https:\/\/livrariasolmar.pt\/en\/wp-json\/wp\/v2\/product\/10526"}],"collection":[{"href":"https:\/\/livrariasolmar.pt\/en\/wp-json\/wp\/v2\/product"}],"about":[{"href":"https:\/\/livrariasolmar.pt\/en\/wp-json\/wp\/v2\/types\/product"}],"author":[{"embeddable":true,"href":"https:\/\/livrariasolmar.pt\/en\/wp-json\/wp\/v2\/users\/2"}],"wp:featuredmedia":[{"embeddable":true,"href":"https:\/\/livrariasolmar.pt\/en\/wp-json\/wp\/v2\/media\/10527"}],"wp:attachment":[{"href":"https:\/\/livrariasolmar.pt\/en\/wp-json\/wp\/v2\/media?parent=10526"}],"wp:term":[{"taxonomy":"product_cat","embeddable":true,"href":"https:\/\/livrariasolmar.pt\/en\/wp-json\/wp\/v2\/product_cat?post=10526"},{"taxonomy":"product_tag","embeddable":true,"href":"https:\/\/livrariasolmar.pt\/en\/wp-json\/wp\/v2\/product_tag?post=10526"},{"taxonomy":"cat_produtos","embeddable":true,"href":"https:\/\/livrariasolmar.pt\/en\/wp-json\/wp\/v2\/cat_produtos?post=10526"}],"curies":[{"name":"wp","href":"https:\/\/api.w.org\/{rel}","templated":true}]}}