{"id":10529,"date":"2025-06-17T16:29:24","date_gmt":"2025-06-17T16:29:24","guid":{"rendered":"https:\/\/livrariasolmar.pt\/?post_type=product&#038;p=10529"},"modified":"2026-01-17T19:37:00","modified_gmt":"2026-01-17T19:37:00","slug":"uma-catastrofica-visita-ao-zoo","status":"publish","type":"product","link":"https:\/\/livrariasolmar.pt\/en\/produto\/uma-catastrofica-visita-ao-zoo\/","title":{"rendered":"Uma Catastr\u00f3fica Visita ao Zoo"},"content":{"rendered":"","protected":false},"excerpt":{"rendered":"<p>\u00abNa pequena cidade onde cresci, as pessoas ficaram marcadas, durante muitos anos, pelos acontecimentos ocorridos no jardim zool\u00f3gico numa sexta-feira de dezembro, a poucos dias do Natal. E durante todos esses anos ningu\u00e9m soube o que verdadeiramente se passou. At\u00e9 este livro.\u00bb<\/p>\n<p>O Natal est\u00e1 \u00e0 porta. Para assinalar o fim das aulas, a turma de\u00a0<i>Jos\u00e9phine<\/i>\u00a0faz uma visita de estudo ao jardim zool\u00f3gico. Por\u00e9m, o passeio, que tinha tudo para ser divertido, rapidamente se precipita numa cat\u00e1strofe. Que aconteceu ao certo? Porque se revestem todos os acontecimentos de um secretismo absoluto?<\/p>\n<p>Os pais de\u00a0<i>Jos\u00e9phine<\/i>, que parece saber muita coisa, n\u00e3o desistir\u00e3o enquanto n\u00e3o descobrirem a verdade. E perceber\u00e3o, pelo caminho, que uma cat\u00e1strofe nunca vem s\u00f3, que as apar\u00eancias iludem e que qualquer hist\u00f3ria pode tomar rumos imprevis\u00edveis. V\u00e1rios anos mais tarde,\u00a0<i>Jos\u00e9phine<\/i>, j\u00e1 adulta, decide contar tudo num livro.<\/p>\n<p>Com o mist\u00e9rio a manter o leitor em tens\u00e3o da primeira \u00e0 \u00faltima linha,\u00a0<i>Uma catastr\u00f3fica visita ao zoo<\/i>\u00a0\u00e9 um romance comovente e cheio de humor, que aborda temas universais como a democracia, a inclus\u00e3o e as rela\u00e7\u00f5es entre pais, professores e jovens, urdido com a mestria e a precis\u00e3o narrativa a que\u00a0<i>Jo\u00ebl Dicker<\/i>\u00a0nos habituou, desta vez com ingredientes que podem seduzir leitores de todas as idades.<\/p>\n","protected":false},"author":2,"featured_media":10530,"template":"","meta":[],"product_cat":[588],"product_tag":[],"cat_produtos":[],"yoast_head":"<!-- This site is optimized with the Yoast SEO plugin v16.6 - https:\/\/yoast.com\/wordpress\/plugins\/seo\/ -->\n<title>Uma Catastr\u00f3fica Visita ao Zoo - Livraria Solmar - Livraria online<\/title>\n<meta name=\"robots\" content=\"index, follow, max-snippet:-1, max-image-preview:large, max-video-preview:-1\" \/>\n<link rel=\"canonical\" href=\"https:\/\/livrariasolmar.pt\/en\/produto\/uma-catastrofica-visita-ao-zoo\/\" \/>\n<meta property=\"og:locale\" content=\"en_US\" \/>\n<meta property=\"og:type\" content=\"article\" \/>\n<meta property=\"og:title\" content=\"Uma Catastr\u00f3fica Visita ao Zoo - Livraria Solmar - Livraria online\" \/>\n<meta property=\"og:description\" content=\"\u00abNa pequena cidade onde cresci, as pessoas ficaram marcadas, durante muitos anos, pelos acontecimentos ocorridos no jardim zool\u00f3gico numa sexta-feira de dezembro, a poucos dias do Natal. E durante todos esses anos ningu\u00e9m soube o que verdadeiramente se passou. At\u00e9 este livro.\u00bb  O Natal est\u00e1 \u00e0 porta. Para assinalar o fim das aulas, a turma de\u00a0Jos\u00e9phine\u00a0faz uma visita de estudo ao jardim zool\u00f3gico. Por\u00e9m, o passeio, que tinha tudo para ser divertido, rapidamente se precipita numa cat\u00e1strofe. Que aconteceu ao certo? Porque se revestem todos os acontecimentos de um secretismo absoluto?  Os pais de\u00a0Jos\u00e9phine, que parece saber muita coisa, n\u00e3o desistir\u00e3o enquanto n\u00e3o descobrirem a verdade. E perceber\u00e3o, pelo caminho, que uma cat\u00e1strofe nunca vem s\u00f3, que as apar\u00eancias iludem e que qualquer hist\u00f3ria pode tomar rumos imprevis\u00edveis. V\u00e1rios anos mais tarde,\u00a0Jos\u00e9phine, j\u00e1 adulta, decide contar tudo num livro.  Com o mist\u00e9rio a manter o leitor em tens\u00e3o da primeira \u00e0 \u00faltima linha,\u00a0Uma catastr\u00f3fica visita ao zoo\u00a0\u00e9 um romance comovente e cheio de humor, que aborda temas universais como a democracia, a inclus\u00e3o e as rela\u00e7\u00f5es entre pais, professores e jovens, urdido com a mestria e a precis\u00e3o narrativa a que\u00a0Jo\u00ebl Dicker\u00a0nos habituou, desta vez com ingredientes que podem seduzir leitores de todas as idades.\" \/>\n<meta property=\"og:url\" content=\"https:\/\/livrariasolmar.pt\/produto\/uma-catastrofica-visita-ao-zoo\/\" \/>\n<meta property=\"og:site_name\" content=\"Livraria Solmar - Livraria online\" \/>\n<meta property=\"article:modified_time\" content=\"2026-01-17T19:37:00+00:00\" \/>\n<meta property=\"og:image\" content=\"https:\/\/livrariasolmar.pt\/wp-content\/uploads\/2025\/06\/1540-1-8.jpg\" \/>\n\t<meta property=\"og:image:width\" content=\"340\" \/>\n\t<meta property=\"og:image:height\" content=\"340\" \/>\n<meta name=\"twitter:card\" content=\"summary_large_image\" \/>\n<script type=\"application\/ld+json\" class=\"yoast-schema-graph\">{\"@context\":\"https:\/\/schema.org\",\"@graph\":[{\"@type\":\"WebSite\",\"@id\":\"https:\/\/livrariasolmar.pt\/#website\",\"url\":\"https:\/\/livrariasolmar.pt\/\",\"name\":\"Livraria Solmar - Livraria online\",\"description\":\"Com\\u00e9rcio Livros E Objetos De Arte, Lda - Ponta Delgada, A\\u00e7ores\",\"potentialAction\":[{\"@type\":\"SearchAction\",\"target\":{\"@type\":\"EntryPoint\",\"urlTemplate\":\"https:\/\/livrariasolmar.pt\/?s={search_term_string}\"},\"query-input\":\"required name=search_term_string\"}],\"inLanguage\":\"en-US\"},{\"@type\":\"ImageObject\",\"@id\":\"https:\/\/livrariasolmar.pt\/produto\/uma-catastrofica-visita-ao-zoo\/#primaryimage\",\"inLanguage\":\"en-US\",\"url\":\"https:\/\/livrariasolmar.pt\/wp-content\/uploads\/2025\/06\/1540-1-8.jpg\",\"contentUrl\":\"https:\/\/livrariasolmar.pt\/wp-content\/uploads\/2025\/06\/1540-1-8.jpg\",\"width\":340,\"height\":340},{\"@type\":\"WebPage\",\"@id\":\"https:\/\/livrariasolmar.pt\/produto\/uma-catastrofica-visita-ao-zoo\/#webpage\",\"url\":\"https:\/\/livrariasolmar.pt\/produto\/uma-catastrofica-visita-ao-zoo\/\",\"name\":\"Uma Catastr\\u00f3fica Visita ao Zoo - Livraria Solmar - Livraria online\",\"isPartOf\":{\"@id\":\"https:\/\/livrariasolmar.pt\/#website\"},\"primaryImageOfPage\":{\"@id\":\"https:\/\/livrariasolmar.pt\/produto\/uma-catastrofica-visita-ao-zoo\/#primaryimage\"},\"datePublished\":\"2025-06-17T16:29:24+00:00\",\"dateModified\":\"2026-01-17T19:37:00+00:00\",\"breadcrumb\":{\"@id\":\"https:\/\/livrariasolmar.pt\/produto\/uma-catastrofica-visita-ao-zoo\/#breadcrumb\"},\"inLanguage\":\"en-US\",\"potentialAction\":[{\"@type\":\"ReadAction\",\"target\":[\"https:\/\/livrariasolmar.pt\/produto\/uma-catastrofica-visita-ao-zoo\/\"]}]},{\"@type\":\"BreadcrumbList\",\"@id\":\"https:\/\/livrariasolmar.pt\/produto\/uma-catastrofica-visita-ao-zoo\/#breadcrumb\",\"itemListElement\":[{\"@type\":\"ListItem\",\"position\":1,\"name\":\"In\\u00edcio\",\"item\":\"https:\/\/livrariasolmar.pt\/en\/\"},{\"@type\":\"ListItem\",\"position\":2,\"name\":\"Shop\",\"item\":\"https:\/\/livrariasolmar.pt\/en\/shop\/\"},{\"@type\":\"ListItem\",\"position\":3,\"name\":\"Uma Catastr\\u00f3fica Visita ao Zoo\"}]}]}<\/script>\n<!-- \/ Yoast SEO plugin. -->","_links":{"self":[{"href":"https:\/\/livrariasolmar.pt\/en\/wp-json\/wp\/v2\/product\/10529"}],"collection":[{"href":"https:\/\/livrariasolmar.pt\/en\/wp-json\/wp\/v2\/product"}],"about":[{"href":"https:\/\/livrariasolmar.pt\/en\/wp-json\/wp\/v2\/types\/product"}],"author":[{"embeddable":true,"href":"https:\/\/livrariasolmar.pt\/en\/wp-json\/wp\/v2\/users\/2"}],"wp:featuredmedia":[{"embeddable":true,"href":"https:\/\/livrariasolmar.pt\/en\/wp-json\/wp\/v2\/media\/10530"}],"wp:attachment":[{"href":"https:\/\/livrariasolmar.pt\/en\/wp-json\/wp\/v2\/media?parent=10529"}],"wp:term":[{"taxonomy":"product_cat","embeddable":true,"href":"https:\/\/livrariasolmar.pt\/en\/wp-json\/wp\/v2\/product_cat?post=10529"},{"taxonomy":"product_tag","embeddable":true,"href":"https:\/\/livrariasolmar.pt\/en\/wp-json\/wp\/v2\/product_tag?post=10529"},{"taxonomy":"cat_produtos","embeddable":true,"href":"https:\/\/livrariasolmar.pt\/en\/wp-json\/wp\/v2\/cat_produtos?post=10529"}],"curies":[{"name":"wp","href":"https:\/\/api.w.org\/{rel}","templated":true}]}}