{"id":10532,"date":"2025-06-17T16:52:33","date_gmt":"2025-06-17T16:52:33","guid":{"rendered":"https:\/\/livrariasolmar.pt\/?post_type=product&#038;p=10532"},"modified":"2025-07-25T18:11:51","modified_gmt":"2025-07-25T18:11:51","slug":"o-meu-nome-e-emilia-del-valle","status":"publish","type":"product","link":"https:\/\/livrariasolmar.pt\/en\/produto\/o-meu-nome-e-emilia-del-valle\/","title":{"rendered":"O meu nome \u00e9 Emilia del Valle"},"content":{"rendered":"","protected":false},"excerpt":{"rendered":"<p><strong>S\u00e3o Francisco, 1866<\/strong>. Uma freira irlandesa, abandonada ap\u00f3s uma t\u00f3rrida rela\u00e7\u00e3o com um aristocrata chileno, d\u00e1 \u00e0 luz uma menina a que chama Emilia del Valle. Criada com devo\u00e7\u00e3o pelo seu carinhoso padrasto, Emilia tornar-se-\u00e1 uma jovem aut\u00f3noma e independente, que desafiar\u00e1 as normas sociais do seu tempo para seguir a sua verdadeira paix\u00e3o: a escrita.<br \/>\nCom apenas 17 anos, publica o seu primeiro romance de cordel, sob pseud\u00f3nimo masculino. Quando o mundo da fic\u00e7\u00e3o se revela incapaz de conter o seu desejo de aventura, Emilia opta pelo jornalismo. No\u00a0<em>San Francisco Examiner<\/em>, conhece o talentoso Eric Whelan, com quem partir\u00e1 para o Chile, para cobrir a iminente guerra civil.<br \/>\n\u00c0 medida que a guerra se intensifica, Emilia v\u00ea-se em perigo de vida e numa encruzilhada, colocando em quest\u00e3o a sua identidade, as suas ra\u00edzes e o seu destino.<br \/>\nUma hist\u00f3ria fascinante de autodescoberta e amor de uma das contadoras de hist\u00f3rias mais magistrais do nosso tempo. Na senda das inspiradoras personagens femininas fortes e inspiradoras, Emilia del Valle perdurar\u00e1 por muito tempo no cora\u00e7\u00e3o dos leitores.<\/p>\n","protected":false},"author":2,"featured_media":10533,"template":"","meta":[],"product_cat":[477],"product_tag":[],"cat_produtos":[],"yoast_head":"<!-- This site is optimized with the Yoast SEO plugin v16.6 - https:\/\/yoast.com\/wordpress\/plugins\/seo\/ -->\n<title>O meu nome \u00e9 Emilia del Valle - Livraria Solmar - Livraria online<\/title>\n<meta name=\"robots\" content=\"index, follow, max-snippet:-1, max-image-preview:large, max-video-preview:-1\" \/>\n<link rel=\"canonical\" href=\"https:\/\/livrariasolmar.pt\/en\/produto\/o-meu-nome-e-emilia-del-valle\/\" \/>\n<meta property=\"og:locale\" content=\"en_US\" \/>\n<meta property=\"og:type\" content=\"article\" \/>\n<meta property=\"og:title\" content=\"O meu nome \u00e9 Emilia del Valle - Livraria Solmar - Livraria online\" \/>\n<meta property=\"og:description\" content=\"S\u00e3o Francisco, 1866. Uma freira irlandesa, abandonada ap\u00f3s uma t\u00f3rrida rela\u00e7\u00e3o com um aristocrata chileno, d\u00e1 \u00e0 luz uma menina a que chama Emilia del Valle. Criada com devo\u00e7\u00e3o pelo seu carinhoso padrasto, Emilia tornar-se-\u00e1 uma jovem aut\u00f3noma e independente, que desafiar\u00e1 as normas sociais do seu tempo para seguir a sua verdadeira paix\u00e3o: a escrita. Com apenas 17 anos, publica o seu primeiro romance de cordel, sob pseud\u00f3nimo masculino. Quando o mundo da fic\u00e7\u00e3o se revela incapaz de conter o seu desejo de aventura, Emilia opta pelo jornalismo. No\u00a0San Francisco Examiner, conhece o talentoso Eric Whelan, com quem partir\u00e1 para o Chile, para cobrir a iminente guerra civil. \u00c0 medida que a guerra se intensifica, Emilia v\u00ea-se em perigo de vida e numa encruzilhada, colocando em quest\u00e3o a sua identidade, as suas ra\u00edzes e o seu destino. Uma hist\u00f3ria fascinante de autodescoberta e amor de uma das contadoras de hist\u00f3rias mais magistrais do nosso tempo. Na senda das inspiradoras personagens femininas fortes e inspiradoras, Emilia del Valle perdurar\u00e1 por muito tempo no cora\u00e7\u00e3o dos leitores.\" \/>\n<meta property=\"og:url\" content=\"https:\/\/livrariasolmar.pt\/produto\/o-meu-nome-e-emilia-del-valle\/\" \/>\n<meta property=\"og:site_name\" content=\"Livraria Solmar - Livraria online\" \/>\n<meta property=\"article:modified_time\" content=\"2025-07-25T18:11:51+00:00\" \/>\n<meta property=\"og:image\" content=\"https:\/\/livrariasolmar.pt\/wp-content\/uploads\/2025\/06\/image-1.jpg\" \/>\n\t<meta property=\"og:image:width\" content=\"131\" \/>\n\t<meta property=\"og:image:height\" content=\"202\" \/>\n<meta name=\"twitter:card\" content=\"summary_large_image\" \/>\n<script type=\"application\/ld+json\" class=\"yoast-schema-graph\">{\"@context\":\"https:\/\/schema.org\",\"@graph\":[{\"@type\":\"WebSite\",\"@id\":\"https:\/\/livrariasolmar.pt\/#website\",\"url\":\"https:\/\/livrariasolmar.pt\/\",\"name\":\"Livraria Solmar - Livraria online\",\"description\":\"Com\\u00e9rcio Livros E Objetos De Arte, Lda - Ponta Delgada, A\\u00e7ores\",\"potentialAction\":[{\"@type\":\"SearchAction\",\"target\":{\"@type\":\"EntryPoint\",\"urlTemplate\":\"https:\/\/livrariasolmar.pt\/?s={search_term_string}\"},\"query-input\":\"required name=search_term_string\"}],\"inLanguage\":\"en-US\"},{\"@type\":\"ImageObject\",\"@id\":\"https:\/\/livrariasolmar.pt\/produto\/o-meu-nome-e-emilia-del-valle\/#primaryimage\",\"inLanguage\":\"en-US\",\"url\":\"https:\/\/livrariasolmar.pt\/wp-content\/uploads\/2025\/06\/image-1.jpg\",\"contentUrl\":\"https:\/\/livrariasolmar.pt\/wp-content\/uploads\/2025\/06\/image-1.jpg\",\"width\":131,\"height\":202},{\"@type\":\"WebPage\",\"@id\":\"https:\/\/livrariasolmar.pt\/produto\/o-meu-nome-e-emilia-del-valle\/#webpage\",\"url\":\"https:\/\/livrariasolmar.pt\/produto\/o-meu-nome-e-emilia-del-valle\/\",\"name\":\"O meu nome \\u00e9 Emilia del Valle - Livraria Solmar - Livraria online\",\"isPartOf\":{\"@id\":\"https:\/\/livrariasolmar.pt\/#website\"},\"primaryImageOfPage\":{\"@id\":\"https:\/\/livrariasolmar.pt\/produto\/o-meu-nome-e-emilia-del-valle\/#primaryimage\"},\"datePublished\":\"2025-06-17T16:52:33+00:00\",\"dateModified\":\"2025-07-25T18:11:51+00:00\",\"breadcrumb\":{\"@id\":\"https:\/\/livrariasolmar.pt\/produto\/o-meu-nome-e-emilia-del-valle\/#breadcrumb\"},\"inLanguage\":\"en-US\",\"potentialAction\":[{\"@type\":\"ReadAction\",\"target\":[\"https:\/\/livrariasolmar.pt\/produto\/o-meu-nome-e-emilia-del-valle\/\"]}]},{\"@type\":\"BreadcrumbList\",\"@id\":\"https:\/\/livrariasolmar.pt\/produto\/o-meu-nome-e-emilia-del-valle\/#breadcrumb\",\"itemListElement\":[{\"@type\":\"ListItem\",\"position\":1,\"name\":\"In\\u00edcio\",\"item\":\"https:\/\/livrariasolmar.pt\/en\/\"},{\"@type\":\"ListItem\",\"position\":2,\"name\":\"Shop\",\"item\":\"https:\/\/livrariasolmar.pt\/en\/shop\/\"},{\"@type\":\"ListItem\",\"position\":3,\"name\":\"O meu nome \\u00e9 Emilia del Valle\"}]}]}<\/script>\n<!-- \/ Yoast SEO plugin. -->","_links":{"self":[{"href":"https:\/\/livrariasolmar.pt\/en\/wp-json\/wp\/v2\/product\/10532"}],"collection":[{"href":"https:\/\/livrariasolmar.pt\/en\/wp-json\/wp\/v2\/product"}],"about":[{"href":"https:\/\/livrariasolmar.pt\/en\/wp-json\/wp\/v2\/types\/product"}],"author":[{"embeddable":true,"href":"https:\/\/livrariasolmar.pt\/en\/wp-json\/wp\/v2\/users\/2"}],"wp:featuredmedia":[{"embeddable":true,"href":"https:\/\/livrariasolmar.pt\/en\/wp-json\/wp\/v2\/media\/10533"}],"wp:attachment":[{"href":"https:\/\/livrariasolmar.pt\/en\/wp-json\/wp\/v2\/media?parent=10532"}],"wp:term":[{"taxonomy":"product_cat","embeddable":true,"href":"https:\/\/livrariasolmar.pt\/en\/wp-json\/wp\/v2\/product_cat?post=10532"},{"taxonomy":"product_tag","embeddable":true,"href":"https:\/\/livrariasolmar.pt\/en\/wp-json\/wp\/v2\/product_tag?post=10532"},{"taxonomy":"cat_produtos","embeddable":true,"href":"https:\/\/livrariasolmar.pt\/en\/wp-json\/wp\/v2\/cat_produtos?post=10532"}],"curies":[{"name":"wp","href":"https:\/\/api.w.org\/{rel}","templated":true}]}}