{"id":10535,"date":"2025-06-17T17:18:05","date_gmt":"2025-06-17T17:18:05","guid":{"rendered":"https:\/\/livrariasolmar.pt\/?post_type=product&#038;p=10535"},"modified":"2025-08-26T15:51:09","modified_gmt":"2025-08-26T15:51:09","slug":"as-mortes-do-meu-pai","status":"publish","type":"product","link":"https:\/\/livrariasolmar.pt\/en\/produto\/as-mortes-do-meu-pai\/","title":{"rendered":"As Mortes do Meu Pai"},"content":{"rendered":"","protected":false},"excerpt":{"rendered":"<p>Ap\u00f3s uma guerra civil de seis anos, D. Pedro aceita a capitula\u00e7\u00e3o dos absolutistas com a assinatura da Conven\u00e7\u00e3o de \u00c9vora Monte. Mas, a partir do ex\u00edlio, D. Miguel denuncia o acordo, justificando ter sido coagido a assin\u00e1-lo, e lan\u00e7a um apelo \u00e0s armas. Em Portugal, Jos\u00e9 Joaquim dos Reis, o Remexido, forma uma guerrilha na serra algarvia e durante dois anos assola vilas e cidades, atacando as tropas do governo de D. Maria II.\u00a0<i>As Mortes do Meu Pai<\/i>\u00a0\u00e9 o relato destes dois anos, muito pouco conhecidos na hist\u00f3ria de Portugal &#8211; um suposto pa\u00eds de brandos costumes -, atrav\u00e9s da mem\u00f3ria da sua filha mais velha, Maria Marciana, j\u00e1 depois de o pai ter sido capturado, julgado e fuzilado em Faro.<br \/>\nMarciana socorre-se das mem\u00f3rias do fiel soldado guerrilheiro Domingos, um negro descendente de escravos com pontaria infal\u00edvel, e de Cabrita, habitante de Albufeira que registou os tr\u00e1gicos acontecimentos. Marciana procura entender como o pai, profundamente cat\u00f3lico e seguidor das Escrituras, foi capaz de cometer tantas atrocidades pelo amor ao Trono e a D. Miguel. O livro \u00e9 um olhar sobre a transi\u00e7\u00e3o do regime absolutista para um Portugal moderno e liberal, com todas as zonas cinzentas e contradi\u00e7\u00f5es deste momento singular da hist\u00f3ria de Portugal.<\/p>\n","protected":false},"author":2,"featured_media":10536,"template":"","meta":[],"product_cat":[153],"product_tag":[],"cat_produtos":[],"yoast_head":"<!-- This site is optimized with the Yoast SEO plugin v16.6 - https:\/\/yoast.com\/wordpress\/plugins\/seo\/ -->\n<title>As Mortes do Meu Pai - Livraria Solmar - Livraria online<\/title>\n<meta name=\"robots\" content=\"index, follow, max-snippet:-1, max-image-preview:large, max-video-preview:-1\" \/>\n<link rel=\"canonical\" href=\"https:\/\/livrariasolmar.pt\/en\/produto\/as-mortes-do-meu-pai\/\" \/>\n<meta property=\"og:locale\" content=\"en_US\" \/>\n<meta property=\"og:type\" content=\"article\" \/>\n<meta property=\"og:title\" content=\"As Mortes do Meu Pai - Livraria Solmar - Livraria online\" \/>\n<meta property=\"og:description\" content=\"Ap\u00f3s uma guerra civil de seis anos, D. Pedro aceita a capitula\u00e7\u00e3o dos absolutistas com a assinatura da Conven\u00e7\u00e3o de \u00c9vora Monte. Mas, a partir do ex\u00edlio, D. Miguel denuncia o acordo, justificando ter sido coagido a assin\u00e1-lo, e lan\u00e7a um apelo \u00e0s armas. Em Portugal, Jos\u00e9 Joaquim dos Reis, o Remexido, forma uma guerrilha na serra algarvia e durante dois anos assola vilas e cidades, atacando as tropas do governo de D. Maria II.\u00a0As Mortes do Meu Pai\u00a0\u00e9 o relato destes dois anos, muito pouco conhecidos na hist\u00f3ria de Portugal - um suposto pa\u00eds de brandos costumes -, atrav\u00e9s da mem\u00f3ria da sua filha mais velha, Maria Marciana, j\u00e1 depois de o pai ter sido capturado, julgado e fuzilado em Faro. Marciana socorre-se das mem\u00f3rias do fiel soldado guerrilheiro Domingos, um negro descendente de escravos com pontaria infal\u00edvel, e de Cabrita, habitante de Albufeira que registou os tr\u00e1gicos acontecimentos. Marciana procura entender como o pai, profundamente cat\u00f3lico e seguidor das Escrituras, foi capaz de cometer tantas atrocidades pelo amor ao Trono e a D. Miguel. O livro \u00e9 um olhar sobre a transi\u00e7\u00e3o do regime absolutista para um Portugal moderno e liberal, com todas as zonas cinzentas e contradi\u00e7\u00f5es deste momento singular da hist\u00f3ria de Portugal.\" \/>\n<meta property=\"og:url\" content=\"https:\/\/livrariasolmar.pt\/produto\/as-mortes-do-meu-pai\/\" \/>\n<meta property=\"og:site_name\" content=\"Livraria Solmar - Livraria online\" \/>\n<meta property=\"article:modified_time\" content=\"2025-08-26T15:51:09+00:00\" \/>\n<meta property=\"og:image\" content=\"https:\/\/livrariasolmar.pt\/wp-content\/uploads\/2025\/06\/1540-1-9.jpg\" \/>\n\t<meta property=\"og:image:width\" content=\"340\" \/>\n\t<meta property=\"og:image:height\" content=\"340\" \/>\n<meta name=\"twitter:card\" content=\"summary_large_image\" \/>\n<script type=\"application\/ld+json\" class=\"yoast-schema-graph\">{\"@context\":\"https:\/\/schema.org\",\"@graph\":[{\"@type\":\"WebSite\",\"@id\":\"https:\/\/livrariasolmar.pt\/#website\",\"url\":\"https:\/\/livrariasolmar.pt\/\",\"name\":\"Livraria Solmar - Livraria online\",\"description\":\"Com\\u00e9rcio Livros E Objetos De Arte, Lda - Ponta Delgada, A\\u00e7ores\",\"potentialAction\":[{\"@type\":\"SearchAction\",\"target\":{\"@type\":\"EntryPoint\",\"urlTemplate\":\"https:\/\/livrariasolmar.pt\/?s={search_term_string}\"},\"query-input\":\"required name=search_term_string\"}],\"inLanguage\":\"en-US\"},{\"@type\":\"ImageObject\",\"@id\":\"https:\/\/livrariasolmar.pt\/produto\/as-mortes-do-meu-pai\/#primaryimage\",\"inLanguage\":\"en-US\",\"url\":\"https:\/\/livrariasolmar.pt\/wp-content\/uploads\/2025\/06\/1540-1-9.jpg\",\"contentUrl\":\"https:\/\/livrariasolmar.pt\/wp-content\/uploads\/2025\/06\/1540-1-9.jpg\",\"width\":340,\"height\":340},{\"@type\":\"WebPage\",\"@id\":\"https:\/\/livrariasolmar.pt\/produto\/as-mortes-do-meu-pai\/#webpage\",\"url\":\"https:\/\/livrariasolmar.pt\/produto\/as-mortes-do-meu-pai\/\",\"name\":\"As Mortes do Meu Pai - Livraria Solmar - Livraria online\",\"isPartOf\":{\"@id\":\"https:\/\/livrariasolmar.pt\/#website\"},\"primaryImageOfPage\":{\"@id\":\"https:\/\/livrariasolmar.pt\/produto\/as-mortes-do-meu-pai\/#primaryimage\"},\"datePublished\":\"2025-06-17T17:18:05+00:00\",\"dateModified\":\"2025-08-26T15:51:09+00:00\",\"breadcrumb\":{\"@id\":\"https:\/\/livrariasolmar.pt\/produto\/as-mortes-do-meu-pai\/#breadcrumb\"},\"inLanguage\":\"en-US\",\"potentialAction\":[{\"@type\":\"ReadAction\",\"target\":[\"https:\/\/livrariasolmar.pt\/produto\/as-mortes-do-meu-pai\/\"]}]},{\"@type\":\"BreadcrumbList\",\"@id\":\"https:\/\/livrariasolmar.pt\/produto\/as-mortes-do-meu-pai\/#breadcrumb\",\"itemListElement\":[{\"@type\":\"ListItem\",\"position\":1,\"name\":\"In\\u00edcio\",\"item\":\"https:\/\/livrariasolmar.pt\/en\/\"},{\"@type\":\"ListItem\",\"position\":2,\"name\":\"Shop\",\"item\":\"https:\/\/livrariasolmar.pt\/en\/shop\/\"},{\"@type\":\"ListItem\",\"position\":3,\"name\":\"As Mortes do Meu Pai\"}]}]}<\/script>\n<!-- \/ Yoast SEO plugin. -->","_links":{"self":[{"href":"https:\/\/livrariasolmar.pt\/en\/wp-json\/wp\/v2\/product\/10535"}],"collection":[{"href":"https:\/\/livrariasolmar.pt\/en\/wp-json\/wp\/v2\/product"}],"about":[{"href":"https:\/\/livrariasolmar.pt\/en\/wp-json\/wp\/v2\/types\/product"}],"author":[{"embeddable":true,"href":"https:\/\/livrariasolmar.pt\/en\/wp-json\/wp\/v2\/users\/2"}],"wp:featuredmedia":[{"embeddable":true,"href":"https:\/\/livrariasolmar.pt\/en\/wp-json\/wp\/v2\/media\/10536"}],"wp:attachment":[{"href":"https:\/\/livrariasolmar.pt\/en\/wp-json\/wp\/v2\/media?parent=10535"}],"wp:term":[{"taxonomy":"product_cat","embeddable":true,"href":"https:\/\/livrariasolmar.pt\/en\/wp-json\/wp\/v2\/product_cat?post=10535"},{"taxonomy":"product_tag","embeddable":true,"href":"https:\/\/livrariasolmar.pt\/en\/wp-json\/wp\/v2\/product_tag?post=10535"},{"taxonomy":"cat_produtos","embeddable":true,"href":"https:\/\/livrariasolmar.pt\/en\/wp-json\/wp\/v2\/cat_produtos?post=10535"}],"curies":[{"name":"wp","href":"https:\/\/api.w.org\/{rel}","templated":true}]}}