{"id":10541,"date":"2025-06-18T16:40:23","date_gmt":"2025-06-18T16:40:23","guid":{"rendered":"https:\/\/livrariasolmar.pt\/?post_type=product&#038;p=10541"},"modified":"2025-08-26T16:10:18","modified_gmt":"2025-08-26T16:10:18","slug":"ofendidinhos","status":"publish","type":"product","link":"https:\/\/livrariasolmar.pt\/en\/produto\/ofendidinhos\/","title":{"rendered":"Ofendidinhos"},"content":{"rendered":"","protected":false},"excerpt":{"rendered":"<p><i>Ofendidinhos<\/i>\u00a0\u00e9 um ensaio l\u00facido e informado sobre as fal\u00e1cias do neoconservadorismo, do politicamente correto e da verdadeira natureza do puritanismo. Partindo de exemplos muito pr\u00f3ximos com que somos frequentemente confrontados nos media e que profetizam uma mudan\u00e7a radical no paradigma moral por que nos regemos hoje para viver em sociedade, Luc\u00eda Lijtmaer explora as verdadeiras amea\u00e7as \u00e0 liberdade de express\u00e3o, que n\u00e3o nos chegam atrav\u00e9s de minorias, das feministas ou de ofendidinhos, mas sim do poder pol\u00edtico e legislativo.<\/p>\n<p>Apontar com desprezo para o ofendidinho apenas criminaliza o seu direito \u2014 o nosso direito, enquanto sociedade \u2014 ao protesto e desfere um golpe profundo na ideia de democracia.<\/p>\n","protected":false},"author":2,"featured_media":10542,"template":"","meta":[],"product_cat":[153],"product_tag":[],"cat_produtos":[],"yoast_head":"<!-- This site is optimized with the Yoast SEO plugin v16.6 - https:\/\/yoast.com\/wordpress\/plugins\/seo\/ -->\n<title>Ofendidinhos - Livraria Solmar - Livraria online<\/title>\n<meta name=\"robots\" content=\"index, follow, max-snippet:-1, max-image-preview:large, max-video-preview:-1\" \/>\n<link rel=\"canonical\" href=\"https:\/\/livrariasolmar.pt\/en\/produto\/ofendidinhos\/\" \/>\n<meta property=\"og:locale\" content=\"en_US\" \/>\n<meta property=\"og:type\" content=\"article\" \/>\n<meta property=\"og:title\" content=\"Ofendidinhos - Livraria Solmar - Livraria online\" \/>\n<meta property=\"og:description\" content=\"Ofendidinhos\u00a0\u00e9 um ensaio l\u00facido e informado sobre as fal\u00e1cias do neoconservadorismo, do politicamente correto e da verdadeira natureza do puritanismo. Partindo de exemplos muito pr\u00f3ximos com que somos frequentemente confrontados nos media e que profetizam uma mudan\u00e7a radical no paradigma moral por que nos regemos hoje para viver em sociedade, Luc\u00eda Lijtmaer explora as verdadeiras amea\u00e7as \u00e0 liberdade de express\u00e3o, que n\u00e3o nos chegam atrav\u00e9s de minorias, das feministas ou de ofendidinhos, mas sim do poder pol\u00edtico e legislativo.  Apontar com desprezo para o ofendidinho apenas criminaliza o seu direito \u2014 o nosso direito, enquanto sociedade \u2014 ao protesto e desfere um golpe profundo na ideia de democracia.\" \/>\n<meta property=\"og:url\" content=\"https:\/\/livrariasolmar.pt\/produto\/ofendidinhos\/\" \/>\n<meta property=\"og:site_name\" content=\"Livraria Solmar - Livraria online\" \/>\n<meta property=\"article:modified_time\" content=\"2025-08-26T16:10:18+00:00\" \/>\n<meta property=\"og:image\" content=\"https:\/\/livrariasolmar.pt\/wp-content\/uploads\/2025\/06\/1540-1-10.jpg\" \/>\n\t<meta property=\"og:image:width\" content=\"340\" \/>\n\t<meta property=\"og:image:height\" content=\"340\" \/>\n<meta name=\"twitter:card\" content=\"summary_large_image\" \/>\n<script type=\"application\/ld+json\" class=\"yoast-schema-graph\">{\"@context\":\"https:\/\/schema.org\",\"@graph\":[{\"@type\":\"WebSite\",\"@id\":\"https:\/\/livrariasolmar.pt\/#website\",\"url\":\"https:\/\/livrariasolmar.pt\/\",\"name\":\"Livraria Solmar - Livraria online\",\"description\":\"Com\\u00e9rcio Livros E Objetos De Arte, Lda - Ponta Delgada, A\\u00e7ores\",\"potentialAction\":[{\"@type\":\"SearchAction\",\"target\":{\"@type\":\"EntryPoint\",\"urlTemplate\":\"https:\/\/livrariasolmar.pt\/?s={search_term_string}\"},\"query-input\":\"required name=search_term_string\"}],\"inLanguage\":\"en-US\"},{\"@type\":\"ImageObject\",\"@id\":\"https:\/\/livrariasolmar.pt\/produto\/ofendidinhos\/#primaryimage\",\"inLanguage\":\"en-US\",\"url\":\"https:\/\/livrariasolmar.pt\/wp-content\/uploads\/2025\/06\/1540-1-10.jpg\",\"contentUrl\":\"https:\/\/livrariasolmar.pt\/wp-content\/uploads\/2025\/06\/1540-1-10.jpg\",\"width\":340,\"height\":340},{\"@type\":\"WebPage\",\"@id\":\"https:\/\/livrariasolmar.pt\/produto\/ofendidinhos\/#webpage\",\"url\":\"https:\/\/livrariasolmar.pt\/produto\/ofendidinhos\/\",\"name\":\"Ofendidinhos - Livraria Solmar - Livraria online\",\"isPartOf\":{\"@id\":\"https:\/\/livrariasolmar.pt\/#website\"},\"primaryImageOfPage\":{\"@id\":\"https:\/\/livrariasolmar.pt\/produto\/ofendidinhos\/#primaryimage\"},\"datePublished\":\"2025-06-18T16:40:23+00:00\",\"dateModified\":\"2025-08-26T16:10:18+00:00\",\"breadcrumb\":{\"@id\":\"https:\/\/livrariasolmar.pt\/produto\/ofendidinhos\/#breadcrumb\"},\"inLanguage\":\"en-US\",\"potentialAction\":[{\"@type\":\"ReadAction\",\"target\":[\"https:\/\/livrariasolmar.pt\/produto\/ofendidinhos\/\"]}]},{\"@type\":\"BreadcrumbList\",\"@id\":\"https:\/\/livrariasolmar.pt\/produto\/ofendidinhos\/#breadcrumb\",\"itemListElement\":[{\"@type\":\"ListItem\",\"position\":1,\"name\":\"In\\u00edcio\",\"item\":\"https:\/\/livrariasolmar.pt\/en\/\"},{\"@type\":\"ListItem\",\"position\":2,\"name\":\"Shop\",\"item\":\"https:\/\/livrariasolmar.pt\/en\/shop\/\"},{\"@type\":\"ListItem\",\"position\":3,\"name\":\"Ofendidinhos\"}]}]}<\/script>\n<!-- \/ Yoast SEO plugin. -->","_links":{"self":[{"href":"https:\/\/livrariasolmar.pt\/en\/wp-json\/wp\/v2\/product\/10541"}],"collection":[{"href":"https:\/\/livrariasolmar.pt\/en\/wp-json\/wp\/v2\/product"}],"about":[{"href":"https:\/\/livrariasolmar.pt\/en\/wp-json\/wp\/v2\/types\/product"}],"author":[{"embeddable":true,"href":"https:\/\/livrariasolmar.pt\/en\/wp-json\/wp\/v2\/users\/2"}],"wp:featuredmedia":[{"embeddable":true,"href":"https:\/\/livrariasolmar.pt\/en\/wp-json\/wp\/v2\/media\/10542"}],"wp:attachment":[{"href":"https:\/\/livrariasolmar.pt\/en\/wp-json\/wp\/v2\/media?parent=10541"}],"wp:term":[{"taxonomy":"product_cat","embeddable":true,"href":"https:\/\/livrariasolmar.pt\/en\/wp-json\/wp\/v2\/product_cat?post=10541"},{"taxonomy":"product_tag","embeddable":true,"href":"https:\/\/livrariasolmar.pt\/en\/wp-json\/wp\/v2\/product_tag?post=10541"},{"taxonomy":"cat_produtos","embeddable":true,"href":"https:\/\/livrariasolmar.pt\/en\/wp-json\/wp\/v2\/cat_produtos?post=10541"}],"curies":[{"name":"wp","href":"https:\/\/api.w.org\/{rel}","templated":true}]}}