{"id":10544,"date":"2025-06-18T16:54:12","date_gmt":"2025-06-18T16:54:12","guid":{"rendered":"https:\/\/livrariasolmar.pt\/?post_type=product&#038;p=10544"},"modified":"2025-12-03T19:15:37","modified_gmt":"2025-12-03T19:15:37","slug":"o-mundo-em-2050","status":"publish","type":"product","link":"https:\/\/livrariasolmar.pt\/en\/produto\/o-mundo-em-2050\/","title":{"rendered":"O Mundo em 2050"},"content":{"rendered":"","protected":false},"excerpt":{"rendered":"<p>Como ser\u00e1 o mundo em 2050? Como \u00e9 que for\u00e7as complexas de mudan\u00e7a &#8211; a demografia, a press\u00e3o sobre os recursos e o ambiente, o com\u00e9rcio e finan\u00e7as internacionais, a tecnologia e o papel dos governos &#8211; afetar\u00e3o a nossa sociedade global? E como \u00e9 que, com tantas inc\u00f3gnitas, nos podemos preparar para o futuro?<\/p>\n<p>Hamish McRae \u00e9 uma das vozes mais importantes sobre as tend\u00eancias globais na economia, nos neg\u00f3cios e na sociedade, e nesta obra leva-nos numa viagem emocionante pelo futuro da humanidade. Com base em d\u00e9cadas de investiga\u00e7\u00e3o e conciliando an\u00e1lise econ\u00f3mica e perspetiva hist\u00f3rica, Hamish McRae pondera as oportunidades e os perigos que enfrentamos para nos ajudar a tra\u00e7ar um mapa do futuro.<\/p>\n<p>Por exemplo: em 2050, cerca de dois ter\u00e7os da popula\u00e7\u00e3o mundial ter\u00e3o n\u00edveis de vida de classe m\u00e9dia ou superiores; os EUA estar\u00e3o mais tranquilos, confort\u00e1veis e autoconfiantes enquanto na\u00e7\u00e3o; a China ser\u00e1 a maior economia mundial e passar\u00e1 da agress\u00e3o para a coopera\u00e7\u00e3o; \u00c1frica assumir\u00e1 um lugar mais importante no mundo; a globaliza\u00e7\u00e3o seguir\u00e1 um novo rumo &#8211; da troca de bens para a troca de ideias e dinheiro.<\/p>\n<p>O Mundo em 2050 \u00e9 uma proje\u00e7\u00e3o essencial para todos os que se preocupam com o que o futuro lhes reserva. Uma an\u00e1lise pertinente, rea<\/p>\n","protected":false},"author":2,"featured_media":10547,"template":"","meta":[],"product_cat":[366],"product_tag":[],"cat_produtos":[],"yoast_head":"<!-- This site is optimized with the Yoast SEO plugin v16.6 - https:\/\/yoast.com\/wordpress\/plugins\/seo\/ -->\n<title>O Mundo em 2050 - Livraria Solmar - Livraria online<\/title>\n<meta name=\"robots\" content=\"index, follow, max-snippet:-1, max-image-preview:large, max-video-preview:-1\" \/>\n<link rel=\"canonical\" href=\"https:\/\/livrariasolmar.pt\/en\/produto\/o-mundo-em-2050\/\" \/>\n<meta property=\"og:locale\" content=\"en_US\" \/>\n<meta property=\"og:type\" content=\"article\" \/>\n<meta property=\"og:title\" content=\"O Mundo em 2050 - Livraria Solmar - Livraria online\" \/>\n<meta property=\"og:description\" content=\"Como ser\u00e1 o mundo em 2050? Como \u00e9 que for\u00e7as complexas de mudan\u00e7a - a demografia, a press\u00e3o sobre os recursos e o ambiente, o com\u00e9rcio e finan\u00e7as internacionais, a tecnologia e o papel dos governos - afetar\u00e3o a nossa sociedade global? E como \u00e9 que, com tantas inc\u00f3gnitas, nos podemos preparar para o futuro?  Hamish McRae \u00e9 uma das vozes mais importantes sobre as tend\u00eancias globais na economia, nos neg\u00f3cios e na sociedade, e nesta obra leva-nos numa viagem emocionante pelo futuro da humanidade. Com base em d\u00e9cadas de investiga\u00e7\u00e3o e conciliando an\u00e1lise econ\u00f3mica e perspetiva hist\u00f3rica, Hamish McRae pondera as oportunidades e os perigos que enfrentamos para nos ajudar a tra\u00e7ar um mapa do futuro.  Por exemplo: em 2050, cerca de dois ter\u00e7os da popula\u00e7\u00e3o mundial ter\u00e3o n\u00edveis de vida de classe m\u00e9dia ou superiores; os EUA estar\u00e3o mais tranquilos, confort\u00e1veis e autoconfiantes enquanto na\u00e7\u00e3o; a China ser\u00e1 a maior economia mundial e passar\u00e1 da agress\u00e3o para a coopera\u00e7\u00e3o; \u00c1frica assumir\u00e1 um lugar mais importante no mundo; a globaliza\u00e7\u00e3o seguir\u00e1 um novo rumo - da troca de bens para a troca de ideias e dinheiro.  O Mundo em 2050 \u00e9 uma proje\u00e7\u00e3o essencial para todos os que se preocupam com o que o futuro lhes reserva. Uma an\u00e1lise pertinente, rea\" \/>\n<meta property=\"og:url\" content=\"https:\/\/livrariasolmar.pt\/produto\/o-mundo-em-2050\/\" \/>\n<meta property=\"og:site_name\" content=\"Livraria Solmar - Livraria online\" \/>\n<meta property=\"article:modified_time\" content=\"2025-12-03T19:15:37+00:00\" \/>\n<meta property=\"og:image\" content=\"https:\/\/livrariasolmar.pt\/wp-content\/uploads\/2025\/06\/o-mundo-em-2050-797915_2000x.jpg\" \/>\n\t<meta property=\"og:image:width\" content=\"915\" \/>\n\t<meta property=\"og:image:height\" content=\"1389\" \/>\n<meta name=\"twitter:card\" content=\"summary_large_image\" \/>\n<script type=\"application\/ld+json\" class=\"yoast-schema-graph\">{\"@context\":\"https:\/\/schema.org\",\"@graph\":[{\"@type\":\"WebSite\",\"@id\":\"https:\/\/livrariasolmar.pt\/#website\",\"url\":\"https:\/\/livrariasolmar.pt\/\",\"name\":\"Livraria Solmar - Livraria online\",\"description\":\"Com\\u00e9rcio Livros E Objetos De Arte, Lda - Ponta Delgada, A\\u00e7ores\",\"potentialAction\":[{\"@type\":\"SearchAction\",\"target\":{\"@type\":\"EntryPoint\",\"urlTemplate\":\"https:\/\/livrariasolmar.pt\/?s={search_term_string}\"},\"query-input\":\"required name=search_term_string\"}],\"inLanguage\":\"en-US\"},{\"@type\":\"ImageObject\",\"@id\":\"https:\/\/livrariasolmar.pt\/produto\/o-mundo-em-2050\/#primaryimage\",\"inLanguage\":\"en-US\",\"url\":\"https:\/\/livrariasolmar.pt\/wp-content\/uploads\/2025\/06\/o-mundo-em-2050-797915_2000x.jpg\",\"contentUrl\":\"https:\/\/livrariasolmar.pt\/wp-content\/uploads\/2025\/06\/o-mundo-em-2050-797915_2000x.jpg\",\"width\":915,\"height\":1389},{\"@type\":\"WebPage\",\"@id\":\"https:\/\/livrariasolmar.pt\/produto\/o-mundo-em-2050\/#webpage\",\"url\":\"https:\/\/livrariasolmar.pt\/produto\/o-mundo-em-2050\/\",\"name\":\"O Mundo em 2050 - Livraria Solmar - Livraria online\",\"isPartOf\":{\"@id\":\"https:\/\/livrariasolmar.pt\/#website\"},\"primaryImageOfPage\":{\"@id\":\"https:\/\/livrariasolmar.pt\/produto\/o-mundo-em-2050\/#primaryimage\"},\"datePublished\":\"2025-06-18T16:54:12+00:00\",\"dateModified\":\"2025-12-03T19:15:37+00:00\",\"breadcrumb\":{\"@id\":\"https:\/\/livrariasolmar.pt\/produto\/o-mundo-em-2050\/#breadcrumb\"},\"inLanguage\":\"en-US\",\"potentialAction\":[{\"@type\":\"ReadAction\",\"target\":[\"https:\/\/livrariasolmar.pt\/produto\/o-mundo-em-2050\/\"]}]},{\"@type\":\"BreadcrumbList\",\"@id\":\"https:\/\/livrariasolmar.pt\/produto\/o-mundo-em-2050\/#breadcrumb\",\"itemListElement\":[{\"@type\":\"ListItem\",\"position\":1,\"name\":\"In\\u00edcio\",\"item\":\"https:\/\/livrariasolmar.pt\/en\/\"},{\"@type\":\"ListItem\",\"position\":2,\"name\":\"Shop\",\"item\":\"https:\/\/livrariasolmar.pt\/en\/shop\/\"},{\"@type\":\"ListItem\",\"position\":3,\"name\":\"O Mundo em 2050\"}]}]}<\/script>\n<!-- \/ Yoast SEO plugin. -->","_links":{"self":[{"href":"https:\/\/livrariasolmar.pt\/en\/wp-json\/wp\/v2\/product\/10544"}],"collection":[{"href":"https:\/\/livrariasolmar.pt\/en\/wp-json\/wp\/v2\/product"}],"about":[{"href":"https:\/\/livrariasolmar.pt\/en\/wp-json\/wp\/v2\/types\/product"}],"author":[{"embeddable":true,"href":"https:\/\/livrariasolmar.pt\/en\/wp-json\/wp\/v2\/users\/2"}],"wp:featuredmedia":[{"embeddable":true,"href":"https:\/\/livrariasolmar.pt\/en\/wp-json\/wp\/v2\/media\/10547"}],"wp:attachment":[{"href":"https:\/\/livrariasolmar.pt\/en\/wp-json\/wp\/v2\/media?parent=10544"}],"wp:term":[{"taxonomy":"product_cat","embeddable":true,"href":"https:\/\/livrariasolmar.pt\/en\/wp-json\/wp\/v2\/product_cat?post=10544"},{"taxonomy":"product_tag","embeddable":true,"href":"https:\/\/livrariasolmar.pt\/en\/wp-json\/wp\/v2\/product_tag?post=10544"},{"taxonomy":"cat_produtos","embeddable":true,"href":"https:\/\/livrariasolmar.pt\/en\/wp-json\/wp\/v2\/cat_produtos?post=10544"}],"curies":[{"name":"wp","href":"https:\/\/api.w.org\/{rel}","templated":true}]}}