{"id":10552,"date":"2025-06-18T17:42:01","date_gmt":"2025-06-18T17:42:01","guid":{"rendered":"https:\/\/livrariasolmar.pt\/?post_type=product&#038;p=10552"},"modified":"2025-09-25T19:43:12","modified_gmt":"2025-09-25T19:43:12","slug":"como-enfrentar-o-odio","status":"publish","type":"product","link":"https:\/\/livrariasolmar.pt\/en\/produto\/como-enfrentar-o-odio\/","title":{"rendered":"Como Enfrentar o \u00d3dio"},"content":{"rendered":"","protected":false},"excerpt":{"rendered":"<p>Ainda no final dos anos 2000, Felipe Neto tornou-se um fen\u00f3meno da Internet. Os seus v\u00eddeos, marcados por um tom agressivo, mas bem-humorado, eram motivados por puro \u00f3dio e n\u00e3o poupavam ningu\u00e9m: as bandas adolescentes, a saga Crep\u00fasculo, a corrup\u00e7\u00e3o, o Partido dos Trabalhadores (PT), Lula e Dilma Rousseff &#8211; nada escapava \u00e0s suas cr\u00edticas. A f\u00f3rmula funcionou, e foi o primeiro YouTuber brasileiro a conquistar 1 milh\u00e3o de subscritores, transformando inclusive a forma de produzir conte\u00fado digital no pa\u00eds.<\/p>\n<p>No entanto, com o impeachment da ex-presidente Dilma Rousseff, a crescente aproxima\u00e7\u00e3o da extrema-direita ao poder e o recrudescimento de discursos de \u00f3dio contra minorias, Felipe come\u00e7ou a questionar as suas convic\u00e7\u00f5es. Onde, exatamente, se encaixava ele no espectro pol\u00edtico, uma vez que terminologias como &#8220;esquerda&#8221; e &#8220;direita&#8221; pareciam n\u00e3o ser suficientes?<\/p>\n<p>Em Como enfrentar o \u00f3dio, Felipe Neto descreve o seu processo de tomada de consci\u00eancia pol\u00edtica &#8211; t\u00e3o semelhante ao de milh\u00f5es de brasileiros &#8211; e o papel do \u00f3dio na sua vida, primeiro como for\u00e7a propulsora da sua carreira e, depois, como ferramenta de que ele pr\u00f3prio se tornou v\u00edtima, em especial durante o governo de Jair Bolsonaro.<\/p>\n<p>Com uma perspetiva \u00fanica sobre as redes sociais e o seu papel na manipula\u00e7\u00e3o dos utilizadores, Felipe apresenta as engrenagens do Gabinete do \u00d3dio e revela como combateu os in\u00fameros ataques e as persegui\u00e7\u00f5es de que foi alvo por parte de grupos bolsonaristas.<\/p>\n<p>Como pano de fundo dessa narrativa est\u00e1 um Brasil dividido, que viveu as elei\u00e7\u00f5es mais turbulentas desde a redemocratiza\u00e7\u00e3o, uma pandemia e um governo que fez da Internet o seu principal campo de batalha.<\/p>\n<p>Ao entrela\u00e7ar os acontecimentos recentes que marcaram o Brasil com a sua trajet\u00f3ria de resist\u00eancia, Felipe Neto convida-nos a usar a boa comunica\u00e7\u00e3o para combater o obscurantismo, o retrocesso e o \u00f3dio que assola a sociedade.<\/p>\n","protected":false},"author":2,"featured_media":10553,"template":"","meta":[],"product_cat":[153],"product_tag":[],"cat_produtos":[],"yoast_head":"<!-- This site is optimized with the Yoast SEO plugin v16.6 - https:\/\/yoast.com\/wordpress\/plugins\/seo\/ -->\n<title>Como Enfrentar o \u00d3dio - Livraria Solmar - Livraria online<\/title>\n<meta name=\"robots\" content=\"index, follow, max-snippet:-1, max-image-preview:large, max-video-preview:-1\" \/>\n<link rel=\"canonical\" href=\"https:\/\/livrariasolmar.pt\/en\/produto\/como-enfrentar-o-odio\/\" \/>\n<meta property=\"og:locale\" content=\"en_US\" \/>\n<meta property=\"og:type\" content=\"article\" \/>\n<meta property=\"og:title\" content=\"Como Enfrentar o \u00d3dio - Livraria Solmar - Livraria online\" \/>\n<meta property=\"og:description\" content=\"Ainda no final dos anos 2000, Felipe Neto tornou-se um fen\u00f3meno da Internet. Os seus v\u00eddeos, marcados por um tom agressivo, mas bem-humorado, eram motivados por puro \u00f3dio e n\u00e3o poupavam ningu\u00e9m: as bandas adolescentes, a saga Crep\u00fasculo, a corrup\u00e7\u00e3o, o Partido dos Trabalhadores (PT), Lula e Dilma Rousseff - nada escapava \u00e0s suas cr\u00edticas. A f\u00f3rmula funcionou, e foi o primeiro YouTuber brasileiro a conquistar 1 milh\u00e3o de subscritores, transformando inclusive a forma de produzir conte\u00fado digital no pa\u00eds.  No entanto, com o impeachment da ex-presidente Dilma Rousseff, a crescente aproxima\u00e7\u00e3o da extrema-direita ao poder e o recrudescimento de discursos de \u00f3dio contra minorias, Felipe come\u00e7ou a questionar as suas convic\u00e7\u00f5es. Onde, exatamente, se encaixava ele no espectro pol\u00edtico, uma vez que terminologias como &quot;esquerda&quot; e &quot;direita&quot; pareciam n\u00e3o ser suficientes?  Em Como enfrentar o \u00f3dio, Felipe Neto descreve o seu processo de tomada de consci\u00eancia pol\u00edtica - t\u00e3o semelhante ao de milh\u00f5es de brasileiros - e o papel do \u00f3dio na sua vida, primeiro como for\u00e7a propulsora da sua carreira e, depois, como ferramenta de que ele pr\u00f3prio se tornou v\u00edtima, em especial durante o governo de Jair Bolsonaro.  Com uma perspetiva \u00fanica sobre as redes sociais e o seu papel na manipula\u00e7\u00e3o dos utilizadores, Felipe apresenta as engrenagens do Gabinete do \u00d3dio e revela como combateu os in\u00fameros ataques e as persegui\u00e7\u00f5es de que foi alvo por parte de grupos bolsonaristas.  Como pano de fundo dessa narrativa est\u00e1 um Brasil dividido, que viveu as elei\u00e7\u00f5es mais turbulentas desde a redemocratiza\u00e7\u00e3o, uma pandemia e um governo que fez da Internet o seu principal campo de batalha.  Ao entrela\u00e7ar os acontecimentos recentes que marcaram o Brasil com a sua trajet\u00f3ria de resist\u00eancia, Felipe Neto convida-nos a usar a boa comunica\u00e7\u00e3o para combater o obscurantismo, o retrocesso e o \u00f3dio que assola a sociedade.\" \/>\n<meta property=\"og:url\" content=\"https:\/\/livrariasolmar.pt\/produto\/como-enfrentar-o-odio\/\" \/>\n<meta property=\"og:site_name\" content=\"Livraria Solmar - Livraria online\" \/>\n<meta property=\"article:modified_time\" content=\"2025-09-25T19:43:12+00:00\" \/>\n<meta property=\"og:image\" content=\"https:\/\/livrariasolmar.pt\/wp-content\/uploads\/2025\/06\/1507-1-1-2.jpg\" \/>\n\t<meta property=\"og:image:width\" content=\"400\" \/>\n\t<meta property=\"og:image:height\" content=\"605\" \/>\n<meta name=\"twitter:card\" content=\"summary_large_image\" \/>\n<script type=\"application\/ld+json\" class=\"yoast-schema-graph\">{\"@context\":\"https:\/\/schema.org\",\"@graph\":[{\"@type\":\"WebSite\",\"@id\":\"https:\/\/livrariasolmar.pt\/#website\",\"url\":\"https:\/\/livrariasolmar.pt\/\",\"name\":\"Livraria Solmar - Livraria online\",\"description\":\"Com\\u00e9rcio Livros E Objetos De Arte, Lda - Ponta Delgada, A\\u00e7ores\",\"potentialAction\":[{\"@type\":\"SearchAction\",\"target\":{\"@type\":\"EntryPoint\",\"urlTemplate\":\"https:\/\/livrariasolmar.pt\/?s={search_term_string}\"},\"query-input\":\"required name=search_term_string\"}],\"inLanguage\":\"en-US\"},{\"@type\":\"ImageObject\",\"@id\":\"https:\/\/livrariasolmar.pt\/produto\/como-enfrentar-o-odio\/#primaryimage\",\"inLanguage\":\"en-US\",\"url\":\"https:\/\/livrariasolmar.pt\/wp-content\/uploads\/2025\/06\/1507-1-1-2.jpg\",\"contentUrl\":\"https:\/\/livrariasolmar.pt\/wp-content\/uploads\/2025\/06\/1507-1-1-2.jpg\",\"width\":400,\"height\":605},{\"@type\":\"WebPage\",\"@id\":\"https:\/\/livrariasolmar.pt\/produto\/como-enfrentar-o-odio\/#webpage\",\"url\":\"https:\/\/livrariasolmar.pt\/produto\/como-enfrentar-o-odio\/\",\"name\":\"Como Enfrentar o \\u00d3dio - Livraria Solmar - Livraria online\",\"isPartOf\":{\"@id\":\"https:\/\/livrariasolmar.pt\/#website\"},\"primaryImageOfPage\":{\"@id\":\"https:\/\/livrariasolmar.pt\/produto\/como-enfrentar-o-odio\/#primaryimage\"},\"datePublished\":\"2025-06-18T17:42:01+00:00\",\"dateModified\":\"2025-09-25T19:43:12+00:00\",\"breadcrumb\":{\"@id\":\"https:\/\/livrariasolmar.pt\/produto\/como-enfrentar-o-odio\/#breadcrumb\"},\"inLanguage\":\"en-US\",\"potentialAction\":[{\"@type\":\"ReadAction\",\"target\":[\"https:\/\/livrariasolmar.pt\/produto\/como-enfrentar-o-odio\/\"]}]},{\"@type\":\"BreadcrumbList\",\"@id\":\"https:\/\/livrariasolmar.pt\/produto\/como-enfrentar-o-odio\/#breadcrumb\",\"itemListElement\":[{\"@type\":\"ListItem\",\"position\":1,\"name\":\"In\\u00edcio\",\"item\":\"https:\/\/livrariasolmar.pt\/en\/\"},{\"@type\":\"ListItem\",\"position\":2,\"name\":\"Shop\",\"item\":\"https:\/\/livrariasolmar.pt\/en\/shop\/\"},{\"@type\":\"ListItem\",\"position\":3,\"name\":\"Como Enfrentar o \\u00d3dio\"}]}]}<\/script>\n<!-- \/ Yoast SEO plugin. -->","_links":{"self":[{"href":"https:\/\/livrariasolmar.pt\/en\/wp-json\/wp\/v2\/product\/10552"}],"collection":[{"href":"https:\/\/livrariasolmar.pt\/en\/wp-json\/wp\/v2\/product"}],"about":[{"href":"https:\/\/livrariasolmar.pt\/en\/wp-json\/wp\/v2\/types\/product"}],"author":[{"embeddable":true,"href":"https:\/\/livrariasolmar.pt\/en\/wp-json\/wp\/v2\/users\/2"}],"wp:featuredmedia":[{"embeddable":true,"href":"https:\/\/livrariasolmar.pt\/en\/wp-json\/wp\/v2\/media\/10553"}],"wp:attachment":[{"href":"https:\/\/livrariasolmar.pt\/en\/wp-json\/wp\/v2\/media?parent=10552"}],"wp:term":[{"taxonomy":"product_cat","embeddable":true,"href":"https:\/\/livrariasolmar.pt\/en\/wp-json\/wp\/v2\/product_cat?post=10552"},{"taxonomy":"product_tag","embeddable":true,"href":"https:\/\/livrariasolmar.pt\/en\/wp-json\/wp\/v2\/product_tag?post=10552"},{"taxonomy":"cat_produtos","embeddable":true,"href":"https:\/\/livrariasolmar.pt\/en\/wp-json\/wp\/v2\/cat_produtos?post=10552"}],"curies":[{"name":"wp","href":"https:\/\/api.w.org\/{rel}","templated":true}]}}