{"id":10555,"date":"2025-06-18T18:03:35","date_gmt":"2025-06-18T18:03:35","guid":{"rendered":"https:\/\/livrariasolmar.pt\/?post_type=product&#038;p=10555"},"modified":"2025-09-25T19:15:53","modified_gmt":"2025-09-25T19:15:53","slug":"apagar-a-historia","status":"publish","type":"product","link":"https:\/\/livrariasolmar.pt\/en\/produto\/apagar-a-historia\/","title":{"rendered":"Apagar a Hist\u00f3ria"},"content":{"rendered":"","protected":false},"excerpt":{"rendered":"<p>Encontramo-nos, uma vez mais, a n\u00edvel global, sob a amea\u00e7a de um movimento fascista em ascens\u00e3o. N\u00e3o s\u00f3 nos Estados Unidos a democracia est\u00e1 sob ataque de um movimento autorit\u00e1rio, que encontrou terreno f\u00e9rtil entre os pol\u00edticos e eleitores conservadores do pa\u00eds, como movimentos semelhantes se multiplicam em todo o mundo. Para compreender a forma e os riscos deste ataque, temos de recuar e extrair li\u00e7\u00f5es do passado.<\/p>\n<p>Em Apagar a Hist\u00f3ria, Jason Stanley, professor de Filosofia de Yale, exp\u00f5e o verdadeiro perigo dos ataques da direita autorit\u00e1ria \u00e0 educa\u00e7\u00e3o, identifica as suas principais t\u00e1ticas e financiadores, e tra\u00e7a as suas ra\u00edzes intelectuais. Explica, tamb\u00e9m, como as escolas e universidades das sociedades democr\u00e1ticas est\u00e3o mal preparadas para se defenderem do ataque fascista em curso.<\/p>\n<p>Profundamente informado e urgentemente necess\u00e1rio, este livro \u00e9 um apelo global \u00e0 a\u00e7\u00e3o para aqueles que desejam preservar a democracia &#8211; na Am\u00e9rica e no mundo &#8211; antes que seja tarde demais.<\/p>\n","protected":false},"author":2,"featured_media":10556,"template":"","meta":[],"product_cat":[166],"product_tag":[],"cat_produtos":[],"yoast_head":"<!-- This site is optimized with the Yoast SEO plugin v16.6 - https:\/\/yoast.com\/wordpress\/plugins\/seo\/ -->\n<title>Apagar a Hist\u00f3ria - Livraria Solmar - Livraria online<\/title>\n<meta name=\"robots\" content=\"index, follow, max-snippet:-1, max-image-preview:large, max-video-preview:-1\" \/>\n<link rel=\"canonical\" href=\"https:\/\/livrariasolmar.pt\/en\/produto\/apagar-a-historia\/\" \/>\n<meta property=\"og:locale\" content=\"en_US\" \/>\n<meta property=\"og:type\" content=\"article\" \/>\n<meta property=\"og:title\" content=\"Apagar a Hist\u00f3ria - Livraria Solmar - Livraria online\" \/>\n<meta property=\"og:description\" content=\"Encontramo-nos, uma vez mais, a n\u00edvel global, sob a amea\u00e7a de um movimento fascista em ascens\u00e3o. N\u00e3o s\u00f3 nos Estados Unidos a democracia est\u00e1 sob ataque de um movimento autorit\u00e1rio, que encontrou terreno f\u00e9rtil entre os pol\u00edticos e eleitores conservadores do pa\u00eds, como movimentos semelhantes se multiplicam em todo o mundo. Para compreender a forma e os riscos deste ataque, temos de recuar e extrair li\u00e7\u00f5es do passado.  Em Apagar a Hist\u00f3ria, Jason Stanley, professor de Filosofia de Yale, exp\u00f5e o verdadeiro perigo dos ataques da direita autorit\u00e1ria \u00e0 educa\u00e7\u00e3o, identifica as suas principais t\u00e1ticas e financiadores, e tra\u00e7a as suas ra\u00edzes intelectuais. Explica, tamb\u00e9m, como as escolas e universidades das sociedades democr\u00e1ticas est\u00e3o mal preparadas para se defenderem do ataque fascista em curso.  Profundamente informado e urgentemente necess\u00e1rio, este livro \u00e9 um apelo global \u00e0 a\u00e7\u00e3o para aqueles que desejam preservar a democracia - na Am\u00e9rica e no mundo - antes que seja tarde demais.\" \/>\n<meta property=\"og:url\" content=\"https:\/\/livrariasolmar.pt\/produto\/apagar-a-historia\/\" \/>\n<meta property=\"og:site_name\" content=\"Livraria Solmar - Livraria online\" \/>\n<meta property=\"article:modified_time\" content=\"2025-09-25T19:15:53+00:00\" \/>\n<meta property=\"og:image\" content=\"https:\/\/livrariasolmar.pt\/wp-content\/uploads\/2025\/06\/1540-1-11.jpg\" \/>\n\t<meta property=\"og:image:width\" content=\"340\" \/>\n\t<meta property=\"og:image:height\" content=\"340\" \/>\n<meta name=\"twitter:card\" content=\"summary_large_image\" \/>\n<script type=\"application\/ld+json\" class=\"yoast-schema-graph\">{\"@context\":\"https:\/\/schema.org\",\"@graph\":[{\"@type\":\"WebSite\",\"@id\":\"https:\/\/livrariasolmar.pt\/#website\",\"url\":\"https:\/\/livrariasolmar.pt\/\",\"name\":\"Livraria Solmar - Livraria online\",\"description\":\"Com\\u00e9rcio Livros E Objetos De Arte, Lda - Ponta Delgada, A\\u00e7ores\",\"potentialAction\":[{\"@type\":\"SearchAction\",\"target\":{\"@type\":\"EntryPoint\",\"urlTemplate\":\"https:\/\/livrariasolmar.pt\/?s={search_term_string}\"},\"query-input\":\"required name=search_term_string\"}],\"inLanguage\":\"en-US\"},{\"@type\":\"ImageObject\",\"@id\":\"https:\/\/livrariasolmar.pt\/produto\/apagar-a-historia\/#primaryimage\",\"inLanguage\":\"en-US\",\"url\":\"https:\/\/livrariasolmar.pt\/wp-content\/uploads\/2025\/06\/1540-1-11.jpg\",\"contentUrl\":\"https:\/\/livrariasolmar.pt\/wp-content\/uploads\/2025\/06\/1540-1-11.jpg\",\"width\":340,\"height\":340},{\"@type\":\"WebPage\",\"@id\":\"https:\/\/livrariasolmar.pt\/produto\/apagar-a-historia\/#webpage\",\"url\":\"https:\/\/livrariasolmar.pt\/produto\/apagar-a-historia\/\",\"name\":\"Apagar a Hist\\u00f3ria - Livraria Solmar - Livraria online\",\"isPartOf\":{\"@id\":\"https:\/\/livrariasolmar.pt\/#website\"},\"primaryImageOfPage\":{\"@id\":\"https:\/\/livrariasolmar.pt\/produto\/apagar-a-historia\/#primaryimage\"},\"datePublished\":\"2025-06-18T18:03:35+00:00\",\"dateModified\":\"2025-09-25T19:15:53+00:00\",\"breadcrumb\":{\"@id\":\"https:\/\/livrariasolmar.pt\/produto\/apagar-a-historia\/#breadcrumb\"},\"inLanguage\":\"en-US\",\"potentialAction\":[{\"@type\":\"ReadAction\",\"target\":[\"https:\/\/livrariasolmar.pt\/produto\/apagar-a-historia\/\"]}]},{\"@type\":\"BreadcrumbList\",\"@id\":\"https:\/\/livrariasolmar.pt\/produto\/apagar-a-historia\/#breadcrumb\",\"itemListElement\":[{\"@type\":\"ListItem\",\"position\":1,\"name\":\"In\\u00edcio\",\"item\":\"https:\/\/livrariasolmar.pt\/en\/\"},{\"@type\":\"ListItem\",\"position\":2,\"name\":\"Shop\",\"item\":\"https:\/\/livrariasolmar.pt\/en\/shop\/\"},{\"@type\":\"ListItem\",\"position\":3,\"name\":\"Apagar a Hist\\u00f3ria\"}]}]}<\/script>\n<!-- \/ Yoast SEO plugin. -->","_links":{"self":[{"href":"https:\/\/livrariasolmar.pt\/en\/wp-json\/wp\/v2\/product\/10555"}],"collection":[{"href":"https:\/\/livrariasolmar.pt\/en\/wp-json\/wp\/v2\/product"}],"about":[{"href":"https:\/\/livrariasolmar.pt\/en\/wp-json\/wp\/v2\/types\/product"}],"author":[{"embeddable":true,"href":"https:\/\/livrariasolmar.pt\/en\/wp-json\/wp\/v2\/users\/2"}],"wp:featuredmedia":[{"embeddable":true,"href":"https:\/\/livrariasolmar.pt\/en\/wp-json\/wp\/v2\/media\/10556"}],"wp:attachment":[{"href":"https:\/\/livrariasolmar.pt\/en\/wp-json\/wp\/v2\/media?parent=10555"}],"wp:term":[{"taxonomy":"product_cat","embeddable":true,"href":"https:\/\/livrariasolmar.pt\/en\/wp-json\/wp\/v2\/product_cat?post=10555"},{"taxonomy":"product_tag","embeddable":true,"href":"https:\/\/livrariasolmar.pt\/en\/wp-json\/wp\/v2\/product_tag?post=10555"},{"taxonomy":"cat_produtos","embeddable":true,"href":"https:\/\/livrariasolmar.pt\/en\/wp-json\/wp\/v2\/cat_produtos?post=10555"}],"curies":[{"name":"wp","href":"https:\/\/api.w.org\/{rel}","templated":true}]}}