{"id":10558,"date":"2025-06-18T18:13:18","date_gmt":"2025-06-18T18:13:18","guid":{"rendered":"https:\/\/livrariasolmar.pt\/?post_type=product&#038;p=10558"},"modified":"2025-11-16T16:34:53","modified_gmt":"2025-11-16T16:34:53","slug":"liberdade-para-aprender","status":"publish","type":"product","link":"https:\/\/livrariasolmar.pt\/en\/produto\/liberdade-para-aprender\/","title":{"rendered":"Liberdade para Aprender"},"content":{"rendered":"","protected":false},"excerpt":{"rendered":"<p>Esta escola assim n\u00e3o serve.<br \/>\nUm livro que \u00e9 um diagn\u00f3stico, um alerta e uma proposta de mudan\u00e7a.<\/p>\n<p>O impulso para brincar \u00e9 uma parte significativa dos meios naturais de auto-educa\u00e7\u00e3o das crian\u00e7as, pelo que uma parte deste livro \u00e9 sobre o poder da brincadeira. Ao longo do \u00faltimo meio s\u00e9culo temos assistido a uma eros\u00e3o cont\u00ednua da liberdade das crian\u00e7as para brincar. A consequ\u00eancia disso tem sido um decl\u00ednio cont\u00ednuo da sa\u00fade mental e f\u00edsica dos jovens.<\/p>\n<p>Se esta tend\u00eancia se mantiver, corremos o s\u00e9rio risco de produzir gera\u00e7\u00f5es futuras de adultos que n\u00e3o conseguem encontrar o seu pr\u00f3prio caminho na vida<\/p>\n","protected":false},"author":2,"featured_media":10559,"template":"","meta":[],"product_cat":[426],"product_tag":[],"cat_produtos":[],"yoast_head":"<!-- This site is optimized with the Yoast SEO plugin v16.6 - https:\/\/yoast.com\/wordpress\/plugins\/seo\/ -->\n<title>Liberdade para Aprender - Livraria Solmar - Livraria online<\/title>\n<meta name=\"robots\" content=\"index, follow, max-snippet:-1, max-image-preview:large, max-video-preview:-1\" \/>\n<link rel=\"canonical\" href=\"https:\/\/livrariasolmar.pt\/en\/produto\/liberdade-para-aprender\/\" \/>\n<meta property=\"og:locale\" content=\"en_US\" \/>\n<meta property=\"og:type\" content=\"article\" \/>\n<meta property=\"og:title\" content=\"Liberdade para Aprender - Livraria Solmar - Livraria online\" \/>\n<meta property=\"og:description\" content=\"Esta escola assim n\u00e3o serve. Um livro que \u00e9 um diagn\u00f3stico, um alerta e uma proposta de mudan\u00e7a.  O impulso para brincar \u00e9 uma parte significativa dos meios naturais de auto-educa\u00e7\u00e3o das crian\u00e7as, pelo que uma parte deste livro \u00e9 sobre o poder da brincadeira. Ao longo do \u00faltimo meio s\u00e9culo temos assistido a uma eros\u00e3o cont\u00ednua da liberdade das crian\u00e7as para brincar. A consequ\u00eancia disso tem sido um decl\u00ednio cont\u00ednuo da sa\u00fade mental e f\u00edsica dos jovens.  Se esta tend\u00eancia se mantiver, corremos o s\u00e9rio risco de produzir gera\u00e7\u00f5es futuras de adultos que n\u00e3o conseguem encontrar o seu pr\u00f3prio caminho na vida\" \/>\n<meta property=\"og:url\" content=\"https:\/\/livrariasolmar.pt\/produto\/liberdade-para-aprender\/\" \/>\n<meta property=\"og:site_name\" content=\"Livraria Solmar - Livraria online\" \/>\n<meta property=\"article:modified_time\" content=\"2025-11-16T16:34:53+00:00\" \/>\n<meta property=\"og:image\" content=\"https:\/\/livrariasolmar.pt\/wp-content\/uploads\/2025\/06\/1540-1-12.jpg\" \/>\n\t<meta property=\"og:image:width\" content=\"340\" \/>\n\t<meta property=\"og:image:height\" content=\"340\" \/>\n<meta name=\"twitter:card\" content=\"summary_large_image\" \/>\n<script type=\"application\/ld+json\" class=\"yoast-schema-graph\">{\"@context\":\"https:\/\/schema.org\",\"@graph\":[{\"@type\":\"WebSite\",\"@id\":\"https:\/\/livrariasolmar.pt\/#website\",\"url\":\"https:\/\/livrariasolmar.pt\/\",\"name\":\"Livraria Solmar - Livraria online\",\"description\":\"Com\\u00e9rcio Livros E Objetos De Arte, Lda - Ponta Delgada, A\\u00e7ores\",\"potentialAction\":[{\"@type\":\"SearchAction\",\"target\":{\"@type\":\"EntryPoint\",\"urlTemplate\":\"https:\/\/livrariasolmar.pt\/?s={search_term_string}\"},\"query-input\":\"required name=search_term_string\"}],\"inLanguage\":\"en-US\"},{\"@type\":\"ImageObject\",\"@id\":\"https:\/\/livrariasolmar.pt\/produto\/liberdade-para-aprender\/#primaryimage\",\"inLanguage\":\"en-US\",\"url\":\"https:\/\/livrariasolmar.pt\/wp-content\/uploads\/2025\/06\/1540-1-12.jpg\",\"contentUrl\":\"https:\/\/livrariasolmar.pt\/wp-content\/uploads\/2025\/06\/1540-1-12.jpg\",\"width\":340,\"height\":340},{\"@type\":\"WebPage\",\"@id\":\"https:\/\/livrariasolmar.pt\/produto\/liberdade-para-aprender\/#webpage\",\"url\":\"https:\/\/livrariasolmar.pt\/produto\/liberdade-para-aprender\/\",\"name\":\"Liberdade para Aprender - Livraria Solmar - Livraria online\",\"isPartOf\":{\"@id\":\"https:\/\/livrariasolmar.pt\/#website\"},\"primaryImageOfPage\":{\"@id\":\"https:\/\/livrariasolmar.pt\/produto\/liberdade-para-aprender\/#primaryimage\"},\"datePublished\":\"2025-06-18T18:13:18+00:00\",\"dateModified\":\"2025-11-16T16:34:53+00:00\",\"breadcrumb\":{\"@id\":\"https:\/\/livrariasolmar.pt\/produto\/liberdade-para-aprender\/#breadcrumb\"},\"inLanguage\":\"en-US\",\"potentialAction\":[{\"@type\":\"ReadAction\",\"target\":[\"https:\/\/livrariasolmar.pt\/produto\/liberdade-para-aprender\/\"]}]},{\"@type\":\"BreadcrumbList\",\"@id\":\"https:\/\/livrariasolmar.pt\/produto\/liberdade-para-aprender\/#breadcrumb\",\"itemListElement\":[{\"@type\":\"ListItem\",\"position\":1,\"name\":\"In\\u00edcio\",\"item\":\"https:\/\/livrariasolmar.pt\/en\/\"},{\"@type\":\"ListItem\",\"position\":2,\"name\":\"Shop\",\"item\":\"https:\/\/livrariasolmar.pt\/en\/shop\/\"},{\"@type\":\"ListItem\",\"position\":3,\"name\":\"Liberdade para Aprender\"}]}]}<\/script>\n<!-- \/ Yoast SEO plugin. -->","_links":{"self":[{"href":"https:\/\/livrariasolmar.pt\/en\/wp-json\/wp\/v2\/product\/10558"}],"collection":[{"href":"https:\/\/livrariasolmar.pt\/en\/wp-json\/wp\/v2\/product"}],"about":[{"href":"https:\/\/livrariasolmar.pt\/en\/wp-json\/wp\/v2\/types\/product"}],"author":[{"embeddable":true,"href":"https:\/\/livrariasolmar.pt\/en\/wp-json\/wp\/v2\/users\/2"}],"wp:featuredmedia":[{"embeddable":true,"href":"https:\/\/livrariasolmar.pt\/en\/wp-json\/wp\/v2\/media\/10559"}],"wp:attachment":[{"href":"https:\/\/livrariasolmar.pt\/en\/wp-json\/wp\/v2\/media?parent=10558"}],"wp:term":[{"taxonomy":"product_cat","embeddable":true,"href":"https:\/\/livrariasolmar.pt\/en\/wp-json\/wp\/v2\/product_cat?post=10558"},{"taxonomy":"product_tag","embeddable":true,"href":"https:\/\/livrariasolmar.pt\/en\/wp-json\/wp\/v2\/product_tag?post=10558"},{"taxonomy":"cat_produtos","embeddable":true,"href":"https:\/\/livrariasolmar.pt\/en\/wp-json\/wp\/v2\/cat_produtos?post=10558"}],"curies":[{"name":"wp","href":"https:\/\/api.w.org\/{rel}","templated":true}]}}