{"id":10567,"date":"2025-06-27T19:29:01","date_gmt":"2025-06-27T19:29:01","guid":{"rendered":"https:\/\/livrariasolmar.pt\/?post_type=product&#038;p=10567"},"modified":"2026-03-11T18:44:26","modified_gmt":"2026-03-11T18:44:26","slug":"condenacao","status":"publish","type":"product","link":"https:\/\/livrariasolmar.pt\/en\/produto\/condenacao\/","title":{"rendered":"Condena\u00e7\u00e3o"},"content":{"rendered":"","protected":false},"excerpt":{"rendered":"<p>Dois italianos condenados \u00e0 morte.<br \/>\nUm dos crimes mais estudados nos Estados Unidos.<br \/>\nTer\u00e1 sido um a\u00e7oriano o verdadeiro respons\u00e1vel?<\/p>\n<p>Na d\u00e9cada de 1920, os Estados Unidos da Am\u00e9rica implementam a Lei Seca.<\/p>\n<p>Na sombra de Al Capone, proliferam gangues que dominam o tr\u00e1fico de bebidas destiladas e que procuram sangue novo para recrutar.<\/p>\n<p>Sa\u00eddo de uma comunidade a\u00e7oriana do Massachusetts que produz aguardente em alambiques ilegais, o jovem Salvador Silver vai aprender as r\u00edgidas leis da delinqu\u00eancia com o trapaceiro Arthur Trato e vai envolver-se com os Morelli, uma fam\u00edlia mafiosa.<\/p>\n<p>Mais tarde, cometer\u00e1 delitos graves que o colocam ao lado dos anarquistas Sacco e Vanzetti, que seriam celebremente julgados e condenados \u00e0 cadeira el\u00e9trica.<\/p>\n<p>Por\u00e9m, ter\u00e1 sido Salvador Silver o verdadeiro respons\u00e1vel pelos crimes que levaram ao fim da vida daqueles dois italianos?<\/p>\n<p>Nesta hist\u00f3ria baseada em factos documentados pela imprensa americana da \u00e9poca, o autor Pedro Almeida Maia traz \u00e0 luz o percurso de um portugu\u00eas imponderado, que foi, por um s\u00e9culo, abafado pelo mediatismo de um dos casos mais estudados dos tribunais estadunidenses.<\/p>\n","protected":false},"author":2,"featured_media":10568,"template":"","meta":[],"product_cat":[146],"product_tag":[],"cat_produtos":[],"yoast_head":"<!-- This site is optimized with the Yoast SEO plugin v16.6 - https:\/\/yoast.com\/wordpress\/plugins\/seo\/ -->\n<title>Condena\u00e7\u00e3o - Livraria Solmar - Livraria online<\/title>\n<meta name=\"robots\" content=\"index, follow, max-snippet:-1, max-image-preview:large, max-video-preview:-1\" \/>\n<link rel=\"canonical\" href=\"https:\/\/livrariasolmar.pt\/en\/produto\/condenacao\/\" \/>\n<meta property=\"og:locale\" content=\"en_US\" \/>\n<meta property=\"og:type\" content=\"article\" \/>\n<meta property=\"og:title\" content=\"Condena\u00e7\u00e3o - Livraria Solmar - Livraria online\" \/>\n<meta property=\"og:description\" content=\"Dois italianos condenados \u00e0 morte. Um dos crimes mais estudados nos Estados Unidos. Ter\u00e1 sido um a\u00e7oriano o verdadeiro respons\u00e1vel?  Na d\u00e9cada de 1920, os Estados Unidos da Am\u00e9rica implementam a Lei Seca.  Na sombra de Al Capone, proliferam gangues que dominam o tr\u00e1fico de bebidas destiladas e que procuram sangue novo para recrutar.  Sa\u00eddo de uma comunidade a\u00e7oriana do Massachusetts que produz aguardente em alambiques ilegais, o jovem Salvador Silver vai aprender as r\u00edgidas leis da delinqu\u00eancia com o trapaceiro Arthur Trato e vai envolver-se com os Morelli, uma fam\u00edlia mafiosa.  Mais tarde, cometer\u00e1 delitos graves que o colocam ao lado dos anarquistas Sacco e Vanzetti, que seriam celebremente julgados e condenados \u00e0 cadeira el\u00e9trica.  Por\u00e9m, ter\u00e1 sido Salvador Silver o verdadeiro respons\u00e1vel pelos crimes que levaram ao fim da vida daqueles dois italianos?  Nesta hist\u00f3ria baseada em factos documentados pela imprensa americana da \u00e9poca, o autor Pedro Almeida Maia traz \u00e0 luz o percurso de um portugu\u00eas imponderado, que foi, por um s\u00e9culo, abafado pelo mediatismo de um dos casos mais estudados dos tribunais estadunidenses.\" \/>\n<meta property=\"og:url\" content=\"https:\/\/livrariasolmar.pt\/produto\/condenacao\/\" \/>\n<meta property=\"og:site_name\" content=\"Livraria Solmar - Livraria online\" \/>\n<meta property=\"article:modified_time\" content=\"2026-03-11T18:44:26+00:00\" \/>\n<meta property=\"og:image\" content=\"https:\/\/livrariasolmar.pt\/wp-content\/uploads\/2025\/06\/1540-1-13.jpg\" \/>\n\t<meta property=\"og:image:width\" content=\"340\" \/>\n\t<meta property=\"og:image:height\" content=\"340\" \/>\n<meta name=\"twitter:card\" content=\"summary_large_image\" \/>\n<script type=\"application\/ld+json\" class=\"yoast-schema-graph\">{\"@context\":\"https:\/\/schema.org\",\"@graph\":[{\"@type\":\"WebSite\",\"@id\":\"https:\/\/livrariasolmar.pt\/#website\",\"url\":\"https:\/\/livrariasolmar.pt\/\",\"name\":\"Livraria Solmar - Livraria online\",\"description\":\"Com\\u00e9rcio Livros E Objetos De Arte, Lda - Ponta Delgada, A\\u00e7ores\",\"potentialAction\":[{\"@type\":\"SearchAction\",\"target\":{\"@type\":\"EntryPoint\",\"urlTemplate\":\"https:\/\/livrariasolmar.pt\/?s={search_term_string}\"},\"query-input\":\"required name=search_term_string\"}],\"inLanguage\":\"en-US\"},{\"@type\":\"ImageObject\",\"@id\":\"https:\/\/livrariasolmar.pt\/produto\/condenacao\/#primaryimage\",\"inLanguage\":\"en-US\",\"url\":\"https:\/\/livrariasolmar.pt\/wp-content\/uploads\/2025\/06\/1540-1-13.jpg\",\"contentUrl\":\"https:\/\/livrariasolmar.pt\/wp-content\/uploads\/2025\/06\/1540-1-13.jpg\",\"width\":340,\"height\":340},{\"@type\":\"WebPage\",\"@id\":\"https:\/\/livrariasolmar.pt\/produto\/condenacao\/#webpage\",\"url\":\"https:\/\/livrariasolmar.pt\/produto\/condenacao\/\",\"name\":\"Condena\\u00e7\\u00e3o - Livraria Solmar - Livraria online\",\"isPartOf\":{\"@id\":\"https:\/\/livrariasolmar.pt\/#website\"},\"primaryImageOfPage\":{\"@id\":\"https:\/\/livrariasolmar.pt\/produto\/condenacao\/#primaryimage\"},\"datePublished\":\"2025-06-27T19:29:01+00:00\",\"dateModified\":\"2026-03-11T18:44:26+00:00\",\"breadcrumb\":{\"@id\":\"https:\/\/livrariasolmar.pt\/produto\/condenacao\/#breadcrumb\"},\"inLanguage\":\"en-US\",\"potentialAction\":[{\"@type\":\"ReadAction\",\"target\":[\"https:\/\/livrariasolmar.pt\/produto\/condenacao\/\"]}]},{\"@type\":\"BreadcrumbList\",\"@id\":\"https:\/\/livrariasolmar.pt\/produto\/condenacao\/#breadcrumb\",\"itemListElement\":[{\"@type\":\"ListItem\",\"position\":1,\"name\":\"In\\u00edcio\",\"item\":\"https:\/\/livrariasolmar.pt\/en\/\"},{\"@type\":\"ListItem\",\"position\":2,\"name\":\"Shop\",\"item\":\"https:\/\/livrariasolmar.pt\/en\/shop\/\"},{\"@type\":\"ListItem\",\"position\":3,\"name\":\"Condena\\u00e7\\u00e3o\"}]}]}<\/script>\n<!-- \/ Yoast SEO plugin. -->","_links":{"self":[{"href":"https:\/\/livrariasolmar.pt\/en\/wp-json\/wp\/v2\/product\/10567"}],"collection":[{"href":"https:\/\/livrariasolmar.pt\/en\/wp-json\/wp\/v2\/product"}],"about":[{"href":"https:\/\/livrariasolmar.pt\/en\/wp-json\/wp\/v2\/types\/product"}],"author":[{"embeddable":true,"href":"https:\/\/livrariasolmar.pt\/en\/wp-json\/wp\/v2\/users\/2"}],"wp:featuredmedia":[{"embeddable":true,"href":"https:\/\/livrariasolmar.pt\/en\/wp-json\/wp\/v2\/media\/10568"}],"wp:attachment":[{"href":"https:\/\/livrariasolmar.pt\/en\/wp-json\/wp\/v2\/media?parent=10567"}],"wp:term":[{"taxonomy":"product_cat","embeddable":true,"href":"https:\/\/livrariasolmar.pt\/en\/wp-json\/wp\/v2\/product_cat?post=10567"},{"taxonomy":"product_tag","embeddable":true,"href":"https:\/\/livrariasolmar.pt\/en\/wp-json\/wp\/v2\/product_tag?post=10567"},{"taxonomy":"cat_produtos","embeddable":true,"href":"https:\/\/livrariasolmar.pt\/en\/wp-json\/wp\/v2\/cat_produtos?post=10567"}],"curies":[{"name":"wp","href":"https:\/\/api.w.org\/{rel}","templated":true}]}}