{"id":10571,"date":"2025-07-01T16:04:47","date_gmt":"2025-07-01T16:04:47","guid":{"rendered":"https:\/\/livrariasolmar.pt\/?post_type=product&#038;p=10571"},"modified":"2025-11-29T17:43:02","modified_gmt":"2025-11-29T17:43:02","slug":"a-invencao-da-biologia-linnaeus-buffon-e-todos-os-seres-vivos","status":"publish","type":"product","link":"https:\/\/livrariasolmar.pt\/en\/produto\/a-invencao-da-biologia-linnaeus-buffon-e-todos-os-seres-vivos\/","title":{"rendered":"A Inven\u00e7\u00e3o da Biologia &#8211; Linnaeus, Buffon e todos os seres vivos"},"content":{"rendered":"","protected":false},"excerpt":{"rendered":"<p>No s\u00e9culo XVIII, dois homens da mesma idade, mas com personalidades totalmente opostas, dedicaram as suas vidas a uma tarefa colossal: identificar e descrever todas as formas de vida na Terra. Carl Linnaeus, um m\u00e9dico sueco muito devoto e com dotes de comerciante, considerava que a classifica\u00e7\u00e3o devia corresponder a categorias ordenadas e est\u00e1ticas.<\/p>\n<p>Pelo contr\u00e1rio, Georges-Louis de Buffon, aristocrata, pol\u00edmata e diretor do Jardin du Roi de Fran\u00e7a, via a vida como um turbilh\u00e3o din\u00e2mico e complexo. Cada um deles desenvolveu o seu trabalho ciente das dificuldades envolvidas, mas acreditando que era poss\u00edvel realiz\u00e1-lo. Interrogavam-se: como podia o planeta albergar apenas alguns milhares de esp\u00e9cies?<\/p>\n<p>Ap\u00f3s mais de uma d\u00e9cada de investiga\u00e7\u00e3o, Jason Roberts narra, com uma prosa \u00e1gil e elegante, uma inesquec\u00edvel e sedutora hist\u00f3ria ver\u00eddica que examina as vidas entrela\u00e7adas e os legados cient\u00edficos destes dois grandes pioneiros. Um livro que tra\u00e7a um arco de conhecimento e descoberta que se estende por tr\u00eas s\u00e9culos at\u00e9 aos dias de hoje.<\/p>\n","protected":false},"author":2,"featured_media":10572,"template":"","meta":[],"product_cat":[178],"product_tag":[],"cat_produtos":[],"yoast_head":"<!-- This site is optimized with the Yoast SEO plugin v16.6 - https:\/\/yoast.com\/wordpress\/plugins\/seo\/ -->\n<title>A Inven\u00e7\u00e3o da Biologia - Linnaeus, Buffon e todos os seres vivos - Livraria Solmar - Livraria online<\/title>\n<meta name=\"robots\" content=\"index, follow, max-snippet:-1, max-image-preview:large, max-video-preview:-1\" \/>\n<link rel=\"canonical\" href=\"https:\/\/livrariasolmar.pt\/en\/produto\/a-invencao-da-biologia-linnaeus-buffon-e-todos-os-seres-vivos\/\" \/>\n<meta property=\"og:locale\" content=\"en_US\" \/>\n<meta property=\"og:type\" content=\"article\" \/>\n<meta property=\"og:title\" content=\"A Inven\u00e7\u00e3o da Biologia - Linnaeus, Buffon e todos os seres vivos - Livraria Solmar - Livraria online\" \/>\n<meta property=\"og:description\" content=\"No s\u00e9culo XVIII, dois homens da mesma idade, mas com personalidades totalmente opostas, dedicaram as suas vidas a uma tarefa colossal: identificar e descrever todas as formas de vida na Terra. Carl Linnaeus, um m\u00e9dico sueco muito devoto e com dotes de comerciante, considerava que a classifica\u00e7\u00e3o devia corresponder a categorias ordenadas e est\u00e1ticas.  Pelo contr\u00e1rio, Georges-Louis de Buffon, aristocrata, pol\u00edmata e diretor do Jardin du Roi de Fran\u00e7a, via a vida como um turbilh\u00e3o din\u00e2mico e complexo. Cada um deles desenvolveu o seu trabalho ciente das dificuldades envolvidas, mas acreditando que era poss\u00edvel realiz\u00e1-lo. Interrogavam-se: como podia o planeta albergar apenas alguns milhares de esp\u00e9cies?  Ap\u00f3s mais de uma d\u00e9cada de investiga\u00e7\u00e3o, Jason Roberts narra, com uma prosa \u00e1gil e elegante, uma inesquec\u00edvel e sedutora hist\u00f3ria ver\u00eddica que examina as vidas entrela\u00e7adas e os legados cient\u00edficos destes dois grandes pioneiros. Um livro que tra\u00e7a um arco de conhecimento e descoberta que se estende por tr\u00eas s\u00e9culos at\u00e9 aos dias de hoje.\" \/>\n<meta property=\"og:url\" content=\"https:\/\/livrariasolmar.pt\/produto\/a-invencao-da-biologia-linnaeus-buffon-e-todos-os-seres-vivos\/\" \/>\n<meta property=\"og:site_name\" content=\"Livraria Solmar - Livraria online\" \/>\n<meta property=\"article:modified_time\" content=\"2025-11-29T17:43:02+00:00\" \/>\n<meta property=\"og:image\" content=\"https:\/\/livrariasolmar.pt\/wp-content\/uploads\/2025\/07\/1540-1-1.jpg\" \/>\n\t<meta property=\"og:image:width\" content=\"340\" \/>\n\t<meta property=\"og:image:height\" content=\"340\" \/>\n<meta name=\"twitter:card\" content=\"summary_large_image\" \/>\n<script type=\"application\/ld+json\" class=\"yoast-schema-graph\">{\"@context\":\"https:\/\/schema.org\",\"@graph\":[{\"@type\":\"WebSite\",\"@id\":\"https:\/\/livrariasolmar.pt\/#website\",\"url\":\"https:\/\/livrariasolmar.pt\/\",\"name\":\"Livraria Solmar - Livraria online\",\"description\":\"Com\\u00e9rcio Livros E Objetos De Arte, Lda - Ponta Delgada, A\\u00e7ores\",\"potentialAction\":[{\"@type\":\"SearchAction\",\"target\":{\"@type\":\"EntryPoint\",\"urlTemplate\":\"https:\/\/livrariasolmar.pt\/?s={search_term_string}\"},\"query-input\":\"required name=search_term_string\"}],\"inLanguage\":\"en-US\"},{\"@type\":\"ImageObject\",\"@id\":\"https:\/\/livrariasolmar.pt\/produto\/a-invencao-da-biologia-linnaeus-buffon-e-todos-os-seres-vivos\/#primaryimage\",\"inLanguage\":\"en-US\",\"url\":\"https:\/\/livrariasolmar.pt\/wp-content\/uploads\/2025\/07\/1540-1-1.jpg\",\"contentUrl\":\"https:\/\/livrariasolmar.pt\/wp-content\/uploads\/2025\/07\/1540-1-1.jpg\",\"width\":340,\"height\":340},{\"@type\":\"WebPage\",\"@id\":\"https:\/\/livrariasolmar.pt\/produto\/a-invencao-da-biologia-linnaeus-buffon-e-todos-os-seres-vivos\/#webpage\",\"url\":\"https:\/\/livrariasolmar.pt\/produto\/a-invencao-da-biologia-linnaeus-buffon-e-todos-os-seres-vivos\/\",\"name\":\"A Inven\\u00e7\\u00e3o da Biologia - Linnaeus, Buffon e todos os seres vivos - Livraria Solmar - Livraria online\",\"isPartOf\":{\"@id\":\"https:\/\/livrariasolmar.pt\/#website\"},\"primaryImageOfPage\":{\"@id\":\"https:\/\/livrariasolmar.pt\/produto\/a-invencao-da-biologia-linnaeus-buffon-e-todos-os-seres-vivos\/#primaryimage\"},\"datePublished\":\"2025-07-01T16:04:47+00:00\",\"dateModified\":\"2025-11-29T17:43:02+00:00\",\"breadcrumb\":{\"@id\":\"https:\/\/livrariasolmar.pt\/produto\/a-invencao-da-biologia-linnaeus-buffon-e-todos-os-seres-vivos\/#breadcrumb\"},\"inLanguage\":\"en-US\",\"potentialAction\":[{\"@type\":\"ReadAction\",\"target\":[\"https:\/\/livrariasolmar.pt\/produto\/a-invencao-da-biologia-linnaeus-buffon-e-todos-os-seres-vivos\/\"]}]},{\"@type\":\"BreadcrumbList\",\"@id\":\"https:\/\/livrariasolmar.pt\/produto\/a-invencao-da-biologia-linnaeus-buffon-e-todos-os-seres-vivos\/#breadcrumb\",\"itemListElement\":[{\"@type\":\"ListItem\",\"position\":1,\"name\":\"In\\u00edcio\",\"item\":\"https:\/\/livrariasolmar.pt\/en\/\"},{\"@type\":\"ListItem\",\"position\":2,\"name\":\"Shop\",\"item\":\"https:\/\/livrariasolmar.pt\/en\/shop\/\"},{\"@type\":\"ListItem\",\"position\":3,\"name\":\"A Inven\\u00e7\\u00e3o da Biologia &#8211; Linnaeus, Buffon e todos os seres vivos\"}]}]}<\/script>\n<!-- \/ Yoast SEO plugin. -->","_links":{"self":[{"href":"https:\/\/livrariasolmar.pt\/en\/wp-json\/wp\/v2\/product\/10571"}],"collection":[{"href":"https:\/\/livrariasolmar.pt\/en\/wp-json\/wp\/v2\/product"}],"about":[{"href":"https:\/\/livrariasolmar.pt\/en\/wp-json\/wp\/v2\/types\/product"}],"author":[{"embeddable":true,"href":"https:\/\/livrariasolmar.pt\/en\/wp-json\/wp\/v2\/users\/2"}],"wp:featuredmedia":[{"embeddable":true,"href":"https:\/\/livrariasolmar.pt\/en\/wp-json\/wp\/v2\/media\/10572"}],"wp:attachment":[{"href":"https:\/\/livrariasolmar.pt\/en\/wp-json\/wp\/v2\/media?parent=10571"}],"wp:term":[{"taxonomy":"product_cat","embeddable":true,"href":"https:\/\/livrariasolmar.pt\/en\/wp-json\/wp\/v2\/product_cat?post=10571"},{"taxonomy":"product_tag","embeddable":true,"href":"https:\/\/livrariasolmar.pt\/en\/wp-json\/wp\/v2\/product_tag?post=10571"},{"taxonomy":"cat_produtos","embeddable":true,"href":"https:\/\/livrariasolmar.pt\/en\/wp-json\/wp\/v2\/cat_produtos?post=10571"}],"curies":[{"name":"wp","href":"https:\/\/api.w.org\/{rel}","templated":true}]}}