{"id":10574,"date":"2025-07-01T16:13:24","date_gmt":"2025-07-01T16:13:24","guid":{"rendered":"https:\/\/livrariasolmar.pt\/?post_type=product&#038;p=10574"},"modified":"2025-11-02T13:32:29","modified_gmt":"2025-11-02T13:32:29","slug":"construtores-de-mundos-a-tecnologia-e-a-nova-geopolitica","status":"publish","type":"product","link":"https:\/\/livrariasolmar.pt\/en\/produto\/construtores-de-mundos-a-tecnologia-e-a-nova-geopolitica\/","title":{"rendered":"Construtores de Mundos &#8211; A Tecnologia e a Nova Geopol\u00edtica"},"content":{"rendered":"","protected":false},"excerpt":{"rendered":"<p>A pol\u00edtica mundial mudou, afirma\u00a0<i>Bruno Ma\u00e7\u00e3es<\/i>. A geopol\u00edtica deixou de ser simplesmente uma competi\u00e7\u00e3o pelo controlo territorial: nesta era de alta tecnologia, transformou-se numa competi\u00e7\u00e3o para criar o territ\u00f3rio.<\/p>\n<p>As grandes pot\u00eancias procuram construir um mundo habitado por outros Estados, conservando ao mesmo tempo a capacidade para mudar as regras ou o estado do mundo sempre que seja necess\u00e1rio. Num momento em que os antigos conceitos j\u00e1 n\u00e3o funcionam, este livro visa introduzir uma teoria radicalmente nova acerca da pol\u00edtica mundial e da tecnologia.<\/p>\n<p>Entendidos como uma \u00abconstru\u00e7\u00e3o do mundo\u00bb, os acontecimentos mais importantes dos nossos conturbados tempos surgem subitamente ligados e \u00e9 revelada a sua l\u00f3gica interna: as guerras tecnol\u00f3gicas entre a China e os Estados Unidos, a pandemia, a guerra na Ucr\u00e2nia e a transi\u00e7\u00e3o energ\u00e9tica.<\/p>\n<p>Em conclus\u00e3o,\u00a0<i>Ma\u00e7\u00e3es<\/i>\u00a0considera o futuro mais distante, em que o metaverso e a intelig\u00eancia artificial se transformam no mundo &#8211; um mundo que as grandes pot\u00eancias t\u00eam de se esfor\u00e7ar por construir e controlar.<\/p>\n","protected":false},"author":2,"featured_media":10575,"template":"","meta":[],"product_cat":[166],"product_tag":[],"cat_produtos":[],"yoast_head":"<!-- This site is optimized with the Yoast SEO plugin v16.6 - https:\/\/yoast.com\/wordpress\/plugins\/seo\/ -->\n<title>Construtores de Mundos - A Tecnologia e a Nova Geopol\u00edtica - Livraria Solmar - Livraria online<\/title>\n<meta name=\"robots\" content=\"index, follow, max-snippet:-1, max-image-preview:large, max-video-preview:-1\" \/>\n<link rel=\"canonical\" href=\"https:\/\/livrariasolmar.pt\/en\/produto\/construtores-de-mundos-a-tecnologia-e-a-nova-geopolitica\/\" \/>\n<meta property=\"og:locale\" content=\"en_US\" \/>\n<meta property=\"og:type\" content=\"article\" \/>\n<meta property=\"og:title\" content=\"Construtores de Mundos - A Tecnologia e a Nova Geopol\u00edtica - Livraria Solmar - Livraria online\" \/>\n<meta property=\"og:description\" content=\"A pol\u00edtica mundial mudou, afirma\u00a0Bruno Ma\u00e7\u00e3es. A geopol\u00edtica deixou de ser simplesmente uma competi\u00e7\u00e3o pelo controlo territorial: nesta era de alta tecnologia, transformou-se numa competi\u00e7\u00e3o para criar o territ\u00f3rio.  As grandes pot\u00eancias procuram construir um mundo habitado por outros Estados, conservando ao mesmo tempo a capacidade para mudar as regras ou o estado do mundo sempre que seja necess\u00e1rio. Num momento em que os antigos conceitos j\u00e1 n\u00e3o funcionam, este livro visa introduzir uma teoria radicalmente nova acerca da pol\u00edtica mundial e da tecnologia.  Entendidos como uma \u00abconstru\u00e7\u00e3o do mundo\u00bb, os acontecimentos mais importantes dos nossos conturbados tempos surgem subitamente ligados e \u00e9 revelada a sua l\u00f3gica interna: as guerras tecnol\u00f3gicas entre a China e os Estados Unidos, a pandemia, a guerra na Ucr\u00e2nia e a transi\u00e7\u00e3o energ\u00e9tica.  Em conclus\u00e3o,\u00a0Ma\u00e7\u00e3es\u00a0considera o futuro mais distante, em que o metaverso e a intelig\u00eancia artificial se transformam no mundo - um mundo que as grandes pot\u00eancias t\u00eam de se esfor\u00e7ar por construir e controlar.\" \/>\n<meta property=\"og:url\" content=\"https:\/\/livrariasolmar.pt\/produto\/construtores-de-mundos-a-tecnologia-e-a-nova-geopolitica\/\" \/>\n<meta property=\"og:site_name\" content=\"Livraria Solmar - Livraria online\" \/>\n<meta property=\"article:modified_time\" content=\"2025-11-02T13:32:29+00:00\" \/>\n<meta property=\"og:image\" content=\"https:\/\/livrariasolmar.pt\/wp-content\/uploads\/2025\/07\/1540-1-2.jpg\" \/>\n\t<meta property=\"og:image:width\" content=\"340\" \/>\n\t<meta property=\"og:image:height\" content=\"340\" \/>\n<meta name=\"twitter:card\" content=\"summary_large_image\" \/>\n<script type=\"application\/ld+json\" class=\"yoast-schema-graph\">{\"@context\":\"https:\/\/schema.org\",\"@graph\":[{\"@type\":\"WebSite\",\"@id\":\"https:\/\/livrariasolmar.pt\/#website\",\"url\":\"https:\/\/livrariasolmar.pt\/\",\"name\":\"Livraria Solmar - Livraria online\",\"description\":\"Com\\u00e9rcio Livros E Objetos De Arte, Lda - Ponta Delgada, A\\u00e7ores\",\"potentialAction\":[{\"@type\":\"SearchAction\",\"target\":{\"@type\":\"EntryPoint\",\"urlTemplate\":\"https:\/\/livrariasolmar.pt\/?s={search_term_string}\"},\"query-input\":\"required name=search_term_string\"}],\"inLanguage\":\"en-US\"},{\"@type\":\"ImageObject\",\"@id\":\"https:\/\/livrariasolmar.pt\/produto\/construtores-de-mundos-a-tecnologia-e-a-nova-geopolitica\/#primaryimage\",\"inLanguage\":\"en-US\",\"url\":\"https:\/\/livrariasolmar.pt\/wp-content\/uploads\/2025\/07\/1540-1-2.jpg\",\"contentUrl\":\"https:\/\/livrariasolmar.pt\/wp-content\/uploads\/2025\/07\/1540-1-2.jpg\",\"width\":340,\"height\":340},{\"@type\":\"WebPage\",\"@id\":\"https:\/\/livrariasolmar.pt\/produto\/construtores-de-mundos-a-tecnologia-e-a-nova-geopolitica\/#webpage\",\"url\":\"https:\/\/livrariasolmar.pt\/produto\/construtores-de-mundos-a-tecnologia-e-a-nova-geopolitica\/\",\"name\":\"Construtores de Mundos - A Tecnologia e a Nova Geopol\\u00edtica - Livraria Solmar - Livraria online\",\"isPartOf\":{\"@id\":\"https:\/\/livrariasolmar.pt\/#website\"},\"primaryImageOfPage\":{\"@id\":\"https:\/\/livrariasolmar.pt\/produto\/construtores-de-mundos-a-tecnologia-e-a-nova-geopolitica\/#primaryimage\"},\"datePublished\":\"2025-07-01T16:13:24+00:00\",\"dateModified\":\"2025-11-02T13:32:29+00:00\",\"breadcrumb\":{\"@id\":\"https:\/\/livrariasolmar.pt\/produto\/construtores-de-mundos-a-tecnologia-e-a-nova-geopolitica\/#breadcrumb\"},\"inLanguage\":\"en-US\",\"potentialAction\":[{\"@type\":\"ReadAction\",\"target\":[\"https:\/\/livrariasolmar.pt\/produto\/construtores-de-mundos-a-tecnologia-e-a-nova-geopolitica\/\"]}]},{\"@type\":\"BreadcrumbList\",\"@id\":\"https:\/\/livrariasolmar.pt\/produto\/construtores-de-mundos-a-tecnologia-e-a-nova-geopolitica\/#breadcrumb\",\"itemListElement\":[{\"@type\":\"ListItem\",\"position\":1,\"name\":\"In\\u00edcio\",\"item\":\"https:\/\/livrariasolmar.pt\/en\/\"},{\"@type\":\"ListItem\",\"position\":2,\"name\":\"Shop\",\"item\":\"https:\/\/livrariasolmar.pt\/en\/shop\/\"},{\"@type\":\"ListItem\",\"position\":3,\"name\":\"Construtores de Mundos &#8211; A Tecnologia e a Nova Geopol\\u00edtica\"}]}]}<\/script>\n<!-- \/ Yoast SEO plugin. -->","_links":{"self":[{"href":"https:\/\/livrariasolmar.pt\/en\/wp-json\/wp\/v2\/product\/10574"}],"collection":[{"href":"https:\/\/livrariasolmar.pt\/en\/wp-json\/wp\/v2\/product"}],"about":[{"href":"https:\/\/livrariasolmar.pt\/en\/wp-json\/wp\/v2\/types\/product"}],"author":[{"embeddable":true,"href":"https:\/\/livrariasolmar.pt\/en\/wp-json\/wp\/v2\/users\/2"}],"wp:featuredmedia":[{"embeddable":true,"href":"https:\/\/livrariasolmar.pt\/en\/wp-json\/wp\/v2\/media\/10575"}],"wp:attachment":[{"href":"https:\/\/livrariasolmar.pt\/en\/wp-json\/wp\/v2\/media?parent=10574"}],"wp:term":[{"taxonomy":"product_cat","embeddable":true,"href":"https:\/\/livrariasolmar.pt\/en\/wp-json\/wp\/v2\/product_cat?post=10574"},{"taxonomy":"product_tag","embeddable":true,"href":"https:\/\/livrariasolmar.pt\/en\/wp-json\/wp\/v2\/product_tag?post=10574"},{"taxonomy":"cat_produtos","embeddable":true,"href":"https:\/\/livrariasolmar.pt\/en\/wp-json\/wp\/v2\/cat_produtos?post=10574"}],"curies":[{"name":"wp","href":"https:\/\/api.w.org\/{rel}","templated":true}]}}