{"id":10580,"date":"2025-07-01T16:45:59","date_gmt":"2025-07-01T16:45:59","guid":{"rendered":"https:\/\/livrariasolmar.pt\/?post_type=product&#038;p=10580"},"modified":"2025-12-10T17:59:31","modified_gmt":"2025-12-10T17:59:31","slug":"quero-ser-os-teus-domingos","status":"publish","type":"product","link":"https:\/\/livrariasolmar.pt\/en\/produto\/quero-ser-os-teus-domingos\/","title":{"rendered":"Quero Ser os Teus Domingos"},"content":{"rendered":"","protected":false},"excerpt":{"rendered":"<p>Este \u00e9 um livro sobre o fim dos tempos e um guia para o recome\u00e7o do mundo. Nas suas p\u00e1ginas ir\u00e1 encontrar personagens que &#8211; como acontece consigo, querido leitor -, se sentem confusos, perdidos e assustados. Alguns veem chegar o anjo da morte, numa das suas muitas formas; um deles ludibria-o, contando hist\u00f3rias, porque se no princ\u00edpio era o verbo, no fim ser\u00e1 tamb\u00e9m a palavra, ou seja, a fic\u00e7\u00e3o, a reiniciar o mundo. Ou n\u00e3o.<\/p>\n<p>\u00abK\u00e2mia deixou-me um bilhete: &#8220;Quero ser os teus domingos, inclusive \u00e0s segundas-feiras.&#8221; Dias depois, desapareceu. Mandei emoldurar o bilhete. Coloquei-o na parede, diante da porta de entrada. Assim, vejo-o sempre que entro em casa e penso: &#8220;O amor \u00e9 inconstante.&#8221;\u00bb<\/p>\n","protected":false},"author":2,"featured_media":10581,"template":"","meta":[],"product_cat":[153],"product_tag":[],"cat_produtos":[],"yoast_head":"<!-- This site is optimized with the Yoast SEO plugin v16.6 - https:\/\/yoast.com\/wordpress\/plugins\/seo\/ -->\n<title>Quero Ser os Teus Domingos - Livraria Solmar - Livraria online<\/title>\n<meta name=\"robots\" content=\"index, follow, max-snippet:-1, max-image-preview:large, max-video-preview:-1\" \/>\n<link rel=\"canonical\" href=\"https:\/\/livrariasolmar.pt\/en\/produto\/quero-ser-os-teus-domingos\/\" \/>\n<meta property=\"og:locale\" content=\"en_US\" \/>\n<meta property=\"og:type\" content=\"article\" \/>\n<meta property=\"og:title\" content=\"Quero Ser os Teus Domingos - Livraria Solmar - Livraria online\" \/>\n<meta property=\"og:description\" content=\"Este \u00e9 um livro sobre o fim dos tempos e um guia para o recome\u00e7o do mundo. Nas suas p\u00e1ginas ir\u00e1 encontrar personagens que - como acontece consigo, querido leitor -, se sentem confusos, perdidos e assustados. Alguns veem chegar o anjo da morte, numa das suas muitas formas; um deles ludibria-o, contando hist\u00f3rias, porque se no princ\u00edpio era o verbo, no fim ser\u00e1 tamb\u00e9m a palavra, ou seja, a fic\u00e7\u00e3o, a reiniciar o mundo. Ou n\u00e3o.  \u00abK\u00e2mia deixou-me um bilhete: &quot;Quero ser os teus domingos, inclusive \u00e0s segundas-feiras.&quot; Dias depois, desapareceu. Mandei emoldurar o bilhete. Coloquei-o na parede, diante da porta de entrada. Assim, vejo-o sempre que entro em casa e penso: &quot;O amor \u00e9 inconstante.&quot;\u00bb\" \/>\n<meta property=\"og:url\" content=\"https:\/\/livrariasolmar.pt\/produto\/quero-ser-os-teus-domingos\/\" \/>\n<meta property=\"og:site_name\" content=\"Livraria Solmar - Livraria online\" \/>\n<meta property=\"article:modified_time\" content=\"2025-12-10T17:59:31+00:00\" \/>\n<meta property=\"og:image\" content=\"https:\/\/livrariasolmar.pt\/wp-content\/uploads\/2025\/07\/1507-1-1-1.jpg\" \/>\n\t<meta property=\"og:image:width\" content=\"400\" \/>\n\t<meta property=\"og:image:height\" content=\"448\" \/>\n<meta name=\"twitter:card\" content=\"summary_large_image\" \/>\n<script type=\"application\/ld+json\" class=\"yoast-schema-graph\">{\"@context\":\"https:\/\/schema.org\",\"@graph\":[{\"@type\":\"WebSite\",\"@id\":\"https:\/\/livrariasolmar.pt\/#website\",\"url\":\"https:\/\/livrariasolmar.pt\/\",\"name\":\"Livraria Solmar - Livraria online\",\"description\":\"Com\\u00e9rcio Livros E Objetos De Arte, Lda - Ponta Delgada, A\\u00e7ores\",\"potentialAction\":[{\"@type\":\"SearchAction\",\"target\":{\"@type\":\"EntryPoint\",\"urlTemplate\":\"https:\/\/livrariasolmar.pt\/?s={search_term_string}\"},\"query-input\":\"required name=search_term_string\"}],\"inLanguage\":\"en-US\"},{\"@type\":\"ImageObject\",\"@id\":\"https:\/\/livrariasolmar.pt\/produto\/quero-ser-os-teus-domingos\/#primaryimage\",\"inLanguage\":\"en-US\",\"url\":\"https:\/\/livrariasolmar.pt\/wp-content\/uploads\/2025\/07\/1507-1-1-1.jpg\",\"contentUrl\":\"https:\/\/livrariasolmar.pt\/wp-content\/uploads\/2025\/07\/1507-1-1-1.jpg\",\"width\":400,\"height\":448},{\"@type\":\"WebPage\",\"@id\":\"https:\/\/livrariasolmar.pt\/produto\/quero-ser-os-teus-domingos\/#webpage\",\"url\":\"https:\/\/livrariasolmar.pt\/produto\/quero-ser-os-teus-domingos\/\",\"name\":\"Quero Ser os Teus Domingos - Livraria Solmar - Livraria online\",\"isPartOf\":{\"@id\":\"https:\/\/livrariasolmar.pt\/#website\"},\"primaryImageOfPage\":{\"@id\":\"https:\/\/livrariasolmar.pt\/produto\/quero-ser-os-teus-domingos\/#primaryimage\"},\"datePublished\":\"2025-07-01T16:45:59+00:00\",\"dateModified\":\"2025-12-10T17:59:31+00:00\",\"breadcrumb\":{\"@id\":\"https:\/\/livrariasolmar.pt\/produto\/quero-ser-os-teus-domingos\/#breadcrumb\"},\"inLanguage\":\"en-US\",\"potentialAction\":[{\"@type\":\"ReadAction\",\"target\":[\"https:\/\/livrariasolmar.pt\/produto\/quero-ser-os-teus-domingos\/\"]}]},{\"@type\":\"BreadcrumbList\",\"@id\":\"https:\/\/livrariasolmar.pt\/produto\/quero-ser-os-teus-domingos\/#breadcrumb\",\"itemListElement\":[{\"@type\":\"ListItem\",\"position\":1,\"name\":\"In\\u00edcio\",\"item\":\"https:\/\/livrariasolmar.pt\/en\/\"},{\"@type\":\"ListItem\",\"position\":2,\"name\":\"Shop\",\"item\":\"https:\/\/livrariasolmar.pt\/en\/shop\/\"},{\"@type\":\"ListItem\",\"position\":3,\"name\":\"Quero Ser os Teus Domingos\"}]}]}<\/script>\n<!-- \/ Yoast SEO plugin. -->","_links":{"self":[{"href":"https:\/\/livrariasolmar.pt\/en\/wp-json\/wp\/v2\/product\/10580"}],"collection":[{"href":"https:\/\/livrariasolmar.pt\/en\/wp-json\/wp\/v2\/product"}],"about":[{"href":"https:\/\/livrariasolmar.pt\/en\/wp-json\/wp\/v2\/types\/product"}],"author":[{"embeddable":true,"href":"https:\/\/livrariasolmar.pt\/en\/wp-json\/wp\/v2\/users\/2"}],"wp:featuredmedia":[{"embeddable":true,"href":"https:\/\/livrariasolmar.pt\/en\/wp-json\/wp\/v2\/media\/10581"}],"wp:attachment":[{"href":"https:\/\/livrariasolmar.pt\/en\/wp-json\/wp\/v2\/media?parent=10580"}],"wp:term":[{"taxonomy":"product_cat","embeddable":true,"href":"https:\/\/livrariasolmar.pt\/en\/wp-json\/wp\/v2\/product_cat?post=10580"},{"taxonomy":"product_tag","embeddable":true,"href":"https:\/\/livrariasolmar.pt\/en\/wp-json\/wp\/v2\/product_tag?post=10580"},{"taxonomy":"cat_produtos","embeddable":true,"href":"https:\/\/livrariasolmar.pt\/en\/wp-json\/wp\/v2\/cat_produtos?post=10580"}],"curies":[{"name":"wp","href":"https:\/\/api.w.org\/{rel}","templated":true}]}}