{"id":10583,"date":"2025-07-01T16:51:11","date_gmt":"2025-07-01T16:51:11","guid":{"rendered":"https:\/\/livrariasolmar.pt\/?post_type=product&#038;p=10583"},"modified":"2025-08-26T16:09:04","modified_gmt":"2025-08-26T16:09:04","slug":"um-crime-na-terra-das-sete-mil-ilhas","status":"publish","type":"product","link":"https:\/\/livrariasolmar.pt\/en\/produto\/um-crime-na-terra-das-sete-mil-ilhas\/","title":{"rendered":"Um Crime na Terra das Sete Mil Ilhas"},"content":{"rendered":"","protected":false},"excerpt":{"rendered":"<p>Ikigai Johnson, agente especial do FBI em Portland, promete levar \u00e0 justi\u00e7a um predador americano respons\u00e1vel por crimes brutais contra crian\u00e7as nas Filipinas. Mas esta n\u00e3o \u00e9 apenas uma hist\u00f3ria sobre a investiga\u00e7\u00e3o: \u00e0 medida que partilha os detalhes do caso com a sua filha de onze anos, Ikigai transforma os factos numa alegoria fant\u00e1stica, onde a imagina\u00e7\u00e3o infantil se entrela\u00e7a com as sombras do mundo real.<\/p>\n<p>Combinando o g\u00e9nero policial com lirismo narrativo e uma profunda carga emocional, o livro exp\u00f5e as cicatrizes do trauma geracional, da desigualdade e da explora\u00e7\u00e3o. Entre coragem e medo, a\u00e7\u00e3o e submiss\u00e3o, Um Crime na Terra das 7000 Ilhas desafia o leitor a encarar as sombras da justi\u00e7a e a nunca desviar o olhar daquilo que realmente importa: o triunfo do bem contra o mal.<\/p>\n","protected":false},"author":2,"featured_media":10584,"template":"","meta":[],"product_cat":[588],"product_tag":[],"cat_produtos":[],"yoast_head":"<!-- This site is optimized with the Yoast SEO plugin v16.6 - https:\/\/yoast.com\/wordpress\/plugins\/seo\/ -->\n<title>Um Crime na Terra das Sete Mil Ilhas - Livraria Solmar - Livraria online<\/title>\n<meta name=\"robots\" content=\"index, follow, max-snippet:-1, max-image-preview:large, max-video-preview:-1\" \/>\n<link rel=\"canonical\" href=\"https:\/\/livrariasolmar.pt\/en\/produto\/um-crime-na-terra-das-sete-mil-ilhas\/\" \/>\n<meta property=\"og:locale\" content=\"en_US\" \/>\n<meta property=\"og:type\" content=\"article\" \/>\n<meta property=\"og:title\" content=\"Um Crime na Terra das Sete Mil Ilhas - Livraria Solmar - Livraria online\" \/>\n<meta property=\"og:description\" content=\"Ikigai Johnson, agente especial do FBI em Portland, promete levar \u00e0 justi\u00e7a um predador americano respons\u00e1vel por crimes brutais contra crian\u00e7as nas Filipinas. Mas esta n\u00e3o \u00e9 apenas uma hist\u00f3ria sobre a investiga\u00e7\u00e3o: \u00e0 medida que partilha os detalhes do caso com a sua filha de onze anos, Ikigai transforma os factos numa alegoria fant\u00e1stica, onde a imagina\u00e7\u00e3o infantil se entrela\u00e7a com as sombras do mundo real.  Combinando o g\u00e9nero policial com lirismo narrativo e uma profunda carga emocional, o livro exp\u00f5e as cicatrizes do trauma geracional, da desigualdade e da explora\u00e7\u00e3o. Entre coragem e medo, a\u00e7\u00e3o e submiss\u00e3o, Um Crime na Terra das 7000 Ilhas desafia o leitor a encarar as sombras da justi\u00e7a e a nunca desviar o olhar daquilo que realmente importa: o triunfo do bem contra o mal.\" \/>\n<meta property=\"og:url\" content=\"https:\/\/livrariasolmar.pt\/produto\/um-crime-na-terra-das-sete-mil-ilhas\/\" \/>\n<meta property=\"og:site_name\" content=\"Livraria Solmar - Livraria online\" \/>\n<meta property=\"article:modified_time\" content=\"2025-08-26T16:09:04+00:00\" \/>\n<meta property=\"og:image\" content=\"https:\/\/livrariasolmar.pt\/wp-content\/uploads\/2025\/07\/1540-1-1-1.jpg\" \/>\n\t<meta property=\"og:image:width\" content=\"340\" \/>\n\t<meta property=\"og:image:height\" content=\"340\" \/>\n<meta name=\"twitter:card\" content=\"summary_large_image\" \/>\n<script type=\"application\/ld+json\" class=\"yoast-schema-graph\">{\"@context\":\"https:\/\/schema.org\",\"@graph\":[{\"@type\":\"WebSite\",\"@id\":\"https:\/\/livrariasolmar.pt\/#website\",\"url\":\"https:\/\/livrariasolmar.pt\/\",\"name\":\"Livraria Solmar - Livraria online\",\"description\":\"Com\\u00e9rcio Livros E Objetos De Arte, Lda - Ponta Delgada, A\\u00e7ores\",\"potentialAction\":[{\"@type\":\"SearchAction\",\"target\":{\"@type\":\"EntryPoint\",\"urlTemplate\":\"https:\/\/livrariasolmar.pt\/?s={search_term_string}\"},\"query-input\":\"required name=search_term_string\"}],\"inLanguage\":\"en-US\"},{\"@type\":\"ImageObject\",\"@id\":\"https:\/\/livrariasolmar.pt\/produto\/um-crime-na-terra-das-sete-mil-ilhas\/#primaryimage\",\"inLanguage\":\"en-US\",\"url\":\"https:\/\/livrariasolmar.pt\/wp-content\/uploads\/2025\/07\/1540-1-1-1.jpg\",\"contentUrl\":\"https:\/\/livrariasolmar.pt\/wp-content\/uploads\/2025\/07\/1540-1-1-1.jpg\",\"width\":340,\"height\":340},{\"@type\":\"WebPage\",\"@id\":\"https:\/\/livrariasolmar.pt\/produto\/um-crime-na-terra-das-sete-mil-ilhas\/#webpage\",\"url\":\"https:\/\/livrariasolmar.pt\/produto\/um-crime-na-terra-das-sete-mil-ilhas\/\",\"name\":\"Um Crime na Terra das Sete Mil Ilhas - Livraria Solmar - Livraria online\",\"isPartOf\":{\"@id\":\"https:\/\/livrariasolmar.pt\/#website\"},\"primaryImageOfPage\":{\"@id\":\"https:\/\/livrariasolmar.pt\/produto\/um-crime-na-terra-das-sete-mil-ilhas\/#primaryimage\"},\"datePublished\":\"2025-07-01T16:51:11+00:00\",\"dateModified\":\"2025-08-26T16:09:04+00:00\",\"breadcrumb\":{\"@id\":\"https:\/\/livrariasolmar.pt\/produto\/um-crime-na-terra-das-sete-mil-ilhas\/#breadcrumb\"},\"inLanguage\":\"en-US\",\"potentialAction\":[{\"@type\":\"ReadAction\",\"target\":[\"https:\/\/livrariasolmar.pt\/produto\/um-crime-na-terra-das-sete-mil-ilhas\/\"]}]},{\"@type\":\"BreadcrumbList\",\"@id\":\"https:\/\/livrariasolmar.pt\/produto\/um-crime-na-terra-das-sete-mil-ilhas\/#breadcrumb\",\"itemListElement\":[{\"@type\":\"ListItem\",\"position\":1,\"name\":\"In\\u00edcio\",\"item\":\"https:\/\/livrariasolmar.pt\/en\/\"},{\"@type\":\"ListItem\",\"position\":2,\"name\":\"Shop\",\"item\":\"https:\/\/livrariasolmar.pt\/en\/shop\/\"},{\"@type\":\"ListItem\",\"position\":3,\"name\":\"Um Crime na Terra das Sete Mil Ilhas\"}]}]}<\/script>\n<!-- \/ Yoast SEO plugin. -->","_links":{"self":[{"href":"https:\/\/livrariasolmar.pt\/en\/wp-json\/wp\/v2\/product\/10583"}],"collection":[{"href":"https:\/\/livrariasolmar.pt\/en\/wp-json\/wp\/v2\/product"}],"about":[{"href":"https:\/\/livrariasolmar.pt\/en\/wp-json\/wp\/v2\/types\/product"}],"author":[{"embeddable":true,"href":"https:\/\/livrariasolmar.pt\/en\/wp-json\/wp\/v2\/users\/2"}],"wp:featuredmedia":[{"embeddable":true,"href":"https:\/\/livrariasolmar.pt\/en\/wp-json\/wp\/v2\/media\/10584"}],"wp:attachment":[{"href":"https:\/\/livrariasolmar.pt\/en\/wp-json\/wp\/v2\/media?parent=10583"}],"wp:term":[{"taxonomy":"product_cat","embeddable":true,"href":"https:\/\/livrariasolmar.pt\/en\/wp-json\/wp\/v2\/product_cat?post=10583"},{"taxonomy":"product_tag","embeddable":true,"href":"https:\/\/livrariasolmar.pt\/en\/wp-json\/wp\/v2\/product_tag?post=10583"},{"taxonomy":"cat_produtos","embeddable":true,"href":"https:\/\/livrariasolmar.pt\/en\/wp-json\/wp\/v2\/cat_produtos?post=10583"}],"curies":[{"name":"wp","href":"https:\/\/api.w.org\/{rel}","templated":true}]}}