{"id":10586,"date":"2025-07-01T17:08:38","date_gmt":"2025-07-01T17:08:38","guid":{"rendered":"https:\/\/livrariasolmar.pt\/?post_type=product&#038;p=10586"},"modified":"2025-08-26T16:02:28","modified_gmt":"2025-08-26T16:02:28","slug":"almas-gemeas-e-o-poder-infinito-do-amor","status":"publish","type":"product","link":"https:\/\/livrariasolmar.pt\/en\/produto\/almas-gemeas-e-o-poder-infinito-do-amor\/","title":{"rendered":"Almas G\u00e9meas e o Poder Infinito do Amor"},"content":{"rendered":"","protected":false},"excerpt":{"rendered":"<p>\u00abExiste uma lenda japonesa que diz que quando duas almas est\u00e3o destinadas a ficar juntas, elas s\u00e3o conectadas por um fio invis\u00edvel. N\u00e3o importa o tempo, o lugar ou a situa\u00e7\u00e3o, esse fio pode esticar-se ou embara\u00e7ar-se, mas nunca se vai romper.<\/p>\n<p>(\u2026)<\/p>\n<p>O Sol e a Lua ansiavam um pelo outro, mas o tempo mantinha-os separados, ent\u00e3o Deus pintou os c\u00e9us com eclipses, provando que at\u00e9 o amor mais improv\u00e1vel pode tornar-se uma uni\u00e3o.<\/p>\n<p>Voc\u00ea carrega o rosto de quem mais amou na sua vida passada; quando os vossos olhos se encontram, o mundo inteiro fica em sil\u00eancio e o tempo p\u00e1ra. Nada existe al\u00e9m de voc\u00eas quando os vossos olhos se cruzam.<\/p>\n<p>Se est\u00e1 a perder tudo, lembre-se: As \u00e1rvores perdem as suas folhas todos os anos; ainda assim, permanecem altas e esperam por dias melhores.\u00bb<\/p>\n","protected":false},"author":2,"featured_media":10587,"template":"","meta":[],"product_cat":[173],"product_tag":[],"cat_produtos":[],"yoast_head":"<!-- This site is optimized with the Yoast SEO plugin v16.6 - https:\/\/yoast.com\/wordpress\/plugins\/seo\/ -->\n<title>Almas G\u00e9meas e o Poder Infinito do Amor - Livraria Solmar - Livraria online<\/title>\n<meta name=\"robots\" content=\"index, follow, max-snippet:-1, max-image-preview:large, max-video-preview:-1\" \/>\n<link rel=\"canonical\" href=\"https:\/\/livrariasolmar.pt\/en\/produto\/almas-gemeas-e-o-poder-infinito-do-amor\/\" \/>\n<meta property=\"og:locale\" content=\"en_US\" \/>\n<meta property=\"og:type\" content=\"article\" \/>\n<meta property=\"og:title\" content=\"Almas G\u00e9meas e o Poder Infinito do Amor - Livraria Solmar - Livraria online\" \/>\n<meta property=\"og:description\" content=\"\u00abExiste uma lenda japonesa que diz que quando duas almas est\u00e3o destinadas a ficar juntas, elas s\u00e3o conectadas por um fio invis\u00edvel. N\u00e3o importa o tempo, o lugar ou a situa\u00e7\u00e3o, esse fio pode esticar-se ou embara\u00e7ar-se, mas nunca se vai romper.  (\u2026)  O Sol e a Lua ansiavam um pelo outro, mas o tempo mantinha-os separados, ent\u00e3o Deus pintou os c\u00e9us com eclipses, provando que at\u00e9 o amor mais improv\u00e1vel pode tornar-se uma uni\u00e3o.  Voc\u00ea carrega o rosto de quem mais amou na sua vida passada; quando os vossos olhos se encontram, o mundo inteiro fica em sil\u00eancio e o tempo p\u00e1ra. Nada existe al\u00e9m de voc\u00eas quando os vossos olhos se cruzam.  Se est\u00e1 a perder tudo, lembre-se: As \u00e1rvores perdem as suas folhas todos os anos; ainda assim, permanecem altas e esperam por dias melhores.\u00bb\" \/>\n<meta property=\"og:url\" content=\"https:\/\/livrariasolmar.pt\/produto\/almas-gemeas-e-o-poder-infinito-do-amor\/\" \/>\n<meta property=\"og:site_name\" content=\"Livraria Solmar - Livraria online\" \/>\n<meta property=\"article:modified_time\" content=\"2025-08-26T16:02:28+00:00\" \/>\n<meta property=\"og:image\" content=\"https:\/\/livrariasolmar.pt\/wp-content\/uploads\/2025\/07\/1540-1-1-2.jpg\" \/>\n\t<meta property=\"og:image:width\" content=\"340\" \/>\n\t<meta property=\"og:image:height\" content=\"340\" \/>\n<meta name=\"twitter:card\" content=\"summary_large_image\" \/>\n<script type=\"application\/ld+json\" class=\"yoast-schema-graph\">{\"@context\":\"https:\/\/schema.org\",\"@graph\":[{\"@type\":\"WebSite\",\"@id\":\"https:\/\/livrariasolmar.pt\/#website\",\"url\":\"https:\/\/livrariasolmar.pt\/\",\"name\":\"Livraria Solmar - Livraria online\",\"description\":\"Com\\u00e9rcio Livros E Objetos De Arte, Lda - Ponta Delgada, A\\u00e7ores\",\"potentialAction\":[{\"@type\":\"SearchAction\",\"target\":{\"@type\":\"EntryPoint\",\"urlTemplate\":\"https:\/\/livrariasolmar.pt\/?s={search_term_string}\"},\"query-input\":\"required name=search_term_string\"}],\"inLanguage\":\"en-US\"},{\"@type\":\"ImageObject\",\"@id\":\"https:\/\/livrariasolmar.pt\/produto\/almas-gemeas-e-o-poder-infinito-do-amor\/#primaryimage\",\"inLanguage\":\"en-US\",\"url\":\"https:\/\/livrariasolmar.pt\/wp-content\/uploads\/2025\/07\/1540-1-1-2.jpg\",\"contentUrl\":\"https:\/\/livrariasolmar.pt\/wp-content\/uploads\/2025\/07\/1540-1-1-2.jpg\",\"width\":340,\"height\":340},{\"@type\":\"WebPage\",\"@id\":\"https:\/\/livrariasolmar.pt\/produto\/almas-gemeas-e-o-poder-infinito-do-amor\/#webpage\",\"url\":\"https:\/\/livrariasolmar.pt\/produto\/almas-gemeas-e-o-poder-infinito-do-amor\/\",\"name\":\"Almas G\\u00e9meas e o Poder Infinito do Amor - Livraria Solmar - Livraria online\",\"isPartOf\":{\"@id\":\"https:\/\/livrariasolmar.pt\/#website\"},\"primaryImageOfPage\":{\"@id\":\"https:\/\/livrariasolmar.pt\/produto\/almas-gemeas-e-o-poder-infinito-do-amor\/#primaryimage\"},\"datePublished\":\"2025-07-01T17:08:38+00:00\",\"dateModified\":\"2025-08-26T16:02:28+00:00\",\"breadcrumb\":{\"@id\":\"https:\/\/livrariasolmar.pt\/produto\/almas-gemeas-e-o-poder-infinito-do-amor\/#breadcrumb\"},\"inLanguage\":\"en-US\",\"potentialAction\":[{\"@type\":\"ReadAction\",\"target\":[\"https:\/\/livrariasolmar.pt\/produto\/almas-gemeas-e-o-poder-infinito-do-amor\/\"]}]},{\"@type\":\"BreadcrumbList\",\"@id\":\"https:\/\/livrariasolmar.pt\/produto\/almas-gemeas-e-o-poder-infinito-do-amor\/#breadcrumb\",\"itemListElement\":[{\"@type\":\"ListItem\",\"position\":1,\"name\":\"In\\u00edcio\",\"item\":\"https:\/\/livrariasolmar.pt\/en\/\"},{\"@type\":\"ListItem\",\"position\":2,\"name\":\"Shop\",\"item\":\"https:\/\/livrariasolmar.pt\/en\/shop\/\"},{\"@type\":\"ListItem\",\"position\":3,\"name\":\"Almas G\\u00e9meas e o Poder Infinito do Amor\"}]}]}<\/script>\n<!-- \/ Yoast SEO plugin. -->","_links":{"self":[{"href":"https:\/\/livrariasolmar.pt\/en\/wp-json\/wp\/v2\/product\/10586"}],"collection":[{"href":"https:\/\/livrariasolmar.pt\/en\/wp-json\/wp\/v2\/product"}],"about":[{"href":"https:\/\/livrariasolmar.pt\/en\/wp-json\/wp\/v2\/types\/product"}],"author":[{"embeddable":true,"href":"https:\/\/livrariasolmar.pt\/en\/wp-json\/wp\/v2\/users\/2"}],"wp:featuredmedia":[{"embeddable":true,"href":"https:\/\/livrariasolmar.pt\/en\/wp-json\/wp\/v2\/media\/10587"}],"wp:attachment":[{"href":"https:\/\/livrariasolmar.pt\/en\/wp-json\/wp\/v2\/media?parent=10586"}],"wp:term":[{"taxonomy":"product_cat","embeddable":true,"href":"https:\/\/livrariasolmar.pt\/en\/wp-json\/wp\/v2\/product_cat?post=10586"},{"taxonomy":"product_tag","embeddable":true,"href":"https:\/\/livrariasolmar.pt\/en\/wp-json\/wp\/v2\/product_tag?post=10586"},{"taxonomy":"cat_produtos","embeddable":true,"href":"https:\/\/livrariasolmar.pt\/en\/wp-json\/wp\/v2\/cat_produtos?post=10586"}],"curies":[{"name":"wp","href":"https:\/\/api.w.org\/{rel}","templated":true}]}}