{"id":10589,"date":"2025-07-01T17:20:21","date_gmt":"2025-07-01T17:20:21","guid":{"rendered":"https:\/\/livrariasolmar.pt\/?post_type=product&#038;p=10589"},"modified":"2025-08-26T16:04:04","modified_gmt":"2025-08-26T16:04:04","slug":"pais-menos-e-mais","status":"publish","type":"product","link":"https:\/\/livrariasolmar.pt\/en\/produto\/pais-menos-e-mais\/","title":{"rendered":"Pais, Menos \u00e9 Mais"},"content":{"rendered":"","protected":false},"excerpt":{"rendered":"<p>Menos desejo de ter, mais vontade de ser.<br \/>\nMenos valida\u00e7\u00e3o externa e mais autoestima.<br \/>\nMenos tecnologia e mais humanismo.<br \/>\nMenos informa\u00e7\u00e3o e mais conhecimento.<br \/>\nMenos individualismo e competi\u00e7\u00e3o e mais solidariedade e partilha.<br \/>\nMenos pornografia e encontros espor\u00e1dicos e mais rela\u00e7\u00e3o e amor.<br \/>\nMenos espa\u00e7o p\u00fablico e mais privacidade.<br \/>\nMenos ansiedade e mais tranquilidade.<br \/>\nMenos ru\u00eddo e mais sil\u00eancio.<br \/>\nMenos contactos \u00e0 dist\u00e2ncia e mais presen\u00e7a.<\/p>\n<p>Perante um mundo de excessos e individualismo, compar\u00e1vel a uma competi\u00e7\u00e3o feroz para termos sempre mais e mais de tudo, Pedro Strecht faz uma reflex\u00e3o sobre os valores e atitudes que nos permitem ter de facto uma vida em fam\u00edlia mais serena, equilibrada e feliz.<\/p>\n<p>Nesta obra, o reconhecido pedopsiquiatra convida-nos a redefinir prioridades no modo como nos relacionamos com os nossos filhos, mostrando-nos como direcionar o nosso foco do material e sup\u00e9rfluo para aquilo que \u00e9 essencial e invis\u00edvel aos olhos dos outros.<\/p>\n<p>Mais do que projetar para o exterior uma imagem idealizada de felicidade, h\u00e1 que olhar para dentro e aceitar as vulnerabilidades individuais e relacionais para fomentar uma liga\u00e7\u00e3o mais forte entre pais e filhos, com mais espa\u00e7o para o di\u00e1logo e escuta.<\/p>\n<p>Numa \u00e9poca cada vez mais acelerada, individualista e vivida com baixa autocr\u00edtica, torna-se urgente reinventar a forma como nos vemos a n\u00f3s pr\u00f3prios e aos outros para fazer regressar o lado humano \u00e0 vida moderna e, acima de tudo, \u00e0s nossas rela\u00e7\u00f5es familiares.<\/p>\n","protected":false},"author":2,"featured_media":10590,"template":"","meta":[],"product_cat":[426],"product_tag":[],"cat_produtos":[],"yoast_head":"<!-- This site is optimized with the Yoast SEO plugin v16.6 - https:\/\/yoast.com\/wordpress\/plugins\/seo\/ -->\n<title>Pais, Menos \u00e9 Mais - Livraria Solmar - Livraria online<\/title>\n<meta name=\"robots\" content=\"index, follow, max-snippet:-1, max-image-preview:large, max-video-preview:-1\" \/>\n<link rel=\"canonical\" href=\"https:\/\/livrariasolmar.pt\/en\/produto\/pais-menos-e-mais\/\" \/>\n<meta property=\"og:locale\" content=\"en_US\" \/>\n<meta property=\"og:type\" content=\"article\" \/>\n<meta property=\"og:title\" content=\"Pais, Menos \u00e9 Mais - Livraria Solmar - Livraria online\" \/>\n<meta property=\"og:description\" content=\"Menos desejo de ter, mais vontade de ser. Menos valida\u00e7\u00e3o externa e mais autoestima. Menos tecnologia e mais humanismo. Menos informa\u00e7\u00e3o e mais conhecimento. Menos individualismo e competi\u00e7\u00e3o e mais solidariedade e partilha. Menos pornografia e encontros espor\u00e1dicos e mais rela\u00e7\u00e3o e amor. Menos espa\u00e7o p\u00fablico e mais privacidade. Menos ansiedade e mais tranquilidade. Menos ru\u00eddo e mais sil\u00eancio. Menos contactos \u00e0 dist\u00e2ncia e mais presen\u00e7a.  Perante um mundo de excessos e individualismo, compar\u00e1vel a uma competi\u00e7\u00e3o feroz para termos sempre mais e mais de tudo, Pedro Strecht faz uma reflex\u00e3o sobre os valores e atitudes que nos permitem ter de facto uma vida em fam\u00edlia mais serena, equilibrada e feliz.  Nesta obra, o reconhecido pedopsiquiatra convida-nos a redefinir prioridades no modo como nos relacionamos com os nossos filhos, mostrando-nos como direcionar o nosso foco do material e sup\u00e9rfluo para aquilo que \u00e9 essencial e invis\u00edvel aos olhos dos outros.  Mais do que projetar para o exterior uma imagem idealizada de felicidade, h\u00e1 que olhar para dentro e aceitar as vulnerabilidades individuais e relacionais para fomentar uma liga\u00e7\u00e3o mais forte entre pais e filhos, com mais espa\u00e7o para o di\u00e1logo e escuta.  Numa \u00e9poca cada vez mais acelerada, individualista e vivida com baixa autocr\u00edtica, torna-se urgente reinventar a forma como nos vemos a n\u00f3s pr\u00f3prios e aos outros para fazer regressar o lado humano \u00e0 vida moderna e, acima de tudo, \u00e0s nossas rela\u00e7\u00f5es familiares.\" \/>\n<meta property=\"og:url\" content=\"https:\/\/livrariasolmar.pt\/produto\/pais-menos-e-mais\/\" \/>\n<meta property=\"og:site_name\" content=\"Livraria Solmar - Livraria online\" \/>\n<meta property=\"article:modified_time\" content=\"2025-08-26T16:04:04+00:00\" \/>\n<meta property=\"og:image\" content=\"https:\/\/livrariasolmar.pt\/wp-content\/uploads\/2025\/07\/1540-1-1-3.jpg\" \/>\n\t<meta property=\"og:image:width\" content=\"340\" \/>\n\t<meta property=\"og:image:height\" content=\"340\" \/>\n<meta name=\"twitter:card\" content=\"summary_large_image\" \/>\n<script type=\"application\/ld+json\" class=\"yoast-schema-graph\">{\"@context\":\"https:\/\/schema.org\",\"@graph\":[{\"@type\":\"WebSite\",\"@id\":\"https:\/\/livrariasolmar.pt\/#website\",\"url\":\"https:\/\/livrariasolmar.pt\/\",\"name\":\"Livraria Solmar - Livraria online\",\"description\":\"Com\\u00e9rcio Livros E Objetos De Arte, Lda - Ponta Delgada, A\\u00e7ores\",\"potentialAction\":[{\"@type\":\"SearchAction\",\"target\":{\"@type\":\"EntryPoint\",\"urlTemplate\":\"https:\/\/livrariasolmar.pt\/?s={search_term_string}\"},\"query-input\":\"required name=search_term_string\"}],\"inLanguage\":\"en-US\"},{\"@type\":\"ImageObject\",\"@id\":\"https:\/\/livrariasolmar.pt\/produto\/pais-menos-e-mais\/#primaryimage\",\"inLanguage\":\"en-US\",\"url\":\"https:\/\/livrariasolmar.pt\/wp-content\/uploads\/2025\/07\/1540-1-1-3.jpg\",\"contentUrl\":\"https:\/\/livrariasolmar.pt\/wp-content\/uploads\/2025\/07\/1540-1-1-3.jpg\",\"width\":340,\"height\":340},{\"@type\":\"WebPage\",\"@id\":\"https:\/\/livrariasolmar.pt\/produto\/pais-menos-e-mais\/#webpage\",\"url\":\"https:\/\/livrariasolmar.pt\/produto\/pais-menos-e-mais\/\",\"name\":\"Pais, Menos \\u00e9 Mais - Livraria Solmar - Livraria online\",\"isPartOf\":{\"@id\":\"https:\/\/livrariasolmar.pt\/#website\"},\"primaryImageOfPage\":{\"@id\":\"https:\/\/livrariasolmar.pt\/produto\/pais-menos-e-mais\/#primaryimage\"},\"datePublished\":\"2025-07-01T17:20:21+00:00\",\"dateModified\":\"2025-08-26T16:04:04+00:00\",\"breadcrumb\":{\"@id\":\"https:\/\/livrariasolmar.pt\/produto\/pais-menos-e-mais\/#breadcrumb\"},\"inLanguage\":\"en-US\",\"potentialAction\":[{\"@type\":\"ReadAction\",\"target\":[\"https:\/\/livrariasolmar.pt\/produto\/pais-menos-e-mais\/\"]}]},{\"@type\":\"BreadcrumbList\",\"@id\":\"https:\/\/livrariasolmar.pt\/produto\/pais-menos-e-mais\/#breadcrumb\",\"itemListElement\":[{\"@type\":\"ListItem\",\"position\":1,\"name\":\"In\\u00edcio\",\"item\":\"https:\/\/livrariasolmar.pt\/en\/\"},{\"@type\":\"ListItem\",\"position\":2,\"name\":\"Shop\",\"item\":\"https:\/\/livrariasolmar.pt\/en\/shop\/\"},{\"@type\":\"ListItem\",\"position\":3,\"name\":\"Pais, Menos \\u00e9 Mais\"}]}]}<\/script>\n<!-- \/ Yoast SEO plugin. -->","_links":{"self":[{"href":"https:\/\/livrariasolmar.pt\/en\/wp-json\/wp\/v2\/product\/10589"}],"collection":[{"href":"https:\/\/livrariasolmar.pt\/en\/wp-json\/wp\/v2\/product"}],"about":[{"href":"https:\/\/livrariasolmar.pt\/en\/wp-json\/wp\/v2\/types\/product"}],"author":[{"embeddable":true,"href":"https:\/\/livrariasolmar.pt\/en\/wp-json\/wp\/v2\/users\/2"}],"wp:featuredmedia":[{"embeddable":true,"href":"https:\/\/livrariasolmar.pt\/en\/wp-json\/wp\/v2\/media\/10590"}],"wp:attachment":[{"href":"https:\/\/livrariasolmar.pt\/en\/wp-json\/wp\/v2\/media?parent=10589"}],"wp:term":[{"taxonomy":"product_cat","embeddable":true,"href":"https:\/\/livrariasolmar.pt\/en\/wp-json\/wp\/v2\/product_cat?post=10589"},{"taxonomy":"product_tag","embeddable":true,"href":"https:\/\/livrariasolmar.pt\/en\/wp-json\/wp\/v2\/product_tag?post=10589"},{"taxonomy":"cat_produtos","embeddable":true,"href":"https:\/\/livrariasolmar.pt\/en\/wp-json\/wp\/v2\/cat_produtos?post=10589"}],"curies":[{"name":"wp","href":"https:\/\/api.w.org\/{rel}","templated":true}]}}