{"id":10592,"date":"2025-07-01T17:25:48","date_gmt":"2025-07-01T17:25:48","guid":{"rendered":"https:\/\/livrariasolmar.pt\/?post_type=product&#038;p=10592"},"modified":"2025-11-14T19:38:50","modified_gmt":"2025-11-14T19:38:50","slug":"reset","status":"publish","type":"product","link":"https:\/\/livrariasolmar.pt\/en\/produto\/reset\/","title":{"rendered":"Reset"},"content":{"rendered":"","protected":false},"excerpt":{"rendered":"<p>Mudar a forma como trabalhamos pode parecer t\u00e3o avassalador como tentar mover uma enorme rocha. Estamos t\u00e3o habituados a fazer as coisas de determinada maneira e passamos tanto tempo a apagar fogos &#8211; e a combater colegas &#8211; que nos falta a energia para mudarmos. Mas, com a estrat\u00e9gia certa, podemos mover a rocha.<\/p>\n<p>Dan Heath, autor bestseller, revela neste livro as formas de nos libertarmos e fazermos as mudan\u00e7as que importam. O segredo \u00e9 encontrar &#8220;pontos de alavancagem&#8221;: lugares onde um pequeno esfor\u00e7o pode gerar um retorno desproporcional &#8211; ent\u00e3o, podemos reorganizar os nossos recursos para impulsionar esses pontos. Em\u00a0<i>Reset<\/i>, ficar\u00e1 a saber:<br \/>\no Porque \u00e9 que a sensa\u00e7\u00e3o de progresso pode ser a sua arma secreta para acelerar a mudan\u00e7a;<br \/>\no De que forma os l\u00edderes podem descobrir e travar h\u00e1bitos errados;<br \/>\no Porque \u00e9 que a motiva\u00e7\u00e3o da sua equipa \u00e9, muitas vezes, desperdi\u00e7ada &#8211; e como evitar esse erro;<br \/>\no Como pode impulsionar os seus esfor\u00e7os de mudan\u00e7a come\u00e7ando com uma &#8220;explos\u00e3o&#8221;.<\/p>\n<p>E se consegu\u00edssemos quebrar maus h\u00e1bitos e alcan\u00e7ar progressos no que \u00e9 mais importante? As mesmas pessoas, os mesmos recursos &#8211; mas um resultado substancialmente melhor. Ontem est\u00e1vamos bloqueados, hoje fazemos reset.<\/p>\n","protected":false},"author":2,"featured_media":10593,"template":"","meta":[],"product_cat":[173],"product_tag":[],"cat_produtos":[],"yoast_head":"<!-- This site is optimized with the Yoast SEO plugin v16.6 - https:\/\/yoast.com\/wordpress\/plugins\/seo\/ -->\n<title>Reset - Livraria Solmar - Livraria online<\/title>\n<meta name=\"robots\" content=\"index, follow, max-snippet:-1, max-image-preview:large, max-video-preview:-1\" \/>\n<link rel=\"canonical\" href=\"https:\/\/livrariasolmar.pt\/en\/produto\/reset\/\" \/>\n<meta property=\"og:locale\" content=\"en_US\" \/>\n<meta property=\"og:type\" content=\"article\" \/>\n<meta property=\"og:title\" content=\"Reset - Livraria Solmar - Livraria online\" \/>\n<meta property=\"og:description\" content=\"Mudar a forma como trabalhamos pode parecer t\u00e3o avassalador como tentar mover uma enorme rocha. Estamos t\u00e3o habituados a fazer as coisas de determinada maneira e passamos tanto tempo a apagar fogos - e a combater colegas - que nos falta a energia para mudarmos. Mas, com a estrat\u00e9gia certa, podemos mover a rocha.  Dan Heath, autor bestseller, revela neste livro as formas de nos libertarmos e fazermos as mudan\u00e7as que importam. O segredo \u00e9 encontrar &quot;pontos de alavancagem&quot;: lugares onde um pequeno esfor\u00e7o pode gerar um retorno desproporcional - ent\u00e3o, podemos reorganizar os nossos recursos para impulsionar esses pontos. Em\u00a0Reset, ficar\u00e1 a saber: o Porque \u00e9 que a sensa\u00e7\u00e3o de progresso pode ser a sua arma secreta para acelerar a mudan\u00e7a; o De que forma os l\u00edderes podem descobrir e travar h\u00e1bitos errados; o Porque \u00e9 que a motiva\u00e7\u00e3o da sua equipa \u00e9, muitas vezes, desperdi\u00e7ada - e como evitar esse erro; o Como pode impulsionar os seus esfor\u00e7os de mudan\u00e7a come\u00e7ando com uma &quot;explos\u00e3o&quot;.  E se consegu\u00edssemos quebrar maus h\u00e1bitos e alcan\u00e7ar progressos no que \u00e9 mais importante? As mesmas pessoas, os mesmos recursos - mas um resultado substancialmente melhor. Ontem est\u00e1vamos bloqueados, hoje fazemos reset.\" \/>\n<meta property=\"og:url\" content=\"https:\/\/livrariasolmar.pt\/produto\/reset\/\" \/>\n<meta property=\"og:site_name\" content=\"Livraria Solmar - Livraria online\" \/>\n<meta property=\"article:modified_time\" content=\"2025-11-14T19:38:50+00:00\" \/>\n<meta property=\"og:image\" content=\"https:\/\/livrariasolmar.pt\/wp-content\/uploads\/2025\/07\/1540-1-2-1.jpg\" \/>\n\t<meta property=\"og:image:width\" content=\"340\" \/>\n\t<meta property=\"og:image:height\" content=\"340\" \/>\n<meta name=\"twitter:card\" content=\"summary_large_image\" \/>\n<script type=\"application\/ld+json\" class=\"yoast-schema-graph\">{\"@context\":\"https:\/\/schema.org\",\"@graph\":[{\"@type\":\"WebSite\",\"@id\":\"https:\/\/livrariasolmar.pt\/#website\",\"url\":\"https:\/\/livrariasolmar.pt\/\",\"name\":\"Livraria Solmar - Livraria online\",\"description\":\"Com\\u00e9rcio Livros E Objetos De Arte, Lda - Ponta Delgada, A\\u00e7ores\",\"potentialAction\":[{\"@type\":\"SearchAction\",\"target\":{\"@type\":\"EntryPoint\",\"urlTemplate\":\"https:\/\/livrariasolmar.pt\/?s={search_term_string}\"},\"query-input\":\"required name=search_term_string\"}],\"inLanguage\":\"en-US\"},{\"@type\":\"ImageObject\",\"@id\":\"https:\/\/livrariasolmar.pt\/produto\/reset\/#primaryimage\",\"inLanguage\":\"en-US\",\"url\":\"https:\/\/livrariasolmar.pt\/wp-content\/uploads\/2025\/07\/1540-1-2-1.jpg\",\"contentUrl\":\"https:\/\/livrariasolmar.pt\/wp-content\/uploads\/2025\/07\/1540-1-2-1.jpg\",\"width\":340,\"height\":340},{\"@type\":\"WebPage\",\"@id\":\"https:\/\/livrariasolmar.pt\/produto\/reset\/#webpage\",\"url\":\"https:\/\/livrariasolmar.pt\/produto\/reset\/\",\"name\":\"Reset - Livraria Solmar - Livraria online\",\"isPartOf\":{\"@id\":\"https:\/\/livrariasolmar.pt\/#website\"},\"primaryImageOfPage\":{\"@id\":\"https:\/\/livrariasolmar.pt\/produto\/reset\/#primaryimage\"},\"datePublished\":\"2025-07-01T17:25:48+00:00\",\"dateModified\":\"2025-11-14T19:38:50+00:00\",\"breadcrumb\":{\"@id\":\"https:\/\/livrariasolmar.pt\/produto\/reset\/#breadcrumb\"},\"inLanguage\":\"en-US\",\"potentialAction\":[{\"@type\":\"ReadAction\",\"target\":[\"https:\/\/livrariasolmar.pt\/produto\/reset\/\"]}]},{\"@type\":\"BreadcrumbList\",\"@id\":\"https:\/\/livrariasolmar.pt\/produto\/reset\/#breadcrumb\",\"itemListElement\":[{\"@type\":\"ListItem\",\"position\":1,\"name\":\"In\\u00edcio\",\"item\":\"https:\/\/livrariasolmar.pt\/en\/\"},{\"@type\":\"ListItem\",\"position\":2,\"name\":\"Shop\",\"item\":\"https:\/\/livrariasolmar.pt\/en\/shop\/\"},{\"@type\":\"ListItem\",\"position\":3,\"name\":\"Reset\"}]}]}<\/script>\n<!-- \/ Yoast SEO plugin. -->","_links":{"self":[{"href":"https:\/\/livrariasolmar.pt\/en\/wp-json\/wp\/v2\/product\/10592"}],"collection":[{"href":"https:\/\/livrariasolmar.pt\/en\/wp-json\/wp\/v2\/product"}],"about":[{"href":"https:\/\/livrariasolmar.pt\/en\/wp-json\/wp\/v2\/types\/product"}],"author":[{"embeddable":true,"href":"https:\/\/livrariasolmar.pt\/en\/wp-json\/wp\/v2\/users\/2"}],"wp:featuredmedia":[{"embeddable":true,"href":"https:\/\/livrariasolmar.pt\/en\/wp-json\/wp\/v2\/media\/10593"}],"wp:attachment":[{"href":"https:\/\/livrariasolmar.pt\/en\/wp-json\/wp\/v2\/media?parent=10592"}],"wp:term":[{"taxonomy":"product_cat","embeddable":true,"href":"https:\/\/livrariasolmar.pt\/en\/wp-json\/wp\/v2\/product_cat?post=10592"},{"taxonomy":"product_tag","embeddable":true,"href":"https:\/\/livrariasolmar.pt\/en\/wp-json\/wp\/v2\/product_tag?post=10592"},{"taxonomy":"cat_produtos","embeddable":true,"href":"https:\/\/livrariasolmar.pt\/en\/wp-json\/wp\/v2\/cat_produtos?post=10592"}],"curies":[{"name":"wp","href":"https:\/\/api.w.org\/{rel}","templated":true}]}}