{"id":10595,"date":"2025-07-01T17:34:38","date_gmt":"2025-07-01T17:34:38","guid":{"rendered":"https:\/\/livrariasolmar.pt\/?post_type=product&#038;p=10595"},"modified":"2025-11-14T19:38:14","modified_gmt":"2025-11-14T19:38:14","slug":"meditacoes-para-mortais","status":"publish","type":"product","link":"https:\/\/livrariasolmar.pt\/en\/produto\/meditacoes-para-mortais\/","title":{"rendered":"Medita\u00e7\u00f5es para Mortais"},"content":{"rendered":"","protected":false},"excerpt":{"rendered":"<p>Tentando responder \u00e0 pergunta fundamental sobre como deve a vida ser vivida,\u00a0<i>Meditac\u00b8o~es para mortais<\/i>\u00a0oferece-nos uma nova e poderosa via para recuperarmos a capacidade de agir sobre o que realmente importa: uma filosofia a que Oliver Burkeman chama &#8220;imperfeccionismo&#8221;. Um guia para enfrentar os desafios que habitam o nosso quotidiano, como a finitude do tempo de que dispomos, a tenta\u00e7\u00e3o da distra\u00e7\u00e3o, a armadilha do perfeccionismo.<\/p>\n<p>Como podemos, ent\u00e3o, abra\u00e7ar as nossas limita\u00e7\u00f5es n\u00e3o negoci\u00e1veis? Como nos despimos da ilus\u00e3o de que s\u00f3 podemos desfrutar quando temos tudo sob controlo?<\/p>\n<p>Bebendo da filosofia, religi\u00e3o, literatura, psicologia e desenvolvimento pessoal, Burkeman explora uma combina\u00e7\u00e3o de ferramentas pr\u00e1ticas e pequenas mudan\u00e7as que desafiam muito do que se ouve e l\u00ea hoje em dia, e que resultam num curso intensivo para aprender a viver melhor a vida que temos.<\/p>\n<p>Para ser lido como um retiro da mente em 4 semanas ou devorado de uma assentada,\u00a0<i>Meditac\u00b8o~es para mortais<\/i>\u00a0\u00e9 uma fonte de consolo e inspira\u00e7\u00e3o, uma ajuda para uma vida mais s\u00e3, mais livre e mais encantat\u00f3ria.<\/p>\n","protected":false},"author":2,"featured_media":10596,"template":"","meta":[],"product_cat":[173],"product_tag":[],"cat_produtos":[],"yoast_head":"<!-- This site is optimized with the Yoast SEO plugin v16.6 - https:\/\/yoast.com\/wordpress\/plugins\/seo\/ -->\n<title>Medita\u00e7\u00f5es para Mortais - Livraria Solmar - Livraria online<\/title>\n<meta name=\"robots\" content=\"index, follow, max-snippet:-1, max-image-preview:large, max-video-preview:-1\" \/>\n<link rel=\"canonical\" href=\"https:\/\/livrariasolmar.pt\/en\/produto\/meditacoes-para-mortais\/\" \/>\n<meta property=\"og:locale\" content=\"en_US\" \/>\n<meta property=\"og:type\" content=\"article\" \/>\n<meta property=\"og:title\" content=\"Medita\u00e7\u00f5es para Mortais - Livraria Solmar - Livraria online\" \/>\n<meta property=\"og:description\" content=\"Tentando responder \u00e0 pergunta fundamental sobre como deve a vida ser vivida,\u00a0Meditac\u00b8o~es para mortais\u00a0oferece-nos uma nova e poderosa via para recuperarmos a capacidade de agir sobre o que realmente importa: uma filosofia a que Oliver Burkeman chama &quot;imperfeccionismo&quot;. Um guia para enfrentar os desafios que habitam o nosso quotidiano, como a finitude do tempo de que dispomos, a tenta\u00e7\u00e3o da distra\u00e7\u00e3o, a armadilha do perfeccionismo.  Como podemos, ent\u00e3o, abra\u00e7ar as nossas limita\u00e7\u00f5es n\u00e3o negoci\u00e1veis? Como nos despimos da ilus\u00e3o de que s\u00f3 podemos desfrutar quando temos tudo sob controlo?  Bebendo da filosofia, religi\u00e3o, literatura, psicologia e desenvolvimento pessoal, Burkeman explora uma combina\u00e7\u00e3o de ferramentas pr\u00e1ticas e pequenas mudan\u00e7as que desafiam muito do que se ouve e l\u00ea hoje em dia, e que resultam num curso intensivo para aprender a viver melhor a vida que temos.  Para ser lido como um retiro da mente em 4 semanas ou devorado de uma assentada,\u00a0Meditac\u00b8o~es para mortais\u00a0\u00e9 uma fonte de consolo e inspira\u00e7\u00e3o, uma ajuda para uma vida mais s\u00e3, mais livre e mais encantat\u00f3ria.\" \/>\n<meta property=\"og:url\" content=\"https:\/\/livrariasolmar.pt\/produto\/meditacoes-para-mortais\/\" \/>\n<meta property=\"og:site_name\" content=\"Livraria Solmar - Livraria online\" \/>\n<meta property=\"article:modified_time\" content=\"2025-11-14T19:38:14+00:00\" \/>\n<meta property=\"og:image\" content=\"https:\/\/livrariasolmar.pt\/wp-content\/uploads\/2025\/07\/1540-1-1-4.jpg\" \/>\n\t<meta property=\"og:image:width\" content=\"340\" \/>\n\t<meta property=\"og:image:height\" content=\"340\" \/>\n<meta name=\"twitter:card\" content=\"summary_large_image\" \/>\n<script type=\"application\/ld+json\" class=\"yoast-schema-graph\">{\"@context\":\"https:\/\/schema.org\",\"@graph\":[{\"@type\":\"WebSite\",\"@id\":\"https:\/\/livrariasolmar.pt\/#website\",\"url\":\"https:\/\/livrariasolmar.pt\/\",\"name\":\"Livraria Solmar - Livraria online\",\"description\":\"Com\\u00e9rcio Livros E Objetos De Arte, Lda - Ponta Delgada, A\\u00e7ores\",\"potentialAction\":[{\"@type\":\"SearchAction\",\"target\":{\"@type\":\"EntryPoint\",\"urlTemplate\":\"https:\/\/livrariasolmar.pt\/?s={search_term_string}\"},\"query-input\":\"required name=search_term_string\"}],\"inLanguage\":\"en-US\"},{\"@type\":\"ImageObject\",\"@id\":\"https:\/\/livrariasolmar.pt\/produto\/meditacoes-para-mortais\/#primaryimage\",\"inLanguage\":\"en-US\",\"url\":\"https:\/\/livrariasolmar.pt\/wp-content\/uploads\/2025\/07\/1540-1-1-4.jpg\",\"contentUrl\":\"https:\/\/livrariasolmar.pt\/wp-content\/uploads\/2025\/07\/1540-1-1-4.jpg\",\"width\":340,\"height\":340},{\"@type\":\"WebPage\",\"@id\":\"https:\/\/livrariasolmar.pt\/produto\/meditacoes-para-mortais\/#webpage\",\"url\":\"https:\/\/livrariasolmar.pt\/produto\/meditacoes-para-mortais\/\",\"name\":\"Medita\\u00e7\\u00f5es para Mortais - Livraria Solmar - Livraria online\",\"isPartOf\":{\"@id\":\"https:\/\/livrariasolmar.pt\/#website\"},\"primaryImageOfPage\":{\"@id\":\"https:\/\/livrariasolmar.pt\/produto\/meditacoes-para-mortais\/#primaryimage\"},\"datePublished\":\"2025-07-01T17:34:38+00:00\",\"dateModified\":\"2025-11-14T19:38:14+00:00\",\"breadcrumb\":{\"@id\":\"https:\/\/livrariasolmar.pt\/produto\/meditacoes-para-mortais\/#breadcrumb\"},\"inLanguage\":\"en-US\",\"potentialAction\":[{\"@type\":\"ReadAction\",\"target\":[\"https:\/\/livrariasolmar.pt\/produto\/meditacoes-para-mortais\/\"]}]},{\"@type\":\"BreadcrumbList\",\"@id\":\"https:\/\/livrariasolmar.pt\/produto\/meditacoes-para-mortais\/#breadcrumb\",\"itemListElement\":[{\"@type\":\"ListItem\",\"position\":1,\"name\":\"In\\u00edcio\",\"item\":\"https:\/\/livrariasolmar.pt\/en\/\"},{\"@type\":\"ListItem\",\"position\":2,\"name\":\"Shop\",\"item\":\"https:\/\/livrariasolmar.pt\/en\/shop\/\"},{\"@type\":\"ListItem\",\"position\":3,\"name\":\"Medita\\u00e7\\u00f5es para Mortais\"}]}]}<\/script>\n<!-- \/ Yoast SEO plugin. -->","_links":{"self":[{"href":"https:\/\/livrariasolmar.pt\/en\/wp-json\/wp\/v2\/product\/10595"}],"collection":[{"href":"https:\/\/livrariasolmar.pt\/en\/wp-json\/wp\/v2\/product"}],"about":[{"href":"https:\/\/livrariasolmar.pt\/en\/wp-json\/wp\/v2\/types\/product"}],"author":[{"embeddable":true,"href":"https:\/\/livrariasolmar.pt\/en\/wp-json\/wp\/v2\/users\/2"}],"wp:featuredmedia":[{"embeddable":true,"href":"https:\/\/livrariasolmar.pt\/en\/wp-json\/wp\/v2\/media\/10596"}],"wp:attachment":[{"href":"https:\/\/livrariasolmar.pt\/en\/wp-json\/wp\/v2\/media?parent=10595"}],"wp:term":[{"taxonomy":"product_cat","embeddable":true,"href":"https:\/\/livrariasolmar.pt\/en\/wp-json\/wp\/v2\/product_cat?post=10595"},{"taxonomy":"product_tag","embeddable":true,"href":"https:\/\/livrariasolmar.pt\/en\/wp-json\/wp\/v2\/product_tag?post=10595"},{"taxonomy":"cat_produtos","embeddable":true,"href":"https:\/\/livrariasolmar.pt\/en\/wp-json\/wp\/v2\/cat_produtos?post=10595"}],"curies":[{"name":"wp","href":"https:\/\/api.w.org\/{rel}","templated":true}]}}