{"id":10598,"date":"2025-07-01T18:00:56","date_gmt":"2025-07-01T18:00:56","guid":{"rendered":"https:\/\/livrariasolmar.pt\/?post_type=product&#038;p=10598"},"modified":"2025-10-08T17:02:47","modified_gmt":"2025-10-08T17:02:47","slug":"organiza-te-e-cozinha","status":"publish","type":"product","link":"https:\/\/livrariasolmar.pt\/en\/produto\/organiza-te-e-cozinha\/","title":{"rendered":"Organiza-te e Cozinha"},"content":{"rendered":"","protected":false},"excerpt":{"rendered":"<p>Receitas pr\u00e1ticas e saud\u00e1veis para todas as semanas<\/p>\n<p>Quantas vezes abre a porta do frigor\u00edfico e n\u00e3o sabe o que cozinhar? A solu\u00e7\u00e3o r\u00e1pida passa por encomendar comida ou preparar a primeira coisa que encontra, resultando em refei\u00e7\u00f5es incompletas e sem grande interesse nutricional.<\/p>\n<p>A nutricionista B\u00e1rbara Oliveira apresenta a solu\u00e7\u00e3o: este livro, mais do que receitas f\u00e1ceis, saborosas e nutricionalmente equilibradas, fornece, tamb\u00e9m, ferramentas e inspira\u00e7\u00e3o para transformar a sua rotina alimentar para melhor, conseguindo com isso ter mais tempo livre e muito menos stress na hora de preparar as refei\u00e7\u00f5es.<\/p>\n<p>Baseado em anos de experi\u00eancia, este livro \u00e9 transformador: \u00abImagine acordar numa segunda-feira com todas as suas refei\u00e7\u00f5es da semana planeadas. Imagine a tranquilidade por n\u00e3o precisar de correr para o supermercado a meio da semana ou encomendar uma refei\u00e7\u00e3o de \u00faltima hora.\u00bb N\u00e3o \u00e9 dif\u00edcil de imaginar e, neste livro, B\u00e1rbara Oliveira mostra-lhe como o pode fazer.<\/p>\n<p>Inclui mais de 40 receitas:<br \/>\n\u2022 Pequeno-almo\u00e7o<br \/>\n\u2022 Lanche<br \/>\n\u2022 Entradas<br \/>\n\u2022 Refei\u00e7\u00f5es principais<br \/>\n\u2022 Sobremesas<\/p>\n","protected":false},"author":2,"featured_media":10599,"template":"","meta":[],"product_cat":[281],"product_tag":[],"cat_produtos":[],"yoast_head":"<!-- This site is optimized with the Yoast SEO plugin v16.6 - https:\/\/yoast.com\/wordpress\/plugins\/seo\/ -->\n<title>Organiza-te e Cozinha - Livraria Solmar - Livraria online<\/title>\n<meta name=\"robots\" content=\"index, follow, max-snippet:-1, max-image-preview:large, max-video-preview:-1\" \/>\n<link rel=\"canonical\" href=\"https:\/\/livrariasolmar.pt\/en\/produto\/organiza-te-e-cozinha\/\" \/>\n<meta property=\"og:locale\" content=\"en_US\" \/>\n<meta property=\"og:type\" content=\"article\" \/>\n<meta property=\"og:title\" content=\"Organiza-te e Cozinha - Livraria Solmar - Livraria online\" \/>\n<meta property=\"og:description\" content=\"Receitas pr\u00e1ticas e saud\u00e1veis para todas as semanas  Quantas vezes abre a porta do frigor\u00edfico e n\u00e3o sabe o que cozinhar? A solu\u00e7\u00e3o r\u00e1pida passa por encomendar comida ou preparar a primeira coisa que encontra, resultando em refei\u00e7\u00f5es incompletas e sem grande interesse nutricional.  A nutricionista B\u00e1rbara Oliveira apresenta a solu\u00e7\u00e3o: este livro, mais do que receitas f\u00e1ceis, saborosas e nutricionalmente equilibradas, fornece, tamb\u00e9m, ferramentas e inspira\u00e7\u00e3o para transformar a sua rotina alimentar para melhor, conseguindo com isso ter mais tempo livre e muito menos stress na hora de preparar as refei\u00e7\u00f5es.  Baseado em anos de experi\u00eancia, este livro \u00e9 transformador: \u00abImagine acordar numa segunda-feira com todas as suas refei\u00e7\u00f5es da semana planeadas. Imagine a tranquilidade por n\u00e3o precisar de correr para o supermercado a meio da semana ou encomendar uma refei\u00e7\u00e3o de \u00faltima hora.\u00bb N\u00e3o \u00e9 dif\u00edcil de imaginar e, neste livro, B\u00e1rbara Oliveira mostra-lhe como o pode fazer.  Inclui mais de 40 receitas: \u2022 Pequeno-almo\u00e7o \u2022 Lanche \u2022 Entradas \u2022 Refei\u00e7\u00f5es principais \u2022 Sobremesas\" \/>\n<meta property=\"og:url\" content=\"https:\/\/livrariasolmar.pt\/produto\/organiza-te-e-cozinha\/\" \/>\n<meta property=\"og:site_name\" content=\"Livraria Solmar - Livraria online\" \/>\n<meta property=\"article:modified_time\" content=\"2025-10-08T17:02:47+00:00\" \/>\n<meta property=\"og:image\" content=\"https:\/\/livrariasolmar.pt\/wp-content\/uploads\/2025\/07\/1540-1-1-5.jpg\" \/>\n\t<meta property=\"og:image:width\" content=\"340\" \/>\n\t<meta property=\"og:image:height\" content=\"340\" \/>\n<meta name=\"twitter:card\" content=\"summary_large_image\" \/>\n<script type=\"application\/ld+json\" class=\"yoast-schema-graph\">{\"@context\":\"https:\/\/schema.org\",\"@graph\":[{\"@type\":\"WebSite\",\"@id\":\"https:\/\/livrariasolmar.pt\/#website\",\"url\":\"https:\/\/livrariasolmar.pt\/\",\"name\":\"Livraria Solmar - Livraria online\",\"description\":\"Com\\u00e9rcio Livros E Objetos De Arte, Lda - Ponta Delgada, A\\u00e7ores\",\"potentialAction\":[{\"@type\":\"SearchAction\",\"target\":{\"@type\":\"EntryPoint\",\"urlTemplate\":\"https:\/\/livrariasolmar.pt\/?s={search_term_string}\"},\"query-input\":\"required name=search_term_string\"}],\"inLanguage\":\"en-US\"},{\"@type\":\"ImageObject\",\"@id\":\"https:\/\/livrariasolmar.pt\/produto\/organiza-te-e-cozinha\/#primaryimage\",\"inLanguage\":\"en-US\",\"url\":\"https:\/\/livrariasolmar.pt\/wp-content\/uploads\/2025\/07\/1540-1-1-5.jpg\",\"contentUrl\":\"https:\/\/livrariasolmar.pt\/wp-content\/uploads\/2025\/07\/1540-1-1-5.jpg\",\"width\":340,\"height\":340},{\"@type\":\"WebPage\",\"@id\":\"https:\/\/livrariasolmar.pt\/produto\/organiza-te-e-cozinha\/#webpage\",\"url\":\"https:\/\/livrariasolmar.pt\/produto\/organiza-te-e-cozinha\/\",\"name\":\"Organiza-te e Cozinha - Livraria Solmar - Livraria online\",\"isPartOf\":{\"@id\":\"https:\/\/livrariasolmar.pt\/#website\"},\"primaryImageOfPage\":{\"@id\":\"https:\/\/livrariasolmar.pt\/produto\/organiza-te-e-cozinha\/#primaryimage\"},\"datePublished\":\"2025-07-01T18:00:56+00:00\",\"dateModified\":\"2025-10-08T17:02:47+00:00\",\"breadcrumb\":{\"@id\":\"https:\/\/livrariasolmar.pt\/produto\/organiza-te-e-cozinha\/#breadcrumb\"},\"inLanguage\":\"en-US\",\"potentialAction\":[{\"@type\":\"ReadAction\",\"target\":[\"https:\/\/livrariasolmar.pt\/produto\/organiza-te-e-cozinha\/\"]}]},{\"@type\":\"BreadcrumbList\",\"@id\":\"https:\/\/livrariasolmar.pt\/produto\/organiza-te-e-cozinha\/#breadcrumb\",\"itemListElement\":[{\"@type\":\"ListItem\",\"position\":1,\"name\":\"In\\u00edcio\",\"item\":\"https:\/\/livrariasolmar.pt\/en\/\"},{\"@type\":\"ListItem\",\"position\":2,\"name\":\"Shop\",\"item\":\"https:\/\/livrariasolmar.pt\/en\/shop\/\"},{\"@type\":\"ListItem\",\"position\":3,\"name\":\"Organiza-te e Cozinha\"}]}]}<\/script>\n<!-- \/ Yoast SEO plugin. -->","_links":{"self":[{"href":"https:\/\/livrariasolmar.pt\/en\/wp-json\/wp\/v2\/product\/10598"}],"collection":[{"href":"https:\/\/livrariasolmar.pt\/en\/wp-json\/wp\/v2\/product"}],"about":[{"href":"https:\/\/livrariasolmar.pt\/en\/wp-json\/wp\/v2\/types\/product"}],"author":[{"embeddable":true,"href":"https:\/\/livrariasolmar.pt\/en\/wp-json\/wp\/v2\/users\/2"}],"wp:featuredmedia":[{"embeddable":true,"href":"https:\/\/livrariasolmar.pt\/en\/wp-json\/wp\/v2\/media\/10599"}],"wp:attachment":[{"href":"https:\/\/livrariasolmar.pt\/en\/wp-json\/wp\/v2\/media?parent=10598"}],"wp:term":[{"taxonomy":"product_cat","embeddable":true,"href":"https:\/\/livrariasolmar.pt\/en\/wp-json\/wp\/v2\/product_cat?post=10598"},{"taxonomy":"product_tag","embeddable":true,"href":"https:\/\/livrariasolmar.pt\/en\/wp-json\/wp\/v2\/product_tag?post=10598"},{"taxonomy":"cat_produtos","embeddable":true,"href":"https:\/\/livrariasolmar.pt\/en\/wp-json\/wp\/v2\/cat_produtos?post=10598"}],"curies":[{"name":"wp","href":"https:\/\/api.w.org\/{rel}","templated":true}]}}