{"id":10607,"date":"2025-07-16T19:27:02","date_gmt":"2025-07-16T19:27:02","guid":{"rendered":"https:\/\/livrariasolmar.pt\/?post_type=product&#038;p=10607"},"modified":"2025-11-16T16:17:25","modified_gmt":"2025-11-16T16:17:25","slug":"aniquilacao","status":"publish","type":"product","link":"https:\/\/livrariasolmar.pt\/en\/produto\/aniquilacao\/","title":{"rendered":"Aniquila\u00e7\u00e3o"},"content":{"rendered":"","protected":false},"excerpt":{"rendered":"<p><i>Aniquila\u00e7\u00e3o<\/i>\u00a0projeta diante do leitor um futuro pr\u00f3ximo, \u00e0 luz melanc\u00f3lica do decl\u00ednio do Ocidente, um dos grandes temas de Michel Houellebecq.<\/p>\n<p>O romance abre com uns bizarros v\u00eddeos que se tornaram virais online num deles, o ministro da Economia franc\u00eas \u00e9 guilhotinado. Logo a seguir, h\u00e1 uma s\u00e9rie de atentados terroristas. Estes acontecimentos lan\u00e7am o alarme em Fran\u00e7a, onde decorre uma fervorosa campanha para as elei\u00e7\u00f5es presidenciais, na qual reconhecemos v\u00e1rios dos pe\u00f5es do jogo pol\u00edtico europeu atual. Qualquer semelhan\u00e7a com pessoas reais \u00e9 puramente deliberada.<\/p>\n<p>O protagonista, Paul Raison \u00e9 uma personagem maior que a vida. Alto funcion\u00e1rio ministerial, aproxima se dos cinquenta anos e acomodou se \u00e0 mis\u00e9ria afetiva e sexual. Prudence a sua mulher, tornou se vegan e adepta do Wicca, um movimento religioso neopag\u00e3o. O casal vive num apartamento em Paris, onde se cruza cada vez menos.<\/p>\n<p>\u00c9 a partir deste cen\u00e1rio que\u00a0<i>Aniquila\u00e7\u00e3o<\/i>\u00a0entretece dois fios distintos o p\u00fablico e o privado mostrando se simultaneamente como thriller pol\u00edtico e reflex\u00e3o metaf\u00edsica. Michel Houellebecq distancia se aqui do niilismo de que tantas vezes o acusam.<\/p>\n","protected":false},"author":2,"featured_media":10608,"template":"","meta":[],"product_cat":[153],"product_tag":[],"cat_produtos":[],"yoast_head":"<!-- This site is optimized with the Yoast SEO plugin v16.6 - https:\/\/yoast.com\/wordpress\/plugins\/seo\/ -->\n<title>Aniquila\u00e7\u00e3o - Livraria Solmar - Livraria online<\/title>\n<meta name=\"robots\" content=\"index, follow, max-snippet:-1, max-image-preview:large, max-video-preview:-1\" \/>\n<link rel=\"canonical\" href=\"https:\/\/livrariasolmar.pt\/en\/produto\/aniquilacao\/\" \/>\n<meta property=\"og:locale\" content=\"en_US\" \/>\n<meta property=\"og:type\" content=\"article\" \/>\n<meta property=\"og:title\" content=\"Aniquila\u00e7\u00e3o - Livraria Solmar - Livraria online\" \/>\n<meta property=\"og:description\" content=\"Aniquila\u00e7\u00e3o\u00a0projeta diante do leitor um futuro pr\u00f3ximo, \u00e0 luz melanc\u00f3lica do decl\u00ednio do Ocidente, um dos grandes temas de Michel Houellebecq.  O romance abre com uns bizarros v\u00eddeos que se tornaram virais online num deles, o ministro da Economia franc\u00eas \u00e9 guilhotinado. Logo a seguir, h\u00e1 uma s\u00e9rie de atentados terroristas. Estes acontecimentos lan\u00e7am o alarme em Fran\u00e7a, onde decorre uma fervorosa campanha para as elei\u00e7\u00f5es presidenciais, na qual reconhecemos v\u00e1rios dos pe\u00f5es do jogo pol\u00edtico europeu atual. Qualquer semelhan\u00e7a com pessoas reais \u00e9 puramente deliberada.  O protagonista, Paul Raison \u00e9 uma personagem maior que a vida. Alto funcion\u00e1rio ministerial, aproxima se dos cinquenta anos e acomodou se \u00e0 mis\u00e9ria afetiva e sexual. Prudence a sua mulher, tornou se vegan e adepta do Wicca, um movimento religioso neopag\u00e3o. O casal vive num apartamento em Paris, onde se cruza cada vez menos.  \u00c9 a partir deste cen\u00e1rio que\u00a0Aniquila\u00e7\u00e3o\u00a0entretece dois fios distintos o p\u00fablico e o privado mostrando se simultaneamente como thriller pol\u00edtico e reflex\u00e3o metaf\u00edsica. Michel Houellebecq distancia se aqui do niilismo de que tantas vezes o acusam.\" \/>\n<meta property=\"og:url\" content=\"https:\/\/livrariasolmar.pt\/produto\/aniquilacao\/\" \/>\n<meta property=\"og:site_name\" content=\"Livraria Solmar - Livraria online\" \/>\n<meta property=\"article:modified_time\" content=\"2025-11-16T16:17:25+00:00\" \/>\n<meta property=\"og:image\" content=\"https:\/\/livrariasolmar.pt\/wp-content\/uploads\/2025\/07\/1540-1-2-2.jpg\" \/>\n\t<meta property=\"og:image:width\" content=\"340\" \/>\n\t<meta property=\"og:image:height\" content=\"340\" \/>\n<meta name=\"twitter:card\" content=\"summary_large_image\" \/>\n<script type=\"application\/ld+json\" class=\"yoast-schema-graph\">{\"@context\":\"https:\/\/schema.org\",\"@graph\":[{\"@type\":\"WebSite\",\"@id\":\"https:\/\/livrariasolmar.pt\/#website\",\"url\":\"https:\/\/livrariasolmar.pt\/\",\"name\":\"Livraria Solmar - Livraria online\",\"description\":\"Com\\u00e9rcio Livros E Objetos De Arte, Lda - Ponta Delgada, A\\u00e7ores\",\"potentialAction\":[{\"@type\":\"SearchAction\",\"target\":{\"@type\":\"EntryPoint\",\"urlTemplate\":\"https:\/\/livrariasolmar.pt\/?s={search_term_string}\"},\"query-input\":\"required name=search_term_string\"}],\"inLanguage\":\"en-US\"},{\"@type\":\"ImageObject\",\"@id\":\"https:\/\/livrariasolmar.pt\/produto\/aniquilacao\/#primaryimage\",\"inLanguage\":\"en-US\",\"url\":\"https:\/\/livrariasolmar.pt\/wp-content\/uploads\/2025\/07\/1540-1-2-2.jpg\",\"contentUrl\":\"https:\/\/livrariasolmar.pt\/wp-content\/uploads\/2025\/07\/1540-1-2-2.jpg\",\"width\":340,\"height\":340},{\"@type\":\"WebPage\",\"@id\":\"https:\/\/livrariasolmar.pt\/produto\/aniquilacao\/#webpage\",\"url\":\"https:\/\/livrariasolmar.pt\/produto\/aniquilacao\/\",\"name\":\"Aniquila\\u00e7\\u00e3o - Livraria Solmar - Livraria online\",\"isPartOf\":{\"@id\":\"https:\/\/livrariasolmar.pt\/#website\"},\"primaryImageOfPage\":{\"@id\":\"https:\/\/livrariasolmar.pt\/produto\/aniquilacao\/#primaryimage\"},\"datePublished\":\"2025-07-16T19:27:02+00:00\",\"dateModified\":\"2025-11-16T16:17:25+00:00\",\"breadcrumb\":{\"@id\":\"https:\/\/livrariasolmar.pt\/produto\/aniquilacao\/#breadcrumb\"},\"inLanguage\":\"en-US\",\"potentialAction\":[{\"@type\":\"ReadAction\",\"target\":[\"https:\/\/livrariasolmar.pt\/produto\/aniquilacao\/\"]}]},{\"@type\":\"BreadcrumbList\",\"@id\":\"https:\/\/livrariasolmar.pt\/produto\/aniquilacao\/#breadcrumb\",\"itemListElement\":[{\"@type\":\"ListItem\",\"position\":1,\"name\":\"In\\u00edcio\",\"item\":\"https:\/\/livrariasolmar.pt\/en\/\"},{\"@type\":\"ListItem\",\"position\":2,\"name\":\"Shop\",\"item\":\"https:\/\/livrariasolmar.pt\/en\/shop\/\"},{\"@type\":\"ListItem\",\"position\":3,\"name\":\"Aniquila\\u00e7\\u00e3o\"}]}]}<\/script>\n<!-- \/ Yoast SEO plugin. -->","_links":{"self":[{"href":"https:\/\/livrariasolmar.pt\/en\/wp-json\/wp\/v2\/product\/10607"}],"collection":[{"href":"https:\/\/livrariasolmar.pt\/en\/wp-json\/wp\/v2\/product"}],"about":[{"href":"https:\/\/livrariasolmar.pt\/en\/wp-json\/wp\/v2\/types\/product"}],"author":[{"embeddable":true,"href":"https:\/\/livrariasolmar.pt\/en\/wp-json\/wp\/v2\/users\/2"}],"wp:featuredmedia":[{"embeddable":true,"href":"https:\/\/livrariasolmar.pt\/en\/wp-json\/wp\/v2\/media\/10608"}],"wp:attachment":[{"href":"https:\/\/livrariasolmar.pt\/en\/wp-json\/wp\/v2\/media?parent=10607"}],"wp:term":[{"taxonomy":"product_cat","embeddable":true,"href":"https:\/\/livrariasolmar.pt\/en\/wp-json\/wp\/v2\/product_cat?post=10607"},{"taxonomy":"product_tag","embeddable":true,"href":"https:\/\/livrariasolmar.pt\/en\/wp-json\/wp\/v2\/product_tag?post=10607"},{"taxonomy":"cat_produtos","embeddable":true,"href":"https:\/\/livrariasolmar.pt\/en\/wp-json\/wp\/v2\/cat_produtos?post=10607"}],"curies":[{"name":"wp","href":"https:\/\/api.w.org\/{rel}","templated":true}]}}