{"id":10614,"date":"2025-07-17T17:30:50","date_gmt":"2025-07-17T17:30:50","guid":{"rendered":"https:\/\/livrariasolmar.pt\/?post_type=product&#038;p=10614"},"modified":"2026-03-07T19:30:26","modified_gmt":"2026-03-07T19:30:26","slug":"a-desconhecida-do-retrato","status":"publish","type":"product","link":"https:\/\/livrariasolmar.pt\/en\/produto\/a-desconhecida-do-retrato\/","title":{"rendered":"A Desconhecida do Retrato"},"content":{"rendered":"","protected":false},"excerpt":{"rendered":"<div class=\"collapse-container\">\n<div id=\"synopsis-toggle-collapse\" class=\"content right collapse w100\">Prix Maison de la Presse<br \/>\nPrix des Romanci\u00e8res<br \/>\nPrix du Roman Marie Claire<br \/>\nPrix Nice Baie des Anges<br \/>\nPrix de la Passion<br \/>\nPrix Charles-Exbrayat<\/p>\n<p>\u00abA obra era de uma beleza vibrante. Ficou boquiaberta, afogando-se no olho azul-celeste ponteado de verde. Era mesmo a s\u00f3sia daquela mulher?\u00bb<\/p>\n<p>Pintado em Viena, em 1910, o quadro de Gustav Klimt Retrato de Uma Senhora \u00e9 comprado por um colecionador an\u00f3nimo em 1916, alterado pelo mestre no ano seguinte e depois roubado em 1997, antes de reaparecer em 2019 nos jardins de um museu de arte moderna em It\u00e1lia.<\/p>\n<p>Nenhum especialista do mundo das artes, nenhum curador, nenhum investigador da pol\u00edcia sabe quem era a mulher representada no quadro, nem os segredos que animam a hist\u00f3ria palpitante do seu retrato.<\/p>\n<p>Das ruas de Viena em 1900 ao Texas dos anos 1980, da Manhattan da Grande Depress\u00e3o \u00e0 It\u00e1lia contempor\u00e2nea, Camille de Peretti imagina o destino desta mulher, tal como o dos seus descendentes, cujas vidas se entrela\u00e7am atrav\u00e9s deste quadro e ressoam umas nas outras.<\/p>\n<p>Inspirado na incr\u00edvel mas verdadeira hist\u00f3ria de uma pintura de Klimt,\u00a0<i>A Desconhecida do Retrato<\/i>\u00a0\u00e9 um relato magistral que combina segredos de fam\u00edlia, hist\u00f3rias de sucesso, amores contrariados, desaparecimentos e dramas vibrantes.<\/div>\n<\/div>\n<div class=\"details-collapse-container\">\n<div id=\"details\" class=\"anchor\"><\/div>\n<div class=\"collapse-container\">\n<div class=\"d-flex flex-column gap-30\">\n<h2 class=\"title font-light d-flex justify-content-between align-items-center collapsed\" data-target=\"#details-toggle-collapse\" data-toggle=\"collapse\"><\/h2>\n<\/div>\n<div id=\"details-toggle-collapse\" class=\"content right collapse w100\">\n<div class=\"details d-flex flex-row\">\n<div class=\"flex\"><\/div>\n<\/div>\n<\/div>\n<\/div>\n<\/div>\n","protected":false},"author":2,"featured_media":10615,"template":"","meta":[],"product_cat":[153],"product_tag":[],"cat_produtos":[],"yoast_head":"<!-- This site is optimized with the Yoast SEO plugin v16.6 - https:\/\/yoast.com\/wordpress\/plugins\/seo\/ -->\n<title>A Desconhecida do Retrato - Livraria Solmar - Livraria online<\/title>\n<meta name=\"robots\" content=\"index, follow, max-snippet:-1, max-image-preview:large, max-video-preview:-1\" \/>\n<link rel=\"canonical\" href=\"https:\/\/livrariasolmar.pt\/en\/produto\/a-desconhecida-do-retrato\/\" \/>\n<meta property=\"og:locale\" content=\"en_US\" \/>\n<meta property=\"og:type\" content=\"article\" \/>\n<meta property=\"og:title\" content=\"A Desconhecida do Retrato - Livraria Solmar - Livraria online\" \/>\n<meta property=\"og:description\" content=\"Prix Maison de la Presse Prix des Romanci\u00e8res Prix du Roman Marie Claire Prix Nice Baie des Anges Prix de la Passion Prix Charles-Exbrayat  \u00abA obra era de uma beleza vibrante. Ficou boquiaberta, afogando-se no olho azul-celeste ponteado de verde. Era mesmo a s\u00f3sia daquela mulher?\u00bb  Pintado em Viena, em 1910, o quadro de Gustav Klimt Retrato de Uma Senhora \u00e9 comprado por um colecionador an\u00f3nimo em 1916, alterado pelo mestre no ano seguinte e depois roubado em 1997, antes de reaparecer em 2019 nos jardins de um museu de arte moderna em It\u00e1lia.  Nenhum especialista do mundo das artes, nenhum curador, nenhum investigador da pol\u00edcia sabe quem era a mulher representada no quadro, nem os segredos que animam a hist\u00f3ria palpitante do seu retrato.  Das ruas de Viena em 1900 ao Texas dos anos 1980, da Manhattan da Grande Depress\u00e3o \u00e0 It\u00e1lia contempor\u00e2nea, Camille de Peretti imagina o destino desta mulher, tal como o dos seus descendentes, cujas vidas se entrela\u00e7am atrav\u00e9s deste quadro e ressoam umas nas outras.  Inspirado na incr\u00edvel mas verdadeira hist\u00f3ria de uma pintura de Klimt,\u00a0A Desconhecida do Retrato\u00a0\u00e9 um relato magistral que combina segredos de fam\u00edlia, hist\u00f3rias de sucesso, amores contrariados, desaparecimentos e dramas vibrantes.\" \/>\n<meta property=\"og:url\" content=\"https:\/\/livrariasolmar.pt\/produto\/a-desconhecida-do-retrato\/\" \/>\n<meta property=\"og:site_name\" content=\"Livraria Solmar - Livraria online\" \/>\n<meta property=\"article:modified_time\" content=\"2026-03-07T19:30:26+00:00\" \/>\n<meta property=\"og:image\" content=\"https:\/\/livrariasolmar.pt\/wp-content\/uploads\/2025\/07\/1540-1-3.jpg\" \/>\n\t<meta property=\"og:image:width\" content=\"340\" \/>\n\t<meta property=\"og:image:height\" content=\"340\" \/>\n<meta name=\"twitter:card\" content=\"summary_large_image\" \/>\n<script type=\"application\/ld+json\" class=\"yoast-schema-graph\">{\"@context\":\"https:\/\/schema.org\",\"@graph\":[{\"@type\":\"WebSite\",\"@id\":\"https:\/\/livrariasolmar.pt\/#website\",\"url\":\"https:\/\/livrariasolmar.pt\/\",\"name\":\"Livraria Solmar - Livraria online\",\"description\":\"Com\\u00e9rcio Livros E Objetos De Arte, Lda - Ponta Delgada, A\\u00e7ores\",\"potentialAction\":[{\"@type\":\"SearchAction\",\"target\":{\"@type\":\"EntryPoint\",\"urlTemplate\":\"https:\/\/livrariasolmar.pt\/?s={search_term_string}\"},\"query-input\":\"required name=search_term_string\"}],\"inLanguage\":\"en-US\"},{\"@type\":\"ImageObject\",\"@id\":\"https:\/\/livrariasolmar.pt\/produto\/a-desconhecida-do-retrato\/#primaryimage\",\"inLanguage\":\"en-US\",\"url\":\"https:\/\/livrariasolmar.pt\/wp-content\/uploads\/2025\/07\/1540-1-3.jpg\",\"contentUrl\":\"https:\/\/livrariasolmar.pt\/wp-content\/uploads\/2025\/07\/1540-1-3.jpg\",\"width\":340,\"height\":340},{\"@type\":\"WebPage\",\"@id\":\"https:\/\/livrariasolmar.pt\/produto\/a-desconhecida-do-retrato\/#webpage\",\"url\":\"https:\/\/livrariasolmar.pt\/produto\/a-desconhecida-do-retrato\/\",\"name\":\"A Desconhecida do Retrato - Livraria Solmar - Livraria online\",\"isPartOf\":{\"@id\":\"https:\/\/livrariasolmar.pt\/#website\"},\"primaryImageOfPage\":{\"@id\":\"https:\/\/livrariasolmar.pt\/produto\/a-desconhecida-do-retrato\/#primaryimage\"},\"datePublished\":\"2025-07-17T17:30:50+00:00\",\"dateModified\":\"2026-03-07T19:30:26+00:00\",\"breadcrumb\":{\"@id\":\"https:\/\/livrariasolmar.pt\/produto\/a-desconhecida-do-retrato\/#breadcrumb\"},\"inLanguage\":\"en-US\",\"potentialAction\":[{\"@type\":\"ReadAction\",\"target\":[\"https:\/\/livrariasolmar.pt\/produto\/a-desconhecida-do-retrato\/\"]}]},{\"@type\":\"BreadcrumbList\",\"@id\":\"https:\/\/livrariasolmar.pt\/produto\/a-desconhecida-do-retrato\/#breadcrumb\",\"itemListElement\":[{\"@type\":\"ListItem\",\"position\":1,\"name\":\"In\\u00edcio\",\"item\":\"https:\/\/livrariasolmar.pt\/en\/\"},{\"@type\":\"ListItem\",\"position\":2,\"name\":\"Shop\",\"item\":\"https:\/\/livrariasolmar.pt\/en\/shop\/\"},{\"@type\":\"ListItem\",\"position\":3,\"name\":\"A Desconhecida do Retrato\"}]}]}<\/script>\n<!-- \/ Yoast SEO plugin. -->","_links":{"self":[{"href":"https:\/\/livrariasolmar.pt\/en\/wp-json\/wp\/v2\/product\/10614"}],"collection":[{"href":"https:\/\/livrariasolmar.pt\/en\/wp-json\/wp\/v2\/product"}],"about":[{"href":"https:\/\/livrariasolmar.pt\/en\/wp-json\/wp\/v2\/types\/product"}],"author":[{"embeddable":true,"href":"https:\/\/livrariasolmar.pt\/en\/wp-json\/wp\/v2\/users\/2"}],"wp:featuredmedia":[{"embeddable":true,"href":"https:\/\/livrariasolmar.pt\/en\/wp-json\/wp\/v2\/media\/10615"}],"wp:attachment":[{"href":"https:\/\/livrariasolmar.pt\/en\/wp-json\/wp\/v2\/media?parent=10614"}],"wp:term":[{"taxonomy":"product_cat","embeddable":true,"href":"https:\/\/livrariasolmar.pt\/en\/wp-json\/wp\/v2\/product_cat?post=10614"},{"taxonomy":"product_tag","embeddable":true,"href":"https:\/\/livrariasolmar.pt\/en\/wp-json\/wp\/v2\/product_tag?post=10614"},{"taxonomy":"cat_produtos","embeddable":true,"href":"https:\/\/livrariasolmar.pt\/en\/wp-json\/wp\/v2\/cat_produtos?post=10614"}],"curies":[{"name":"wp","href":"https:\/\/api.w.org\/{rel}","templated":true}]}}