{"id":10630,"date":"2025-07-22T16:21:32","date_gmt":"2025-07-22T16:21:32","guid":{"rendered":"https:\/\/livrariasolmar.pt\/?post_type=product&#038;p=10630"},"modified":"2025-11-14T19:38:26","modified_gmt":"2025-11-14T19:38:26","slug":"o-poder-do-pensamento-positivo","status":"publish","type":"product","link":"https:\/\/livrariasolmar.pt\/en\/produto\/o-poder-do-pensamento-positivo\/","title":{"rendered":"O Poder do Pensamento Positivo"},"content":{"rendered":"","protected":false},"excerpt":{"rendered":"<p>Este cl\u00e1ssico do desenvolvimento pessoal vai ajud\u00e1-lo a acreditar em si e a libertar o seu poder interior.<br \/>\nAo longo dos anos, tem auxiliado pessoas em todo o mundo a O Poder do Pensamento Positivo atingir a plenitude nas suas vidas. Norman Vincent Peale, o \u00abpregador dos milh\u00f5es de ouvintes\u00bb, escreveu este livro com o objetivo de ajudar o leitor a ter uma vida plena de felicidade, baseando-se na ideia de que mudar s\u00f3 depende de n\u00f3s, da nossa vontade de agir e de melhorar, e do poder da f\u00e9. Com esta obra ic\u00f3nica, aprender\u00e1 a:<\/p>\n<p>Acreditar em tudo o que faz<br \/>\nDesejar conseguir o melhor para a sua vida<br \/>\nDesenvolver compet\u00eancias para atingir os seus objetivos<br \/>\nTer uma energia constante<br \/>\nUsar o poder curativo da f\u00e9<br \/>\nAcabar com as preocupa\u00e7\u00f5es<br \/>\nMelhorar as suas rela\u00e7\u00f5es pessoais e profissionais<\/p>\n<p>Os ensinamentos contidos neste livro s\u00e3o poderosas mensagens de inspira\u00e7\u00e3o e esperan\u00e7a. Neles encontrar\u00e1 a voz de que precisa para o guiar em dire\u00e7\u00e3o ao bem-estar.<\/p>\n","protected":false},"author":2,"featured_media":10631,"template":"","meta":[],"product_cat":[173],"product_tag":[],"cat_produtos":[],"yoast_head":"<!-- This site is optimized with the Yoast SEO plugin v16.6 - https:\/\/yoast.com\/wordpress\/plugins\/seo\/ -->\n<title>O Poder do Pensamento Positivo - Livraria Solmar - Livraria online<\/title>\n<meta name=\"robots\" content=\"index, follow, max-snippet:-1, max-image-preview:large, max-video-preview:-1\" \/>\n<link rel=\"canonical\" href=\"https:\/\/livrariasolmar.pt\/en\/produto\/o-poder-do-pensamento-positivo\/\" \/>\n<meta property=\"og:locale\" content=\"en_US\" \/>\n<meta property=\"og:type\" content=\"article\" \/>\n<meta property=\"og:title\" content=\"O Poder do Pensamento Positivo - Livraria Solmar - Livraria online\" \/>\n<meta property=\"og:description\" content=\"Este cl\u00e1ssico do desenvolvimento pessoal vai ajud\u00e1-lo a acreditar em si e a libertar o seu poder interior. Ao longo dos anos, tem auxiliado pessoas em todo o mundo a O Poder do Pensamento Positivo atingir a plenitude nas suas vidas. Norman Vincent Peale, o \u00abpregador dos milh\u00f5es de ouvintes\u00bb, escreveu este livro com o objetivo de ajudar o leitor a ter uma vida plena de felicidade, baseando-se na ideia de que mudar s\u00f3 depende de n\u00f3s, da nossa vontade de agir e de melhorar, e do poder da f\u00e9. Com esta obra ic\u00f3nica, aprender\u00e1 a:  Acreditar em tudo o que faz Desejar conseguir o melhor para a sua vida Desenvolver compet\u00eancias para atingir os seus objetivos Ter uma energia constante Usar o poder curativo da f\u00e9 Acabar com as preocupa\u00e7\u00f5es Melhorar as suas rela\u00e7\u00f5es pessoais e profissionais  Os ensinamentos contidos neste livro s\u00e3o poderosas mensagens de inspira\u00e7\u00e3o e esperan\u00e7a. Neles encontrar\u00e1 a voz de que precisa para o guiar em dire\u00e7\u00e3o ao bem-estar.\" \/>\n<meta property=\"og:url\" content=\"https:\/\/livrariasolmar.pt\/produto\/o-poder-do-pensamento-positivo\/\" \/>\n<meta property=\"og:site_name\" content=\"Livraria Solmar - Livraria online\" \/>\n<meta property=\"article:modified_time\" content=\"2025-11-14T19:38:26+00:00\" \/>\n<meta property=\"og:image\" content=\"https:\/\/livrariasolmar.pt\/wp-content\/uploads\/2025\/07\/1540-1-1-8.jpg\" \/>\n\t<meta property=\"og:image:width\" content=\"340\" \/>\n\t<meta property=\"og:image:height\" content=\"340\" \/>\n<meta name=\"twitter:card\" content=\"summary_large_image\" \/>\n<script type=\"application\/ld+json\" class=\"yoast-schema-graph\">{\"@context\":\"https:\/\/schema.org\",\"@graph\":[{\"@type\":\"WebSite\",\"@id\":\"https:\/\/livrariasolmar.pt\/#website\",\"url\":\"https:\/\/livrariasolmar.pt\/\",\"name\":\"Livraria Solmar - Livraria online\",\"description\":\"Com\\u00e9rcio Livros E Objetos De Arte, Lda - Ponta Delgada, A\\u00e7ores\",\"potentialAction\":[{\"@type\":\"SearchAction\",\"target\":{\"@type\":\"EntryPoint\",\"urlTemplate\":\"https:\/\/livrariasolmar.pt\/?s={search_term_string}\"},\"query-input\":\"required name=search_term_string\"}],\"inLanguage\":\"en-US\"},{\"@type\":\"ImageObject\",\"@id\":\"https:\/\/livrariasolmar.pt\/produto\/o-poder-do-pensamento-positivo\/#primaryimage\",\"inLanguage\":\"en-US\",\"url\":\"https:\/\/livrariasolmar.pt\/wp-content\/uploads\/2025\/07\/1540-1-1-8.jpg\",\"contentUrl\":\"https:\/\/livrariasolmar.pt\/wp-content\/uploads\/2025\/07\/1540-1-1-8.jpg\",\"width\":340,\"height\":340},{\"@type\":\"WebPage\",\"@id\":\"https:\/\/livrariasolmar.pt\/produto\/o-poder-do-pensamento-positivo\/#webpage\",\"url\":\"https:\/\/livrariasolmar.pt\/produto\/o-poder-do-pensamento-positivo\/\",\"name\":\"O Poder do Pensamento Positivo - Livraria Solmar - Livraria online\",\"isPartOf\":{\"@id\":\"https:\/\/livrariasolmar.pt\/#website\"},\"primaryImageOfPage\":{\"@id\":\"https:\/\/livrariasolmar.pt\/produto\/o-poder-do-pensamento-positivo\/#primaryimage\"},\"datePublished\":\"2025-07-22T16:21:32+00:00\",\"dateModified\":\"2025-11-14T19:38:26+00:00\",\"breadcrumb\":{\"@id\":\"https:\/\/livrariasolmar.pt\/produto\/o-poder-do-pensamento-positivo\/#breadcrumb\"},\"inLanguage\":\"en-US\",\"potentialAction\":[{\"@type\":\"ReadAction\",\"target\":[\"https:\/\/livrariasolmar.pt\/produto\/o-poder-do-pensamento-positivo\/\"]}]},{\"@type\":\"BreadcrumbList\",\"@id\":\"https:\/\/livrariasolmar.pt\/produto\/o-poder-do-pensamento-positivo\/#breadcrumb\",\"itemListElement\":[{\"@type\":\"ListItem\",\"position\":1,\"name\":\"In\\u00edcio\",\"item\":\"https:\/\/livrariasolmar.pt\/en\/\"},{\"@type\":\"ListItem\",\"position\":2,\"name\":\"Shop\",\"item\":\"https:\/\/livrariasolmar.pt\/en\/shop\/\"},{\"@type\":\"ListItem\",\"position\":3,\"name\":\"O Poder do Pensamento Positivo\"}]}]}<\/script>\n<!-- \/ Yoast SEO plugin. -->","_links":{"self":[{"href":"https:\/\/livrariasolmar.pt\/en\/wp-json\/wp\/v2\/product\/10630"}],"collection":[{"href":"https:\/\/livrariasolmar.pt\/en\/wp-json\/wp\/v2\/product"}],"about":[{"href":"https:\/\/livrariasolmar.pt\/en\/wp-json\/wp\/v2\/types\/product"}],"author":[{"embeddable":true,"href":"https:\/\/livrariasolmar.pt\/en\/wp-json\/wp\/v2\/users\/2"}],"wp:featuredmedia":[{"embeddable":true,"href":"https:\/\/livrariasolmar.pt\/en\/wp-json\/wp\/v2\/media\/10631"}],"wp:attachment":[{"href":"https:\/\/livrariasolmar.pt\/en\/wp-json\/wp\/v2\/media?parent=10630"}],"wp:term":[{"taxonomy":"product_cat","embeddable":true,"href":"https:\/\/livrariasolmar.pt\/en\/wp-json\/wp\/v2\/product_cat?post=10630"},{"taxonomy":"product_tag","embeddable":true,"href":"https:\/\/livrariasolmar.pt\/en\/wp-json\/wp\/v2\/product_tag?post=10630"},{"taxonomy":"cat_produtos","embeddable":true,"href":"https:\/\/livrariasolmar.pt\/en\/wp-json\/wp\/v2\/cat_produtos?post=10630"}],"curies":[{"name":"wp","href":"https:\/\/api.w.org\/{rel}","templated":true}]}}