{"id":10634,"date":"2025-07-23T16:11:47","date_gmt":"2025-07-23T16:11:47","guid":{"rendered":"https:\/\/livrariasolmar.pt\/?post_type=product&#038;p=10634"},"modified":"2025-10-08T17:41:22","modified_gmt":"2025-10-08T17:41:22","slug":"banzeiro-okoto-uma-viagem-a-amazonia-centro-do-mundo","status":"publish","type":"product","link":"https:\/\/livrariasolmar.pt\/en\/produto\/banzeiro-okoto-uma-viagem-a-amazonia-centro-do-mundo\/","title":{"rendered":"Banzeiro \u00d2k\u00f2t\u00f3 &#8211; Uma viagem \u00e0 Amaz\u00f4nia Centro do Mundo"},"content":{"rendered":"","protected":false},"excerpt":{"rendered":"<p>\u00abAmaz\u00f4nia Centro do Mundo \u00e9 uma ideia viva e, portanto, livre. A experi\u00eancia de viver na \u2014\u2014 e com a \u2014\u2014 floresta mudou radicalmente meu corpo e a experi\u00eancia de corpo. E esta sou apenas eu. Amaz\u00f4nia Centro do Mundo \u00e9 movimento poderoso, \u00e9 ideia que age.\u00bb<\/p>\n<p>Num tom liter\u00e1rio inconfund\u00edvel, Eliane Brum cruza narrativa pessoal e investiga\u00e7\u00e3o jornal\u00edstica, oferecendo-nos um livro de hist\u00f3rias da Amaz\u00f3nia: hist\u00f3rias de den\u00fancia de atrocidades, da malha de liga\u00e7\u00f5es da natureza e seus povos, e do combate pela sobreviv\u00eancia. Vivendo h\u00e1 anos nas margens do Rio Xingu, a escritora prop\u00f5e \u00abamazonizar-se\u00bb: mergulha na grande floresta tropical e tece rela\u00e7\u00f5es com os seus seres humanos e mais-que-humanos.<\/p>\n<p>Narrativa de destrui\u00e7\u00e3o e resist\u00eancia, de corrup\u00e7\u00e3o e cicatrizes, mas tamb\u00e9m de encontro e transforma\u00e7\u00e3o, este livro defende uma mudan\u00e7a matricial face ao colapso clim\u00e1tico e ao magnetismo de for\u00e7as pol\u00edticas e econ\u00f3micas que antagonizam a Amaz\u00f3nia e tudo o que este organismo vivo representa. Ao deslocar para aqui o centro do mundo, Eliane Brum funda uma nova linguagem, para que esta narrativa possa ir ao encontro de si mesma \u2014- do banzeiro, lugar onde o rio se transforma em v\u00f3rtice assustador, ao \u00f2k\u00f2t\u00f3, palavra iorub\u00e1 que designa uma concha de espiral infinita. Ao buscar respostas sem se esquivar \u00e0s quest\u00f5es inc\u00f3modas, este \u00e9 um livro feroz e inquietante, terno e inesquec\u00edvel.<\/p>\n","protected":false},"author":2,"featured_media":10635,"template":"","meta":[],"product_cat":[153],"product_tag":[],"cat_produtos":[],"yoast_head":"<!-- This site is optimized with the Yoast SEO plugin v16.6 - https:\/\/yoast.com\/wordpress\/plugins\/seo\/ -->\n<title>Banzeiro \u00d2k\u00f2t\u00f3 - Uma viagem \u00e0 Amaz\u00f4nia Centro do Mundo - Livraria Solmar - Livraria online<\/title>\n<meta name=\"robots\" content=\"index, follow, max-snippet:-1, max-image-preview:large, max-video-preview:-1\" \/>\n<link rel=\"canonical\" href=\"https:\/\/livrariasolmar.pt\/en\/produto\/banzeiro-okoto-uma-viagem-a-amazonia-centro-do-mundo\/\" \/>\n<meta property=\"og:locale\" content=\"en_US\" \/>\n<meta property=\"og:type\" content=\"article\" \/>\n<meta property=\"og:title\" content=\"Banzeiro \u00d2k\u00f2t\u00f3 - Uma viagem \u00e0 Amaz\u00f4nia Centro do Mundo - Livraria Solmar - Livraria online\" \/>\n<meta property=\"og:description\" content=\"\u00abAmaz\u00f4nia Centro do Mundo \u00e9 uma ideia viva e, portanto, livre. A experi\u00eancia de viver na \u2014\u2014 e com a \u2014\u2014 floresta mudou radicalmente meu corpo e a experi\u00eancia de corpo. E esta sou apenas eu. Amaz\u00f4nia Centro do Mundo \u00e9 movimento poderoso, \u00e9 ideia que age.\u00bb  Num tom liter\u00e1rio inconfund\u00edvel, Eliane Brum cruza narrativa pessoal e investiga\u00e7\u00e3o jornal\u00edstica, oferecendo-nos um livro de hist\u00f3rias da Amaz\u00f3nia: hist\u00f3rias de den\u00fancia de atrocidades, da malha de liga\u00e7\u00f5es da natureza e seus povos, e do combate pela sobreviv\u00eancia. Vivendo h\u00e1 anos nas margens do Rio Xingu, a escritora prop\u00f5e \u00abamazonizar-se\u00bb: mergulha na grande floresta tropical e tece rela\u00e7\u00f5es com os seus seres humanos e mais-que-humanos.  Narrativa de destrui\u00e7\u00e3o e resist\u00eancia, de corrup\u00e7\u00e3o e cicatrizes, mas tamb\u00e9m de encontro e transforma\u00e7\u00e3o, este livro defende uma mudan\u00e7a matricial face ao colapso clim\u00e1tico e ao magnetismo de for\u00e7as pol\u00edticas e econ\u00f3micas que antagonizam a Amaz\u00f3nia e tudo o que este organismo vivo representa. Ao deslocar para aqui o centro do mundo, Eliane Brum funda uma nova linguagem, para que esta narrativa possa ir ao encontro de si mesma \u2014- do banzeiro, lugar onde o rio se transforma em v\u00f3rtice assustador, ao \u00f2k\u00f2t\u00f3, palavra iorub\u00e1 que designa uma concha de espiral infinita. Ao buscar respostas sem se esquivar \u00e0s quest\u00f5es inc\u00f3modas, este \u00e9 um livro feroz e inquietante, terno e inesquec\u00edvel.\" \/>\n<meta property=\"og:url\" content=\"https:\/\/livrariasolmar.pt\/produto\/banzeiro-okoto-uma-viagem-a-amazonia-centro-do-mundo\/\" \/>\n<meta property=\"og:site_name\" content=\"Livraria Solmar - Livraria online\" \/>\n<meta property=\"article:modified_time\" content=\"2025-10-08T17:41:22+00:00\" \/>\n<meta property=\"og:image\" content=\"https:\/\/livrariasolmar.pt\/wp-content\/uploads\/2025\/07\/1507-1.jpg\" \/>\n\t<meta property=\"og:image:width\" content=\"400\" \/>\n\t<meta property=\"og:image:height\" content=\"651\" \/>\n<meta name=\"twitter:card\" content=\"summary_large_image\" \/>\n<script type=\"application\/ld+json\" class=\"yoast-schema-graph\">{\"@context\":\"https:\/\/schema.org\",\"@graph\":[{\"@type\":\"WebSite\",\"@id\":\"https:\/\/livrariasolmar.pt\/#website\",\"url\":\"https:\/\/livrariasolmar.pt\/\",\"name\":\"Livraria Solmar - Livraria online\",\"description\":\"Com\\u00e9rcio Livros E Objetos De Arte, Lda - Ponta Delgada, A\\u00e7ores\",\"potentialAction\":[{\"@type\":\"SearchAction\",\"target\":{\"@type\":\"EntryPoint\",\"urlTemplate\":\"https:\/\/livrariasolmar.pt\/?s={search_term_string}\"},\"query-input\":\"required name=search_term_string\"}],\"inLanguage\":\"en-US\"},{\"@type\":\"ImageObject\",\"@id\":\"https:\/\/livrariasolmar.pt\/produto\/banzeiro-okoto-uma-viagem-a-amazonia-centro-do-mundo\/#primaryimage\",\"inLanguage\":\"en-US\",\"url\":\"https:\/\/livrariasolmar.pt\/wp-content\/uploads\/2025\/07\/1507-1.jpg\",\"contentUrl\":\"https:\/\/livrariasolmar.pt\/wp-content\/uploads\/2025\/07\/1507-1.jpg\",\"width\":400,\"height\":651},{\"@type\":\"WebPage\",\"@id\":\"https:\/\/livrariasolmar.pt\/produto\/banzeiro-okoto-uma-viagem-a-amazonia-centro-do-mundo\/#webpage\",\"url\":\"https:\/\/livrariasolmar.pt\/produto\/banzeiro-okoto-uma-viagem-a-amazonia-centro-do-mundo\/\",\"name\":\"Banzeiro \\u00d2k\\u00f2t\\u00f3 - Uma viagem \\u00e0 Amaz\\u00f4nia Centro do Mundo - Livraria Solmar - Livraria online\",\"isPartOf\":{\"@id\":\"https:\/\/livrariasolmar.pt\/#website\"},\"primaryImageOfPage\":{\"@id\":\"https:\/\/livrariasolmar.pt\/produto\/banzeiro-okoto-uma-viagem-a-amazonia-centro-do-mundo\/#primaryimage\"},\"datePublished\":\"2025-07-23T16:11:47+00:00\",\"dateModified\":\"2025-10-08T17:41:22+00:00\",\"breadcrumb\":{\"@id\":\"https:\/\/livrariasolmar.pt\/produto\/banzeiro-okoto-uma-viagem-a-amazonia-centro-do-mundo\/#breadcrumb\"},\"inLanguage\":\"en-US\",\"potentialAction\":[{\"@type\":\"ReadAction\",\"target\":[\"https:\/\/livrariasolmar.pt\/produto\/banzeiro-okoto-uma-viagem-a-amazonia-centro-do-mundo\/\"]}]},{\"@type\":\"BreadcrumbList\",\"@id\":\"https:\/\/livrariasolmar.pt\/produto\/banzeiro-okoto-uma-viagem-a-amazonia-centro-do-mundo\/#breadcrumb\",\"itemListElement\":[{\"@type\":\"ListItem\",\"position\":1,\"name\":\"In\\u00edcio\",\"item\":\"https:\/\/livrariasolmar.pt\/en\/\"},{\"@type\":\"ListItem\",\"position\":2,\"name\":\"Shop\",\"item\":\"https:\/\/livrariasolmar.pt\/en\/shop\/\"},{\"@type\":\"ListItem\",\"position\":3,\"name\":\"Banzeiro \\u00d2k\\u00f2t\\u00f3 &#8211; Uma viagem \\u00e0 Amaz\\u00f4nia Centro do Mundo\"}]}]}<\/script>\n<!-- \/ Yoast SEO plugin. -->","_links":{"self":[{"href":"https:\/\/livrariasolmar.pt\/en\/wp-json\/wp\/v2\/product\/10634"}],"collection":[{"href":"https:\/\/livrariasolmar.pt\/en\/wp-json\/wp\/v2\/product"}],"about":[{"href":"https:\/\/livrariasolmar.pt\/en\/wp-json\/wp\/v2\/types\/product"}],"author":[{"embeddable":true,"href":"https:\/\/livrariasolmar.pt\/en\/wp-json\/wp\/v2\/users\/2"}],"wp:featuredmedia":[{"embeddable":true,"href":"https:\/\/livrariasolmar.pt\/en\/wp-json\/wp\/v2\/media\/10635"}],"wp:attachment":[{"href":"https:\/\/livrariasolmar.pt\/en\/wp-json\/wp\/v2\/media?parent=10634"}],"wp:term":[{"taxonomy":"product_cat","embeddable":true,"href":"https:\/\/livrariasolmar.pt\/en\/wp-json\/wp\/v2\/product_cat?post=10634"},{"taxonomy":"product_tag","embeddable":true,"href":"https:\/\/livrariasolmar.pt\/en\/wp-json\/wp\/v2\/product_tag?post=10634"},{"taxonomy":"cat_produtos","embeddable":true,"href":"https:\/\/livrariasolmar.pt\/en\/wp-json\/wp\/v2\/cat_produtos?post=10634"}],"curies":[{"name":"wp","href":"https:\/\/api.w.org\/{rel}","templated":true}]}}