{"id":10638,"date":"2025-07-23T16:24:55","date_gmt":"2025-07-23T16:24:55","guid":{"rendered":"https:\/\/livrariasolmar.pt\/?post_type=product&#038;p=10638"},"modified":"2025-11-16T16:47:37","modified_gmt":"2025-11-16T16:47:37","slug":"uma-heranca-fatal-jane-austen-investiga","status":"publish","type":"product","link":"https:\/\/livrariasolmar.pt\/en\/produto\/uma-heranca-fatal-jane-austen-investiga\/","title":{"rendered":"Uma Heran\u00e7a Fatal &#8211; Jane Austen Investiga"},"content":{"rendered":"","protected":false},"excerpt":{"rendered":"<p>Godmersham Park, Inglaterra, 1797. Depois de muitos anos afastados, Jane Austen est\u00e1 pronta para passar o ver\u00e3o com o seu irm\u00e3o, Neddy. Sendo ele herdeiro da fortuna da abastada Sra. Knight, \u00e9 imperativo que as rela\u00e7\u00f5es de Neddy com esta se mantenham irrepreens\u00edveis. Ao chegar, Jane apercebe-se, todavia, de que o irm\u00e3o necessita de ajuda, pois a Sra. Knight vive com uma enigm\u00e1tica princesa estrangeira chamada Eleanor, resgatada numa praia ap\u00f3s um naufr\u00e1gio, e que amea\u00e7a conseguir tomar para si toda a heran\u00e7a.<\/p>\n<p>Jane ter\u00e1 de desvendar a verdadeira hist\u00f3ria dessa misteriosa h\u00f3spede para proteger o futuro da sua fam\u00edlia. O rumo dos acontecimentos, por\u00e9m, d\u00e1 uma reviravolta inesperada quando Jane descobre uma s\u00e9rie de cartas a amea\u00e7ar Eleanor. O perigo parece estar \u00e0 espreita, dentro e fora das paredes de Godmersham Park. Ser\u00e1 Eleanor, afinal, uma pessoa de confian\u00e7a? E conseguir\u00e1 Jane resolver o mist\u00e9rio antes que o perigo os ameace a todos?<\/p>\n<p>Depois do sucesso de\u00a0<i>Jane Austen Investiga<\/i>, Jessica Bull traz-nos de volta ao mundo da intr\u00e9pida detetive amadora com uma trama cativante, surpreendente e imposs\u00edvel de largar.<\/p>\n","protected":false},"author":2,"featured_media":10639,"template":"","meta":[],"product_cat":[153,588],"product_tag":[],"cat_produtos":[],"yoast_head":"<!-- This site is optimized with the Yoast SEO plugin v16.6 - https:\/\/yoast.com\/wordpress\/plugins\/seo\/ -->\n<title>Uma Heran\u00e7a Fatal - Jane Austen Investiga - Livraria Solmar - Livraria online<\/title>\n<meta name=\"robots\" content=\"index, follow, max-snippet:-1, max-image-preview:large, max-video-preview:-1\" \/>\n<link rel=\"canonical\" href=\"https:\/\/livrariasolmar.pt\/en\/produto\/uma-heranca-fatal-jane-austen-investiga\/\" \/>\n<meta property=\"og:locale\" content=\"en_US\" \/>\n<meta property=\"og:type\" content=\"article\" \/>\n<meta property=\"og:title\" content=\"Uma Heran\u00e7a Fatal - Jane Austen Investiga - Livraria Solmar - Livraria online\" \/>\n<meta property=\"og:description\" content=\"Godmersham Park, Inglaterra, 1797. Depois de muitos anos afastados, Jane Austen est\u00e1 pronta para passar o ver\u00e3o com o seu irm\u00e3o, Neddy. Sendo ele herdeiro da fortuna da abastada Sra. Knight, \u00e9 imperativo que as rela\u00e7\u00f5es de Neddy com esta se mantenham irrepreens\u00edveis. Ao chegar, Jane apercebe-se, todavia, de que o irm\u00e3o necessita de ajuda, pois a Sra. Knight vive com uma enigm\u00e1tica princesa estrangeira chamada Eleanor, resgatada numa praia ap\u00f3s um naufr\u00e1gio, e que amea\u00e7a conseguir tomar para si toda a heran\u00e7a.  Jane ter\u00e1 de desvendar a verdadeira hist\u00f3ria dessa misteriosa h\u00f3spede para proteger o futuro da sua fam\u00edlia. O rumo dos acontecimentos, por\u00e9m, d\u00e1 uma reviravolta inesperada quando Jane descobre uma s\u00e9rie de cartas a amea\u00e7ar Eleanor. O perigo parece estar \u00e0 espreita, dentro e fora das paredes de Godmersham Park. Ser\u00e1 Eleanor, afinal, uma pessoa de confian\u00e7a? E conseguir\u00e1 Jane resolver o mist\u00e9rio antes que o perigo os ameace a todos?  Depois do sucesso de\u00a0Jane Austen Investiga, Jessica Bull traz-nos de volta ao mundo da intr\u00e9pida detetive amadora com uma trama cativante, surpreendente e imposs\u00edvel de largar.\" \/>\n<meta property=\"og:url\" content=\"https:\/\/livrariasolmar.pt\/produto\/uma-heranca-fatal-jane-austen-investiga\/\" \/>\n<meta property=\"og:site_name\" content=\"Livraria Solmar - Livraria online\" \/>\n<meta property=\"article:modified_time\" content=\"2025-11-16T16:47:37+00:00\" \/>\n<meta property=\"og:image\" content=\"https:\/\/livrariasolmar.pt\/wp-content\/uploads\/2025\/07\/1507-1-1-2.jpg\" \/>\n\t<meta property=\"og:image:width\" content=\"400\" \/>\n\t<meta property=\"og:image:height\" content=\"500\" \/>\n<meta name=\"twitter:card\" content=\"summary_large_image\" \/>\n<script type=\"application\/ld+json\" class=\"yoast-schema-graph\">{\"@context\":\"https:\/\/schema.org\",\"@graph\":[{\"@type\":\"WebSite\",\"@id\":\"https:\/\/livrariasolmar.pt\/#website\",\"url\":\"https:\/\/livrariasolmar.pt\/\",\"name\":\"Livraria Solmar - Livraria online\",\"description\":\"Com\\u00e9rcio Livros E Objetos De Arte, Lda - Ponta Delgada, A\\u00e7ores\",\"potentialAction\":[{\"@type\":\"SearchAction\",\"target\":{\"@type\":\"EntryPoint\",\"urlTemplate\":\"https:\/\/livrariasolmar.pt\/?s={search_term_string}\"},\"query-input\":\"required name=search_term_string\"}],\"inLanguage\":\"en-US\"},{\"@type\":\"ImageObject\",\"@id\":\"https:\/\/livrariasolmar.pt\/produto\/uma-heranca-fatal-jane-austen-investiga\/#primaryimage\",\"inLanguage\":\"en-US\",\"url\":\"https:\/\/livrariasolmar.pt\/wp-content\/uploads\/2025\/07\/1507-1-1-2.jpg\",\"contentUrl\":\"https:\/\/livrariasolmar.pt\/wp-content\/uploads\/2025\/07\/1507-1-1-2.jpg\",\"width\":400,\"height\":500},{\"@type\":\"WebPage\",\"@id\":\"https:\/\/livrariasolmar.pt\/produto\/uma-heranca-fatal-jane-austen-investiga\/#webpage\",\"url\":\"https:\/\/livrariasolmar.pt\/produto\/uma-heranca-fatal-jane-austen-investiga\/\",\"name\":\"Uma Heran\\u00e7a Fatal - Jane Austen Investiga - Livraria Solmar - Livraria online\",\"isPartOf\":{\"@id\":\"https:\/\/livrariasolmar.pt\/#website\"},\"primaryImageOfPage\":{\"@id\":\"https:\/\/livrariasolmar.pt\/produto\/uma-heranca-fatal-jane-austen-investiga\/#primaryimage\"},\"datePublished\":\"2025-07-23T16:24:55+00:00\",\"dateModified\":\"2025-11-16T16:47:37+00:00\",\"breadcrumb\":{\"@id\":\"https:\/\/livrariasolmar.pt\/produto\/uma-heranca-fatal-jane-austen-investiga\/#breadcrumb\"},\"inLanguage\":\"en-US\",\"potentialAction\":[{\"@type\":\"ReadAction\",\"target\":[\"https:\/\/livrariasolmar.pt\/produto\/uma-heranca-fatal-jane-austen-investiga\/\"]}]},{\"@type\":\"BreadcrumbList\",\"@id\":\"https:\/\/livrariasolmar.pt\/produto\/uma-heranca-fatal-jane-austen-investiga\/#breadcrumb\",\"itemListElement\":[{\"@type\":\"ListItem\",\"position\":1,\"name\":\"In\\u00edcio\",\"item\":\"https:\/\/livrariasolmar.pt\/en\/\"},{\"@type\":\"ListItem\",\"position\":2,\"name\":\"Shop\",\"item\":\"https:\/\/livrariasolmar.pt\/en\/shop\/\"},{\"@type\":\"ListItem\",\"position\":3,\"name\":\"Uma Heran\\u00e7a Fatal &#8211; Jane Austen Investiga\"}]}]}<\/script>\n<!-- \/ Yoast SEO plugin. -->","_links":{"self":[{"href":"https:\/\/livrariasolmar.pt\/en\/wp-json\/wp\/v2\/product\/10638"}],"collection":[{"href":"https:\/\/livrariasolmar.pt\/en\/wp-json\/wp\/v2\/product"}],"about":[{"href":"https:\/\/livrariasolmar.pt\/en\/wp-json\/wp\/v2\/types\/product"}],"author":[{"embeddable":true,"href":"https:\/\/livrariasolmar.pt\/en\/wp-json\/wp\/v2\/users\/2"}],"wp:featuredmedia":[{"embeddable":true,"href":"https:\/\/livrariasolmar.pt\/en\/wp-json\/wp\/v2\/media\/10639"}],"wp:attachment":[{"href":"https:\/\/livrariasolmar.pt\/en\/wp-json\/wp\/v2\/media?parent=10638"}],"wp:term":[{"taxonomy":"product_cat","embeddable":true,"href":"https:\/\/livrariasolmar.pt\/en\/wp-json\/wp\/v2\/product_cat?post=10638"},{"taxonomy":"product_tag","embeddable":true,"href":"https:\/\/livrariasolmar.pt\/en\/wp-json\/wp\/v2\/product_tag?post=10638"},{"taxonomy":"cat_produtos","embeddable":true,"href":"https:\/\/livrariasolmar.pt\/en\/wp-json\/wp\/v2\/cat_produtos?post=10638"}],"curies":[{"name":"wp","href":"https:\/\/api.w.org\/{rel}","templated":true}]}}