{"id":10642,"date":"2025-07-23T16:32:37","date_gmt":"2025-07-23T16:32:37","guid":{"rendered":"https:\/\/livrariasolmar.pt\/?post_type=product&#038;p=10642"},"modified":"2025-09-25T19:41:37","modified_gmt":"2025-09-25T19:41:37","slug":"funeral-divertido","status":"publish","type":"product","link":"https:\/\/livrariasolmar.pt\/en\/produto\/funeral-divertido\/","title":{"rendered":"Funeral Divertido"},"content":{"rendered":"","protected":false},"excerpt":{"rendered":"<p>No Ver\u00e3o abrasador de 1991, o \u00faltimo da era sovi\u00e9tica, um grupo caricato re\u00fane-se no apartamento do pintor \u00c1lik, em Nova Iorque, para o acompanhar nos seus \u00faltimos dias de vida. \u00c0s mulheres mais importantes da sua vida: Irina, o primeiro grande amor; T-shirt, a filha adolescente de ambos; Nina, a actual mulher; e Valentina, a amante, juntam-se amigos de longa data e emigrados russos rec\u00e9m-chegados que usam a sua casa como ponto de encontro da comunidade russa exilada.<\/p>\n<p>Enquanto \u00c1lik aguarda a sua hora, e um padre e um rabino se sucedem \u00e0 cabeceira do moribundo em disputa pela salva\u00e7\u00e3o da sua alma, recordam-se hist\u00f3rias e aventuras, acendem-se discuss\u00f5es e rivalidades, e acompanha-se em directo pela televis\u00e3o as \u00faltimas not\u00edcias da p\u00e1tria, que d\u00e3o conta da queda iminente do regime.<\/p>\n<p>Divertida s\u00e1tira sobre a morte, o ex\u00edlio e a complexidade das rela\u00e7\u00f5es humanas,\u00a0<i>Funeral Divertido<\/i>\u00a0\u00e9 um dos livros mais renomados de Ludmila Ulitskaya, comparada pela cr\u00edtica internacional aos grandes nomes da literatura russa.<\/p>\n","protected":false},"author":2,"featured_media":10643,"template":"","meta":[],"product_cat":[153],"product_tag":[],"cat_produtos":[],"yoast_head":"<!-- This site is optimized with the Yoast SEO plugin v16.6 - https:\/\/yoast.com\/wordpress\/plugins\/seo\/ -->\n<title>Funeral Divertido - Livraria Solmar - Livraria online<\/title>\n<meta name=\"robots\" content=\"index, follow, max-snippet:-1, max-image-preview:large, max-video-preview:-1\" \/>\n<link rel=\"canonical\" href=\"https:\/\/livrariasolmar.pt\/en\/produto\/funeral-divertido\/\" \/>\n<meta property=\"og:locale\" content=\"en_US\" \/>\n<meta property=\"og:type\" content=\"article\" \/>\n<meta property=\"og:title\" content=\"Funeral Divertido - Livraria Solmar - Livraria online\" \/>\n<meta property=\"og:description\" content=\"No Ver\u00e3o abrasador de 1991, o \u00faltimo da era sovi\u00e9tica, um grupo caricato re\u00fane-se no apartamento do pintor \u00c1lik, em Nova Iorque, para o acompanhar nos seus \u00faltimos dias de vida. \u00c0s mulheres mais importantes da sua vida: Irina, o primeiro grande amor; T-shirt, a filha adolescente de ambos; Nina, a actual mulher; e Valentina, a amante, juntam-se amigos de longa data e emigrados russos rec\u00e9m-chegados que usam a sua casa como ponto de encontro da comunidade russa exilada.  Enquanto \u00c1lik aguarda a sua hora, e um padre e um rabino se sucedem \u00e0 cabeceira do moribundo em disputa pela salva\u00e7\u00e3o da sua alma, recordam-se hist\u00f3rias e aventuras, acendem-se discuss\u00f5es e rivalidades, e acompanha-se em directo pela televis\u00e3o as \u00faltimas not\u00edcias da p\u00e1tria, que d\u00e3o conta da queda iminente do regime.  Divertida s\u00e1tira sobre a morte, o ex\u00edlio e a complexidade das rela\u00e7\u00f5es humanas,\u00a0Funeral Divertido\u00a0\u00e9 um dos livros mais renomados de Ludmila Ulitskaya, comparada pela cr\u00edtica internacional aos grandes nomes da literatura russa.\" \/>\n<meta property=\"og:url\" content=\"https:\/\/livrariasolmar.pt\/produto\/funeral-divertido\/\" \/>\n<meta property=\"og:site_name\" content=\"Livraria Solmar - Livraria online\" \/>\n<meta property=\"article:modified_time\" content=\"2025-09-25T19:41:37+00:00\" \/>\n<meta property=\"og:image\" content=\"https:\/\/livrariasolmar.pt\/wp-content\/uploads\/2025\/07\/1507-1-2.jpg\" \/>\n\t<meta property=\"og:image:width\" content=\"400\" \/>\n\t<meta property=\"og:image:height\" content=\"500\" \/>\n<meta name=\"twitter:card\" content=\"summary_large_image\" \/>\n<script type=\"application\/ld+json\" class=\"yoast-schema-graph\">{\"@context\":\"https:\/\/schema.org\",\"@graph\":[{\"@type\":\"WebSite\",\"@id\":\"https:\/\/livrariasolmar.pt\/#website\",\"url\":\"https:\/\/livrariasolmar.pt\/\",\"name\":\"Livraria Solmar - Livraria online\",\"description\":\"Com\\u00e9rcio Livros E Objetos De Arte, Lda - Ponta Delgada, A\\u00e7ores\",\"potentialAction\":[{\"@type\":\"SearchAction\",\"target\":{\"@type\":\"EntryPoint\",\"urlTemplate\":\"https:\/\/livrariasolmar.pt\/?s={search_term_string}\"},\"query-input\":\"required name=search_term_string\"}],\"inLanguage\":\"en-US\"},{\"@type\":\"ImageObject\",\"@id\":\"https:\/\/livrariasolmar.pt\/produto\/funeral-divertido\/#primaryimage\",\"inLanguage\":\"en-US\",\"url\":\"https:\/\/livrariasolmar.pt\/wp-content\/uploads\/2025\/07\/1507-1-2.jpg\",\"contentUrl\":\"https:\/\/livrariasolmar.pt\/wp-content\/uploads\/2025\/07\/1507-1-2.jpg\",\"width\":400,\"height\":500},{\"@type\":\"WebPage\",\"@id\":\"https:\/\/livrariasolmar.pt\/produto\/funeral-divertido\/#webpage\",\"url\":\"https:\/\/livrariasolmar.pt\/produto\/funeral-divertido\/\",\"name\":\"Funeral Divertido - Livraria Solmar - Livraria online\",\"isPartOf\":{\"@id\":\"https:\/\/livrariasolmar.pt\/#website\"},\"primaryImageOfPage\":{\"@id\":\"https:\/\/livrariasolmar.pt\/produto\/funeral-divertido\/#primaryimage\"},\"datePublished\":\"2025-07-23T16:32:37+00:00\",\"dateModified\":\"2025-09-25T19:41:37+00:00\",\"breadcrumb\":{\"@id\":\"https:\/\/livrariasolmar.pt\/produto\/funeral-divertido\/#breadcrumb\"},\"inLanguage\":\"en-US\",\"potentialAction\":[{\"@type\":\"ReadAction\",\"target\":[\"https:\/\/livrariasolmar.pt\/produto\/funeral-divertido\/\"]}]},{\"@type\":\"BreadcrumbList\",\"@id\":\"https:\/\/livrariasolmar.pt\/produto\/funeral-divertido\/#breadcrumb\",\"itemListElement\":[{\"@type\":\"ListItem\",\"position\":1,\"name\":\"In\\u00edcio\",\"item\":\"https:\/\/livrariasolmar.pt\/en\/\"},{\"@type\":\"ListItem\",\"position\":2,\"name\":\"Shop\",\"item\":\"https:\/\/livrariasolmar.pt\/en\/shop\/\"},{\"@type\":\"ListItem\",\"position\":3,\"name\":\"Funeral Divertido\"}]}]}<\/script>\n<!-- \/ Yoast SEO plugin. -->","_links":{"self":[{"href":"https:\/\/livrariasolmar.pt\/en\/wp-json\/wp\/v2\/product\/10642"}],"collection":[{"href":"https:\/\/livrariasolmar.pt\/en\/wp-json\/wp\/v2\/product"}],"about":[{"href":"https:\/\/livrariasolmar.pt\/en\/wp-json\/wp\/v2\/types\/product"}],"author":[{"embeddable":true,"href":"https:\/\/livrariasolmar.pt\/en\/wp-json\/wp\/v2\/users\/2"}],"wp:featuredmedia":[{"embeddable":true,"href":"https:\/\/livrariasolmar.pt\/en\/wp-json\/wp\/v2\/media\/10643"}],"wp:attachment":[{"href":"https:\/\/livrariasolmar.pt\/en\/wp-json\/wp\/v2\/media?parent=10642"}],"wp:term":[{"taxonomy":"product_cat","embeddable":true,"href":"https:\/\/livrariasolmar.pt\/en\/wp-json\/wp\/v2\/product_cat?post=10642"},{"taxonomy":"product_tag","embeddable":true,"href":"https:\/\/livrariasolmar.pt\/en\/wp-json\/wp\/v2\/product_tag?post=10642"},{"taxonomy":"cat_produtos","embeddable":true,"href":"https:\/\/livrariasolmar.pt\/en\/wp-json\/wp\/v2\/cat_produtos?post=10642"}],"curies":[{"name":"wp","href":"https:\/\/api.w.org\/{rel}","templated":true}]}}