{"id":10645,"date":"2025-07-23T16:45:19","date_gmt":"2025-07-23T16:45:19","guid":{"rendered":"https:\/\/livrariasolmar.pt\/?post_type=product&#038;p=10645"},"modified":"2025-11-28T18:02:33","modified_gmt":"2025-11-28T18:02:33","slug":"para-la-do-muro-uma-historia-da-alemanha-de-leste","status":"publish","type":"product","link":"https:\/\/livrariasolmar.pt\/en\/produto\/para-la-do-muro-uma-historia-da-alemanha-de-leste\/","title":{"rendered":"Para L\u00e1 do Muro &#8211; Uma hist\u00f3ria da Alemanha de Leste"},"content":{"rendered":"","protected":false},"excerpt":{"rendered":"<p>Os cidad\u00e3os da RDA viveram, amaram, trabalharam e envelheceram. Foram de f\u00e9rias, contaram anedotas sobre os seus pol\u00edticos e criaram os filhos. A sua hist\u00f3ria merece um lugar na narrativa alem\u00e3.<\/p>\n<p>Em 1990, um pa\u00eds desapareceu. Quando a cortina de ferro caiu, a Rep\u00fablica Democr\u00e1tica Alem\u00e3 simplesmente deixou de existir. Durante mais de quarenta anos, a RDA apresentou uma identidade alem\u00e3 radicalmente diferente de tudo o que tinha existido antes e de tudo o que existe hoje. Solidariedade socialista, pol\u00edcia secreta, planeamento central, arame farpado &#8211; esta era uma Alemanha forjada nas falhas da ideologia e da geopol\u00edtica.<\/p>\n<p>Em\u00a0<i>Para L\u00e1 do Muro<\/i>, a aclamada historiadora Katja Hoyer oferece uma nova vis\u00e3o caleidosc\u00f3pica de um pa\u00eds desaparecido. Desde a constru\u00e7\u00e3o do Muro de Berlim, em 1961, at\u00e9 \u00e0 relativa prosperidade da d\u00e9cada de 1970, passando pelos alicerces do socialismo em meados dos anos 1980, a autora argumenta que, no meio da opress\u00e3o e das dificuldades frequentes, a Alemanha de Leste albergava uma rica paisagem pol\u00edtica, social e cultural, um lugar muito mais din\u00e2mico do que a caricatura da Guerra Fria muitas vezes retratada pelo Ocidente.<\/p>\n<p>Contada de forma poderosa, e com base num vasto conjunto de entrevistas, cartas e registos in\u00e9ditos, esta \u00e9 a derradeira hist\u00f3ria da outra Alemanha, aquela que ficava para l\u00e1 do muro.<\/p>\n","protected":false},"author":2,"featured_media":10646,"template":"","meta":[],"product_cat":[366],"product_tag":[],"cat_produtos":[],"yoast_head":"<!-- This site is optimized with the Yoast SEO plugin v16.6 - https:\/\/yoast.com\/wordpress\/plugins\/seo\/ -->\n<title>Para L\u00e1 do Muro - Uma hist\u00f3ria da Alemanha de Leste - Livraria Solmar - Livraria online<\/title>\n<meta name=\"robots\" content=\"index, follow, max-snippet:-1, max-image-preview:large, max-video-preview:-1\" \/>\n<link rel=\"canonical\" href=\"https:\/\/livrariasolmar.pt\/en\/produto\/para-la-do-muro-uma-historia-da-alemanha-de-leste\/\" \/>\n<meta property=\"og:locale\" content=\"en_US\" \/>\n<meta property=\"og:type\" content=\"article\" \/>\n<meta property=\"og:title\" content=\"Para L\u00e1 do Muro - Uma hist\u00f3ria da Alemanha de Leste - Livraria Solmar - Livraria online\" \/>\n<meta property=\"og:description\" content=\"Os cidad\u00e3os da RDA viveram, amaram, trabalharam e envelheceram. Foram de f\u00e9rias, contaram anedotas sobre os seus pol\u00edticos e criaram os filhos. A sua hist\u00f3ria merece um lugar na narrativa alem\u00e3.  Em 1990, um pa\u00eds desapareceu. Quando a cortina de ferro caiu, a Rep\u00fablica Democr\u00e1tica Alem\u00e3 simplesmente deixou de existir. Durante mais de quarenta anos, a RDA apresentou uma identidade alem\u00e3 radicalmente diferente de tudo o que tinha existido antes e de tudo o que existe hoje. Solidariedade socialista, pol\u00edcia secreta, planeamento central, arame farpado - esta era uma Alemanha forjada nas falhas da ideologia e da geopol\u00edtica.  Em\u00a0Para L\u00e1 do Muro, a aclamada historiadora Katja Hoyer oferece uma nova vis\u00e3o caleidosc\u00f3pica de um pa\u00eds desaparecido. Desde a constru\u00e7\u00e3o do Muro de Berlim, em 1961, at\u00e9 \u00e0 relativa prosperidade da d\u00e9cada de 1970, passando pelos alicerces do socialismo em meados dos anos 1980, a autora argumenta que, no meio da opress\u00e3o e das dificuldades frequentes, a Alemanha de Leste albergava uma rica paisagem pol\u00edtica, social e cultural, um lugar muito mais din\u00e2mico do que a caricatura da Guerra Fria muitas vezes retratada pelo Ocidente.  Contada de forma poderosa, e com base num vasto conjunto de entrevistas, cartas e registos in\u00e9ditos, esta \u00e9 a derradeira hist\u00f3ria da outra Alemanha, aquela que ficava para l\u00e1 do muro.\" \/>\n<meta property=\"og:url\" content=\"https:\/\/livrariasolmar.pt\/produto\/para-la-do-muro-uma-historia-da-alemanha-de-leste\/\" \/>\n<meta property=\"og:site_name\" content=\"Livraria Solmar - Livraria online\" \/>\n<meta property=\"article:modified_time\" content=\"2025-11-28T18:02:33+00:00\" \/>\n<meta property=\"og:image\" content=\"https:\/\/livrariasolmar.pt\/wp-content\/uploads\/2025\/07\/1540-1-5.jpg\" \/>\n\t<meta property=\"og:image:width\" content=\"340\" \/>\n\t<meta property=\"og:image:height\" content=\"340\" \/>\n<meta name=\"twitter:card\" content=\"summary_large_image\" \/>\n<script type=\"application\/ld+json\" class=\"yoast-schema-graph\">{\"@context\":\"https:\/\/schema.org\",\"@graph\":[{\"@type\":\"WebSite\",\"@id\":\"https:\/\/livrariasolmar.pt\/#website\",\"url\":\"https:\/\/livrariasolmar.pt\/\",\"name\":\"Livraria Solmar - Livraria online\",\"description\":\"Com\\u00e9rcio Livros E Objetos De Arte, Lda - Ponta Delgada, A\\u00e7ores\",\"potentialAction\":[{\"@type\":\"SearchAction\",\"target\":{\"@type\":\"EntryPoint\",\"urlTemplate\":\"https:\/\/livrariasolmar.pt\/?s={search_term_string}\"},\"query-input\":\"required name=search_term_string\"}],\"inLanguage\":\"en-US\"},{\"@type\":\"ImageObject\",\"@id\":\"https:\/\/livrariasolmar.pt\/produto\/para-la-do-muro-uma-historia-da-alemanha-de-leste\/#primaryimage\",\"inLanguage\":\"en-US\",\"url\":\"https:\/\/livrariasolmar.pt\/wp-content\/uploads\/2025\/07\/1540-1-5.jpg\",\"contentUrl\":\"https:\/\/livrariasolmar.pt\/wp-content\/uploads\/2025\/07\/1540-1-5.jpg\",\"width\":340,\"height\":340},{\"@type\":\"WebPage\",\"@id\":\"https:\/\/livrariasolmar.pt\/produto\/para-la-do-muro-uma-historia-da-alemanha-de-leste\/#webpage\",\"url\":\"https:\/\/livrariasolmar.pt\/produto\/para-la-do-muro-uma-historia-da-alemanha-de-leste\/\",\"name\":\"Para L\\u00e1 do Muro - Uma hist\\u00f3ria da Alemanha de Leste - Livraria Solmar - Livraria online\",\"isPartOf\":{\"@id\":\"https:\/\/livrariasolmar.pt\/#website\"},\"primaryImageOfPage\":{\"@id\":\"https:\/\/livrariasolmar.pt\/produto\/para-la-do-muro-uma-historia-da-alemanha-de-leste\/#primaryimage\"},\"datePublished\":\"2025-07-23T16:45:19+00:00\",\"dateModified\":\"2025-11-28T18:02:33+00:00\",\"breadcrumb\":{\"@id\":\"https:\/\/livrariasolmar.pt\/produto\/para-la-do-muro-uma-historia-da-alemanha-de-leste\/#breadcrumb\"},\"inLanguage\":\"en-US\",\"potentialAction\":[{\"@type\":\"ReadAction\",\"target\":[\"https:\/\/livrariasolmar.pt\/produto\/para-la-do-muro-uma-historia-da-alemanha-de-leste\/\"]}]},{\"@type\":\"BreadcrumbList\",\"@id\":\"https:\/\/livrariasolmar.pt\/produto\/para-la-do-muro-uma-historia-da-alemanha-de-leste\/#breadcrumb\",\"itemListElement\":[{\"@type\":\"ListItem\",\"position\":1,\"name\":\"In\\u00edcio\",\"item\":\"https:\/\/livrariasolmar.pt\/en\/\"},{\"@type\":\"ListItem\",\"position\":2,\"name\":\"Shop\",\"item\":\"https:\/\/livrariasolmar.pt\/en\/shop\/\"},{\"@type\":\"ListItem\",\"position\":3,\"name\":\"Para L\\u00e1 do Muro &#8211; Uma hist\\u00f3ria da Alemanha de Leste\"}]}]}<\/script>\n<!-- \/ Yoast SEO plugin. -->","_links":{"self":[{"href":"https:\/\/livrariasolmar.pt\/en\/wp-json\/wp\/v2\/product\/10645"}],"collection":[{"href":"https:\/\/livrariasolmar.pt\/en\/wp-json\/wp\/v2\/product"}],"about":[{"href":"https:\/\/livrariasolmar.pt\/en\/wp-json\/wp\/v2\/types\/product"}],"author":[{"embeddable":true,"href":"https:\/\/livrariasolmar.pt\/en\/wp-json\/wp\/v2\/users\/2"}],"wp:featuredmedia":[{"embeddable":true,"href":"https:\/\/livrariasolmar.pt\/en\/wp-json\/wp\/v2\/media\/10646"}],"wp:attachment":[{"href":"https:\/\/livrariasolmar.pt\/en\/wp-json\/wp\/v2\/media?parent=10645"}],"wp:term":[{"taxonomy":"product_cat","embeddable":true,"href":"https:\/\/livrariasolmar.pt\/en\/wp-json\/wp\/v2\/product_cat?post=10645"},{"taxonomy":"product_tag","embeddable":true,"href":"https:\/\/livrariasolmar.pt\/en\/wp-json\/wp\/v2\/product_tag?post=10645"},{"taxonomy":"cat_produtos","embeddable":true,"href":"https:\/\/livrariasolmar.pt\/en\/wp-json\/wp\/v2\/cat_produtos?post=10645"}],"curies":[{"name":"wp","href":"https:\/\/api.w.org\/{rel}","templated":true}]}}