{"id":10651,"date":"2025-07-23T16:55:36","date_gmt":"2025-07-23T16:55:36","guid":{"rendered":"https:\/\/livrariasolmar.pt\/?post_type=product&#038;p=10651"},"modified":"2025-12-03T19:13:53","modified_gmt":"2025-12-03T19:13:53","slug":"a-historia-das-ideias-igualdade-justica-e-revolucao","status":"publish","type":"product","link":"https:\/\/livrariasolmar.pt\/en\/produto\/a-historia-das-ideias-igualdade-justica-e-revolucao\/","title":{"rendered":"A Hist\u00f3ria das Ideias &#8211; Igualdade, justi\u00e7a e revolu\u00e7\u00e3o"},"content":{"rendered":"","protected":false},"excerpt":{"rendered":"<p>Ser cidad\u00e3o de um Estado moderno, hoje, significa usufruir de vantagens extraordin\u00e1rias, mas tamb\u00e9m enfrentar desafios de uma complexidade profunda. O paradoxo que emerge da experi\u00eancia da cidadania \u00e9 inescap\u00e1vel: ser\u00e1 o Estado que ajud\u00e1mos a construir, para nossa seguran\u00e7a, a nossa salva\u00e7\u00e3o, ou a nossa desgra\u00e7a? Poder\u00e1 ser ambas? Todas as ideias aqui exploradas em cap\u00edtulos independentes giram em torno da no\u00e7\u00e3o de Estado, contribuindo para explicar as suas origens e a forma como se relaciona com muitos dos dilemas e desafios que enfrentamos.<\/p>\n<p>O que podem ensinar-nos as no\u00e7\u00f5es de Samuel Butler sobre a estranha forma como escolhemos organizar sociedades? Como conseguiu Frederick Douglass expor o horror da escravatura e liderar o movimento que a aboliria? O que predizia Nietzsche para o futuro dos homens? E qual o impacto das suas ideias na nossa conce\u00e7\u00e3o atual de igualdade, justi\u00e7a e revolu\u00e7\u00e3o? De Rousseau a Rawls, do fascismo ao feminismo, do prazer \u00e0 anarquia, a hist\u00f3ria das ideias constitui uma introdu\u00e7\u00e3o brilhante \u00e0 modernidade.<\/p>\n","protected":false},"author":2,"featured_media":10652,"template":"","meta":[],"product_cat":[166],"product_tag":[],"cat_produtos":[],"yoast_head":"<!-- This site is optimized with the Yoast SEO plugin v16.6 - https:\/\/yoast.com\/wordpress\/plugins\/seo\/ -->\n<title>A Hist\u00f3ria das Ideias - Igualdade, justi\u00e7a e revolu\u00e7\u00e3o - Livraria Solmar - Livraria online<\/title>\n<meta name=\"robots\" content=\"index, follow, max-snippet:-1, max-image-preview:large, max-video-preview:-1\" \/>\n<link rel=\"canonical\" href=\"https:\/\/livrariasolmar.pt\/en\/produto\/a-historia-das-ideias-igualdade-justica-e-revolucao\/\" \/>\n<meta property=\"og:locale\" content=\"en_US\" \/>\n<meta property=\"og:type\" content=\"article\" \/>\n<meta property=\"og:title\" content=\"A Hist\u00f3ria das Ideias - Igualdade, justi\u00e7a e revolu\u00e7\u00e3o - Livraria Solmar - Livraria online\" \/>\n<meta property=\"og:description\" content=\"Ser cidad\u00e3o de um Estado moderno, hoje, significa usufruir de vantagens extraordin\u00e1rias, mas tamb\u00e9m enfrentar desafios de uma complexidade profunda. O paradoxo que emerge da experi\u00eancia da cidadania \u00e9 inescap\u00e1vel: ser\u00e1 o Estado que ajud\u00e1mos a construir, para nossa seguran\u00e7a, a nossa salva\u00e7\u00e3o, ou a nossa desgra\u00e7a? Poder\u00e1 ser ambas? Todas as ideias aqui exploradas em cap\u00edtulos independentes giram em torno da no\u00e7\u00e3o de Estado, contribuindo para explicar as suas origens e a forma como se relaciona com muitos dos dilemas e desafios que enfrentamos.  O que podem ensinar-nos as no\u00e7\u00f5es de Samuel Butler sobre a estranha forma como escolhemos organizar sociedades? Como conseguiu Frederick Douglass expor o horror da escravatura e liderar o movimento que a aboliria? O que predizia Nietzsche para o futuro dos homens? E qual o impacto das suas ideias na nossa conce\u00e7\u00e3o atual de igualdade, justi\u00e7a e revolu\u00e7\u00e3o? De Rousseau a Rawls, do fascismo ao feminismo, do prazer \u00e0 anarquia, a hist\u00f3ria das ideias constitui uma introdu\u00e7\u00e3o brilhante \u00e0 modernidade.\" \/>\n<meta property=\"og:url\" content=\"https:\/\/livrariasolmar.pt\/produto\/a-historia-das-ideias-igualdade-justica-e-revolucao\/\" \/>\n<meta property=\"og:site_name\" content=\"Livraria Solmar - Livraria online\" \/>\n<meta property=\"article:modified_time\" content=\"2025-12-03T19:13:53+00:00\" \/>\n<meta property=\"og:image\" content=\"https:\/\/livrariasolmar.pt\/wp-content\/uploads\/2025\/07\/1540-1-6.jpg\" \/>\n\t<meta property=\"og:image:width\" content=\"340\" \/>\n\t<meta property=\"og:image:height\" content=\"340\" \/>\n<meta name=\"twitter:card\" content=\"summary_large_image\" \/>\n<script type=\"application\/ld+json\" class=\"yoast-schema-graph\">{\"@context\":\"https:\/\/schema.org\",\"@graph\":[{\"@type\":\"WebSite\",\"@id\":\"https:\/\/livrariasolmar.pt\/#website\",\"url\":\"https:\/\/livrariasolmar.pt\/\",\"name\":\"Livraria Solmar - Livraria online\",\"description\":\"Com\\u00e9rcio Livros E Objetos De Arte, Lda - Ponta Delgada, A\\u00e7ores\",\"potentialAction\":[{\"@type\":\"SearchAction\",\"target\":{\"@type\":\"EntryPoint\",\"urlTemplate\":\"https:\/\/livrariasolmar.pt\/?s={search_term_string}\"},\"query-input\":\"required name=search_term_string\"}],\"inLanguage\":\"en-US\"},{\"@type\":\"ImageObject\",\"@id\":\"https:\/\/livrariasolmar.pt\/produto\/a-historia-das-ideias-igualdade-justica-e-revolucao\/#primaryimage\",\"inLanguage\":\"en-US\",\"url\":\"https:\/\/livrariasolmar.pt\/wp-content\/uploads\/2025\/07\/1540-1-6.jpg\",\"contentUrl\":\"https:\/\/livrariasolmar.pt\/wp-content\/uploads\/2025\/07\/1540-1-6.jpg\",\"width\":340,\"height\":340},{\"@type\":\"WebPage\",\"@id\":\"https:\/\/livrariasolmar.pt\/produto\/a-historia-das-ideias-igualdade-justica-e-revolucao\/#webpage\",\"url\":\"https:\/\/livrariasolmar.pt\/produto\/a-historia-das-ideias-igualdade-justica-e-revolucao\/\",\"name\":\"A Hist\\u00f3ria das Ideias - Igualdade, justi\\u00e7a e revolu\\u00e7\\u00e3o - Livraria Solmar - Livraria online\",\"isPartOf\":{\"@id\":\"https:\/\/livrariasolmar.pt\/#website\"},\"primaryImageOfPage\":{\"@id\":\"https:\/\/livrariasolmar.pt\/produto\/a-historia-das-ideias-igualdade-justica-e-revolucao\/#primaryimage\"},\"datePublished\":\"2025-07-23T16:55:36+00:00\",\"dateModified\":\"2025-12-03T19:13:53+00:00\",\"breadcrumb\":{\"@id\":\"https:\/\/livrariasolmar.pt\/produto\/a-historia-das-ideias-igualdade-justica-e-revolucao\/#breadcrumb\"},\"inLanguage\":\"en-US\",\"potentialAction\":[{\"@type\":\"ReadAction\",\"target\":[\"https:\/\/livrariasolmar.pt\/produto\/a-historia-das-ideias-igualdade-justica-e-revolucao\/\"]}]},{\"@type\":\"BreadcrumbList\",\"@id\":\"https:\/\/livrariasolmar.pt\/produto\/a-historia-das-ideias-igualdade-justica-e-revolucao\/#breadcrumb\",\"itemListElement\":[{\"@type\":\"ListItem\",\"position\":1,\"name\":\"In\\u00edcio\",\"item\":\"https:\/\/livrariasolmar.pt\/en\/\"},{\"@type\":\"ListItem\",\"position\":2,\"name\":\"Shop\",\"item\":\"https:\/\/livrariasolmar.pt\/en\/shop\/\"},{\"@type\":\"ListItem\",\"position\":3,\"name\":\"A Hist\\u00f3ria das Ideias &#8211; Igualdade, justi\\u00e7a e revolu\\u00e7\\u00e3o\"}]}]}<\/script>\n<!-- \/ Yoast SEO plugin. -->","_links":{"self":[{"href":"https:\/\/livrariasolmar.pt\/en\/wp-json\/wp\/v2\/product\/10651"}],"collection":[{"href":"https:\/\/livrariasolmar.pt\/en\/wp-json\/wp\/v2\/product"}],"about":[{"href":"https:\/\/livrariasolmar.pt\/en\/wp-json\/wp\/v2\/types\/product"}],"author":[{"embeddable":true,"href":"https:\/\/livrariasolmar.pt\/en\/wp-json\/wp\/v2\/users\/2"}],"wp:featuredmedia":[{"embeddable":true,"href":"https:\/\/livrariasolmar.pt\/en\/wp-json\/wp\/v2\/media\/10652"}],"wp:attachment":[{"href":"https:\/\/livrariasolmar.pt\/en\/wp-json\/wp\/v2\/media?parent=10651"}],"wp:term":[{"taxonomy":"product_cat","embeddable":true,"href":"https:\/\/livrariasolmar.pt\/en\/wp-json\/wp\/v2\/product_cat?post=10651"},{"taxonomy":"product_tag","embeddable":true,"href":"https:\/\/livrariasolmar.pt\/en\/wp-json\/wp\/v2\/product_tag?post=10651"},{"taxonomy":"cat_produtos","embeddable":true,"href":"https:\/\/livrariasolmar.pt\/en\/wp-json\/wp\/v2\/cat_produtos?post=10651"}],"curies":[{"name":"wp","href":"https:\/\/api.w.org\/{rel}","templated":true}]}}