{"id":10654,"date":"2025-07-23T16:59:36","date_gmt":"2025-07-23T16:59:36","guid":{"rendered":"https:\/\/livrariasolmar.pt\/?post_type=product&#038;p=10654"},"modified":"2025-08-26T16:02:51","modified_gmt":"2025-08-26T16:02:51","slug":"como-travar-o-fascismohistoria-ideologia-resistencia","status":"publish","type":"product","link":"https:\/\/livrariasolmar.pt\/en\/produto\/como-travar-o-fascismohistoria-ideologia-resistencia\/","title":{"rendered":"Como Travar o Fascismo:Hist\u00f3ria &#8211; Ideologia &#8211; Resist\u00eancia"},"content":{"rendered":"","protected":false},"excerpt":{"rendered":"<p>Do autor de\u00a0<i>P\u00f3s-Capitalismo<\/i>\u00a0e\u00a0<i>Um Futuro Livre e Radioso<\/i>, um manual para resistir coletivamente ao avan\u00e7o da extrema-direita.<\/p>\n<p>Num momento de tens\u00e3o geopol\u00edtica e de incerteza econ\u00f3mica global, uma ideia transforma-se em evid\u00eancia: o fascismo n\u00e3o \u00e9 uma coisa do passado. \u00c0 medida que a situa\u00e7\u00e3o da Humanidade se agrava, os movimentos de extrema-direita ganham for\u00e7a, como um pesadelo coletivo recorrente.<\/p>\n<p>Para combater este sistema, temos de compreender o seu percurso, as suas ra\u00edzes psicol\u00f3gicas na sociedade, a teoria pol\u00edtica que lhe d\u00e1 forma e as condi\u00e7\u00f5es que o permitem. Acima de tudo, diz Mason, temos de entender o fascismo como um sintoma do inquestion\u00e1vel falhan\u00e7o do capitalismo.<\/p>\n<p>Em\u00a0<i>Como Travar o Fascismo<\/i>, Paul Mason, jornalista, professor universit\u00e1rio e ativista brit\u00e2nico, conta a hist\u00f3ria deste fen\u00f3meno pol\u00edtico, faz um retrato arrepiante do seu movimento contempor\u00e2neo e tra\u00e7a um plano radical e otimista para derrotar a extrema-direita no s\u00e9culo XXI.<\/p>\n<p>Das cinzas de um mundo destro\u00e7ado por uma pandemia, temos a oportunidade \u00fanica de criar uma sociedade mais justa e igualit\u00e1ria. Para que isso aconte\u00e7a, temos de nos perguntar: em que tipo de mundo queremos viver? E o que estamos dispostos a fazer?<\/p>\n","protected":false},"author":2,"featured_media":10655,"template":"","meta":[],"product_cat":[166],"product_tag":[],"cat_produtos":[],"yoast_head":"<!-- This site is optimized with the Yoast SEO plugin v16.6 - https:\/\/yoast.com\/wordpress\/plugins\/seo\/ -->\n<title>Como Travar o Fascismo:Hist\u00f3ria - Ideologia - Resist\u00eancia - Livraria Solmar - Livraria online<\/title>\n<meta name=\"robots\" content=\"index, follow, max-snippet:-1, max-image-preview:large, max-video-preview:-1\" \/>\n<link rel=\"canonical\" href=\"https:\/\/livrariasolmar.pt\/en\/produto\/como-travar-o-fascismohistoria-ideologia-resistencia\/\" \/>\n<meta property=\"og:locale\" content=\"en_US\" \/>\n<meta property=\"og:type\" content=\"article\" \/>\n<meta property=\"og:title\" content=\"Como Travar o Fascismo:Hist\u00f3ria - Ideologia - Resist\u00eancia - Livraria Solmar - Livraria online\" \/>\n<meta property=\"og:description\" content=\"Do autor de\u00a0P\u00f3s-Capitalismo\u00a0e\u00a0Um Futuro Livre e Radioso, um manual para resistir coletivamente ao avan\u00e7o da extrema-direita.  Num momento de tens\u00e3o geopol\u00edtica e de incerteza econ\u00f3mica global, uma ideia transforma-se em evid\u00eancia: o fascismo n\u00e3o \u00e9 uma coisa do passado. \u00c0 medida que a situa\u00e7\u00e3o da Humanidade se agrava, os movimentos de extrema-direita ganham for\u00e7a, como um pesadelo coletivo recorrente.  Para combater este sistema, temos de compreender o seu percurso, as suas ra\u00edzes psicol\u00f3gicas na sociedade, a teoria pol\u00edtica que lhe d\u00e1 forma e as condi\u00e7\u00f5es que o permitem. Acima de tudo, diz Mason, temos de entender o fascismo como um sintoma do inquestion\u00e1vel falhan\u00e7o do capitalismo.  Em\u00a0Como Travar o Fascismo, Paul Mason, jornalista, professor universit\u00e1rio e ativista brit\u00e2nico, conta a hist\u00f3ria deste fen\u00f3meno pol\u00edtico, faz um retrato arrepiante do seu movimento contempor\u00e2neo e tra\u00e7a um plano radical e otimista para derrotar a extrema-direita no s\u00e9culo XXI.  Das cinzas de um mundo destro\u00e7ado por uma pandemia, temos a oportunidade \u00fanica de criar uma sociedade mais justa e igualit\u00e1ria. Para que isso aconte\u00e7a, temos de nos perguntar: em que tipo de mundo queremos viver? E o que estamos dispostos a fazer?\" \/>\n<meta property=\"og:url\" content=\"https:\/\/livrariasolmar.pt\/produto\/como-travar-o-fascismohistoria-ideologia-resistencia\/\" \/>\n<meta property=\"og:site_name\" content=\"Livraria Solmar - Livraria online\" \/>\n<meta property=\"article:modified_time\" content=\"2025-08-26T16:02:51+00:00\" \/>\n<meta property=\"og:image\" content=\"https:\/\/livrariasolmar.pt\/wp-content\/uploads\/2025\/07\/1507-1-3.jpg\" \/>\n\t<meta property=\"og:image:width\" content=\"400\" \/>\n\t<meta property=\"og:image:height\" content=\"625\" \/>\n<meta name=\"twitter:card\" content=\"summary_large_image\" \/>\n<script type=\"application\/ld+json\" class=\"yoast-schema-graph\">{\"@context\":\"https:\/\/schema.org\",\"@graph\":[{\"@type\":\"WebSite\",\"@id\":\"https:\/\/livrariasolmar.pt\/#website\",\"url\":\"https:\/\/livrariasolmar.pt\/\",\"name\":\"Livraria Solmar - Livraria online\",\"description\":\"Com\\u00e9rcio Livros E Objetos De Arte, Lda - Ponta Delgada, A\\u00e7ores\",\"potentialAction\":[{\"@type\":\"SearchAction\",\"target\":{\"@type\":\"EntryPoint\",\"urlTemplate\":\"https:\/\/livrariasolmar.pt\/?s={search_term_string}\"},\"query-input\":\"required name=search_term_string\"}],\"inLanguage\":\"en-US\"},{\"@type\":\"ImageObject\",\"@id\":\"https:\/\/livrariasolmar.pt\/produto\/como-travar-o-fascismohistoria-ideologia-resistencia\/#primaryimage\",\"inLanguage\":\"en-US\",\"url\":\"https:\/\/livrariasolmar.pt\/wp-content\/uploads\/2025\/07\/1507-1-3.jpg\",\"contentUrl\":\"https:\/\/livrariasolmar.pt\/wp-content\/uploads\/2025\/07\/1507-1-3.jpg\",\"width\":400,\"height\":625},{\"@type\":\"WebPage\",\"@id\":\"https:\/\/livrariasolmar.pt\/produto\/como-travar-o-fascismohistoria-ideologia-resistencia\/#webpage\",\"url\":\"https:\/\/livrariasolmar.pt\/produto\/como-travar-o-fascismohistoria-ideologia-resistencia\/\",\"name\":\"Como Travar o Fascismo:Hist\\u00f3ria - Ideologia - Resist\\u00eancia - Livraria Solmar - Livraria online\",\"isPartOf\":{\"@id\":\"https:\/\/livrariasolmar.pt\/#website\"},\"primaryImageOfPage\":{\"@id\":\"https:\/\/livrariasolmar.pt\/produto\/como-travar-o-fascismohistoria-ideologia-resistencia\/#primaryimage\"},\"datePublished\":\"2025-07-23T16:59:36+00:00\",\"dateModified\":\"2025-08-26T16:02:51+00:00\",\"breadcrumb\":{\"@id\":\"https:\/\/livrariasolmar.pt\/produto\/como-travar-o-fascismohistoria-ideologia-resistencia\/#breadcrumb\"},\"inLanguage\":\"en-US\",\"potentialAction\":[{\"@type\":\"ReadAction\",\"target\":[\"https:\/\/livrariasolmar.pt\/produto\/como-travar-o-fascismohistoria-ideologia-resistencia\/\"]}]},{\"@type\":\"BreadcrumbList\",\"@id\":\"https:\/\/livrariasolmar.pt\/produto\/como-travar-o-fascismohistoria-ideologia-resistencia\/#breadcrumb\",\"itemListElement\":[{\"@type\":\"ListItem\",\"position\":1,\"name\":\"In\\u00edcio\",\"item\":\"https:\/\/livrariasolmar.pt\/en\/\"},{\"@type\":\"ListItem\",\"position\":2,\"name\":\"Shop\",\"item\":\"https:\/\/livrariasolmar.pt\/en\/shop\/\"},{\"@type\":\"ListItem\",\"position\":3,\"name\":\"Como Travar o Fascismo:Hist\\u00f3ria &#8211; Ideologia &#8211; Resist\\u00eancia\"}]}]}<\/script>\n<!-- \/ Yoast SEO plugin. -->","_links":{"self":[{"href":"https:\/\/livrariasolmar.pt\/en\/wp-json\/wp\/v2\/product\/10654"}],"collection":[{"href":"https:\/\/livrariasolmar.pt\/en\/wp-json\/wp\/v2\/product"}],"about":[{"href":"https:\/\/livrariasolmar.pt\/en\/wp-json\/wp\/v2\/types\/product"}],"author":[{"embeddable":true,"href":"https:\/\/livrariasolmar.pt\/en\/wp-json\/wp\/v2\/users\/2"}],"wp:featuredmedia":[{"embeddable":true,"href":"https:\/\/livrariasolmar.pt\/en\/wp-json\/wp\/v2\/media\/10655"}],"wp:attachment":[{"href":"https:\/\/livrariasolmar.pt\/en\/wp-json\/wp\/v2\/media?parent=10654"}],"wp:term":[{"taxonomy":"product_cat","embeddable":true,"href":"https:\/\/livrariasolmar.pt\/en\/wp-json\/wp\/v2\/product_cat?post=10654"},{"taxonomy":"product_tag","embeddable":true,"href":"https:\/\/livrariasolmar.pt\/en\/wp-json\/wp\/v2\/product_tag?post=10654"},{"taxonomy":"cat_produtos","embeddable":true,"href":"https:\/\/livrariasolmar.pt\/en\/wp-json\/wp\/v2\/cat_produtos?post=10654"}],"curies":[{"name":"wp","href":"https:\/\/api.w.org\/{rel}","templated":true}]}}