{"id":10657,"date":"2025-07-23T17:15:06","date_gmt":"2025-07-23T17:15:06","guid":{"rendered":"https:\/\/livrariasolmar.pt\/?post_type=product&#038;p=10657"},"modified":"2025-11-28T17:55:51","modified_gmt":"2025-11-28T17:55:51","slug":"o-fim-de-tudo-como-as-guerras-levam-ao-exterminio-das-civilizacoes","status":"publish","type":"product","link":"https:\/\/livrariasolmar.pt\/en\/produto\/o-fim-de-tudo-como-as-guerras-levam-ao-exterminio-das-civilizacoes\/","title":{"rendered":"O Fim de Tudo &#8211; Como as guerras levam ao exterm\u00ednio das civiliza\u00e7\u00f5es"},"content":{"rendered":"","protected":false},"excerpt":{"rendered":"<p>Embora muito tenha mudado ao longo dos mil\u00e9nios, a natureza humana permanece inalterada. Por isso mesmo, as sociedades modernas n\u00e3o est\u00e3o imunes ao horror de guerras como as que dizimaram diversas culturas milenares, poderosas e, aparentemente, indestrut\u00edveis.<br \/>\nEm\u00a0<em>O Fim de Tudo<\/em>, Victor Davis Hanson transporta-nos at\u00e9 ao seio de v\u00e1rios conflitos cl\u00e1ssicos, desde a Antiguidade at\u00e9 \u00e0 conquista do Novo Mundo, para revelar como a for\u00e7a das armas levou ao exterm\u00ednio total de civiliza\u00e7\u00f5es. Atrav\u00e9s das hist\u00f3rias de Tebas, Cartago, Constantinopla e Tenochtitl\u00e1n, o autor retrata o drama, a viol\u00eancia e a insensatez da guerra, deixando aos leitores contempor\u00e2neos li\u00e7\u00f5es que lhes permitir\u00e3o conhecer os erros do passado e pistas valiosas para conduzir a nossa sociedade a um destino que n\u00e3o o da cat\u00e1strofe total.<br \/>\n\u201cOs leitores v\u00e3o ficar chocados com a frequ\u00eancia com que a destrui\u00e7\u00e3o militar, cultural e social total acontece na hist\u00f3ria da nossa esp\u00e9cie. Precisamos de aprender, com este livro inovador, como impedir que o mesmo nos aconte\u00e7a.\u201d \u2013 Andrew Roberts, autor de\u00a0<em>Churchill<\/em><br \/>\n\u201cEste estupendo livro oferece um relato emocionante da derrota catastr\u00f3fica. (\u2026) Estamos condenados a seguir o caminho de Tebas, de Cartago, dos bizantinos ou dos astecas? Para entender os desafios que enfrentamos, \u00e9 preciso ler\u00a0<em>O Fim de Tudo<\/em>.\u201d \u2013 Barry Strauss, autor de\u00a0<em>The War that Made the Roman Empire<\/em><br \/>\n\u201cNos \u00faltimos anos, temos testemunhado a desumanidade do ser humano para com o ser humano, que muitos pensavam ter sido remetida para um passado distante. Em\u00a0<em>O Fim de Tudo<\/em>, Hanson narra hist\u00f3rias convincentes e angustiantes sobre como as civiliza\u00e7\u00f5es pereceram e ajuda-nos (\u2026) a reconhecer a urg\u00eancia de tentarmos evitar a nossa pr\u00f3pria morte.\u201d \u2013 H. R. McMaster, autor de\u00a0<em>Battleground<\/em><\/p>\n","protected":false},"author":2,"featured_media":10658,"template":"","meta":[],"product_cat":[366],"product_tag":[],"cat_produtos":[],"yoast_head":"<!-- This site is optimized with the Yoast SEO plugin v16.6 - https:\/\/yoast.com\/wordpress\/plugins\/seo\/ -->\n<title>O Fim de Tudo - Como as guerras levam ao exterm\u00ednio das civiliza\u00e7\u00f5es - Livraria Solmar - Livraria online<\/title>\n<meta name=\"robots\" content=\"index, follow, max-snippet:-1, max-image-preview:large, max-video-preview:-1\" \/>\n<link rel=\"canonical\" href=\"https:\/\/livrariasolmar.pt\/en\/produto\/o-fim-de-tudo-como-as-guerras-levam-ao-exterminio-das-civilizacoes\/\" \/>\n<meta property=\"og:locale\" content=\"en_US\" \/>\n<meta property=\"og:type\" content=\"article\" \/>\n<meta property=\"og:title\" content=\"O Fim de Tudo - Como as guerras levam ao exterm\u00ednio das civiliza\u00e7\u00f5es - Livraria Solmar - Livraria online\" \/>\n<meta property=\"og:description\" content=\"Embora muito tenha mudado ao longo dos mil\u00e9nios, a natureza humana permanece inalterada. Por isso mesmo, as sociedades modernas n\u00e3o est\u00e3o imunes ao horror de guerras como as que dizimaram diversas culturas milenares, poderosas e, aparentemente, indestrut\u00edveis. Em\u00a0O Fim de Tudo, Victor Davis Hanson transporta-nos at\u00e9 ao seio de v\u00e1rios conflitos cl\u00e1ssicos, desde a Antiguidade at\u00e9 \u00e0 conquista do Novo Mundo, para revelar como a for\u00e7a das armas levou ao exterm\u00ednio total de civiliza\u00e7\u00f5es. Atrav\u00e9s das hist\u00f3rias de Tebas, Cartago, Constantinopla e Tenochtitl\u00e1n, o autor retrata o drama, a viol\u00eancia e a insensatez da guerra, deixando aos leitores contempor\u00e2neos li\u00e7\u00f5es que lhes permitir\u00e3o conhecer os erros do passado e pistas valiosas para conduzir a nossa sociedade a um destino que n\u00e3o o da cat\u00e1strofe total. \u201cOs leitores v\u00e3o ficar chocados com a frequ\u00eancia com que a destrui\u00e7\u00e3o militar, cultural e social total acontece na hist\u00f3ria da nossa esp\u00e9cie. Precisamos de aprender, com este livro inovador, como impedir que o mesmo nos aconte\u00e7a.\u201d \u2013 Andrew Roberts, autor de\u00a0Churchill \u201cEste estupendo livro oferece um relato emocionante da derrota catastr\u00f3fica. (\u2026) Estamos condenados a seguir o caminho de Tebas, de Cartago, dos bizantinos ou dos astecas? Para entender os desafios que enfrentamos, \u00e9 preciso ler\u00a0O Fim de Tudo.\u201d \u2013 Barry Strauss, autor de\u00a0The War that Made the Roman Empire \u201cNos \u00faltimos anos, temos testemunhado a desumanidade do ser humano para com o ser humano, que muitos pensavam ter sido remetida para um passado distante. Em\u00a0O Fim de Tudo, Hanson narra hist\u00f3rias convincentes e angustiantes sobre como as civiliza\u00e7\u00f5es pereceram e ajuda-nos (\u2026) a reconhecer a urg\u00eancia de tentarmos evitar a nossa pr\u00f3pria morte.\u201d \u2013 H. R. McMaster, autor de\u00a0Battleground\" \/>\n<meta property=\"og:url\" content=\"https:\/\/livrariasolmar.pt\/produto\/o-fim-de-tudo-como-as-guerras-levam-ao-exterminio-das-civilizacoes\/\" \/>\n<meta property=\"og:site_name\" content=\"Livraria Solmar - Livraria online\" \/>\n<meta property=\"article:modified_time\" content=\"2025-11-28T17:55:51+00:00\" \/>\n<meta property=\"og:image\" content=\"https:\/\/livrariasolmar.pt\/wp-content\/uploads\/2025\/07\/1540-1-1-10.jpg\" \/>\n\t<meta property=\"og:image:width\" content=\"340\" \/>\n\t<meta property=\"og:image:height\" content=\"340\" \/>\n<meta name=\"twitter:card\" content=\"summary_large_image\" \/>\n<script type=\"application\/ld+json\" class=\"yoast-schema-graph\">{\"@context\":\"https:\/\/schema.org\",\"@graph\":[{\"@type\":\"WebSite\",\"@id\":\"https:\/\/livrariasolmar.pt\/#website\",\"url\":\"https:\/\/livrariasolmar.pt\/\",\"name\":\"Livraria Solmar - Livraria online\",\"description\":\"Com\\u00e9rcio Livros E Objetos De Arte, Lda - Ponta Delgada, A\\u00e7ores\",\"potentialAction\":[{\"@type\":\"SearchAction\",\"target\":{\"@type\":\"EntryPoint\",\"urlTemplate\":\"https:\/\/livrariasolmar.pt\/?s={search_term_string}\"},\"query-input\":\"required name=search_term_string\"}],\"inLanguage\":\"en-US\"},{\"@type\":\"ImageObject\",\"@id\":\"https:\/\/livrariasolmar.pt\/produto\/o-fim-de-tudo-como-as-guerras-levam-ao-exterminio-das-civilizacoes\/#primaryimage\",\"inLanguage\":\"en-US\",\"url\":\"https:\/\/livrariasolmar.pt\/wp-content\/uploads\/2025\/07\/1540-1-1-10.jpg\",\"contentUrl\":\"https:\/\/livrariasolmar.pt\/wp-content\/uploads\/2025\/07\/1540-1-1-10.jpg\",\"width\":340,\"height\":340},{\"@type\":\"WebPage\",\"@id\":\"https:\/\/livrariasolmar.pt\/produto\/o-fim-de-tudo-como-as-guerras-levam-ao-exterminio-das-civilizacoes\/#webpage\",\"url\":\"https:\/\/livrariasolmar.pt\/produto\/o-fim-de-tudo-como-as-guerras-levam-ao-exterminio-das-civilizacoes\/\",\"name\":\"O Fim de Tudo - Como as guerras levam ao exterm\\u00ednio das civiliza\\u00e7\\u00f5es - Livraria Solmar - Livraria online\",\"isPartOf\":{\"@id\":\"https:\/\/livrariasolmar.pt\/#website\"},\"primaryImageOfPage\":{\"@id\":\"https:\/\/livrariasolmar.pt\/produto\/o-fim-de-tudo-como-as-guerras-levam-ao-exterminio-das-civilizacoes\/#primaryimage\"},\"datePublished\":\"2025-07-23T17:15:06+00:00\",\"dateModified\":\"2025-11-28T17:55:51+00:00\",\"breadcrumb\":{\"@id\":\"https:\/\/livrariasolmar.pt\/produto\/o-fim-de-tudo-como-as-guerras-levam-ao-exterminio-das-civilizacoes\/#breadcrumb\"},\"inLanguage\":\"en-US\",\"potentialAction\":[{\"@type\":\"ReadAction\",\"target\":[\"https:\/\/livrariasolmar.pt\/produto\/o-fim-de-tudo-como-as-guerras-levam-ao-exterminio-das-civilizacoes\/\"]}]},{\"@type\":\"BreadcrumbList\",\"@id\":\"https:\/\/livrariasolmar.pt\/produto\/o-fim-de-tudo-como-as-guerras-levam-ao-exterminio-das-civilizacoes\/#breadcrumb\",\"itemListElement\":[{\"@type\":\"ListItem\",\"position\":1,\"name\":\"In\\u00edcio\",\"item\":\"https:\/\/livrariasolmar.pt\/en\/\"},{\"@type\":\"ListItem\",\"position\":2,\"name\":\"Shop\",\"item\":\"https:\/\/livrariasolmar.pt\/en\/shop\/\"},{\"@type\":\"ListItem\",\"position\":3,\"name\":\"O Fim de Tudo &#8211; Como as guerras levam ao exterm\\u00ednio das civiliza\\u00e7\\u00f5es\"}]}]}<\/script>\n<!-- \/ Yoast SEO plugin. -->","_links":{"self":[{"href":"https:\/\/livrariasolmar.pt\/en\/wp-json\/wp\/v2\/product\/10657"}],"collection":[{"href":"https:\/\/livrariasolmar.pt\/en\/wp-json\/wp\/v2\/product"}],"about":[{"href":"https:\/\/livrariasolmar.pt\/en\/wp-json\/wp\/v2\/types\/product"}],"author":[{"embeddable":true,"href":"https:\/\/livrariasolmar.pt\/en\/wp-json\/wp\/v2\/users\/2"}],"wp:featuredmedia":[{"embeddable":true,"href":"https:\/\/livrariasolmar.pt\/en\/wp-json\/wp\/v2\/media\/10658"}],"wp:attachment":[{"href":"https:\/\/livrariasolmar.pt\/en\/wp-json\/wp\/v2\/media?parent=10657"}],"wp:term":[{"taxonomy":"product_cat","embeddable":true,"href":"https:\/\/livrariasolmar.pt\/en\/wp-json\/wp\/v2\/product_cat?post=10657"},{"taxonomy":"product_tag","embeddable":true,"href":"https:\/\/livrariasolmar.pt\/en\/wp-json\/wp\/v2\/product_tag?post=10657"},{"taxonomy":"cat_produtos","embeddable":true,"href":"https:\/\/livrariasolmar.pt\/en\/wp-json\/wp\/v2\/cat_produtos?post=10657"}],"curies":[{"name":"wp","href":"https:\/\/api.w.org\/{rel}","templated":true}]}}