{"id":10660,"date":"2025-07-23T17:36:56","date_gmt":"2025-07-23T17:36:56","guid":{"rendered":"https:\/\/livrariasolmar.pt\/?post_type=product&#038;p=10660"},"modified":"2025-11-14T19:38:37","modified_gmt":"2025-11-14T19:38:37","slug":"o-silencio-e-de-ouro","status":"publish","type":"product","link":"https:\/\/livrariasolmar.pt\/en\/produto\/o-silencio-e-de-ouro\/","title":{"rendered":"O Sil\u00eancio \u00e9 de Ouro"},"content":{"rendered":"","protected":false},"excerpt":{"rendered":"<p>O sil\u00eancio n\u00e3o \u00e9 apenas a aus\u00eancia de ru\u00eddo. \u00c9 uma presen\u00e7a que nos pode proporcionar energia, clareza e uma conex\u00e3o mais profunda.<\/p>\n<p>O mundo est\u00e1 mais barulhento do que nunca. N\u00e3o se trata simplesmente do ru\u00eddo nos nossos ouvidos, mas tamb\u00e9m o dos ecr\u00e3s e o da nossa tagarelice interna.\u00a0<i>O Sil\u00eancio \u00c9 de Ouro<\/i>\u00a0leva-nos numa viagem improv\u00e1vel, partindo dos ensinamentos da neuroci\u00eancia, de entidades empresariais, da espiritualidade, da pol\u00edtica, do ativismo e das artes, para compreender o motivo de o sil\u00eancio ser essencial para a sa\u00fade f\u00edsica e mental, para o bem-estar emocional, para a realiza\u00e7\u00e3o profissional, mas tamb\u00e9m para a constru\u00e7\u00e3o de um futuro melhor: social, econ\u00f3mico, pol\u00edtico e ecol\u00f3gico.<\/p>\n<p>Com li\u00e7\u00f5es imprescind\u00edveis para indiv\u00edduos, fam\u00edlias e organiza\u00e7\u00f5es, este \u00e9 um livro envolvente e inesperado que nos leva a repensar o significado do sossego, apresentando uma tese audaz e convincente: podemos melhorar o mundo se tivermos mais sil\u00eancio nas nossas vidas.<\/p>\n","protected":false},"author":2,"featured_media":10661,"template":"","meta":[],"product_cat":[173],"product_tag":[],"cat_produtos":[],"yoast_head":"<!-- This site is optimized with the Yoast SEO plugin v16.6 - https:\/\/yoast.com\/wordpress\/plugins\/seo\/ -->\n<title>O Sil\u00eancio \u00e9 de Ouro - Livraria Solmar - Livraria online<\/title>\n<meta name=\"robots\" content=\"index, follow, max-snippet:-1, max-image-preview:large, max-video-preview:-1\" \/>\n<link rel=\"canonical\" href=\"https:\/\/livrariasolmar.pt\/en\/produto\/o-silencio-e-de-ouro\/\" \/>\n<meta property=\"og:locale\" content=\"en_US\" \/>\n<meta property=\"og:type\" content=\"article\" \/>\n<meta property=\"og:title\" content=\"O Sil\u00eancio \u00e9 de Ouro - Livraria Solmar - Livraria online\" \/>\n<meta property=\"og:description\" content=\"O sil\u00eancio n\u00e3o \u00e9 apenas a aus\u00eancia de ru\u00eddo. \u00c9 uma presen\u00e7a que nos pode proporcionar energia, clareza e uma conex\u00e3o mais profunda.  O mundo est\u00e1 mais barulhento do que nunca. N\u00e3o se trata simplesmente do ru\u00eddo nos nossos ouvidos, mas tamb\u00e9m o dos ecr\u00e3s e o da nossa tagarelice interna.\u00a0O Sil\u00eancio \u00c9 de Ouro\u00a0leva-nos numa viagem improv\u00e1vel, partindo dos ensinamentos da neuroci\u00eancia, de entidades empresariais, da espiritualidade, da pol\u00edtica, do ativismo e das artes, para compreender o motivo de o sil\u00eancio ser essencial para a sa\u00fade f\u00edsica e mental, para o bem-estar emocional, para a realiza\u00e7\u00e3o profissional, mas tamb\u00e9m para a constru\u00e7\u00e3o de um futuro melhor: social, econ\u00f3mico, pol\u00edtico e ecol\u00f3gico.  Com li\u00e7\u00f5es imprescind\u00edveis para indiv\u00edduos, fam\u00edlias e organiza\u00e7\u00f5es, este \u00e9 um livro envolvente e inesperado que nos leva a repensar o significado do sossego, apresentando uma tese audaz e convincente: podemos melhorar o mundo se tivermos mais sil\u00eancio nas nossas vidas.\" \/>\n<meta property=\"og:url\" content=\"https:\/\/livrariasolmar.pt\/produto\/o-silencio-e-de-ouro\/\" \/>\n<meta property=\"og:site_name\" content=\"Livraria Solmar - Livraria online\" \/>\n<meta property=\"article:modified_time\" content=\"2025-11-14T19:38:37+00:00\" \/>\n<meta property=\"og:image\" content=\"https:\/\/livrariasolmar.pt\/wp-content\/uploads\/2025\/07\/1540-1-7.jpg\" \/>\n\t<meta property=\"og:image:width\" content=\"340\" \/>\n\t<meta property=\"og:image:height\" content=\"340\" \/>\n<meta name=\"twitter:card\" content=\"summary_large_image\" \/>\n<script type=\"application\/ld+json\" class=\"yoast-schema-graph\">{\"@context\":\"https:\/\/schema.org\",\"@graph\":[{\"@type\":\"WebSite\",\"@id\":\"https:\/\/livrariasolmar.pt\/#website\",\"url\":\"https:\/\/livrariasolmar.pt\/\",\"name\":\"Livraria Solmar - Livraria online\",\"description\":\"Com\\u00e9rcio Livros E Objetos De Arte, Lda - Ponta Delgada, A\\u00e7ores\",\"potentialAction\":[{\"@type\":\"SearchAction\",\"target\":{\"@type\":\"EntryPoint\",\"urlTemplate\":\"https:\/\/livrariasolmar.pt\/?s={search_term_string}\"},\"query-input\":\"required name=search_term_string\"}],\"inLanguage\":\"en-US\"},{\"@type\":\"ImageObject\",\"@id\":\"https:\/\/livrariasolmar.pt\/produto\/o-silencio-e-de-ouro\/#primaryimage\",\"inLanguage\":\"en-US\",\"url\":\"https:\/\/livrariasolmar.pt\/wp-content\/uploads\/2025\/07\/1540-1-7.jpg\",\"contentUrl\":\"https:\/\/livrariasolmar.pt\/wp-content\/uploads\/2025\/07\/1540-1-7.jpg\",\"width\":340,\"height\":340},{\"@type\":\"WebPage\",\"@id\":\"https:\/\/livrariasolmar.pt\/produto\/o-silencio-e-de-ouro\/#webpage\",\"url\":\"https:\/\/livrariasolmar.pt\/produto\/o-silencio-e-de-ouro\/\",\"name\":\"O Sil\\u00eancio \\u00e9 de Ouro - Livraria Solmar - Livraria online\",\"isPartOf\":{\"@id\":\"https:\/\/livrariasolmar.pt\/#website\"},\"primaryImageOfPage\":{\"@id\":\"https:\/\/livrariasolmar.pt\/produto\/o-silencio-e-de-ouro\/#primaryimage\"},\"datePublished\":\"2025-07-23T17:36:56+00:00\",\"dateModified\":\"2025-11-14T19:38:37+00:00\",\"breadcrumb\":{\"@id\":\"https:\/\/livrariasolmar.pt\/produto\/o-silencio-e-de-ouro\/#breadcrumb\"},\"inLanguage\":\"en-US\",\"potentialAction\":[{\"@type\":\"ReadAction\",\"target\":[\"https:\/\/livrariasolmar.pt\/produto\/o-silencio-e-de-ouro\/\"]}]},{\"@type\":\"BreadcrumbList\",\"@id\":\"https:\/\/livrariasolmar.pt\/produto\/o-silencio-e-de-ouro\/#breadcrumb\",\"itemListElement\":[{\"@type\":\"ListItem\",\"position\":1,\"name\":\"In\\u00edcio\",\"item\":\"https:\/\/livrariasolmar.pt\/en\/\"},{\"@type\":\"ListItem\",\"position\":2,\"name\":\"Shop\",\"item\":\"https:\/\/livrariasolmar.pt\/en\/shop\/\"},{\"@type\":\"ListItem\",\"position\":3,\"name\":\"O Sil\\u00eancio \\u00e9 de Ouro\"}]}]}<\/script>\n<!-- \/ Yoast SEO plugin. -->","_links":{"self":[{"href":"https:\/\/livrariasolmar.pt\/en\/wp-json\/wp\/v2\/product\/10660"}],"collection":[{"href":"https:\/\/livrariasolmar.pt\/en\/wp-json\/wp\/v2\/product"}],"about":[{"href":"https:\/\/livrariasolmar.pt\/en\/wp-json\/wp\/v2\/types\/product"}],"author":[{"embeddable":true,"href":"https:\/\/livrariasolmar.pt\/en\/wp-json\/wp\/v2\/users\/2"}],"wp:featuredmedia":[{"embeddable":true,"href":"https:\/\/livrariasolmar.pt\/en\/wp-json\/wp\/v2\/media\/10661"}],"wp:attachment":[{"href":"https:\/\/livrariasolmar.pt\/en\/wp-json\/wp\/v2\/media?parent=10660"}],"wp:term":[{"taxonomy":"product_cat","embeddable":true,"href":"https:\/\/livrariasolmar.pt\/en\/wp-json\/wp\/v2\/product_cat?post=10660"},{"taxonomy":"product_tag","embeddable":true,"href":"https:\/\/livrariasolmar.pt\/en\/wp-json\/wp\/v2\/product_tag?post=10660"},{"taxonomy":"cat_produtos","embeddable":true,"href":"https:\/\/livrariasolmar.pt\/en\/wp-json\/wp\/v2\/cat_produtos?post=10660"}],"curies":[{"name":"wp","href":"https:\/\/api.w.org\/{rel}","templated":true}]}}