{"id":10663,"date":"2025-07-23T17:56:24","date_gmt":"2025-07-23T17:56:24","guid":{"rendered":"https:\/\/livrariasolmar.pt\/?post_type=product&#038;p=10663"},"modified":"2025-12-30T15:50:03","modified_gmt":"2025-12-30T15:50:03","slug":"mudar-comeca-por-nos","status":"publish","type":"product","link":"https:\/\/livrariasolmar.pt\/en\/produto\/mudar-comeca-por-nos\/","title":{"rendered":"Mudar Come\u00e7a por N\u00f3s"},"content":{"rendered":"","protected":false},"excerpt":{"rendered":"<p>Mudar come\u00e7a por\u2026<\/p>\n<p>&#8211; plantar \u00e1rvores;<br \/>\n&#8211; poupar \u00e1gua e energia;<br \/>\n&#8211; apanhar o lixo;<br \/>\n&#8211; aprender mais sobre o mundo que nos rodeia.<\/p>\n<p>Sophie Beer, com as suas ilustra\u00e7\u00f5es ternurentas, divertidas, cheias de cor e de ritmo, celebra e relembra-nos o poder que todos temos nas nossas m\u00e3os para ajudar a construir um mundo melhor.<\/p>\n","protected":false},"author":2,"featured_media":10664,"template":"","meta":[],"product_cat":[172],"product_tag":[],"cat_produtos":[],"yoast_head":"<!-- This site is optimized with the Yoast SEO plugin v16.6 - https:\/\/yoast.com\/wordpress\/plugins\/seo\/ -->\n<title>Mudar Come\u00e7a por N\u00f3s - Livraria Solmar - Livraria online<\/title>\n<meta name=\"robots\" content=\"index, follow, max-snippet:-1, max-image-preview:large, max-video-preview:-1\" \/>\n<link rel=\"canonical\" href=\"https:\/\/livrariasolmar.pt\/en\/produto\/mudar-comeca-por-nos\/\" \/>\n<meta property=\"og:locale\" content=\"en_US\" \/>\n<meta property=\"og:type\" content=\"article\" \/>\n<meta property=\"og:title\" content=\"Mudar Come\u00e7a por N\u00f3s - Livraria Solmar - Livraria online\" \/>\n<meta property=\"og:description\" content=\"Mudar come\u00e7a por\u2026  - plantar \u00e1rvores; - poupar \u00e1gua e energia; - apanhar o lixo; - aprender mais sobre o mundo que nos rodeia.  Sophie Beer, com as suas ilustra\u00e7\u00f5es ternurentas, divertidas, cheias de cor e de ritmo, celebra e relembra-nos o poder que todos temos nas nossas m\u00e3os para ajudar a construir um mundo melhor.\" \/>\n<meta property=\"og:url\" content=\"https:\/\/livrariasolmar.pt\/produto\/mudar-comeca-por-nos\/\" \/>\n<meta property=\"og:site_name\" content=\"Livraria Solmar - Livraria online\" \/>\n<meta property=\"article:modified_time\" content=\"2025-12-30T15:50:03+00:00\" \/>\n<meta property=\"og:image\" content=\"https:\/\/livrariasolmar.pt\/wp-content\/uploads\/2025\/07\/1540-1-1-11.jpg\" \/>\n\t<meta property=\"og:image:width\" content=\"340\" \/>\n\t<meta property=\"og:image:height\" content=\"340\" \/>\n<meta name=\"twitter:card\" content=\"summary_large_image\" \/>\n<script type=\"application\/ld+json\" class=\"yoast-schema-graph\">{\"@context\":\"https:\/\/schema.org\",\"@graph\":[{\"@type\":\"WebSite\",\"@id\":\"https:\/\/livrariasolmar.pt\/#website\",\"url\":\"https:\/\/livrariasolmar.pt\/\",\"name\":\"Livraria Solmar - Livraria online\",\"description\":\"Com\\u00e9rcio Livros E Objetos De Arte, Lda - Ponta Delgada, A\\u00e7ores\",\"potentialAction\":[{\"@type\":\"SearchAction\",\"target\":{\"@type\":\"EntryPoint\",\"urlTemplate\":\"https:\/\/livrariasolmar.pt\/?s={search_term_string}\"},\"query-input\":\"required name=search_term_string\"}],\"inLanguage\":\"en-US\"},{\"@type\":\"ImageObject\",\"@id\":\"https:\/\/livrariasolmar.pt\/produto\/mudar-comeca-por-nos\/#primaryimage\",\"inLanguage\":\"en-US\",\"url\":\"https:\/\/livrariasolmar.pt\/wp-content\/uploads\/2025\/07\/1540-1-1-11.jpg\",\"contentUrl\":\"https:\/\/livrariasolmar.pt\/wp-content\/uploads\/2025\/07\/1540-1-1-11.jpg\",\"width\":340,\"height\":340},{\"@type\":\"WebPage\",\"@id\":\"https:\/\/livrariasolmar.pt\/produto\/mudar-comeca-por-nos\/#webpage\",\"url\":\"https:\/\/livrariasolmar.pt\/produto\/mudar-comeca-por-nos\/\",\"name\":\"Mudar Come\\u00e7a por N\\u00f3s - Livraria Solmar - Livraria online\",\"isPartOf\":{\"@id\":\"https:\/\/livrariasolmar.pt\/#website\"},\"primaryImageOfPage\":{\"@id\":\"https:\/\/livrariasolmar.pt\/produto\/mudar-comeca-por-nos\/#primaryimage\"},\"datePublished\":\"2025-07-23T17:56:24+00:00\",\"dateModified\":\"2025-12-30T15:50:03+00:00\",\"breadcrumb\":{\"@id\":\"https:\/\/livrariasolmar.pt\/produto\/mudar-comeca-por-nos\/#breadcrumb\"},\"inLanguage\":\"en-US\",\"potentialAction\":[{\"@type\":\"ReadAction\",\"target\":[\"https:\/\/livrariasolmar.pt\/produto\/mudar-comeca-por-nos\/\"]}]},{\"@type\":\"BreadcrumbList\",\"@id\":\"https:\/\/livrariasolmar.pt\/produto\/mudar-comeca-por-nos\/#breadcrumb\",\"itemListElement\":[{\"@type\":\"ListItem\",\"position\":1,\"name\":\"In\\u00edcio\",\"item\":\"https:\/\/livrariasolmar.pt\/en\/\"},{\"@type\":\"ListItem\",\"position\":2,\"name\":\"Shop\",\"item\":\"https:\/\/livrariasolmar.pt\/en\/shop\/\"},{\"@type\":\"ListItem\",\"position\":3,\"name\":\"Mudar Come\\u00e7a por N\\u00f3s\"}]}]}<\/script>\n<!-- \/ Yoast SEO plugin. -->","_links":{"self":[{"href":"https:\/\/livrariasolmar.pt\/en\/wp-json\/wp\/v2\/product\/10663"}],"collection":[{"href":"https:\/\/livrariasolmar.pt\/en\/wp-json\/wp\/v2\/product"}],"about":[{"href":"https:\/\/livrariasolmar.pt\/en\/wp-json\/wp\/v2\/types\/product"}],"author":[{"embeddable":true,"href":"https:\/\/livrariasolmar.pt\/en\/wp-json\/wp\/v2\/users\/2"}],"wp:featuredmedia":[{"embeddable":true,"href":"https:\/\/livrariasolmar.pt\/en\/wp-json\/wp\/v2\/media\/10664"}],"wp:attachment":[{"href":"https:\/\/livrariasolmar.pt\/en\/wp-json\/wp\/v2\/media?parent=10663"}],"wp:term":[{"taxonomy":"product_cat","embeddable":true,"href":"https:\/\/livrariasolmar.pt\/en\/wp-json\/wp\/v2\/product_cat?post=10663"},{"taxonomy":"product_tag","embeddable":true,"href":"https:\/\/livrariasolmar.pt\/en\/wp-json\/wp\/v2\/product_tag?post=10663"},{"taxonomy":"cat_produtos","embeddable":true,"href":"https:\/\/livrariasolmar.pt\/en\/wp-json\/wp\/v2\/cat_produtos?post=10663"}],"curies":[{"name":"wp","href":"https:\/\/api.w.org\/{rel}","templated":true}]}}