{"id":10666,"date":"2025-07-23T18:04:10","date_gmt":"2025-07-23T18:04:10","guid":{"rendered":"https:\/\/livrariasolmar.pt\/?post_type=product&#038;p=10666"},"modified":"2025-11-01T14:52:14","modified_gmt":"2025-11-01T14:52:14","slug":"tantos-peixes-em-todo-o-lado","status":"publish","type":"product","link":"https:\/\/livrariasolmar.pt\/en\/produto\/tantos-peixes-em-todo-o-lado\/","title":{"rendered":"Tantos Peixes em Todo o Lado"},"content":{"rendered":"","protected":false},"excerpt":{"rendered":"<p>Encontramos os mais variados peixes nos oceanos, nos rios, nos lagos, nas lagoas ou em qualquer lugar com \u00e1gua suficiente. Podem ser grandes ou pequenos, espinhosos ou lisos, esguios ou gordos, com cores vivas ou da mesma cor da areia. Anda da\u00ed conhec\u00ea-los melhor!<\/p>\n<p>A ilustradora de sucesso Britta Teckentrup d\u00e1 vida a estas criaturas fant\u00e1sticas com cores vivas de deslumbrantes.<\/p>\n","protected":false},"author":2,"featured_media":10667,"template":"","meta":[],"product_cat":[172],"product_tag":[],"cat_produtos":[],"yoast_head":"<!-- This site is optimized with the Yoast SEO plugin v16.6 - https:\/\/yoast.com\/wordpress\/plugins\/seo\/ -->\n<title>Tantos Peixes em Todo o Lado - Livraria Solmar - Livraria online<\/title>\n<meta name=\"robots\" content=\"index, follow, max-snippet:-1, max-image-preview:large, max-video-preview:-1\" \/>\n<link rel=\"canonical\" href=\"https:\/\/livrariasolmar.pt\/en\/produto\/tantos-peixes-em-todo-o-lado\/\" \/>\n<meta property=\"og:locale\" content=\"en_US\" \/>\n<meta property=\"og:type\" content=\"article\" \/>\n<meta property=\"og:title\" content=\"Tantos Peixes em Todo o Lado - Livraria Solmar - Livraria online\" \/>\n<meta property=\"og:description\" content=\"Encontramos os mais variados peixes nos oceanos, nos rios, nos lagos, nas lagoas ou em qualquer lugar com \u00e1gua suficiente. Podem ser grandes ou pequenos, espinhosos ou lisos, esguios ou gordos, com cores vivas ou da mesma cor da areia. Anda da\u00ed conhec\u00ea-los melhor!  A ilustradora de sucesso Britta Teckentrup d\u00e1 vida a estas criaturas fant\u00e1sticas com cores vivas de deslumbrantes.\" \/>\n<meta property=\"og:url\" content=\"https:\/\/livrariasolmar.pt\/produto\/tantos-peixes-em-todo-o-lado\/\" \/>\n<meta property=\"og:site_name\" content=\"Livraria Solmar - Livraria online\" \/>\n<meta property=\"article:modified_time\" content=\"2025-11-01T14:52:14+00:00\" \/>\n<meta property=\"og:image\" content=\"https:\/\/livrariasolmar.pt\/wp-content\/uploads\/2025\/07\/1540-1-8.jpg\" \/>\n\t<meta property=\"og:image:width\" content=\"340\" \/>\n\t<meta property=\"og:image:height\" content=\"340\" \/>\n<meta name=\"twitter:card\" content=\"summary_large_image\" \/>\n<script type=\"application\/ld+json\" class=\"yoast-schema-graph\">{\"@context\":\"https:\/\/schema.org\",\"@graph\":[{\"@type\":\"WebSite\",\"@id\":\"https:\/\/livrariasolmar.pt\/#website\",\"url\":\"https:\/\/livrariasolmar.pt\/\",\"name\":\"Livraria Solmar - Livraria online\",\"description\":\"Com\\u00e9rcio Livros E Objetos De Arte, Lda - Ponta Delgada, A\\u00e7ores\",\"potentialAction\":[{\"@type\":\"SearchAction\",\"target\":{\"@type\":\"EntryPoint\",\"urlTemplate\":\"https:\/\/livrariasolmar.pt\/?s={search_term_string}\"},\"query-input\":\"required name=search_term_string\"}],\"inLanguage\":\"en-US\"},{\"@type\":\"ImageObject\",\"@id\":\"https:\/\/livrariasolmar.pt\/produto\/tantos-peixes-em-todo-o-lado\/#primaryimage\",\"inLanguage\":\"en-US\",\"url\":\"https:\/\/livrariasolmar.pt\/wp-content\/uploads\/2025\/07\/1540-1-8.jpg\",\"contentUrl\":\"https:\/\/livrariasolmar.pt\/wp-content\/uploads\/2025\/07\/1540-1-8.jpg\",\"width\":340,\"height\":340},{\"@type\":\"WebPage\",\"@id\":\"https:\/\/livrariasolmar.pt\/produto\/tantos-peixes-em-todo-o-lado\/#webpage\",\"url\":\"https:\/\/livrariasolmar.pt\/produto\/tantos-peixes-em-todo-o-lado\/\",\"name\":\"Tantos Peixes em Todo o Lado - Livraria Solmar - Livraria online\",\"isPartOf\":{\"@id\":\"https:\/\/livrariasolmar.pt\/#website\"},\"primaryImageOfPage\":{\"@id\":\"https:\/\/livrariasolmar.pt\/produto\/tantos-peixes-em-todo-o-lado\/#primaryimage\"},\"datePublished\":\"2025-07-23T18:04:10+00:00\",\"dateModified\":\"2025-11-01T14:52:14+00:00\",\"breadcrumb\":{\"@id\":\"https:\/\/livrariasolmar.pt\/produto\/tantos-peixes-em-todo-o-lado\/#breadcrumb\"},\"inLanguage\":\"en-US\",\"potentialAction\":[{\"@type\":\"ReadAction\",\"target\":[\"https:\/\/livrariasolmar.pt\/produto\/tantos-peixes-em-todo-o-lado\/\"]}]},{\"@type\":\"BreadcrumbList\",\"@id\":\"https:\/\/livrariasolmar.pt\/produto\/tantos-peixes-em-todo-o-lado\/#breadcrumb\",\"itemListElement\":[{\"@type\":\"ListItem\",\"position\":1,\"name\":\"In\\u00edcio\",\"item\":\"https:\/\/livrariasolmar.pt\/en\/\"},{\"@type\":\"ListItem\",\"position\":2,\"name\":\"Shop\",\"item\":\"https:\/\/livrariasolmar.pt\/en\/shop\/\"},{\"@type\":\"ListItem\",\"position\":3,\"name\":\"Tantos Peixes em Todo o Lado\"}]}]}<\/script>\n<!-- \/ Yoast SEO plugin. -->","_links":{"self":[{"href":"https:\/\/livrariasolmar.pt\/en\/wp-json\/wp\/v2\/product\/10666"}],"collection":[{"href":"https:\/\/livrariasolmar.pt\/en\/wp-json\/wp\/v2\/product"}],"about":[{"href":"https:\/\/livrariasolmar.pt\/en\/wp-json\/wp\/v2\/types\/product"}],"author":[{"embeddable":true,"href":"https:\/\/livrariasolmar.pt\/en\/wp-json\/wp\/v2\/users\/2"}],"wp:featuredmedia":[{"embeddable":true,"href":"https:\/\/livrariasolmar.pt\/en\/wp-json\/wp\/v2\/media\/10667"}],"wp:attachment":[{"href":"https:\/\/livrariasolmar.pt\/en\/wp-json\/wp\/v2\/media?parent=10666"}],"wp:term":[{"taxonomy":"product_cat","embeddable":true,"href":"https:\/\/livrariasolmar.pt\/en\/wp-json\/wp\/v2\/product_cat?post=10666"},{"taxonomy":"product_tag","embeddable":true,"href":"https:\/\/livrariasolmar.pt\/en\/wp-json\/wp\/v2\/product_tag?post=10666"},{"taxonomy":"cat_produtos","embeddable":true,"href":"https:\/\/livrariasolmar.pt\/en\/wp-json\/wp\/v2\/cat_produtos?post=10666"}],"curies":[{"name":"wp","href":"https:\/\/api.w.org\/{rel}","templated":true}]}}