{"id":10669,"date":"2025-07-23T18:38:26","date_gmt":"2025-07-23T18:38:26","guid":{"rendered":"https:\/\/livrariasolmar.pt\/?post_type=product&#038;p=10669"},"modified":"2025-12-16T15:23:39","modified_gmt":"2025-12-16T15:23:39","slug":"contos-maravilhosos-para-5-anos","status":"publish","type":"product","link":"https:\/\/livrariasolmar.pt\/en\/produto\/contos-maravilhosos-para-5-anos\/","title":{"rendered":"Contos Maravilhosos para 5 Anos"},"content":{"rendered":"","protected":false},"excerpt":{"rendered":"<p>H\u00e1 um pouco de magia neste livro, e \u00e9 perfeita para que possamos aninhar-nos com as crian\u00e7as no sof\u00e1 a ler uma ou duas p\u00e1ginas.<\/p>\n<p>Em\u00a0<i>Baixo \u00c9 Melhor<\/i>\u00a0\u00e9 perfeito para perceber o ritmo de uma hist\u00f3ria e pelo vislumbre do que seria a vida debaixo da terra.\u00a0<i>Uma Pequena Discuss\u00e3o no Sistema Solar<\/i>\u00a0e\u00a0<i>A Estrela-Cadente<\/i>\u00a0s\u00e3o hist\u00f3rias maravilhosas que ajudam a apresentar o nosso Universo \u00e0s crian\u00e7as. Tamb\u00e9m h\u00e1 in\u00fameras oportunidades para falar de sentimentos e criar empatia, gra\u00e7as a personagens como a Lili, em A Lili e o H\u00e1mster, ou como a Aranha Estela, em\u00a0<i>Nada Mal<\/i>.<\/p>\n<p>Inspiradas em contos populares, f\u00e1bulas e lendas, estas hist\u00f3rias ficar\u00e3o na mem\u00f3ria dos mais novos. E 5 anos \u00e9 a idade ideal para as partilhar e reler vezes sem conta.<\/p>\n<p>Um livro bel\u00edssimo, com encaderna\u00e7\u00e3o e acabamentos deslumbrantes, que tem tudo para se tornar um dos preferidos na hora da leitura!<\/p>\n","protected":false},"author":2,"featured_media":10670,"template":"","meta":[],"product_cat":[172],"product_tag":[],"cat_produtos":[],"yoast_head":"<!-- This site is optimized with the Yoast SEO plugin v16.6 - https:\/\/yoast.com\/wordpress\/plugins\/seo\/ -->\n<title>Contos Maravilhosos para 5 Anos - Livraria Solmar - Livraria online<\/title>\n<meta name=\"robots\" content=\"index, follow, max-snippet:-1, max-image-preview:large, max-video-preview:-1\" \/>\n<link rel=\"canonical\" href=\"https:\/\/livrariasolmar.pt\/en\/produto\/contos-maravilhosos-para-5-anos\/\" \/>\n<meta property=\"og:locale\" content=\"en_US\" \/>\n<meta property=\"og:type\" content=\"article\" \/>\n<meta property=\"og:title\" content=\"Contos Maravilhosos para 5 Anos - Livraria Solmar - Livraria online\" \/>\n<meta property=\"og:description\" content=\"H\u00e1 um pouco de magia neste livro, e \u00e9 perfeita para que possamos aninhar-nos com as crian\u00e7as no sof\u00e1 a ler uma ou duas p\u00e1ginas.  Em\u00a0Baixo \u00c9 Melhor\u00a0\u00e9 perfeito para perceber o ritmo de uma hist\u00f3ria e pelo vislumbre do que seria a vida debaixo da terra.\u00a0Uma Pequena Discuss\u00e3o no Sistema Solar\u00a0e\u00a0A Estrela-Cadente\u00a0s\u00e3o hist\u00f3rias maravilhosas que ajudam a apresentar o nosso Universo \u00e0s crian\u00e7as. Tamb\u00e9m h\u00e1 in\u00fameras oportunidades para falar de sentimentos e criar empatia, gra\u00e7as a personagens como a Lili, em A Lili e o H\u00e1mster, ou como a Aranha Estela, em\u00a0Nada Mal.  Inspiradas em contos populares, f\u00e1bulas e lendas, estas hist\u00f3rias ficar\u00e3o na mem\u00f3ria dos mais novos. E 5 anos \u00e9 a idade ideal para as partilhar e reler vezes sem conta.  Um livro bel\u00edssimo, com encaderna\u00e7\u00e3o e acabamentos deslumbrantes, que tem tudo para se tornar um dos preferidos na hora da leitura!\" \/>\n<meta property=\"og:url\" content=\"https:\/\/livrariasolmar.pt\/produto\/contos-maravilhosos-para-5-anos\/\" \/>\n<meta property=\"og:site_name\" content=\"Livraria Solmar - Livraria online\" \/>\n<meta property=\"article:modified_time\" content=\"2025-12-16T15:23:39+00:00\" \/>\n<meta property=\"og:image\" content=\"https:\/\/livrariasolmar.pt\/wp-content\/uploads\/2025\/07\/1540-1-1-12.jpg\" \/>\n\t<meta property=\"og:image:width\" content=\"340\" \/>\n\t<meta property=\"og:image:height\" content=\"340\" \/>\n<meta name=\"twitter:card\" content=\"summary_large_image\" \/>\n<script type=\"application\/ld+json\" class=\"yoast-schema-graph\">{\"@context\":\"https:\/\/schema.org\",\"@graph\":[{\"@type\":\"WebSite\",\"@id\":\"https:\/\/livrariasolmar.pt\/#website\",\"url\":\"https:\/\/livrariasolmar.pt\/\",\"name\":\"Livraria Solmar - Livraria online\",\"description\":\"Com\\u00e9rcio Livros E Objetos De Arte, Lda - Ponta Delgada, A\\u00e7ores\",\"potentialAction\":[{\"@type\":\"SearchAction\",\"target\":{\"@type\":\"EntryPoint\",\"urlTemplate\":\"https:\/\/livrariasolmar.pt\/?s={search_term_string}\"},\"query-input\":\"required name=search_term_string\"}],\"inLanguage\":\"en-US\"},{\"@type\":\"ImageObject\",\"@id\":\"https:\/\/livrariasolmar.pt\/produto\/contos-maravilhosos-para-5-anos\/#primaryimage\",\"inLanguage\":\"en-US\",\"url\":\"https:\/\/livrariasolmar.pt\/wp-content\/uploads\/2025\/07\/1540-1-1-12.jpg\",\"contentUrl\":\"https:\/\/livrariasolmar.pt\/wp-content\/uploads\/2025\/07\/1540-1-1-12.jpg\",\"width\":340,\"height\":340},{\"@type\":\"WebPage\",\"@id\":\"https:\/\/livrariasolmar.pt\/produto\/contos-maravilhosos-para-5-anos\/#webpage\",\"url\":\"https:\/\/livrariasolmar.pt\/produto\/contos-maravilhosos-para-5-anos\/\",\"name\":\"Contos Maravilhosos para 5 Anos - Livraria Solmar - Livraria online\",\"isPartOf\":{\"@id\":\"https:\/\/livrariasolmar.pt\/#website\"},\"primaryImageOfPage\":{\"@id\":\"https:\/\/livrariasolmar.pt\/produto\/contos-maravilhosos-para-5-anos\/#primaryimage\"},\"datePublished\":\"2025-07-23T18:38:26+00:00\",\"dateModified\":\"2025-12-16T15:23:39+00:00\",\"breadcrumb\":{\"@id\":\"https:\/\/livrariasolmar.pt\/produto\/contos-maravilhosos-para-5-anos\/#breadcrumb\"},\"inLanguage\":\"en-US\",\"potentialAction\":[{\"@type\":\"ReadAction\",\"target\":[\"https:\/\/livrariasolmar.pt\/produto\/contos-maravilhosos-para-5-anos\/\"]}]},{\"@type\":\"BreadcrumbList\",\"@id\":\"https:\/\/livrariasolmar.pt\/produto\/contos-maravilhosos-para-5-anos\/#breadcrumb\",\"itemListElement\":[{\"@type\":\"ListItem\",\"position\":1,\"name\":\"In\\u00edcio\",\"item\":\"https:\/\/livrariasolmar.pt\/en\/\"},{\"@type\":\"ListItem\",\"position\":2,\"name\":\"Shop\",\"item\":\"https:\/\/livrariasolmar.pt\/en\/shop\/\"},{\"@type\":\"ListItem\",\"position\":3,\"name\":\"Contos Maravilhosos para 5 Anos\"}]}]}<\/script>\n<!-- \/ Yoast SEO plugin. -->","_links":{"self":[{"href":"https:\/\/livrariasolmar.pt\/en\/wp-json\/wp\/v2\/product\/10669"}],"collection":[{"href":"https:\/\/livrariasolmar.pt\/en\/wp-json\/wp\/v2\/product"}],"about":[{"href":"https:\/\/livrariasolmar.pt\/en\/wp-json\/wp\/v2\/types\/product"}],"author":[{"embeddable":true,"href":"https:\/\/livrariasolmar.pt\/en\/wp-json\/wp\/v2\/users\/2"}],"wp:featuredmedia":[{"embeddable":true,"href":"https:\/\/livrariasolmar.pt\/en\/wp-json\/wp\/v2\/media\/10670"}],"wp:attachment":[{"href":"https:\/\/livrariasolmar.pt\/en\/wp-json\/wp\/v2\/media?parent=10669"}],"wp:term":[{"taxonomy":"product_cat","embeddable":true,"href":"https:\/\/livrariasolmar.pt\/en\/wp-json\/wp\/v2\/product_cat?post=10669"},{"taxonomy":"product_tag","embeddable":true,"href":"https:\/\/livrariasolmar.pt\/en\/wp-json\/wp\/v2\/product_tag?post=10669"},{"taxonomy":"cat_produtos","embeddable":true,"href":"https:\/\/livrariasolmar.pt\/en\/wp-json\/wp\/v2\/cat_produtos?post=10669"}],"curies":[{"name":"wp","href":"https:\/\/api.w.org\/{rel}","templated":true}]}}