{"id":10672,"date":"2025-07-23T18:57:16","date_gmt":"2025-07-23T18:57:16","guid":{"rendered":"https:\/\/livrariasolmar.pt\/?post_type=product&#038;p=10672"},"modified":"2025-11-14T18:40:12","modified_gmt":"2025-11-14T18:40:12","slug":"contos-maravilhosos-para-4-anos","status":"publish","type":"product","link":"https:\/\/livrariasolmar.pt\/en\/produto\/contos-maravilhosos-para-4-anos\/","title":{"rendered":"Contos Maravilhosos para 4 Anos"},"content":{"rendered":"","protected":false},"excerpt":{"rendered":"<p>Muitas compet\u00eancias de literacia come\u00e7am por ser adquiridas a partir dos quatro anos.<\/p>\n<p>O Chacal Espertalh\u00e3o e o Poderoso Le\u00e3o ou a Noite Incolor s\u00e3o perfeitos para aprender a prever o final de uma hist\u00f3ria, o que \u00e9 fundamental para a posterior compreens\u00e3o da leitura.<\/p>\n<p>O contacto com palavras desconhecidas tamb\u00e9m \u00e9 importante. Compreender o ritmo e a rima \u00e9, igualmente, crucial no desenvolvimento da literacia. O Ovo \u00e9 uma hist\u00f3ria simples, mas perfeita para bater o p\u00e9 e repetir rimas em voz alta.<\/p>\n<p>Nos contos populares, que prov\u00eam de v\u00e1rias partes do mundo, encontraremos v\u00e1rias mensagens importantes.<\/p>\n<p>Um livro bel\u00edssimo, com encaderna\u00e7\u00e3o e acabamentos deslumbrantes, que tem tudo para se tornar um dos preferidos na hora da leitura!<\/p>\n","protected":false},"author":2,"featured_media":10673,"template":"","meta":[],"product_cat":[172],"product_tag":[],"cat_produtos":[],"yoast_head":"<!-- This site is optimized with the Yoast SEO plugin v16.6 - https:\/\/yoast.com\/wordpress\/plugins\/seo\/ -->\n<title>Contos Maravilhosos para 4 Anos - Livraria Solmar - Livraria online<\/title>\n<meta name=\"robots\" content=\"index, follow, max-snippet:-1, max-image-preview:large, max-video-preview:-1\" \/>\n<link rel=\"canonical\" href=\"https:\/\/livrariasolmar.pt\/en\/produto\/contos-maravilhosos-para-4-anos\/\" \/>\n<meta property=\"og:locale\" content=\"en_US\" \/>\n<meta property=\"og:type\" content=\"article\" \/>\n<meta property=\"og:title\" content=\"Contos Maravilhosos para 4 Anos - Livraria Solmar - Livraria online\" \/>\n<meta property=\"og:description\" content=\"Muitas compet\u00eancias de literacia come\u00e7am por ser adquiridas a partir dos quatro anos.  O Chacal Espertalh\u00e3o e o Poderoso Le\u00e3o ou a Noite Incolor s\u00e3o perfeitos para aprender a prever o final de uma hist\u00f3ria, o que \u00e9 fundamental para a posterior compreens\u00e3o da leitura.  O contacto com palavras desconhecidas tamb\u00e9m \u00e9 importante. Compreender o ritmo e a rima \u00e9, igualmente, crucial no desenvolvimento da literacia. O Ovo \u00e9 uma hist\u00f3ria simples, mas perfeita para bater o p\u00e9 e repetir rimas em voz alta.  Nos contos populares, que prov\u00eam de v\u00e1rias partes do mundo, encontraremos v\u00e1rias mensagens importantes.  Um livro bel\u00edssimo, com encaderna\u00e7\u00e3o e acabamentos deslumbrantes, que tem tudo para se tornar um dos preferidos na hora da leitura!\" \/>\n<meta property=\"og:url\" content=\"https:\/\/livrariasolmar.pt\/produto\/contos-maravilhosos-para-4-anos\/\" \/>\n<meta property=\"og:site_name\" content=\"Livraria Solmar - Livraria online\" \/>\n<meta property=\"article:modified_time\" content=\"2025-11-14T18:40:12+00:00\" \/>\n<meta property=\"og:image\" content=\"https:\/\/livrariasolmar.pt\/wp-content\/uploads\/2025\/07\/1540-1-2-4.jpg\" \/>\n\t<meta property=\"og:image:width\" content=\"340\" \/>\n\t<meta property=\"og:image:height\" content=\"340\" \/>\n<meta name=\"twitter:card\" content=\"summary_large_image\" \/>\n<script type=\"application\/ld+json\" class=\"yoast-schema-graph\">{\"@context\":\"https:\/\/schema.org\",\"@graph\":[{\"@type\":\"WebSite\",\"@id\":\"https:\/\/livrariasolmar.pt\/#website\",\"url\":\"https:\/\/livrariasolmar.pt\/\",\"name\":\"Livraria Solmar - Livraria online\",\"description\":\"Com\\u00e9rcio Livros E Objetos De Arte, Lda - Ponta Delgada, A\\u00e7ores\",\"potentialAction\":[{\"@type\":\"SearchAction\",\"target\":{\"@type\":\"EntryPoint\",\"urlTemplate\":\"https:\/\/livrariasolmar.pt\/?s={search_term_string}\"},\"query-input\":\"required name=search_term_string\"}],\"inLanguage\":\"en-US\"},{\"@type\":\"ImageObject\",\"@id\":\"https:\/\/livrariasolmar.pt\/produto\/contos-maravilhosos-para-4-anos\/#primaryimage\",\"inLanguage\":\"en-US\",\"url\":\"https:\/\/livrariasolmar.pt\/wp-content\/uploads\/2025\/07\/1540-1-2-4.jpg\",\"contentUrl\":\"https:\/\/livrariasolmar.pt\/wp-content\/uploads\/2025\/07\/1540-1-2-4.jpg\",\"width\":340,\"height\":340},{\"@type\":\"WebPage\",\"@id\":\"https:\/\/livrariasolmar.pt\/produto\/contos-maravilhosos-para-4-anos\/#webpage\",\"url\":\"https:\/\/livrariasolmar.pt\/produto\/contos-maravilhosos-para-4-anos\/\",\"name\":\"Contos Maravilhosos para 4 Anos - Livraria Solmar - Livraria online\",\"isPartOf\":{\"@id\":\"https:\/\/livrariasolmar.pt\/#website\"},\"primaryImageOfPage\":{\"@id\":\"https:\/\/livrariasolmar.pt\/produto\/contos-maravilhosos-para-4-anos\/#primaryimage\"},\"datePublished\":\"2025-07-23T18:57:16+00:00\",\"dateModified\":\"2025-11-14T18:40:12+00:00\",\"breadcrumb\":{\"@id\":\"https:\/\/livrariasolmar.pt\/produto\/contos-maravilhosos-para-4-anos\/#breadcrumb\"},\"inLanguage\":\"en-US\",\"potentialAction\":[{\"@type\":\"ReadAction\",\"target\":[\"https:\/\/livrariasolmar.pt\/produto\/contos-maravilhosos-para-4-anos\/\"]}]},{\"@type\":\"BreadcrumbList\",\"@id\":\"https:\/\/livrariasolmar.pt\/produto\/contos-maravilhosos-para-4-anos\/#breadcrumb\",\"itemListElement\":[{\"@type\":\"ListItem\",\"position\":1,\"name\":\"In\\u00edcio\",\"item\":\"https:\/\/livrariasolmar.pt\/en\/\"},{\"@type\":\"ListItem\",\"position\":2,\"name\":\"Shop\",\"item\":\"https:\/\/livrariasolmar.pt\/en\/shop\/\"},{\"@type\":\"ListItem\",\"position\":3,\"name\":\"Contos Maravilhosos para 4 Anos\"}]}]}<\/script>\n<!-- \/ Yoast SEO plugin. -->","_links":{"self":[{"href":"https:\/\/livrariasolmar.pt\/en\/wp-json\/wp\/v2\/product\/10672"}],"collection":[{"href":"https:\/\/livrariasolmar.pt\/en\/wp-json\/wp\/v2\/product"}],"about":[{"href":"https:\/\/livrariasolmar.pt\/en\/wp-json\/wp\/v2\/types\/product"}],"author":[{"embeddable":true,"href":"https:\/\/livrariasolmar.pt\/en\/wp-json\/wp\/v2\/users\/2"}],"wp:featuredmedia":[{"embeddable":true,"href":"https:\/\/livrariasolmar.pt\/en\/wp-json\/wp\/v2\/media\/10673"}],"wp:attachment":[{"href":"https:\/\/livrariasolmar.pt\/en\/wp-json\/wp\/v2\/media?parent=10672"}],"wp:term":[{"taxonomy":"product_cat","embeddable":true,"href":"https:\/\/livrariasolmar.pt\/en\/wp-json\/wp\/v2\/product_cat?post=10672"},{"taxonomy":"product_tag","embeddable":true,"href":"https:\/\/livrariasolmar.pt\/en\/wp-json\/wp\/v2\/product_tag?post=10672"},{"taxonomy":"cat_produtos","embeddable":true,"href":"https:\/\/livrariasolmar.pt\/en\/wp-json\/wp\/v2\/cat_produtos?post=10672"}],"curies":[{"name":"wp","href":"https:\/\/api.w.org\/{rel}","templated":true}]}}