{"id":10678,"date":"2025-07-25T18:23:18","date_gmt":"2025-07-25T18:23:18","guid":{"rendered":"https:\/\/livrariasolmar.pt\/?post_type=product&#038;p=10678"},"modified":"2025-09-26T19:10:37","modified_gmt":"2025-09-26T19:10:37","slug":"passagem-noturna","status":"publish","type":"product","link":"https:\/\/livrariasolmar.pt\/en\/produto\/passagem-noturna\/","title":{"rendered":"Passagem Noturna"},"content":{"rendered":"","protected":false},"excerpt":{"rendered":"<div id=\"_6883cad47f0c0\" class=\"show-more show-more-open\">\n<div>Certa noite, um fen\u00f3meno natural s\u00fabito e inexplic\u00e1vel deixa um hotel completamente isolado e rodeado por uma cratera funda, o que n\u00e3o s\u00f3 resulta numa perda de liberdade de movimentos para os h\u00f3spedes (que n\u00e3o podem sair e t\u00eam de passar a ocupar posi\u00e7\u00f5es espec\u00edficas para n\u00e3o desequilibrarem um edif\u00edcio em perigo de derrocada), mas tamb\u00e9m num conv\u00edvio di\u00e1rio for\u00e7ado entre pessoas de contextos e gera\u00e7\u00f5es muito diferentes que eventualmente nunca chegariam a conhecer-se.<\/div>\n<div>O \u00absinistro\u00bb \u2013 como vir\u00e1 a ser referida a cat\u00e1strofe \u2013 \u00e9 pressentido pela filha do Engenheiro respons\u00e1vel pela constru\u00e7\u00e3o do hotel, uma pr\u00e9-adolescente que perdeu a m\u00e3e em circunst\u00e2ncias pouco claras dois anos antes; leitora voraz e de imagina\u00e7\u00e3o f\u00e9rtil, a Menina Sem Sorte Nenhuma cr\u00ea que recebeu a mensagem do abalo e, cansada das namoradas do pai, resolve lan\u00e7ar-se numa aventura, pondo-se em contacto com a Guia Tur\u00edstica que se encontra sitiada no hotel.<\/div>\n<div>Narrativa polif\u00f3nica que oferece v\u00e1rias perspetivas da mente e do comportamento humanos num momento de crise \u2013 criando t\u00e3o depressa situa\u00e7\u00f5es c\u00f3micas e absurdas como dolorosas e chocantes \u2013\u00a0Passagem Noturna, romance finalista do Pr\u00e9mio LeYa, evoca a insularidade e acompanha o destino das personagens ao longo de um per\u00edodo de sete dias que faz pensar no mito da Cria\u00e7\u00e3o, mas parece caminhar para um desfecho de queda e escurid\u00e3o. Ser\u00e1 assim?<\/div>\n<div><\/div>\n<\/div>\n","protected":false},"author":2,"featured_media":10679,"template":"","meta":[],"product_cat":[146],"product_tag":[],"cat_produtos":[],"yoast_head":"<!-- This site is optimized with the Yoast SEO plugin v16.6 - https:\/\/yoast.com\/wordpress\/plugins\/seo\/ -->\n<title>Passagem Noturna - Livraria Solmar - Livraria online<\/title>\n<meta name=\"robots\" content=\"index, follow, max-snippet:-1, max-image-preview:large, max-video-preview:-1\" \/>\n<link rel=\"canonical\" href=\"https:\/\/livrariasolmar.pt\/en\/produto\/passagem-noturna\/\" \/>\n<meta property=\"og:locale\" content=\"en_US\" \/>\n<meta property=\"og:type\" content=\"article\" \/>\n<meta property=\"og:title\" content=\"Passagem Noturna - Livraria Solmar - Livraria online\" \/>\n<meta property=\"og:description\" content=\"Certa noite, um fen\u00f3meno natural s\u00fabito e inexplic\u00e1vel deixa um hotel completamente isolado e rodeado por uma cratera funda, o que n\u00e3o s\u00f3 resulta numa perda de liberdade de movimentos para os h\u00f3spedes (que n\u00e3o podem sair e t\u00eam de passar a ocupar posi\u00e7\u00f5es espec\u00edficas para n\u00e3o desequilibrarem um edif\u00edcio em perigo de derrocada), mas tamb\u00e9m num conv\u00edvio di\u00e1rio for\u00e7ado entre pessoas de contextos e gera\u00e7\u00f5es muito diferentes que eventualmente nunca chegariam a conhecer-se. O \u00absinistro\u00bb \u2013 como vir\u00e1 a ser referida a cat\u00e1strofe \u2013 \u00e9 pressentido pela filha do Engenheiro respons\u00e1vel pela constru\u00e7\u00e3o do hotel, uma pr\u00e9-adolescente que perdeu a m\u00e3e em circunst\u00e2ncias pouco claras dois anos antes; leitora voraz e de imagina\u00e7\u00e3o f\u00e9rtil, a Menina Sem Sorte Nenhuma cr\u00ea que recebeu a mensagem do abalo e, cansada das namoradas do pai, resolve lan\u00e7ar-se numa aventura, pondo-se em contacto com a Guia Tur\u00edstica que se encontra sitiada no hotel. Narrativa polif\u00f3nica que oferece v\u00e1rias perspetivas da mente e do comportamento humanos num momento de crise \u2013 criando t\u00e3o depressa situa\u00e7\u00f5es c\u00f3micas e absurdas como dolorosas e chocantes \u2013\u00a0Passagem Noturna, romance finalista do Pr\u00e9mio LeYa, evoca a insularidade e acompanha o destino das personagens ao longo de um per\u00edodo de sete dias que faz pensar no mito da Cria\u00e7\u00e3o, mas parece caminhar para um desfecho de queda e escurid\u00e3o. Ser\u00e1 assim?\" \/>\n<meta property=\"og:url\" content=\"https:\/\/livrariasolmar.pt\/produto\/passagem-noturna\/\" \/>\n<meta property=\"og:site_name\" content=\"Livraria Solmar - Livraria online\" \/>\n<meta property=\"article:modified_time\" content=\"2025-09-26T19:10:37+00:00\" \/>\n<meta property=\"og:image\" content=\"https:\/\/livrariasolmar.pt\/wp-content\/uploads\/2025\/07\/500_9789722085137_passagem_noturna.jpg\" \/>\n\t<meta property=\"og:image:width\" content=\"335\" \/>\n\t<meta property=\"og:image:height\" content=\"500\" \/>\n<meta name=\"twitter:card\" content=\"summary_large_image\" \/>\n<script type=\"application\/ld+json\" class=\"yoast-schema-graph\">{\"@context\":\"https:\/\/schema.org\",\"@graph\":[{\"@type\":\"WebSite\",\"@id\":\"https:\/\/livrariasolmar.pt\/#website\",\"url\":\"https:\/\/livrariasolmar.pt\/\",\"name\":\"Livraria Solmar - Livraria online\",\"description\":\"Com\\u00e9rcio Livros E Objetos De Arte, Lda - Ponta Delgada, A\\u00e7ores\",\"potentialAction\":[{\"@type\":\"SearchAction\",\"target\":{\"@type\":\"EntryPoint\",\"urlTemplate\":\"https:\/\/livrariasolmar.pt\/?s={search_term_string}\"},\"query-input\":\"required name=search_term_string\"}],\"inLanguage\":\"en-US\"},{\"@type\":\"ImageObject\",\"@id\":\"https:\/\/livrariasolmar.pt\/produto\/passagem-noturna\/#primaryimage\",\"inLanguage\":\"en-US\",\"url\":\"https:\/\/livrariasolmar.pt\/wp-content\/uploads\/2025\/07\/500_9789722085137_passagem_noturna.jpg\",\"contentUrl\":\"https:\/\/livrariasolmar.pt\/wp-content\/uploads\/2025\/07\/500_9789722085137_passagem_noturna.jpg\",\"width\":335,\"height\":500},{\"@type\":\"WebPage\",\"@id\":\"https:\/\/livrariasolmar.pt\/produto\/passagem-noturna\/#webpage\",\"url\":\"https:\/\/livrariasolmar.pt\/produto\/passagem-noturna\/\",\"name\":\"Passagem Noturna - Livraria Solmar - Livraria online\",\"isPartOf\":{\"@id\":\"https:\/\/livrariasolmar.pt\/#website\"},\"primaryImageOfPage\":{\"@id\":\"https:\/\/livrariasolmar.pt\/produto\/passagem-noturna\/#primaryimage\"},\"datePublished\":\"2025-07-25T18:23:18+00:00\",\"dateModified\":\"2025-09-26T19:10:37+00:00\",\"breadcrumb\":{\"@id\":\"https:\/\/livrariasolmar.pt\/produto\/passagem-noturna\/#breadcrumb\"},\"inLanguage\":\"en-US\",\"potentialAction\":[{\"@type\":\"ReadAction\",\"target\":[\"https:\/\/livrariasolmar.pt\/produto\/passagem-noturna\/\"]}]},{\"@type\":\"BreadcrumbList\",\"@id\":\"https:\/\/livrariasolmar.pt\/produto\/passagem-noturna\/#breadcrumb\",\"itemListElement\":[{\"@type\":\"ListItem\",\"position\":1,\"name\":\"In\\u00edcio\",\"item\":\"https:\/\/livrariasolmar.pt\/en\/\"},{\"@type\":\"ListItem\",\"position\":2,\"name\":\"Shop\",\"item\":\"https:\/\/livrariasolmar.pt\/en\/shop\/\"},{\"@type\":\"ListItem\",\"position\":3,\"name\":\"Passagem Noturna\"}]}]}<\/script>\n<!-- \/ Yoast SEO plugin. -->","_links":{"self":[{"href":"https:\/\/livrariasolmar.pt\/en\/wp-json\/wp\/v2\/product\/10678"}],"collection":[{"href":"https:\/\/livrariasolmar.pt\/en\/wp-json\/wp\/v2\/product"}],"about":[{"href":"https:\/\/livrariasolmar.pt\/en\/wp-json\/wp\/v2\/types\/product"}],"author":[{"embeddable":true,"href":"https:\/\/livrariasolmar.pt\/en\/wp-json\/wp\/v2\/users\/2"}],"wp:featuredmedia":[{"embeddable":true,"href":"https:\/\/livrariasolmar.pt\/en\/wp-json\/wp\/v2\/media\/10679"}],"wp:attachment":[{"href":"https:\/\/livrariasolmar.pt\/en\/wp-json\/wp\/v2\/media?parent=10678"}],"wp:term":[{"taxonomy":"product_cat","embeddable":true,"href":"https:\/\/livrariasolmar.pt\/en\/wp-json\/wp\/v2\/product_cat?post=10678"},{"taxonomy":"product_tag","embeddable":true,"href":"https:\/\/livrariasolmar.pt\/en\/wp-json\/wp\/v2\/product_tag?post=10678"},{"taxonomy":"cat_produtos","embeddable":true,"href":"https:\/\/livrariasolmar.pt\/en\/wp-json\/wp\/v2\/cat_produtos?post=10678"}],"curies":[{"name":"wp","href":"https:\/\/api.w.org\/{rel}","templated":true}]}}