{"id":10684,"date":"2025-07-26T18:49:05","date_gmt":"2025-07-26T18:49:05","guid":{"rendered":"https:\/\/livrariasolmar.pt\/?post_type=product&#038;p=10684"},"modified":"2025-09-26T19:10:13","modified_gmt":"2025-09-26T19:10:13","slug":"a-inquilina","status":"publish","type":"product","link":"https:\/\/livrariasolmar.pt\/en\/produto\/a-inquilina\/","title":{"rendered":"A Inquilina"},"content":{"rendered":"","protected":false},"excerpt":{"rendered":"<p>Blake Porter tinha tudo: uma carreira de sucesso, uma noiva encantadora e a casa dos seus sonhos.<\/p>\n<p>Mas de repente, tudo muda. Despedido do prestigiado cargo de vice-presidente de marketing da sua empresa, as dificuldades financeiras come\u00e7am e Blake v\u00ea-se obrigado a alugar um dos quartos da casa que partilha com a sua noiva para conseguirem pagar a hipoteca.<\/p>\n<p>E \u00e9 ent\u00e3o que aparece Whitney! Ela \u00e9 tudo o que procuravam: bonita, simp\u00e1tica, educada, com um ar confi\u00e1vel e os p\u00e9s bem assentes na terra. A inquilina perfeita.<\/p>\n<p>No entanto, a sua presen\u00e7a traz consigo algo que n\u00e3o bate certo. O ambiente na casa muda, os vizinhos comportam-se de forma estranha. Um odor terr\u00edvel \u2014 podre, imposs\u00edvel de ignorar \u2014 invade a casa, por mais que Blake a limpe. E, como se n\u00e3o bastasse, ru\u00eddos inquietantes despertam-no a meio da noite.<\/p>\n<p>Em pouco tempo, Blake come\u00e7a a temer que algu\u00e9m conhe\u00e7a os seus segredos mais obscuros. Sente-se observado, perseguido&#8230; e, quando finalmente se apercebe da verdade, j\u00e1 \u00e9 demasiado tarde.<\/p>\n<p>A inquilina perfeita\u2026 \u00e9 tudo menos isso.<\/p>\n","protected":false},"author":2,"featured_media":10685,"template":"","meta":[],"product_cat":[588],"product_tag":[],"cat_produtos":[],"yoast_head":"<!-- This site is optimized with the Yoast SEO plugin v16.6 - https:\/\/yoast.com\/wordpress\/plugins\/seo\/ -->\n<title>A Inquilina - Livraria Solmar - Livraria online<\/title>\n<meta name=\"robots\" content=\"index, follow, max-snippet:-1, max-image-preview:large, max-video-preview:-1\" \/>\n<link rel=\"canonical\" href=\"https:\/\/livrariasolmar.pt\/en\/produto\/a-inquilina\/\" \/>\n<meta property=\"og:locale\" content=\"en_US\" \/>\n<meta property=\"og:type\" content=\"article\" \/>\n<meta property=\"og:title\" content=\"A Inquilina - Livraria Solmar - Livraria online\" \/>\n<meta property=\"og:description\" content=\"Blake Porter tinha tudo: uma carreira de sucesso, uma noiva encantadora e a casa dos seus sonhos.  Mas de repente, tudo muda. Despedido do prestigiado cargo de vice-presidente de marketing da sua empresa, as dificuldades financeiras come\u00e7am e Blake v\u00ea-se obrigado a alugar um dos quartos da casa que partilha com a sua noiva para conseguirem pagar a hipoteca.  E \u00e9 ent\u00e3o que aparece Whitney! Ela \u00e9 tudo o que procuravam: bonita, simp\u00e1tica, educada, com um ar confi\u00e1vel e os p\u00e9s bem assentes na terra. A inquilina perfeita.  No entanto, a sua presen\u00e7a traz consigo algo que n\u00e3o bate certo. O ambiente na casa muda, os vizinhos comportam-se de forma estranha. Um odor terr\u00edvel \u2014 podre, imposs\u00edvel de ignorar \u2014 invade a casa, por mais que Blake a limpe. E, como se n\u00e3o bastasse, ru\u00eddos inquietantes despertam-no a meio da noite.  Em pouco tempo, Blake come\u00e7a a temer que algu\u00e9m conhe\u00e7a os seus segredos mais obscuros. Sente-se observado, perseguido... e, quando finalmente se apercebe da verdade, j\u00e1 \u00e9 demasiado tarde.  A inquilina perfeita\u2026 \u00e9 tudo menos isso.\" \/>\n<meta property=\"og:url\" content=\"https:\/\/livrariasolmar.pt\/produto\/a-inquilina\/\" \/>\n<meta property=\"og:site_name\" content=\"Livraria Solmar - Livraria online\" \/>\n<meta property=\"article:modified_time\" content=\"2025-09-26T19:10:13+00:00\" \/>\n<meta property=\"og:image\" content=\"https:\/\/livrariasolmar.pt\/wp-content\/uploads\/2025\/07\/1507-1-4.jpg\" \/>\n\t<meta property=\"og:image:width\" content=\"400\" \/>\n\t<meta property=\"og:image:height\" content=\"448\" \/>\n<meta name=\"twitter:card\" content=\"summary_large_image\" \/>\n<script type=\"application\/ld+json\" class=\"yoast-schema-graph\">{\"@context\":\"https:\/\/schema.org\",\"@graph\":[{\"@type\":\"WebSite\",\"@id\":\"https:\/\/livrariasolmar.pt\/#website\",\"url\":\"https:\/\/livrariasolmar.pt\/\",\"name\":\"Livraria Solmar - Livraria online\",\"description\":\"Com\\u00e9rcio Livros E Objetos De Arte, Lda - Ponta Delgada, A\\u00e7ores\",\"potentialAction\":[{\"@type\":\"SearchAction\",\"target\":{\"@type\":\"EntryPoint\",\"urlTemplate\":\"https:\/\/livrariasolmar.pt\/?s={search_term_string}\"},\"query-input\":\"required name=search_term_string\"}],\"inLanguage\":\"en-US\"},{\"@type\":\"ImageObject\",\"@id\":\"https:\/\/livrariasolmar.pt\/produto\/a-inquilina\/#primaryimage\",\"inLanguage\":\"en-US\",\"url\":\"https:\/\/livrariasolmar.pt\/wp-content\/uploads\/2025\/07\/1507-1-4.jpg\",\"contentUrl\":\"https:\/\/livrariasolmar.pt\/wp-content\/uploads\/2025\/07\/1507-1-4.jpg\",\"width\":400,\"height\":448},{\"@type\":\"WebPage\",\"@id\":\"https:\/\/livrariasolmar.pt\/produto\/a-inquilina\/#webpage\",\"url\":\"https:\/\/livrariasolmar.pt\/produto\/a-inquilina\/\",\"name\":\"A Inquilina - Livraria Solmar - Livraria online\",\"isPartOf\":{\"@id\":\"https:\/\/livrariasolmar.pt\/#website\"},\"primaryImageOfPage\":{\"@id\":\"https:\/\/livrariasolmar.pt\/produto\/a-inquilina\/#primaryimage\"},\"datePublished\":\"2025-07-26T18:49:05+00:00\",\"dateModified\":\"2025-09-26T19:10:13+00:00\",\"breadcrumb\":{\"@id\":\"https:\/\/livrariasolmar.pt\/produto\/a-inquilina\/#breadcrumb\"},\"inLanguage\":\"en-US\",\"potentialAction\":[{\"@type\":\"ReadAction\",\"target\":[\"https:\/\/livrariasolmar.pt\/produto\/a-inquilina\/\"]}]},{\"@type\":\"BreadcrumbList\",\"@id\":\"https:\/\/livrariasolmar.pt\/produto\/a-inquilina\/#breadcrumb\",\"itemListElement\":[{\"@type\":\"ListItem\",\"position\":1,\"name\":\"In\\u00edcio\",\"item\":\"https:\/\/livrariasolmar.pt\/en\/\"},{\"@type\":\"ListItem\",\"position\":2,\"name\":\"Shop\",\"item\":\"https:\/\/livrariasolmar.pt\/en\/shop\/\"},{\"@type\":\"ListItem\",\"position\":3,\"name\":\"A Inquilina\"}]}]}<\/script>\n<!-- \/ Yoast SEO plugin. -->","_links":{"self":[{"href":"https:\/\/livrariasolmar.pt\/en\/wp-json\/wp\/v2\/product\/10684"}],"collection":[{"href":"https:\/\/livrariasolmar.pt\/en\/wp-json\/wp\/v2\/product"}],"about":[{"href":"https:\/\/livrariasolmar.pt\/en\/wp-json\/wp\/v2\/types\/product"}],"author":[{"embeddable":true,"href":"https:\/\/livrariasolmar.pt\/en\/wp-json\/wp\/v2\/users\/2"}],"wp:featuredmedia":[{"embeddable":true,"href":"https:\/\/livrariasolmar.pt\/en\/wp-json\/wp\/v2\/media\/10685"}],"wp:attachment":[{"href":"https:\/\/livrariasolmar.pt\/en\/wp-json\/wp\/v2\/media?parent=10684"}],"wp:term":[{"taxonomy":"product_cat","embeddable":true,"href":"https:\/\/livrariasolmar.pt\/en\/wp-json\/wp\/v2\/product_cat?post=10684"},{"taxonomy":"product_tag","embeddable":true,"href":"https:\/\/livrariasolmar.pt\/en\/wp-json\/wp\/v2\/product_tag?post=10684"},{"taxonomy":"cat_produtos","embeddable":true,"href":"https:\/\/livrariasolmar.pt\/en\/wp-json\/wp\/v2\/cat_produtos?post=10684"}],"curies":[{"name":"wp","href":"https:\/\/api.w.org\/{rel}","templated":true}]}}